{"id":10893,"date":"2023-05-26T09:55:31","date_gmt":"2023-05-26T06:55:31","guid":{"rendered":"https:\/\/blogs.uef.fi\/karjalanelvytys\/?page_id=10893"},"modified":"2024-02-14T09:18:00","modified_gmt":"2024-02-14T07:18:00","slug":"kirjallizussanasto-suomi-suvikarjala","status":"publish","type":"page","link":"https:\/\/blogs.uef.fi\/karjalanelvytys\/kirjallizussanasto-suomi-suvikarjala\/","title":{"rendered":"Kirjallizussanasto (suomi\u2013suvikarjala)"},"content":{"rendered":"<h1>Kirjallizussanasto (suomi\u2013suvikarjala)<br \/>\nKirjallisuussanasto (suomi\u2013etel\u00e4karjala)<\/h1>\n<p>Luadija: <strong>Katerina Paalamo<\/strong><\/p>\n<p>Karjalan kielen elvytysprojekta<\/p>\n<p>P\u00e4iv\u00e4nnouzu-Suomen yliopisto<\/p>\n<p>*<\/p>\n<p>aforismi \u2013 aforizma<\/p>\n<p>agentti\u00a0\u2013 agentta<\/p>\n<p>aihe \u2013 tiema, (pindatiemana kirjallizuossa) aihe<\/p>\n<p>aika \u2013 aiga<\/p>\n<p>alatyyli \u2013 alastiil&#8217;a<\/p>\n<p>alku \u2013 algu<\/p>\n<p>alkusointu \u2013 algusobu<\/p>\n<p>allegoria \u2013 allegorie<\/p>\n<p>allegorinen \u2013 allegorine<\/p>\n<p>anagrammi \u2013 anagramma<\/p>\n<p>anekdootti, kasku, vitsi \u2013 anekdotta<\/p>\n<p>antologia \u2013 antologie<\/p>\n<p>artikkeli; kirjoitus \u2013 kirjutus<\/p>\n<p>arvoitus \u2013 arvotus<\/p>\n<p>asiaproosa \u2013 azieprouza<\/p>\n<p>asiateksti \u2013 azieteksta<\/p>\n<p>aukko \u2013 loukko<\/p>\n<p>autobiografia, omael\u00e4m\u00e4kerta \u2013 omaeloskerda<\/p>\n<p>avainromaani \u2013 avainromuana<\/p>\n<p>balladi \u2013 ballada<\/p>\n<p>biografia, el\u00e4m\u00e4kerta \u2013 eloskerda<\/p>\n<p>burleski \u2013 burleska<\/p>\n<p>dialogi \u2013 dialoga<\/p>\n<p>draama \u2013 druama<\/p>\n<p>draamakirjallisuus \u2013 druamakirjallizus<\/p>\n<p>dystopia \u2013 distopie<\/p>\n<p>eepos \u2013 eepossa<\/p>\n<p>elegia \u2013 elegie<\/p>\n<p>el\u00e4m\u00e4kerta, biografia \u2013 eloskerda<\/p>\n<p>ennakointi (kerronnassa) \u2013 ield\u00e4p\u00e4in kerdomine<\/p>\n<p>epilogi \u2013 epiloga<\/p>\n<p>esipuhe, prologi \u2013 algusanat, prologa<\/p>\n<p>essee \u2013 essee (dai essie)<\/p>\n<p>fantasia \u2013 fantazie<\/p>\n<p>fantasiakirjallisuus \u2013 fantaziekirjallizus<\/p>\n<p>farssi \u2013 farssa<\/p>\n<p>fraasi \u2013 fruaza<\/p>\n<p>genre \u2013 \u017eanra<\/p>\n<p>haiku \u2013 haiku<\/p>\n<p>humoristi \u2013 humorista<\/p>\n<p>humoristinen \u2013 humoristine<\/p>\n<p>huumori \u2013 huumora<\/p>\n<p>musta huumori \u2013 musta huumora<\/p>\n<p>hymni \u2013 himna<\/p>\n<p>hyperbola \u2013 hiperbola<\/p>\n<p>h\u00e4n-kertoja \u2013 hi\u00e4n-kerdoja<\/p>\n<p>idea \u2013 ideja<\/p>\n<p>ironia \u2013 ironie<\/p>\n<p>itkuvirsi \u2013 itkuvirzi, virzi<\/p>\n<p>jatkokertomus \u2013 jatkokerdomus<\/p>\n<p>joiku \u2013 joigu<\/p>\n<p>julkaisija; kustantaja \u2013 julguaja, ilmahpi\u00e4st\u00e4j\u00e4<\/p>\n<p>julkaista \u2013 jullata, pi\u00e4sti\u00e4 ilmah<\/p>\n<p>julkaista omakustanteena \u2013 jullata, pi\u00e4sti\u00e4 ilmah omah dengah<\/p>\n<p>julkaisu (tav. julkaistu teos) \u2013 julgavo<\/p>\n<p>juoni \u2013 juoni<\/p>\n<p>juonenk\u00e4\u00e4nne \u2013 juonenki\u00e4nn\u00e4lmys<\/p>\n<p>j\u00e4nnitysromaani, -elokuva, trilleri \u2013 trillera<\/p>\n<p>kansanruno \u2013 rahvahanruno<\/p>\n<p>kansanrunous \u2013 rahvahanrunohus<\/p>\n<p>kansansatu \u2013 rahvahansuarna<\/p>\n<p>kauhu \u2013 sruasti<\/p>\n<p>kauhukirjallisuus \u2013 sruastikirjallizus<\/p>\n<p>kauhuromaani \u2013 sruastiromuana<\/p>\n<p>kaunokirjallinen \u2013 kaunokirjalline<\/p>\n<p>kaunokirjallisuus \u2013 kaunokirjallizus<\/p>\n<p>kasku, anekdootta, vitsi \u2013 anekdotta<\/p>\n<p>kehitysromaani \u2013 kehitysromuana<\/p>\n<p>kerronta \u2013 kerronda, sanelenda<\/p>\n<p>suora kerronta \u2013 suora kerronda<\/p>\n<p>kertoa \u2013 kerduo, sanella<\/p>\n<p>kertoja \u2013 kerdoja, sanelija<\/p>\n<p>kaikkitiet\u00e4v\u00e4 kertoja \u2013 kaikentied\u00e4j\u00e4 kerdoja<\/p>\n<p>ulkopuolinen kertoja \u2013 ulgopuoline kerdoja<\/p>\n<p>kertomakirjallisuus \u2013 kerrondakirjallizus, kerdoja kirjallizus<\/p>\n<p>kertomus \u2013 kerdomus<\/p>\n<p>kesto, kestoaika \u2013 kess\u00e4nd\u00e4aiga<\/p>\n<p>tapahtumien kesto \u2013 tapahtumien kess\u00e4nd\u00e4aiga<\/p>\n<p>kieli \u2013 kieli<\/p>\n<p>kielikuva, metafora \u2013 metafora<\/p>\n<p>kioskikirjallisuus \u2013 kioskakirjallizus<\/p>\n<p>kirja \u2013 kirja, kniiga<\/p>\n<p>kirjailija \u2013 kirjuttaja<\/p>\n<p>kirjakauppa \u2013 kirjalaukka, kniigalaukka<\/p>\n<p>kirjakieli \u2013 kirjakieli<\/p>\n<p>kirjakielinen \u2013 kirjakieline<\/p>\n<p>kirjallisuudentutkija \u2013 kirjallizuontutkija<\/p>\n<p>kirjallisuudentutkimus \u2013 kirjallizuontutkimus<\/p>\n<p>kirjallisuus \u2013 kirjallizus<\/p>\n<p>karjalankielinen kirjallisuus \u2013 karjalankieline kirjallizus<\/p>\n<p>kirjallisuuspalkinto \u2013 kirjallizuspalkindo<\/p>\n<p>kirjallisuustiede \u2013 kirjallizustiedo<\/p>\n<p>kirjallisuustieteellinen \u2013 kirjallizustiijolline<\/p>\n<p>kirjamessut \u2013 kirjajarmankka, kniigajarmankka<\/p>\n<p>kirjapaino \u2013 kirjapaino<\/p>\n<p>kirjasarja \u2013 kirjasarja, kniigasarja<\/p>\n<p>kirjasto \u2013 kirjasto, bibliotiekka<\/p>\n<p>kirjastokortti \u2013 kirjastokartti<\/p>\n<p>kirje \u2013 kirjane<\/p>\n<p>kirjoittaa \u2013 kirjuttua<\/p>\n<p>kirjoitus; artikkeli \u2013 kirjutus<\/p>\n<p>klisee \u2013 kli\u0161ee (dai kli\u0161ie)<\/p>\n<p>kohtaus \u2013 epizoda<\/p>\n<p>kolumni \u2013 kolumna<\/p>\n<p>komedia \u2013 komedie<\/p>\n<p>konflikti \u2013 konflikta<\/p>\n<p>kronologia \u2013 hronologie<\/p>\n<p>kronologinen \u2013 hronologine<\/p>\n<p>kustantaja; julkaisija \u2013 julguaja, ilmahpi\u00e4st\u00e4j\u00e4<\/p>\n<p>kustantamo \u2013 julguamo<\/p>\n<p>kuunnelma \u2013 kuunnelma<\/p>\n<p>kuvailla \u2013 kuvualla<\/p>\n<p>kuvata \u2013 kuvata<\/p>\n<p>kuvaus \u2013 kuvuamine, kuvuanda, kuvaus<\/p>\n<p>k\u00e4sikirjoittaa \u2013 k\u00e4zikirjuttua<\/p>\n<p>k\u00e4sikirjoittaja \u2013 k\u00e4zikirjuttaja<\/p>\n<p>k\u00e4sikirjoitus \u2013 k\u00e4zikirjutus<\/p>\n<p>k\u00e4\u00e4nne \u2013 ki\u00e4nn\u00e4lmys<\/p>\n<p>k\u00e4\u00e4nn\u00f6s \u2013 ki\u00e4nn\u00f6s<\/p>\n<p>k\u00e4\u00e4nn\u00f6skirjallisuus \u2013 ki\u00e4nn\u00f6skirjallizus<\/p>\n<p>k\u00e4\u00e4nt\u00e4j\u00e4 \u2013 ki\u00e4nd\u00e4j\u00e4<\/p>\n<p>k\u00e4\u00e4nt\u00e4\u00e4 \u2013 ki\u00e4ndi\u00e4<\/p>\n<p>laji \u2013 laji<\/p>\n<p>kirjallisuuden laji \u2013 kirjallizuon laji<\/p>\n<p>lastenkirja \u2013 lapsienkirja, lapsienkniiga<\/p>\n<p>lastenkirjallisuus \u2013 lapsienkirjallizus<\/p>\n<p>legenda \u2013 legenda<\/p>\n<p>liioittelu \u2013 liijottelemine, liijottelenda, liijottelu<\/p>\n<p>loitsu \u2013 puhe, puhesanat, tiedohussanat, lugu<\/p>\n<p>loppu \u2013 loppu<\/p>\n<p>avoin loppu \u2013 avonane loppu<\/p>\n<p>loppuratkaisu \u2013 loppupi\u00e4t\u00f6s<\/p>\n<p>loppusointu \u2013 loppusobu<\/p>\n<p>loru; luku (kirjan jakso); luku, m\u00e4\u00e4r\u00e4 \u2013 lugu<\/p>\n<p>lukea \u2013 lugie<\/p>\n<p>lukeminen \u2013 lugemine, luvenda<\/p>\n<p>kirjan lukeminen \u2013 kniigan luvenda<\/p>\n<p>mielenkiintoista lukemista (luettavaa) \u2013 mield\u00e4kiinitt\u00e4ji\u00e4 lugemista (lugiettavua)<\/p>\n<p>lukija \u2013 lugija<\/p>\n<p>luku (kirjan jakso); loru; luku, m\u00e4\u00e4r\u00e4 \u2013 lugu<\/p>\n<p>lukupiiri \u2013 luvendapiiri<\/p>\n<p>lyhytproosa \u2013 lyhytprouza<\/p>\n<p>maailmankirjallisuus \u2013 muailmankirjallizus<\/p>\n<p>manifesti \u2013 manifesta<\/p>\n<p>matkakertomus \u2013 matkakerdomus<\/p>\n<p>matkakirjallisuus \u2013 matkakirjallizus<\/p>\n<p>merkitys \u2013 merki\u010dys<\/p>\n<p>metafora, kielikuva \u2013 metafora<\/p>\n<p>metonymia \u2013 metonimie<\/p>\n<p>metonyymi \u2013 metonima<\/p>\n<p>mielikuvitus \u2013 mielikuvitus<\/p>\n<p>min\u00e4-kertoja \u2013 mie-kerdoja<\/p>\n<p>moderni \u2013 moderna<\/p>\n<p>motiivi \u2013 motiiva<\/p>\n<p>muistelma, muistelmat \u2013 muisselma, muisselmat<\/p>\n<p>murre \u2013 murreh<\/p>\n<p>murteellinen \u2013 murdehelline<\/p>\n<p>milj\u00f6\u00f6 \u2013 ymb\u00e4rist\u00f6<\/p>\n<p>novelli \u2013 novella<\/p>\n<p>nuortenkirja \u2013 nuorienkirja<\/p>\n<p>nuortenkirjallisuus \u2013 nuorienkirjallizus<\/p>\n<p>n\u00e4k\u00f6kulma \u2013 n\u00e4g\u00f6kohta<\/p>\n<p>n\u00e4ytelm\u00e4 \u2013 n\u00e4ytelm\u00e4, ozutelma<\/p>\n<p>n\u00e4ytelm\u00e4kirjailija \u2013 n\u00e4ytelm\u00e4nkirjuttaja, ozutelmankirjuttaja<\/p>\n<p>n\u00e4ytelm\u00e4kirjallisuus \u2013 n\u00e4ytelm\u00e4kirjallizus, ozutelmakirjallizus<\/p>\n<p>omael\u00e4m\u00e4kerta, autobiografia \u2013 omaeloskerda<\/p>\n<p>omakustanne \u2013 omah dengah jullattu tevos, kirja, kniiga libo muu moine<\/p>\n<p>oodi \u2013 ouda<\/p>\n<p>oppikirja \u2013 opassuskirja, opassuskniiga<\/p>\n<p>osa \u2013 oza, vuitti<\/p>\n<p>ensimm\u00e4inen, toinen, kolmas osa \u2013 enzim\u00e4ne, toine, kolmas oza<\/p>\n<p>painaa \u2013 painua<\/p>\n<p>painos \u2013 painos<\/p>\n<p>pakina \u2013 feljetona, satiirakerdomus, humoristine kirjutus<\/p>\n<p>palindromi \u2013 palindroma<\/p>\n<p>parodia \u2013 parodie<\/p>\n<p>pastoraali \u2013 pastoruali<\/p>\n<p>prologi, esipuhe \u2013 prologa, algusanat<\/p>\n<p>proosa \u2013 prouza<\/p>\n<p>puhe \u2013 pagina<\/p>\n<p>puhekieli \u2013 paginakieli<\/p>\n<p>puhekielinen \u2013 paginakieline<\/p>\n<p>p\u00e4iv\u00e4kirja \u2013 p\u00e4iv\u00e4kirja<\/p>\n<p>p\u00e4\u00e4henkil\u00f6 \u2013 pi\u00e4hengi<\/p>\n<p>rakenne \u2013 rakenneh<\/p>\n<p>rakkauskertomus \u2013 suvai\u010duskerdomus<\/p>\n<p>rekilaulu \u2013 regipajo<\/p>\n<p>reportaasi \u2013 reportua\u017ea<\/p>\n<p>rivi \u2013 rivi<\/p>\n<p>romaani \u2013 romuana<\/p>\n<p>historiallinen romaani \u2013 historielline romuana<\/p>\n<p>rukous \u2013 malittu<\/p>\n<p>runo \u2013 runo; (runolaulu) virzi, laulu<\/p>\n<p>runoelma \u2013 runoelma<\/p>\n<p>runoilija \u2013 runuolija, runoniekka<\/p>\n<p>runojalka \u2013 runojalga<\/p>\n<p>runokirja \u2013 runokirja, runokniiga<\/p>\n<p>runollinen \u2013 runolline<\/p>\n<p>runomitta \u2013 runomitta<\/p>\n<p>vapaa runomitta \u2013 v\u00e4ll\u00e4 runomitta<\/p>\n<p>runos\u00e4e \u2013 runorivi<\/p>\n<p>runous \u2013 runohus<\/p>\n<p>salapoliisitarina \u2013 detektiiva<\/p>\n<p>sana \u2013 sana<\/p>\n<p>sanakirja \u2013 sanakirja, sanakniiga<\/p>\n<p>sanallinen \u2013 sanalline<\/p>\n<p>sananparsi, sanonta \u2013 sananpolvi<\/p>\n<p>sanataide \u2013 sanataido<\/p>\n<p>sarjakuva \u2013 sarjakuva, komiksa<\/p>\n<p>sarjakuvaromaani \u2013 sarjakuvaromuana<\/p>\n<p>satiiri \u2013 satiira<\/p>\n<p>satu \u2013 suarna, zuakkuna<\/p>\n<p>selata \u2013 livata<\/p>\n<p>sis\u00e4lt\u00f6 \u2013 syd\u00e4myst\u00e4, syv\u00e4ind\u00f6<\/p>\n<p>sivu \u2013 sivu<\/p>\n<p>sivuhenkil\u00f6 \u2013 sivuhengi<\/p>\n<p>sivujuoni \u2013 sivujuoni<\/p>\n<p>sivum\u00e4\u00e4r\u00e4 \u2013 sivumi\u00e4r\u00e4<\/p>\n<p>sonetti \u2013 sonietta<\/p>\n<p>sotakirjallisuus \u2013 voinakirjallizus, sodakirjallizus<\/p>\n<p>suullinen \u2013 suulline<\/p>\n<p>suullinen perinne, traditio \u2013 suulline perinneh<\/p>\n<p>symboli \u2013 simvola<\/p>\n<p>synestesia \u2013 sinestezie<\/p>\n<p>s\u00e4e \u2013 rivi<\/p>\n<p>taidekirjallisuus \u2013 taidokirjallizus<\/p>\n<p>tajunnanvirta \u2013 mielenvirda<\/p>\n<p>takauma (kerronnassa) \u2013 j\u00e4rell\u00e4h-\/j\u00e4rillehmy\u00f6stymine, j\u00e4rell\u00e4h-\/j\u00e4rillehmy\u00f6ssynd\u00e4, m\u00e4nny\u00f6h aigah j\u00e4rell\u00e4h\/j\u00e4rilleh siirdymine<\/p>\n<p>tanka \u2013 tanka<\/p>\n<p>tapahtuma \u2013 tapahtuma<\/p>\n<p>tapahtuma-aika \u2013 tapahtumien aiga<\/p>\n<p>tarina, kertomus, satu \u2013 starina<\/p>\n<p>taso \u2013 tazo<\/p>\n<p>teema \u2013 tiema<\/p>\n<p>teksti \u2013 teksta<\/p>\n<p>tekstitaide \u2013 tekstataido<\/p>\n<p>teos \u2013 tevos<\/p>\n<p>tieteiskirjallisuus, science fiction -kirjallisuus \u2013 tiijolliskirjallizus<\/p>\n<p>tietokirjallisuus \u2013 tiedokirjallizus<\/p>\n<p>toisto \u2013 toistamine, toissanda, toisto<\/p>\n<p>tragedia \u2013 tragedie<\/p>\n<p>trilleri, j\u00e4nnitysromaani, -elokuva \u2013 trillera<\/p>\n<p>triologia \u2013 trilogie<\/p>\n<p>tulkinta \u2013 sellitt\u00e4mine, sellit\u00e4nd\u00e4, sellitys<\/p>\n<p>tuohikirje \u2013 tuohikirjane<\/p>\n<p>tuohikirjoitus \u2013 tuohikirjutus<\/p>\n<p>tyyli \u2013 stiil&#8217;a (dai stiili)<\/p>\n<p>utopia \u2013 utopie<\/p>\n<p>vastakkainasettelu \u2013 vassakkahazettelenda<\/p>\n<p>verkkokauppa \u2013 verkkolaukka<\/p>\n<p>ostaa, tilata kirja verkkokaupasta \u2013 ostua, tilata kirja verkkolaukasta<\/p>\n<p>vertaus \u2013 verdaus<\/p>\n<p>viihdekirjallisuus \u2013 aijanvietehkirjallizus<\/p>\n<p>vitsi, pila(puhe), leikinlasku \u2013 \u0161uutka<\/p>\n<p>vuoropuhelu \u2013 vuoropagina<\/p>\n<p>yl\u00e4tyyli \u2013 yl\u00e4stiil&#8217;a<\/p>\n<p>\u00e4\u00e4nikirja \u2013 i\u00e4nikirja, i\u00e4nikniiga<\/p>\n<div id=\"attachment_10896\" style=\"width: 310px\" class=\"wp-caption alignleft\"><img loading=\"lazy\" decoding=\"async\" aria-describedby=\"caption-attachment-10896\" class=\"size-medium wp-image-10896\" src=\"https:\/\/blogs.uef.fi\/karjalanelvytys\/wp-content\/uploads\/sites\/155\/2023\/05\/Kirjasto-300x200.jpg\" alt=\"\" width=\"300\" height=\"200\" srcset=\"https:\/\/blogs.uef.fi\/karjalanelvytys\/wp-content\/uploads\/sites\/155\/2023\/05\/Kirjasto-300x200.jpg 300w, https:\/\/blogs.uef.fi\/karjalanelvytys\/wp-content\/uploads\/sites\/155\/2023\/05\/Kirjasto-1024x684.jpg 1024w, https:\/\/blogs.uef.fi\/karjalanelvytys\/wp-content\/uploads\/sites\/155\/2023\/05\/Kirjasto-768x513.jpg 768w, https:\/\/blogs.uef.fi\/karjalanelvytys\/wp-content\/uploads\/sites\/155\/2023\/05\/Kirjasto-1536x1026.jpg 1536w, https:\/\/blogs.uef.fi\/karjalanelvytys\/wp-content\/uploads\/sites\/155\/2023\/05\/Kirjasto.jpg 1920w\" sizes=\"auto, (max-width: 300px) 100vw, 300px\" \/><p id=\"caption-attachment-10896\" class=\"wp-caption-text\">Kuva: Pixabay<\/p><\/div>\n","protected":false},"excerpt":{"rendered":"<p>Kirjallizussanasto (suomi\u2013suvikarjala) Kirjallisuussanasto (suomi\u2013etel\u00e4karjala) Luadija: Katerina Paalamo Karjalan kielen elvytysprojekta P\u00e4iv\u00e4nnouzu-Suomen yliopisto * aforismi \u2013 aforizma agentti\u00a0\u2013 agentta aihe \u2013 tiema, (pindatiemana kirjallizuossa) aihe aika \u2013 aiga alatyyli \u2013 alastiil&#8217;a alku \u2013 algu alkusointu \u2013 algusobu allegoria \u2013 allegorie allegorinen \u2013 allegorine anagrammi \u2013 anagramma anekdootti, kasku, vitsi \u2013 anekdotta antologia \u2013 antologie artikkeli; kirjoitus [&hellip;]<\/p>\n","protected":false},"author":580,"featured_media":0,"parent":0,"menu_order":0,"comment_status":"closed","ping_status":"closed","template":"","meta":{"_acf_changed":false,"footnotes":""},"class_list":["post-10893","page","type-page","status-publish","hentry"],"acf":[],"yoast_head":"<!-- This site is optimized with the Yoast SEO plugin v27.1.1 - https:\/\/yoast.com\/product\/yoast-seo-wordpress\/ -->\n<title>Kirjallizussanasto (suomi\u2013suvikarjala) - Karjalan kielen elvytt\u00e4minen<\/title>\n<meta name=\"robots\" content=\"index, follow, max-snippet:-1, max-image-preview:large, max-video-preview:-1\" \/>\n<link rel=\"canonical\" href=\"https:\/\/blogs.uef.fi\/karjalanelvytys\/kirjallizussanasto-suomi-suvikarjala\/\" \/>\n<meta property=\"og:locale\" content=\"fi_FI\" \/>\n<meta property=\"og:type\" content=\"article\" \/>\n<meta property=\"og:title\" content=\"Kirjallizussanasto (suomi\u2013suvikarjala) - Karjalan kielen elvytt\u00e4minen\" \/>\n<meta property=\"og:description\" content=\"Kirjallizussanasto (suomi\u2013suvikarjala) Kirjallisuussanasto (suomi\u2013etel\u00e4karjala) Luadija: Katerina Paalamo Karjalan kielen elvytysprojekta P\u00e4iv\u00e4nnouzu-Suomen yliopisto * aforismi \u2013 aforizma agentti\u00a0\u2013 agentta aihe \u2013 tiema, (pindatiemana kirjallizuossa) aihe aika \u2013 aiga alatyyli \u2013 alastiil&#8217;a alku \u2013 algu alkusointu \u2013 algusobu allegoria \u2013 allegorie allegorinen \u2013 allegorine anagrammi \u2013 anagramma anekdootti, kasku, vitsi \u2013 anekdotta antologia \u2013 antologie artikkeli; kirjoitus [&hellip;]\" \/>\n<meta property=\"og:url\" content=\"https:\/\/blogs.uef.fi\/karjalanelvytys\/kirjallizussanasto-suomi-suvikarjala\/\" \/>\n<meta property=\"og:site_name\" content=\"Karjalan kielen elvytt\u00e4minen\" \/>\n<meta property=\"article:modified_time\" content=\"2024-02-14T07:18:00+00:00\" \/>\n<meta property=\"og:image\" content=\"https:\/\/blogs.uef.fi\/karjalanelvytys\/wp-content\/uploads\/sites\/155\/2023\/05\/Kirjasto-300x200.jpg\" \/>\n<meta name=\"twitter:card\" content=\"summary_large_image\" \/>\n<meta name=\"twitter:label1\" content=\"Arvioitu lukuaika\" \/>\n\t<meta name=\"twitter:data1\" content=\"5 minuuttia\" \/>\n<script type=\"application\/ld+json\" class=\"yoast-schema-graph\">{\"@context\":\"https:\/\/schema.org\",\"@graph\":[{\"@type\":\"WebPage\",\"@id\":\"https:\/\/blogs.uef.fi\/karjalanelvytys\/kirjallizussanasto-suomi-suvikarjala\/\",\"url\":\"https:\/\/blogs.uef.fi\/karjalanelvytys\/kirjallizussanasto-suomi-suvikarjala\/\",\"name\":\"Kirjallizussanasto (suomi\u2013suvikarjala) - Karjalan kielen elvytt\u00e4minen\",\"isPartOf\":{\"@id\":\"https:\/\/blogs.uef.fi\/karjalanelvytys\/#website\"},\"primaryImageOfPage\":{\"@id\":\"https:\/\/blogs.uef.fi\/karjalanelvytys\/kirjallizussanasto-suomi-suvikarjala\/#primaryimage\"},\"image\":{\"@id\":\"https:\/\/blogs.uef.fi\/karjalanelvytys\/kirjallizussanasto-suomi-suvikarjala\/#primaryimage\"},\"thumbnailUrl\":\"https:\/\/blogs.uef.fi\/karjalanelvytys\/wp-content\/uploads\/sites\/155\/2023\/05\/Kirjasto-300x200.jpg\",\"datePublished\":\"2023-05-26T06:55:31+00:00\",\"dateModified\":\"2024-02-14T07:18:00+00:00\",\"breadcrumb\":{\"@id\":\"https:\/\/blogs.uef.fi\/karjalanelvytys\/kirjallizussanasto-suomi-suvikarjala\/#breadcrumb\"},\"inLanguage\":\"fi\",\"potentialAction\":[{\"@type\":\"ReadAction\",\"target\":[\"https:\/\/blogs.uef.fi\/karjalanelvytys\/kirjallizussanasto-suomi-suvikarjala\/\"]}]},{\"@type\":\"ImageObject\",\"inLanguage\":\"fi\",\"@id\":\"https:\/\/blogs.uef.fi\/karjalanelvytys\/kirjallizussanasto-suomi-suvikarjala\/#primaryimage\",\"url\":\"https:\/\/blogs.uef.fi\/karjalanelvytys\/wp-content\/uploads\/sites\/155\/2023\/05\/Kirjasto.jpg\",\"contentUrl\":\"https:\/\/blogs.uef.fi\/karjalanelvytys\/wp-content\/uploads\/sites\/155\/2023\/05\/Kirjasto.jpg\",\"width\":1920,\"height\":1282,\"caption\":\"Kuva: Pixabay\"},{\"@type\":\"BreadcrumbList\",\"@id\":\"https:\/\/blogs.uef.fi\/karjalanelvytys\/kirjallizussanasto-suomi-suvikarjala\/#breadcrumb\",\"itemListElement\":[{\"@type\":\"ListItem\",\"position\":1,\"name\":\"Home\",\"item\":\"https:\/\/blogs.uef.fi\/karjalanelvytys\/\"},{\"@type\":\"ListItem\",\"position\":2,\"name\":\"Kirjallizussanasto (suomi\u2013suvikarjala)\"}]},{\"@type\":\"WebSite\",\"@id\":\"https:\/\/blogs.uef.fi\/karjalanelvytys\/#website\",\"url\":\"https:\/\/blogs.uef.fi\/karjalanelvytys\/\",\"name\":\"Karjalan kielen elvytt\u00e4minen\",\"description\":\"\",\"potentialAction\":[{\"@type\":\"SearchAction\",\"target\":{\"@type\":\"EntryPoint\",\"urlTemplate\":\"https:\/\/blogs.uef.fi\/karjalanelvytys\/?s={search_term_string}\"},\"query-input\":{\"@type\":\"PropertyValueSpecification\",\"valueRequired\":true,\"valueName\":\"search_term_string\"}}],\"inLanguage\":\"fi\"}]}<\/script>\n<!-- \/ Yoast SEO plugin. -->","yoast_head_json":{"title":"Kirjallizussanasto (suomi\u2013suvikarjala) - Karjalan kielen elvytt\u00e4minen","robots":{"index":"index","follow":"follow","max-snippet":"max-snippet:-1","max-image-preview":"max-image-preview:large","max-video-preview":"max-video-preview:-1"},"canonical":"https:\/\/blogs.uef.fi\/karjalanelvytys\/kirjallizussanasto-suomi-suvikarjala\/","og_locale":"fi_FI","og_type":"article","og_title":"Kirjallizussanasto (suomi\u2013suvikarjala) - Karjalan kielen elvytt\u00e4minen","og_description":"Kirjallizussanasto (suomi\u2013suvikarjala) Kirjallisuussanasto (suomi\u2013etel\u00e4karjala) Luadija: Katerina Paalamo Karjalan kielen elvytysprojekta P\u00e4iv\u00e4nnouzu-Suomen yliopisto * aforismi \u2013 aforizma agentti\u00a0\u2013 agentta aihe \u2013 tiema, (pindatiemana kirjallizuossa) aihe aika \u2013 aiga alatyyli \u2013 alastiil&#8217;a alku \u2013 algu alkusointu \u2013 algusobu allegoria \u2013 allegorie allegorinen \u2013 allegorine anagrammi \u2013 anagramma anekdootti, kasku, vitsi \u2013 anekdotta antologia \u2013 antologie artikkeli; kirjoitus [&hellip;]","og_url":"https:\/\/blogs.uef.fi\/karjalanelvytys\/kirjallizussanasto-suomi-suvikarjala\/","og_site_name":"Karjalan kielen elvytt\u00e4minen","article_modified_time":"2024-02-14T07:18:00+00:00","og_image":[{"url":"https:\/\/blogs.uef.fi\/karjalanelvytys\/wp-content\/uploads\/sites\/155\/2023\/05\/Kirjasto-300x200.jpg","type":"","width":"","height":""}],"twitter_card":"summary_large_image","twitter_misc":{"Arvioitu lukuaika":"5 minuuttia"},"schema":{"@context":"https:\/\/schema.org","@graph":[{"@type":"WebPage","@id":"https:\/\/blogs.uef.fi\/karjalanelvytys\/kirjallizussanasto-suomi-suvikarjala\/","url":"https:\/\/blogs.uef.fi\/karjalanelvytys\/kirjallizussanasto-suomi-suvikarjala\/","name":"Kirjallizussanasto (suomi\u2013suvikarjala) - Karjalan kielen elvytt\u00e4minen","isPartOf":{"@id":"https:\/\/blogs.uef.fi\/karjalanelvytys\/#website"},"primaryImageOfPage":{"@id":"https:\/\/blogs.uef.fi\/karjalanelvytys\/kirjallizussanasto-suomi-suvikarjala\/#primaryimage"},"image":{"@id":"https:\/\/blogs.uef.fi\/karjalanelvytys\/kirjallizussanasto-suomi-suvikarjala\/#primaryimage"},"thumbnailUrl":"https:\/\/blogs.uef.fi\/karjalanelvytys\/wp-content\/uploads\/sites\/155\/2023\/05\/Kirjasto-300x200.jpg","datePublished":"2023-05-26T06:55:31+00:00","dateModified":"2024-02-14T07:18:00+00:00","breadcrumb":{"@id":"https:\/\/blogs.uef.fi\/karjalanelvytys\/kirjallizussanasto-suomi-suvikarjala\/#breadcrumb"},"inLanguage":"fi","potentialAction":[{"@type":"ReadAction","target":["https:\/\/blogs.uef.fi\/karjalanelvytys\/kirjallizussanasto-suomi-suvikarjala\/"]}]},{"@type":"ImageObject","inLanguage":"fi","@id":"https:\/\/blogs.uef.fi\/karjalanelvytys\/kirjallizussanasto-suomi-suvikarjala\/#primaryimage","url":"https:\/\/blogs.uef.fi\/karjalanelvytys\/wp-content\/uploads\/sites\/155\/2023\/05\/Kirjasto.jpg","contentUrl":"https:\/\/blogs.uef.fi\/karjalanelvytys\/wp-content\/uploads\/sites\/155\/2023\/05\/Kirjasto.jpg","width":1920,"height":1282,"caption":"Kuva: Pixabay"},{"@type":"BreadcrumbList","@id":"https:\/\/blogs.uef.fi\/karjalanelvytys\/kirjallizussanasto-suomi-suvikarjala\/#breadcrumb","itemListElement":[{"@type":"ListItem","position":1,"name":"Home","item":"https:\/\/blogs.uef.fi\/karjalanelvytys\/"},{"@type":"ListItem","position":2,"name":"Kirjallizussanasto (suomi\u2013suvikarjala)"}]},{"@type":"WebSite","@id":"https:\/\/blogs.uef.fi\/karjalanelvytys\/#website","url":"https:\/\/blogs.uef.fi\/karjalanelvytys\/","name":"Karjalan kielen elvytt\u00e4minen","description":"","potentialAction":[{"@type":"SearchAction","target":{"@type":"EntryPoint","urlTemplate":"https:\/\/blogs.uef.fi\/karjalanelvytys\/?s={search_term_string}"},"query-input":{"@type":"PropertyValueSpecification","valueRequired":true,"valueName":"search_term_string"}}],"inLanguage":"fi"}]}},"_links":{"self":[{"href":"https:\/\/blogs.uef.fi\/karjalanelvytys\/wp-json\/wp\/v2\/pages\/10893","targetHints":{"allow":["GET"]}}],"collection":[{"href":"https:\/\/blogs.uef.fi\/karjalanelvytys\/wp-json\/wp\/v2\/pages"}],"about":[{"href":"https:\/\/blogs.uef.fi\/karjalanelvytys\/wp-json\/wp\/v2\/types\/page"}],"author":[{"embeddable":true,"href":"https:\/\/blogs.uef.fi\/karjalanelvytys\/wp-json\/wp\/v2\/users\/580"}],"replies":[{"embeddable":true,"href":"https:\/\/blogs.uef.fi\/karjalanelvytys\/wp-json\/wp\/v2\/comments?post=10893"}],"version-history":[{"count":1,"href":"https:\/\/blogs.uef.fi\/karjalanelvytys\/wp-json\/wp\/v2\/pages\/10893\/revisions"}],"predecessor-version":[{"id":15884,"href":"https:\/\/blogs.uef.fi\/karjalanelvytys\/wp-json\/wp\/v2\/pages\/10893\/revisions\/15884"}],"wp:attachment":[{"href":"https:\/\/blogs.uef.fi\/karjalanelvytys\/wp-json\/wp\/v2\/media?parent=10893"}],"curies":[{"name":"wp","href":"https:\/\/api.w.org\/{rel}","templated":true}]}}