{"id":10793,"date":"2023-05-15T15:17:58","date_gmt":"2023-05-15T12:17:58","guid":{"rendered":"https:\/\/blogs.uef.fi\/karjalanelvytys\/?page_id=10793"},"modified":"2023-05-16T09:16:56","modified_gmt":"2023-05-16T06:16:56","slug":"ohjeita-opetuksen-saavutettavuuteen-huonokuuloisten-nakokulmasta","status":"publish","type":"page","link":"https:\/\/blogs.uef.fi\/karjalanelvytys\/ohjeita-opetuksen-saavutettavuuteen-huonokuuloisten-nakokulmasta\/","title":{"rendered":"Ohjeita opetuksen saavutettavuuteen huonokuuloisten n\u00e4k\u00f6kulmasta"},"content":{"rendered":"<p>Humanistisessa ammattikorkeakoulussa viittomakielen tulkkausta opiskeleva <strong>Marika Kauppinen<\/strong> on tehnyt opinn\u00e4ytety\u00f6n karjalan kielen saavutettavuudesta huonokuuloisille. Opinn\u00e4ytety\u00f6n tarkoituksena on ollut selvitt\u00e4\u00e4, kokevatko huonokuuloiset p\u00e4\u00e4sev\u00e4ns\u00e4 osaksi karjalankielist\u00e4 yhteis\u00f6\u00e4, ja kartoittaa karjalan kielen opiskelua hankaloittavia seikkoja. Opinn\u00e4ytety\u00f6ss\u00e4 on selvitetty my\u00f6s, millaisilla keinoilla opiskelusta voisi tehd\u00e4 huonokuuloisille aiempaa saavutettavampaa.<\/p>\n<p>Karjalan kielen elvytyshanke on toiminut opinn\u00e4ytety\u00f6n tilaajana, ja ty\u00f6n tuloksia voidaan hy\u00f6dynt\u00e4\u00e4 elvytyshankkeen toiminnassa. Varsinaisen opinn\u00e4ytety\u00f6n lis\u00e4ksi Kauppinen on valmistellut <strong>muistilistallisen vinkkej\u00e4 kielenopetuksen saavutettavuuden kehitt\u00e4miseksi<\/strong>. Muistilista on suunnattu ennen kaikkea karjalaa esimerkiksi kansan- tai ty\u00f6v\u00e4enopistoissa opettaville henkil\u00f6ille, mink\u00e4 lis\u00e4ksi listassa on vinkkej\u00e4 my\u00f6s kurssien muille opiskelijoille.<\/p>\n<p>Muistilistan voi ladata t\u00e4lt\u00e4 sivulta PDF\/A-muodossa.<\/p>\n<p><a href=\"https:\/\/blogs.uef.fi\/karjalanelvytys\/wp-content\/uploads\/sites\/155\/2023\/05\/MuistilistaPDFA.pdf\">Lataa muistilista t\u00e4st\u00e4.<\/a><\/p>\n<p><a href=\"https:\/\/www.theseus.fi\/handle\/10024\/796215\">Linkki Kauppisen opinn\u00e4ytety\u00f6h\u00f6n.<\/a><\/p>\n","protected":false},"excerpt":{"rendered":"<p>Humanistisessa ammattikorkeakoulussa viittomakielen tulkkausta opiskeleva Marika Kauppinen on tehnyt opinn\u00e4ytety\u00f6n karjalan kielen saavutettavuudesta huonokuuloisille. Opinn\u00e4ytety\u00f6n tarkoituksena on ollut selvitt\u00e4\u00e4, kokevatko huonokuuloiset p\u00e4\u00e4sev\u00e4ns\u00e4 osaksi karjalankielist\u00e4 yhteis\u00f6\u00e4, ja kartoittaa karjalan kielen opiskelua hankaloittavia seikkoja. Opinn\u00e4ytety\u00f6ss\u00e4 on selvitetty my\u00f6s, millaisilla keinoilla opiskelusta voisi tehd\u00e4 huonokuuloisille aiempaa saavutettavampaa. Karjalan kielen elvytyshanke on toiminut opinn\u00e4ytety\u00f6n tilaajana, ja ty\u00f6n tuloksia voidaan [&hellip;]<\/p>\n","protected":false},"author":580,"featured_media":0,"parent":0,"menu_order":0,"comment_status":"closed","ping_status":"closed","template":"","meta":{"_acf_changed":false,"footnotes":""},"class_list":["post-10793","page","type-page","status-publish","hentry"],"acf":[],"yoast_head":"<!-- This site is optimized with the Yoast SEO plugin v27.1.1 - https:\/\/yoast.com\/product\/yoast-seo-wordpress\/ -->\n<title>Ohjeita opetuksen saavutettavuuteen huonokuuloisten n\u00e4k\u00f6kulmasta - Karjalan kielen elvytt\u00e4minen<\/title>\n<meta name=\"robots\" content=\"index, follow, max-snippet:-1, max-image-preview:large, max-video-preview:-1\" \/>\n<link rel=\"canonical\" href=\"https:\/\/blogs.uef.fi\/karjalanelvytys\/ohjeita-opetuksen-saavutettavuuteen-huonokuuloisten-nakokulmasta\/\" \/>\n<meta property=\"og:locale\" content=\"fi_FI\" \/>\n<meta property=\"og:type\" content=\"article\" \/>\n<meta property=\"og:title\" content=\"Ohjeita opetuksen saavutettavuuteen huonokuuloisten n\u00e4k\u00f6kulmasta - Karjalan kielen elvytt\u00e4minen\" \/>\n<meta property=\"og:description\" content=\"Humanistisessa ammattikorkeakoulussa viittomakielen tulkkausta opiskeleva Marika Kauppinen on tehnyt opinn\u00e4ytety\u00f6n karjalan kielen saavutettavuudesta huonokuuloisille. Opinn\u00e4ytety\u00f6n tarkoituksena on ollut selvitt\u00e4\u00e4, kokevatko huonokuuloiset p\u00e4\u00e4sev\u00e4ns\u00e4 osaksi karjalankielist\u00e4 yhteis\u00f6\u00e4, ja kartoittaa karjalan kielen opiskelua hankaloittavia seikkoja. Opinn\u00e4ytety\u00f6ss\u00e4 on selvitetty my\u00f6s, millaisilla keinoilla opiskelusta voisi tehd\u00e4 huonokuuloisille aiempaa saavutettavampaa. Karjalan kielen elvytyshanke on toiminut opinn\u00e4ytety\u00f6n tilaajana, ja ty\u00f6n tuloksia voidaan [&hellip;]\" \/>\n<meta property=\"og:url\" content=\"https:\/\/blogs.uef.fi\/karjalanelvytys\/ohjeita-opetuksen-saavutettavuuteen-huonokuuloisten-nakokulmasta\/\" \/>\n<meta property=\"og:site_name\" content=\"Karjalan kielen elvytt\u00e4minen\" \/>\n<meta property=\"article:modified_time\" content=\"2023-05-16T06:16:56+00:00\" \/>\n<meta name=\"twitter:card\" content=\"summary_large_image\" \/>\n<meta name=\"twitter:label1\" content=\"Arvioitu lukuaika\" \/>\n\t<meta name=\"twitter:data1\" content=\"1 minuutti\" \/>\n<script type=\"application\/ld+json\" class=\"yoast-schema-graph\">{\"@context\":\"https:\/\/schema.org\",\"@graph\":[{\"@type\":\"WebPage\",\"@id\":\"https:\/\/blogs.uef.fi\/karjalanelvytys\/ohjeita-opetuksen-saavutettavuuteen-huonokuuloisten-nakokulmasta\/\",\"url\":\"https:\/\/blogs.uef.fi\/karjalanelvytys\/ohjeita-opetuksen-saavutettavuuteen-huonokuuloisten-nakokulmasta\/\",\"name\":\"Ohjeita opetuksen saavutettavuuteen huonokuuloisten n\u00e4k\u00f6kulmasta - Karjalan kielen elvytt\u00e4minen\",\"isPartOf\":{\"@id\":\"https:\/\/blogs.uef.fi\/karjalanelvytys\/#website\"},\"datePublished\":\"2023-05-15T12:17:58+00:00\",\"dateModified\":\"2023-05-16T06:16:56+00:00\",\"breadcrumb\":{\"@id\":\"https:\/\/blogs.uef.fi\/karjalanelvytys\/ohjeita-opetuksen-saavutettavuuteen-huonokuuloisten-nakokulmasta\/#breadcrumb\"},\"inLanguage\":\"fi\",\"potentialAction\":[{\"@type\":\"ReadAction\",\"target\":[\"https:\/\/blogs.uef.fi\/karjalanelvytys\/ohjeita-opetuksen-saavutettavuuteen-huonokuuloisten-nakokulmasta\/\"]}]},{\"@type\":\"BreadcrumbList\",\"@id\":\"https:\/\/blogs.uef.fi\/karjalanelvytys\/ohjeita-opetuksen-saavutettavuuteen-huonokuuloisten-nakokulmasta\/#breadcrumb\",\"itemListElement\":[{\"@type\":\"ListItem\",\"position\":1,\"name\":\"Home\",\"item\":\"https:\/\/blogs.uef.fi\/karjalanelvytys\/\"},{\"@type\":\"ListItem\",\"position\":2,\"name\":\"Ohjeita opetuksen saavutettavuuteen huonokuuloisten n\u00e4k\u00f6kulmasta\"}]},{\"@type\":\"WebSite\",\"@id\":\"https:\/\/blogs.uef.fi\/karjalanelvytys\/#website\",\"url\":\"https:\/\/blogs.uef.fi\/karjalanelvytys\/\",\"name\":\"Karjalan kielen elvytt\u00e4minen\",\"description\":\"\",\"potentialAction\":[{\"@type\":\"SearchAction\",\"target\":{\"@type\":\"EntryPoint\",\"urlTemplate\":\"https:\/\/blogs.uef.fi\/karjalanelvytys\/?s={search_term_string}\"},\"query-input\":{\"@type\":\"PropertyValueSpecification\",\"valueRequired\":true,\"valueName\":\"search_term_string\"}}],\"inLanguage\":\"fi\"}]}<\/script>\n<!-- \/ Yoast SEO plugin. -->","yoast_head_json":{"title":"Ohjeita opetuksen saavutettavuuteen huonokuuloisten n\u00e4k\u00f6kulmasta - Karjalan kielen elvytt\u00e4minen","robots":{"index":"index","follow":"follow","max-snippet":"max-snippet:-1","max-image-preview":"max-image-preview:large","max-video-preview":"max-video-preview:-1"},"canonical":"https:\/\/blogs.uef.fi\/karjalanelvytys\/ohjeita-opetuksen-saavutettavuuteen-huonokuuloisten-nakokulmasta\/","og_locale":"fi_FI","og_type":"article","og_title":"Ohjeita opetuksen saavutettavuuteen huonokuuloisten n\u00e4k\u00f6kulmasta - Karjalan kielen elvytt\u00e4minen","og_description":"Humanistisessa ammattikorkeakoulussa viittomakielen tulkkausta opiskeleva Marika Kauppinen on tehnyt opinn\u00e4ytety\u00f6n karjalan kielen saavutettavuudesta huonokuuloisille. Opinn\u00e4ytety\u00f6n tarkoituksena on ollut selvitt\u00e4\u00e4, kokevatko huonokuuloiset p\u00e4\u00e4sev\u00e4ns\u00e4 osaksi karjalankielist\u00e4 yhteis\u00f6\u00e4, ja kartoittaa karjalan kielen opiskelua hankaloittavia seikkoja. Opinn\u00e4ytety\u00f6ss\u00e4 on selvitetty my\u00f6s, millaisilla keinoilla opiskelusta voisi tehd\u00e4 huonokuuloisille aiempaa saavutettavampaa. Karjalan kielen elvytyshanke on toiminut opinn\u00e4ytety\u00f6n tilaajana, ja ty\u00f6n tuloksia voidaan [&hellip;]","og_url":"https:\/\/blogs.uef.fi\/karjalanelvytys\/ohjeita-opetuksen-saavutettavuuteen-huonokuuloisten-nakokulmasta\/","og_site_name":"Karjalan kielen elvytt\u00e4minen","article_modified_time":"2023-05-16T06:16:56+00:00","twitter_card":"summary_large_image","twitter_misc":{"Arvioitu lukuaika":"1 minuutti"},"schema":{"@context":"https:\/\/schema.org","@graph":[{"@type":"WebPage","@id":"https:\/\/blogs.uef.fi\/karjalanelvytys\/ohjeita-opetuksen-saavutettavuuteen-huonokuuloisten-nakokulmasta\/","url":"https:\/\/blogs.uef.fi\/karjalanelvytys\/ohjeita-opetuksen-saavutettavuuteen-huonokuuloisten-nakokulmasta\/","name":"Ohjeita opetuksen saavutettavuuteen huonokuuloisten n\u00e4k\u00f6kulmasta - Karjalan kielen elvytt\u00e4minen","isPartOf":{"@id":"https:\/\/blogs.uef.fi\/karjalanelvytys\/#website"},"datePublished":"2023-05-15T12:17:58+00:00","dateModified":"2023-05-16T06:16:56+00:00","breadcrumb":{"@id":"https:\/\/blogs.uef.fi\/karjalanelvytys\/ohjeita-opetuksen-saavutettavuuteen-huonokuuloisten-nakokulmasta\/#breadcrumb"},"inLanguage":"fi","potentialAction":[{"@type":"ReadAction","target":["https:\/\/blogs.uef.fi\/karjalanelvytys\/ohjeita-opetuksen-saavutettavuuteen-huonokuuloisten-nakokulmasta\/"]}]},{"@type":"BreadcrumbList","@id":"https:\/\/blogs.uef.fi\/karjalanelvytys\/ohjeita-opetuksen-saavutettavuuteen-huonokuuloisten-nakokulmasta\/#breadcrumb","itemListElement":[{"@type":"ListItem","position":1,"name":"Home","item":"https:\/\/blogs.uef.fi\/karjalanelvytys\/"},{"@type":"ListItem","position":2,"name":"Ohjeita opetuksen saavutettavuuteen huonokuuloisten n\u00e4k\u00f6kulmasta"}]},{"@type":"WebSite","@id":"https:\/\/blogs.uef.fi\/karjalanelvytys\/#website","url":"https:\/\/blogs.uef.fi\/karjalanelvytys\/","name":"Karjalan kielen elvytt\u00e4minen","description":"","potentialAction":[{"@type":"SearchAction","target":{"@type":"EntryPoint","urlTemplate":"https:\/\/blogs.uef.fi\/karjalanelvytys\/?s={search_term_string}"},"query-input":{"@type":"PropertyValueSpecification","valueRequired":true,"valueName":"search_term_string"}}],"inLanguage":"fi"}]}},"_links":{"self":[{"href":"https:\/\/blogs.uef.fi\/karjalanelvytys\/wp-json\/wp\/v2\/pages\/10793","targetHints":{"allow":["GET"]}}],"collection":[{"href":"https:\/\/blogs.uef.fi\/karjalanelvytys\/wp-json\/wp\/v2\/pages"}],"about":[{"href":"https:\/\/blogs.uef.fi\/karjalanelvytys\/wp-json\/wp\/v2\/types\/page"}],"author":[{"embeddable":true,"href":"https:\/\/blogs.uef.fi\/karjalanelvytys\/wp-json\/wp\/v2\/users\/580"}],"replies":[{"embeddable":true,"href":"https:\/\/blogs.uef.fi\/karjalanelvytys\/wp-json\/wp\/v2\/comments?post=10793"}],"version-history":[{"count":3,"href":"https:\/\/blogs.uef.fi\/karjalanelvytys\/wp-json\/wp\/v2\/pages\/10793\/revisions"}],"predecessor-version":[{"id":10847,"href":"https:\/\/blogs.uef.fi\/karjalanelvytys\/wp-json\/wp\/v2\/pages\/10793\/revisions\/10847"}],"wp:attachment":[{"href":"https:\/\/blogs.uef.fi\/karjalanelvytys\/wp-json\/wp\/v2\/media?parent=10793"}],"curies":[{"name":"wp","href":"https:\/\/api.w.org\/{rel}","templated":true}]}}