{"id":10344,"date":"2023-03-31T09:09:20","date_gmt":"2023-03-31T06:09:20","guid":{"rendered":"https:\/\/blogs.uef.fi\/karjalanelvytys\/?page_id=10344"},"modified":"2023-06-30T16:02:31","modified_gmt":"2023-06-30T13:02:31","slug":"pereh-da-ukonkuarisanasto-suomi-suvikarjala","status":"publish","type":"page","link":"https:\/\/blogs.uef.fi\/karjalanelvytys\/pereh-da-ukonkuarisanasto-suomi-suvikarjala\/","title":{"rendered":"Pereh- da ukonkuarisanasto (suomi-suvikarjala)"},"content":{"rendered":"<p><strong>Perhe- ja sateenkaarisanasto, suomi\u2013etel\u00e4karjala<\/strong><br \/>\n<strong>Pereh- da ukonkuarisanasto, suomi\u2013suvikarjala<\/strong><\/p>\n<p>Luadija:<strong> Katerina Paalamo<\/strong><\/p>\n<p>Karjalan kielen elvytysprojekta<br \/>\nP\u00e4iv\u00e4nnouzu-Suomen yliopisto<\/p>\n<p>Ellend\u00e4mizen tuveksi: <a href=\"https:\/\/seta.fi\/sateenkaaritieto\/sateenkaarisanasto\/\">linkka Setan luajittuh ukonkuarisanastoh, kudamassa annetah ukonkuarisanoin merki\u010dykset suomeksi<\/a>.<\/p>\n<p>Aigazembah livvinkarjalaksi ki\u00e4nnetty sanasto l\u00f6ydyy t\u00e4st\u00e4: <a href=\"https:\/\/blogs.uef.fi\/karjalanelvytys\/pereh-da-ukonvemmelsanasto-suomi-livvinkarjala\/\">linkka<\/a><\/p>\n<hr \/>\n<p>perheenj\u00e4sen \u2013 perehenj\u00e4zen<\/p>\n<p>\u00e4iti \u2013 muamo; \u00e4iti (last.) \u2013 mamma<\/p>\n<p>\u00e4itipuoli, is\u00e4n\/\u00e4idin vaimo \u2013 muamindima, emindim\u00e4, tuaton\/muamon naine\/akka\/mu\u010d\u010do<\/p>\n<p>is\u00e4 \u2013 tuatto; is\u00e4 (last.) \u2013 tata<\/p>\n<p>is\u00e4puoli, \u00e4idin\/is\u00e4n mies \u2013 tuatindima, izindim\u00e4, muamon\/tuaton mies\/ukko<\/p>\n<p>tyt\u00e4r \u2013 tyt\u00e4r<\/p>\n<p>tyt\u00e4rpuoli; puolison, vaimon, miehen tyt\u00e4r \u2013 tytt\u00e4rindim\u00e4; vastinehen, naizen\/akan\/mu\u010don, miehen\/ukon tyt\u00e4r<\/p>\n<p>poika \u2013 poiga<\/p>\n<p>poikapuoli; puolison, vaimon, miehen poika \u2013 poijindima; vastinehen, naizen\/akan\/mu\u010don, miehen\/ukon poiga<\/p>\n<p>sisko \u2013 siz\u00e4r; tav. vanhempi sisko (last.) \u2013 \u010did\u017ei<\/p>\n<p>veli \u2013 velli; vanhempi veli (last.) \u2013 veikki<\/p>\n<p>sisarus, sisarukset \u2013 sizarus, sizarukset<\/p>\n<p>siskokset \u2013 siz\u00e4rekset<\/p>\n<p>veljekset \u2013 vellekset<\/p>\n<p>siskopuoli \u2013 siz\u00e4rpuoli<\/p>\n<p>velipuoli \u2013 vellipuoli<\/p>\n<p>puolisisko \u2013 puolisiz\u00e4r, siz\u00e4rpuoli<\/p>\n<p>puoliveli \u2013 puolivelli, vellipuoli<\/p>\n<p>puolisisarukset \u2013 puolisizarukset<\/p>\n<p>puolisiskokset \u2013 puolisiz\u00e4rekset<\/p>\n<p>puoliveljekset \u2013 puolivellekset<\/p>\n<p>t\u00e4yssisarukset \u2013 t\u00e4yvet sizarukset, t\u00e4yzisizarukset<\/p>\n<p>vanhemmat \u2013 vanhemmat; (kont. mugah) muamo da tuatto<\/p>\n<p>isovanhemmat \u2013 buabo da diedo<\/p>\n<p>isoisovanhemmat, iso\u00e4idin tai isois\u00e4n vanhemmat \u2013 pravobuabo da pravodiedo<\/p>\n<p>iso\u00e4iti \u2013 buabo; iso\u00e4iti (last.) \u2013 baba<\/p>\n<p>isois\u00e4 \u2013 diedo; isois\u00e4 (last.) \u2013 didi<\/p>\n<p>isoiso\u00e4iti, iso\u00e4idin tai isois\u00e4n \u00e4iti \u2013 pravobuabo<\/p>\n<p>isoisois\u00e4, iso\u00e4idin tai isois\u00e4n is\u00e4 \u2013 pravodiedo<\/p>\n<p>lapsenlapsi \u2013 bunukka<\/p>\n<p>lapsenlapsenlapsi \u2013 pravobunukka<\/p>\n<p>t\u00e4ti \u2013 t\u00e4di<\/p>\n<p>eno, set\u00e4 \u2013 di\u00e4d\u00f6; eno, set\u00e4 (last.) \u2013 d\u00e4d\u00e4<\/p>\n<p>serkku \u2013 sevotar, seukku<\/p>\n<p>anoppi \u2013 anoppi (naizen\/akan\/mu\u010don muamo); muatu\u0161ka, muatko (miehen\/ukon muamo)<\/p>\n<p>appi \u2013 appi (naizen\/akan\/mu\u010don tuatto); buat\u00b4u\u0161ka, buat\u00b4ko (miehen\/ukon tuatto)<\/p>\n<p>mini\u00e4 \u2013 nevesk\u00e4<\/p>\n<p>v\u00e4vy \u2013 v\u00e4vy<\/p>\n<p>suku \u2013 sugu<\/p>\n<p>sukulainen \u2013 sugulane, rodn\u00b4a, omahine, heimolane<\/p>\n<p>seurustelukumppani, tytt\u00f6yst\u00e4v\u00e4, poikayst\u00e4v\u00e4, naisyst\u00e4v\u00e4, miesyst\u00e4v\u00e4 \u2013 mieless\u00e4piett\u00e4v\u00e4, tietto, vastineh<\/p>\n<p>seurustella \u2013 olla yhess\u00e4<\/p>\n<p>el\u00e4m\u00e4nkumppani \u2013 eloksenvastineh, eloksenkumppali<\/p>\n<p>puoliso \u2013 vastineh, kont. mugah naine\/akka\/mu\u010d\u010do, mies\/ukko<\/p>\n<p>entinen puoliso \u2013 endine vastineh, naine\/akka\/mu\u010d\u010do, mies\/ukko<\/p>\n<p>uusi puoliso \u2013 uuzi vastineh, naine\/akka\/mu\u010d\u010do, mies\/ukko<\/p>\n<p>nykyinen puoliso \u2013 nyg\u00f6ne, nygyne vastineh, naine\/akka\/mu\u010d\u010do, mies\/ukko<\/p>\n<p>aviopuoliso \u2013 kirjavastineh; (vihitty puoliso) ven\u010daidu vastineh<\/p>\n<p>avopuoliso \u2013 kirjatoin vastineh; (vihkim\u00e4t\u00f6n puoliso) ven\u010daimatoin vastineh<\/p>\n<p>vaimo \u2013 naine, akka, (vaimo, nuori vaimo) mu\u010d\u010do<\/p>\n<p>mies (puoliso) \u2013 mies, ukko<\/p>\n<p>avioliitto \u2013 kirjaliitto, kirjoissaolenda, naizissaolenda, miehell\u00e4olenda<\/p>\n<p>samaa sukupuolta olevien avioliitto \u2013 samua\/samaista\/yht\u00e4 sugupuolda olijoin kirjaliitto, kirjoissaolenda<\/p>\n<p>avoliitto \u2013 kirjatoin liitto, kirjatoin yhess\u00e4el\u00e4nd\u00e4<\/p>\n<p>aviopari \u2013 kirjah m\u00e4nnyt puara; (vihitty pari) ven\u010daidu puara<\/p>\n<p>avopari \u2013 kirjah m\u00e4nem\u00e4t\u00f6in puara, kirjatoin puara; (vihkim\u00e4t\u00f6n pari) ven\u010daimatoin puara<\/p>\n<p>parisuhde \u2013 puarav\u00e4li<\/p>\n<p>rekister\u00f6ity parisuhde \u2013 registriiruidu puarav\u00e4li<\/p>\n<p>olla rekister\u00f6idyss\u00e4 parisuhteessa \u2013 olla kirjassa, olla registriiruijussa puarav\u00e4liss\u00e4<\/p>\n<p>polyamorinen \u2013 poliamorine<\/p>\n<p>polyamorinen suhde \u2013 poliamorine v\u00e4li<\/p>\n<p>polyamoria \u2013 poliamorie<\/p>\n<p>monisuhteisuus \u2013 moniv\u00e4lizys<\/p>\n<p>sinkku \u2013 naimatoin\/naizihm\u00e4nem\u00e4t\u00f6in (perind. miehest\u00e4), miehell\u00e4m\u00e4nem\u00e4t\u00f6in (perind. naizesta), yksinel\u00e4j\u00e4, i\u010delline<\/p>\n<p>naimaton \u2013 naimatoin (perind. miehest\u00e4), miehell\u00e4m\u00e4nem\u00e4t\u00f6in (perind. naizesta)<\/p>\n<p>menn\u00e4 naimisiin \u2013 m\u00e4nn\u00e4 naizih \/ naija (naizen kera), m\u00e4nn\u00e4 miehell\u00e4 (miehen kera)<\/p>\n<p>olla naimisissa, avioliitossa \u2013 olla naizissa (naizen kera), olla miehell\u00e4 (miehen kera), olla kirjassa<\/p>\n<p>kirkollinen vihkiminen \u2013 kirik\u00f6lline ven\u010dai\u010denda<\/p>\n<p>siviilivihkiminen \u2013 kirjahm\u00e4nend\u00e4\/kirjoihm\u00e4nend\u00e4<\/p>\n<p>erota \u2013 erota<\/p>\n<p>eronnut \u2013 eronnut<\/p>\n<p>ero \u2013 ero<\/p>\n<p>avioero \u2013 ero, kirjoistal\u00e4hend\u00e4<\/p>\n<p>leski \u2013 leski<\/p>\n<p>siviilis\u00e4\u00e4ty \u2013 kirjastuatussa<\/p>\n<p>perhe \u2013 pereh<\/p>\n<p>ydinperhe \u2013 ydinpereh<\/p>\n<p>suurperhe \u2013 suuri pereh<\/p>\n<p>yhden vanhemman perhe \u2013 yhen vanhemman pereh<\/p>\n<p>uusperhe \u2013 uuzi pereh<\/p>\n<p>sateenkaariperhe \u2013 ukonkuaripereh, ukonvemmelpereh<\/p>\n<p>apilaperhe \u2013 abilaspereh<\/p>\n<p>polyperhe \u2013 polipereh<\/p>\n<p>perheellinen \u2013 perehelline<\/p>\n<p>perheet\u00f6n \u2013 perehet\u00f6in<\/p>\n<p>vanhempi \u2013 vanhembi<\/p>\n<p>biologinen vanhempi \u2013 biologine vanhembi<\/p>\n<p>sosiaalinen vanhempi \u2013 sosialine vanhembi<\/p>\n<p>vanhemmuus \u2013 vanhemmus<\/p>\n<p>\u00e4itiys \u2013 muamohus<\/p>\n<p>isyys \u2013 tuattohus<\/p>\n<p>kumppanuusvanhemmuus, vahnemmuuskumppanuus \u2013 sobimusvanhemmus<\/p>\n<p>lapsi \u2013 lapsi<\/p>\n<p>lapseton \u2013 lapsetoin<\/p>\n<p>se, jolla on lapsi, lapsia \u2013 lapsekas<\/p>\n<p>lapsettomuus \u2013 lapsettomus<\/p>\n<p>orpo \u2013 orbo, armotoin<\/p>\n<p>puoliorpo \u2013 puoliorbo<\/p>\n<p>adoptoida \u2013 ottua lapsi, ottua omaksi lapseksi, adoptiiruija<\/p>\n<p>adoptio \u2013 lapsenotanda<\/p>\n<p>perheen sis\u00e4inen adoptio \u2013 vastinehen, naizen\/akan\/mu\u010don, ukon\/miehen lapsen omaksi otanda, adoptiirui\u010denda<\/p>\n<p>adoptiolapsi \u2013 ottolapsi, adoptiiruidu lapsi<\/p>\n<p>adoptiovanhemmat \u2013 ottovanhemmat<\/p>\n<p>ottaa huostaan \u2013 ottua huostah<\/p>\n<p>huostaanotettu lapsi \u2013 huostahotettu lapsi<\/p>\n<p>huostaanotto \u2013 huostahotanda<\/p>\n<p>sijaisvanhempi \u2013 sijahisvanhembi<\/p>\n<p>tukiperhe \u2013 tugipereh<\/p>\n<p>huoltaja \u2013 huoldaja<\/p>\n<p>yksinhuoltaja \u2013 yksinhuoltaja<\/p>\n<p>yhteishuoltajuus \u2013 yhtehishuoldajus<\/p>\n<p>l\u00e4hivanhempi, l\u00e4hihuoltaja \u2013 l\u00e4hivanhembi<\/p>\n<p>et\u00e4vanhempi, et\u00e4huoltaja \u2013 loittovanhembi<\/p>\n<p>vuoroasuminen \u2013 vuoroel\u00e4nd\u00e4<\/p>\n<p>bonuslapsi \u2013 bonuslapsi<\/p>\n<p>sateenkaari \u2013 ukonkuari, ukonvemmel<\/p>\n<p>sateenkaarikansa \u2013 ukonkuarirahvas, ukonvemmelrahvas<\/p>\n<p>sateenkaariyhteis\u00f6 \u2013 ukonkuariyhtehiz\u00f6, ukonvemmelyhtehiz\u00f6<\/p>\n<p>v\u00e4hemmist\u00f6 \u2013 v\u00e4hemmist\u00f6<\/p>\n<p>sukupuoli- ja seksuaaliv\u00e4hemmist\u00f6t \u2013 sugupuoli- da seksualiv\u00e4hemmiss\u00f6t<\/p>\n<p>sukupuoli \u2013 sugupuoli<\/p>\n<p>biologinen sukupuoli \u2013 biologine sugupuoli<\/p>\n<p>sosiaalinen sukupuoli \u2013 sosialine sugupuoli<\/p>\n<p>juridinen sukupuoli \u2013 juridine sugupuoli<\/p>\n<p>sukupuolen ilmaiseminen \u2013 sugupuolen ozuttamine<\/p>\n<p>sukupuolen korjaus \u2013 sugupuolen kohennus<\/p>\n<p>sukupuolen moninaisuus, sukupuolten moninaisuus \u2013 sugupuolen moninazus\/\u00e4ijys, sugupuolien moninazus\/\u00e4ijys<\/p>\n<p>henkil\u00f6 \u2013 hengi, hengil\u00f6<\/p>\n<p>nainen \u2013 naine<\/p>\n<p>mies \u2013 mies<\/p>\n<p>kolmas sukupuoli \u2013 kolmas sugupuoli<\/p>\n<p>naiseus \u2013 naizehus<\/p>\n<p>miehuus \u2013 miehys<\/p>\n<p>naisellinen \u2013 naizelline<\/p>\n<p>naisellisuus \u2013 naizellizus<\/p>\n<p>miehinen \u2013 miehine<\/p>\n<p>miehisyys \u2013 miehizys<\/p>\n<p>feminiininen \u2013 feminiinine<\/p>\n<p>feminiinisyys \u2013 feminiinizys<\/p>\n<p>maskuliininen \u2013 maskuliinine<\/p>\n<p>maskuliinisuus \u2013 maskuliinizus<\/p>\n<p>androgyyni \u2013 androgieni<\/p>\n<p>androgyyninen \u2013 androgienine<\/p>\n<p>androgynia \u2013 androgenie<\/p>\n<p>bin\u00e4\u00e4ri \u2013 binuara<\/p>\n<p>bin\u00e4\u00e4rinen \u2013 binuarine<\/p>\n<p>ei-bin\u00e4\u00e4ri \u2013 ei-binuara<\/p>\n<p>ei-bin\u00e4\u00e4rinen \u2013 ei-binuarine<\/p>\n<p>cissukupuolinen \u2013 cissugupuoline<\/p>\n<p>intersukupuolinen \u2013 intersugupuoline<\/p>\n<p>intersukupuolisuus \u2013 intersugupuolizus<\/p>\n<p>muunsukupuolinen \u2013 muunsugupuoline<\/p>\n<p>muunsukupuolisuus \u2013 muunsugupuolizus<\/p>\n<p>transsukupuolinen \u2013 transsugupuoline<\/p>\n<p>transsukupuolisuus \u2013 transsugupuolizus<\/p>\n<p>sukupuoleton \u2013 sugupuoletoin<\/p>\n<p>sukupuolettomuus \u2013 sugupuolettomus<\/p>\n<p>sukupuoli-identiteetti \u2013 sugupuoli-identitietta<\/p>\n<p>sukupuolineutraali \u2013 sugupuolineitraline<\/p>\n<p>sukupuolineutraalius \u2013 sugupuolineitralizus<\/p>\n<p>sukupuolinormatiivisuus \u2013 sugupuolinormatiivizus<\/p>\n<p>sukupuolisensitiivinen \u2013 sugupuolisensitiivine<\/p>\n<p>sukupuolisensitiivisyys \u2013 sugupuolisensitiivizys<\/p>\n<p>seksuaalinen suuntautuminen \u2013 seksualine suundauvunda<\/p>\n<p>seksuaalisen suuntautumisen moninaisuus \u2013 seksualizen suundauvunnan moninazus\/\u00e4ijys<\/p>\n<p>aseksuaali \u2013 aseksuali\/aseksuala<\/p>\n<p>aseksuaalinen \u2013 aseksualine<\/p>\n<p>aseksuaalisuus \u2013 aseksualizus<\/p>\n<p>biseksuaali \u2013 biseksuali\/biseksuala<\/p>\n<p>biseksuaalinen \u2013 biseksualine<\/p>\n<p>biseksuaalisuus \u2013 biseksualizus<\/p>\n<p>heteroseksuaali \u2013 heteroseksuali\/-seksuala<\/p>\n<p>heteroseksuaalinen \u2013 heteroseksualine<\/p>\n<p>heteroseksuaalisuus \u2013 heteroseksualizus<\/p>\n<p>homoseksuaali \u2013 homoseksuali\/-seksuala<\/p>\n<p>homoseksuaalinen \u2013 homoseksualine<\/p>\n<p>homoseksuaalisuus \u2013 homoseksualizus<\/p>\n<p>homo \u2013 homo<\/p>\n<p>homous \u2013 homohus<\/p>\n<p>lesbo \u2013 lesbo<\/p>\n<p>lesbous \u2013 lesbohus<\/p>\n<div id=\"attachment_10359\" style=\"width: 310px\" class=\"wp-caption alignleft\"><img loading=\"lazy\" decoding=\"async\" aria-describedby=\"caption-attachment-10359\" class=\"size-medium wp-image-10359\" src=\"https:\/\/blogs.uef.fi\/karjalanelvytys\/wp-content\/uploads\/sites\/155\/2023\/03\/perhe-kadet-300x200.jpg\" alt=\"\" width=\"300\" height=\"200\" srcset=\"https:\/\/blogs.uef.fi\/karjalanelvytys\/wp-content\/uploads\/sites\/155\/2023\/03\/perhe-kadet-300x200.jpg 300w, https:\/\/blogs.uef.fi\/karjalanelvytys\/wp-content\/uploads\/sites\/155\/2023\/03\/perhe-kadet-1024x683.jpg 1024w, https:\/\/blogs.uef.fi\/karjalanelvytys\/wp-content\/uploads\/sites\/155\/2023\/03\/perhe-kadet-768x512.jpg 768w, https:\/\/blogs.uef.fi\/karjalanelvytys\/wp-content\/uploads\/sites\/155\/2023\/03\/perhe-kadet-1536x1024.jpg 1536w, https:\/\/blogs.uef.fi\/karjalanelvytys\/wp-content\/uploads\/sites\/155\/2023\/03\/perhe-kadet.jpg 1920w\" sizes=\"auto, (max-width: 300px) 100vw, 300px\" \/><p id=\"caption-attachment-10359\" class=\"wp-caption-text\">Kuva: Pixabay<\/p><\/div>\n","protected":false},"excerpt":{"rendered":"<p>Perhe- ja sateenkaarisanasto, suomi\u2013etel\u00e4karjala Pereh- da ukonkuarisanasto, suomi\u2013suvikarjala Luadija: Katerina Paalamo Karjalan kielen elvytysprojekta P\u00e4iv\u00e4nnouzu-Suomen yliopisto Ellend\u00e4mizen tuveksi: linkka Setan luajittuh ukonkuarisanastoh, kudamassa annetah ukonkuarisanoin merki\u010dykset suomeksi. Aigazembah livvinkarjalaksi ki\u00e4nnetty sanasto l\u00f6ydyy t\u00e4st\u00e4: linkka perheenj\u00e4sen \u2013 perehenj\u00e4zen \u00e4iti \u2013 muamo; \u00e4iti (last.) \u2013 mamma \u00e4itipuoli, is\u00e4n\/\u00e4idin vaimo \u2013 muamindima, emindim\u00e4, tuaton\/muamon naine\/akka\/mu\u010d\u010do is\u00e4 \u2013 tuatto; [&hellip;]<\/p>\n","protected":false},"author":580,"featured_media":0,"parent":0,"menu_order":0,"comment_status":"closed","ping_status":"closed","template":"","meta":{"_acf_changed":false,"footnotes":""},"class_list":["post-10344","page","type-page","status-publish","hentry"],"acf":[],"yoast_head":"<!-- This site is optimized with the Yoast SEO plugin v27.3 - https:\/\/yoast.com\/product\/yoast-seo-wordpress\/ -->\n<title>Pereh- da ukonkuarisanasto (suomi-suvikarjala) - Karjalan kielen elvytt\u00e4minen<\/title>\n<meta name=\"robots\" content=\"index, follow, max-snippet:-1, max-image-preview:large, max-video-preview:-1\" \/>\n<link rel=\"canonical\" href=\"https:\/\/blogs.uef.fi\/karjalanelvytys\/pereh-da-ukonkuarisanasto-suomi-suvikarjala\/\" \/>\n<meta property=\"og:locale\" content=\"fi_FI\" \/>\n<meta property=\"og:type\" content=\"article\" \/>\n<meta property=\"og:title\" content=\"Pereh- da ukonkuarisanasto (suomi-suvikarjala) - Karjalan kielen elvytt\u00e4minen\" \/>\n<meta property=\"og:description\" content=\"Perhe- ja sateenkaarisanasto, suomi\u2013etel\u00e4karjala Pereh- da ukonkuarisanasto, suomi\u2013suvikarjala Luadija: Katerina Paalamo Karjalan kielen elvytysprojekta P\u00e4iv\u00e4nnouzu-Suomen yliopisto Ellend\u00e4mizen tuveksi: linkka Setan luajittuh ukonkuarisanastoh, kudamassa annetah ukonkuarisanoin merki\u010dykset suomeksi. Aigazembah livvinkarjalaksi ki\u00e4nnetty sanasto l\u00f6ydyy t\u00e4st\u00e4: linkka perheenj\u00e4sen \u2013 perehenj\u00e4zen \u00e4iti \u2013 muamo; \u00e4iti (last.) \u2013 mamma \u00e4itipuoli, is\u00e4n\/\u00e4idin vaimo \u2013 muamindima, emindim\u00e4, tuaton\/muamon naine\/akka\/mu\u010d\u010do is\u00e4 \u2013 tuatto; [&hellip;]\" \/>\n<meta property=\"og:url\" content=\"https:\/\/blogs.uef.fi\/karjalanelvytys\/pereh-da-ukonkuarisanasto-suomi-suvikarjala\/\" \/>\n<meta property=\"og:site_name\" content=\"Karjalan kielen elvytt\u00e4minen\" \/>\n<meta property=\"article:modified_time\" content=\"2023-06-30T13:02:31+00:00\" \/>\n<meta property=\"og:image\" content=\"https:\/\/blogs.uef.fi\/karjalanelvytys\/wp-content\/uploads\/sites\/155\/2023\/03\/perhe-kadet-300x200.jpg\" \/>\n<meta name=\"twitter:card\" content=\"summary_large_image\" \/>\n<meta name=\"twitter:label1\" content=\"Arvioitu lukuaika\" \/>\n\t<meta name=\"twitter:data1\" content=\"5 minuuttia\" \/>\n<script type=\"application\/ld+json\" class=\"yoast-schema-graph\">{\"@context\":\"https:\\\/\\\/schema.org\",\"@graph\":[{\"@type\":\"WebPage\",\"@id\":\"https:\\\/\\\/blogs.uef.fi\\\/karjalanelvytys\\\/pereh-da-ukonkuarisanasto-suomi-suvikarjala\\\/\",\"url\":\"https:\\\/\\\/blogs.uef.fi\\\/karjalanelvytys\\\/pereh-da-ukonkuarisanasto-suomi-suvikarjala\\\/\",\"name\":\"Pereh- da ukonkuarisanasto (suomi-suvikarjala) - Karjalan kielen elvytt\u00e4minen\",\"isPartOf\":{\"@id\":\"https:\\\/\\\/blogs.uef.fi\\\/karjalanelvytys\\\/#website\"},\"primaryImageOfPage\":{\"@id\":\"https:\\\/\\\/blogs.uef.fi\\\/karjalanelvytys\\\/pereh-da-ukonkuarisanasto-suomi-suvikarjala\\\/#primaryimage\"},\"image\":{\"@id\":\"https:\\\/\\\/blogs.uef.fi\\\/karjalanelvytys\\\/pereh-da-ukonkuarisanasto-suomi-suvikarjala\\\/#primaryimage\"},\"thumbnailUrl\":\"https:\\\/\\\/blogs.uef.fi\\\/karjalanelvytys\\\/wp-content\\\/uploads\\\/sites\\\/155\\\/2023\\\/03\\\/perhe-kadet-300x200.jpg\",\"datePublished\":\"2023-03-31T06:09:20+00:00\",\"dateModified\":\"2023-06-30T13:02:31+00:00\",\"breadcrumb\":{\"@id\":\"https:\\\/\\\/blogs.uef.fi\\\/karjalanelvytys\\\/pereh-da-ukonkuarisanasto-suomi-suvikarjala\\\/#breadcrumb\"},\"inLanguage\":\"fi\",\"potentialAction\":[{\"@type\":\"ReadAction\",\"target\":[\"https:\\\/\\\/blogs.uef.fi\\\/karjalanelvytys\\\/pereh-da-ukonkuarisanasto-suomi-suvikarjala\\\/\"]}]},{\"@type\":\"ImageObject\",\"inLanguage\":\"fi\",\"@id\":\"https:\\\/\\\/blogs.uef.fi\\\/karjalanelvytys\\\/pereh-da-ukonkuarisanasto-suomi-suvikarjala\\\/#primaryimage\",\"url\":\"https:\\\/\\\/blogs.uef.fi\\\/karjalanelvytys\\\/wp-content\\\/uploads\\\/sites\\\/155\\\/2023\\\/03\\\/perhe-kadet.jpg\",\"contentUrl\":\"https:\\\/\\\/blogs.uef.fi\\\/karjalanelvytys\\\/wp-content\\\/uploads\\\/sites\\\/155\\\/2023\\\/03\\\/perhe-kadet.jpg\",\"width\":1920,\"height\":1280,\"caption\":\"Kuva: Pixabay\"},{\"@type\":\"BreadcrumbList\",\"@id\":\"https:\\\/\\\/blogs.uef.fi\\\/karjalanelvytys\\\/pereh-da-ukonkuarisanasto-suomi-suvikarjala\\\/#breadcrumb\",\"itemListElement\":[{\"@type\":\"ListItem\",\"position\":1,\"name\":\"Home\",\"item\":\"https:\\\/\\\/blogs.uef.fi\\\/karjalanelvytys\\\/\"},{\"@type\":\"ListItem\",\"position\":2,\"name\":\"Pereh- da ukonkuarisanasto (suomi-suvikarjala)\"}]},{\"@type\":\"WebSite\",\"@id\":\"https:\\\/\\\/blogs.uef.fi\\\/karjalanelvytys\\\/#website\",\"url\":\"https:\\\/\\\/blogs.uef.fi\\\/karjalanelvytys\\\/\",\"name\":\"Karjalan kielen elvytt\u00e4minen\",\"description\":\"\",\"potentialAction\":[{\"@type\":\"SearchAction\",\"target\":{\"@type\":\"EntryPoint\",\"urlTemplate\":\"https:\\\/\\\/blogs.uef.fi\\\/karjalanelvytys\\\/?s={search_term_string}\"},\"query-input\":{\"@type\":\"PropertyValueSpecification\",\"valueRequired\":true,\"valueName\":\"search_term_string\"}}],\"inLanguage\":\"fi\"}]}<\/script>\n<!-- \/ Yoast SEO plugin. -->","yoast_head_json":{"title":"Pereh- da ukonkuarisanasto (suomi-suvikarjala) - Karjalan kielen elvytt\u00e4minen","robots":{"index":"index","follow":"follow","max-snippet":"max-snippet:-1","max-image-preview":"max-image-preview:large","max-video-preview":"max-video-preview:-1"},"canonical":"https:\/\/blogs.uef.fi\/karjalanelvytys\/pereh-da-ukonkuarisanasto-suomi-suvikarjala\/","og_locale":"fi_FI","og_type":"article","og_title":"Pereh- da ukonkuarisanasto (suomi-suvikarjala) - Karjalan kielen elvytt\u00e4minen","og_description":"Perhe- ja sateenkaarisanasto, suomi\u2013etel\u00e4karjala Pereh- da ukonkuarisanasto, suomi\u2013suvikarjala Luadija: Katerina Paalamo Karjalan kielen elvytysprojekta P\u00e4iv\u00e4nnouzu-Suomen yliopisto Ellend\u00e4mizen tuveksi: linkka Setan luajittuh ukonkuarisanastoh, kudamassa annetah ukonkuarisanoin merki\u010dykset suomeksi. Aigazembah livvinkarjalaksi ki\u00e4nnetty sanasto l\u00f6ydyy t\u00e4st\u00e4: linkka perheenj\u00e4sen \u2013 perehenj\u00e4zen \u00e4iti \u2013 muamo; \u00e4iti (last.) \u2013 mamma \u00e4itipuoli, is\u00e4n\/\u00e4idin vaimo \u2013 muamindima, emindim\u00e4, tuaton\/muamon naine\/akka\/mu\u010d\u010do is\u00e4 \u2013 tuatto; [&hellip;]","og_url":"https:\/\/blogs.uef.fi\/karjalanelvytys\/pereh-da-ukonkuarisanasto-suomi-suvikarjala\/","og_site_name":"Karjalan kielen elvytt\u00e4minen","article_modified_time":"2023-06-30T13:02:31+00:00","og_image":[{"url":"https:\/\/blogs.uef.fi\/karjalanelvytys\/wp-content\/uploads\/sites\/155\/2023\/03\/perhe-kadet-300x200.jpg","type":"","width":"","height":""}],"twitter_card":"summary_large_image","twitter_misc":{"Arvioitu lukuaika":"5 minuuttia"},"schema":{"@context":"https:\/\/schema.org","@graph":[{"@type":"WebPage","@id":"https:\/\/blogs.uef.fi\/karjalanelvytys\/pereh-da-ukonkuarisanasto-suomi-suvikarjala\/","url":"https:\/\/blogs.uef.fi\/karjalanelvytys\/pereh-da-ukonkuarisanasto-suomi-suvikarjala\/","name":"Pereh- da ukonkuarisanasto (suomi-suvikarjala) - Karjalan kielen elvytt\u00e4minen","isPartOf":{"@id":"https:\/\/blogs.uef.fi\/karjalanelvytys\/#website"},"primaryImageOfPage":{"@id":"https:\/\/blogs.uef.fi\/karjalanelvytys\/pereh-da-ukonkuarisanasto-suomi-suvikarjala\/#primaryimage"},"image":{"@id":"https:\/\/blogs.uef.fi\/karjalanelvytys\/pereh-da-ukonkuarisanasto-suomi-suvikarjala\/#primaryimage"},"thumbnailUrl":"https:\/\/blogs.uef.fi\/karjalanelvytys\/wp-content\/uploads\/sites\/155\/2023\/03\/perhe-kadet-300x200.jpg","datePublished":"2023-03-31T06:09:20+00:00","dateModified":"2023-06-30T13:02:31+00:00","breadcrumb":{"@id":"https:\/\/blogs.uef.fi\/karjalanelvytys\/pereh-da-ukonkuarisanasto-suomi-suvikarjala\/#breadcrumb"},"inLanguage":"fi","potentialAction":[{"@type":"ReadAction","target":["https:\/\/blogs.uef.fi\/karjalanelvytys\/pereh-da-ukonkuarisanasto-suomi-suvikarjala\/"]}]},{"@type":"ImageObject","inLanguage":"fi","@id":"https:\/\/blogs.uef.fi\/karjalanelvytys\/pereh-da-ukonkuarisanasto-suomi-suvikarjala\/#primaryimage","url":"https:\/\/blogs.uef.fi\/karjalanelvytys\/wp-content\/uploads\/sites\/155\/2023\/03\/perhe-kadet.jpg","contentUrl":"https:\/\/blogs.uef.fi\/karjalanelvytys\/wp-content\/uploads\/sites\/155\/2023\/03\/perhe-kadet.jpg","width":1920,"height":1280,"caption":"Kuva: Pixabay"},{"@type":"BreadcrumbList","@id":"https:\/\/blogs.uef.fi\/karjalanelvytys\/pereh-da-ukonkuarisanasto-suomi-suvikarjala\/#breadcrumb","itemListElement":[{"@type":"ListItem","position":1,"name":"Home","item":"https:\/\/blogs.uef.fi\/karjalanelvytys\/"},{"@type":"ListItem","position":2,"name":"Pereh- da ukonkuarisanasto (suomi-suvikarjala)"}]},{"@type":"WebSite","@id":"https:\/\/blogs.uef.fi\/karjalanelvytys\/#website","url":"https:\/\/blogs.uef.fi\/karjalanelvytys\/","name":"Karjalan kielen elvytt\u00e4minen","description":"","potentialAction":[{"@type":"SearchAction","target":{"@type":"EntryPoint","urlTemplate":"https:\/\/blogs.uef.fi\/karjalanelvytys\/?s={search_term_string}"},"query-input":{"@type":"PropertyValueSpecification","valueRequired":true,"valueName":"search_term_string"}}],"inLanguage":"fi"}]}},"_links":{"self":[{"href":"https:\/\/blogs.uef.fi\/karjalanelvytys\/wp-json\/wp\/v2\/pages\/10344","targetHints":{"allow":["GET"]}}],"collection":[{"href":"https:\/\/blogs.uef.fi\/karjalanelvytys\/wp-json\/wp\/v2\/pages"}],"about":[{"href":"https:\/\/blogs.uef.fi\/karjalanelvytys\/wp-json\/wp\/v2\/types\/page"}],"author":[{"embeddable":true,"href":"https:\/\/blogs.uef.fi\/karjalanelvytys\/wp-json\/wp\/v2\/users\/580"}],"replies":[{"embeddable":true,"href":"https:\/\/blogs.uef.fi\/karjalanelvytys\/wp-json\/wp\/v2\/comments?post=10344"}],"version-history":[{"count":3,"href":"https:\/\/blogs.uef.fi\/karjalanelvytys\/wp-json\/wp\/v2\/pages\/10344\/revisions"}],"predecessor-version":[{"id":11292,"href":"https:\/\/blogs.uef.fi\/karjalanelvytys\/wp-json\/wp\/v2\/pages\/10344\/revisions\/11292"}],"wp:attachment":[{"href":"https:\/\/blogs.uef.fi\/karjalanelvytys\/wp-json\/wp\/v2\/media?parent=10344"}],"curies":[{"name":"wp","href":"https:\/\/api.w.org\/{rel}","templated":true}]}}