{"id":1003,"date":"2021-07-01T09:41:05","date_gmt":"2021-07-01T06:41:05","guid":{"rendered":"https:\/\/blogs.uef.fi\/karjalanelvytys\/?page_id=1003"},"modified":"2022-01-31T17:27:50","modified_gmt":"2022-01-31T15:27:50","slug":"lauri-luukkonen-kolmetostu-haikuu","status":"publish","type":"page","link":"https:\/\/blogs.uef.fi\/karjalanelvytys\/lauri-luukkonen-kolmetostu-haikuu\/","title":{"rendered":"Lauri Luukkonen: Haikurunoloi"},"content":{"rendered":"<p>T\u00e4l sivul julguammo Lauri Luukkozen haikurunoloi.<\/p>\n<p>31.1.2022<\/p>\n<p>KAHEKSA HAIKUU<\/p>\n<div><\/div>\n<div>Koivuloin oksat<\/div>\n<div>huondesy\u00f6n\u00a0vilus pimies.<\/div>\n<div>Liikkumattomus.<\/div>\n<div><\/div>\n<div><\/div>\n<div>****<\/div>\n<div><\/div>\n<div><span style=\"color: black\">L\u00e4mb\u00f6batarein<\/span><\/div>\n<div><span style=\"color: black\">kohineh pertin \u010dupus\u00a0<\/span><\/div>\n<div><span style=\"color: black\">men\u00f6y aivoloih.<\/span><\/div>\n<div><span style=\"color: black\">\u00a0<\/span><\/div>\n<div><span style=\"color: black\">****\u00a0\u00a0<\/span><\/div>\n<div><span style=\"color: black\">\u00a0<\/span><\/div>\n<div><span style=\"color: black\">Kova pakkaine &#8211;\u00a0<\/span><\/div>\n<div><span style=\"color: black\">Isoharjun koiralgi<\/span><\/div>\n<div><span style=\"color: black\">pardu h\u00e4g\u00e4r\u00e4s.<\/span><\/div>\n<div><span style=\"color: black\">\u00a0<\/span><\/div>\n<div><span style=\"color: black\">****\u00a0<\/span><\/div>\n<div><span style=\"color: black\">\u00a0<\/span><\/div>\n<div><span style=\"color: black\">Kuudam\u00a0vallottau<\/span><\/div>\n<div><span style=\"color: black\">kaidua lumikatehtu<\/span><\/div>\n<div><span style=\"color: black\">koivuloin oksil.<\/span><\/div>\n<div><span style=\"color: black\">\u00a0<\/span><\/div>\n<div><span style=\"color: black\">****\u00a0<\/span><\/div>\n<div><span style=\"color: black\">\u00a0<\/span><\/div>\n<div><span style=\"color: black\">Gu olis\u00a0vaiku<\/span><\/div>\n<div><span style=\"color: black\"><span style=\"font-family: Arial,sans-serif\">sada<\/span>\u010d\u010du buma\u017eniekas&#8230;<\/span><\/div>\n<div><span style=\"color: black\">En l\u00e4htis. Enh\u00e4i?<\/span><\/div>\n<div><span style=\"color: black\">\u00a0<\/span><\/div>\n<div><span style=\"color: black\">****\u00a0\u00a0<\/span><\/div>\n<div><\/div>\n<div><span style=\"color: black\">Talvip\u00e4ivinny<\/span><\/div>\n<div><span style=\"color: black\">h\u00e4i juohtuu minun mieleh\u00a0<\/span><\/div>\n<div><span style=\"color: black\">kui viimu\u00a0ro\u017eih.<\/span><\/div>\n<div><span style=\"color: black\">\u00a0<\/span><\/div>\n<div><span style=\"color: black\">****\u00a0<\/span><\/div>\n<div><span style=\"color: black\">\u00a0<\/span><\/div>\n<div><span style=\"color: black\">Kodi-ig\u00e4vy.<\/span><\/div>\n<div><span style=\"color: black\">Kymmene kilometrii<\/span><\/div>\n<div><span style=\"color: black\">tuuldu\u00a0da tuhuu.<\/span><\/div>\n<div><span style=\"color: black\">\u00a0<\/span><\/div>\n<div><span style=\"color: black\">****<\/span><\/div>\n<div><span style=\"color: black\">\u00a0<\/span><\/div>\n<div><span style=\"color: black\">Tuu<\/span>\u010d\u010du bauhunnuh<\/div>\n<div>huondekses ildassah kui<\/div>\n<div>omas pi\u00e4s duumat.<\/div>\n<div><\/div>\n<div><img loading=\"lazy\" decoding=\"async\" class=\"alignnone wp-image-3689 \" src=\"https:\/\/blogs.uef.fi\/karjalanelvytys\/wp-content\/uploads\/sites\/155\/2022\/01\/Kaheksa_haikuu-300x164.jpg\" alt=\"Talvi\" width=\"490\" height=\"268\" srcset=\"https:\/\/blogs.uef.fi\/karjalanelvytys\/wp-content\/uploads\/sites\/155\/2022\/01\/Kaheksa_haikuu-300x164.jpg 300w, https:\/\/blogs.uef.fi\/karjalanelvytys\/wp-content\/uploads\/sites\/155\/2022\/01\/Kaheksa_haikuu-768x420.jpg 768w, https:\/\/blogs.uef.fi\/karjalanelvytys\/wp-content\/uploads\/sites\/155\/2022\/01\/Kaheksa_haikuu.jpg 960w\" sizes=\"auto, (max-width: 490px) 100vw, 490px\" \/><\/div>\n<div>Kuva: Pixabay<\/div>\n<div><\/div>\n<div><\/div>\n<p>&nbsp;<\/p>\n<p>5.10.2021<\/p>\n<p>Lauri Luukkonen on ty\u00f6nd\u00e4nyh jullattavakse nellitostu omua \u010domua da syvi\u00e4 haiku-runuo:<\/p>\n<p>&nbsp;<\/p>\n<p>Sygyzy, mind\u00e4h<\/p>\n<p>et pi\u00e4st\u00e4 talvie meij\u00e4n<\/p>\n<p>hieruh gost\u2019akse?<\/p>\n<p>&nbsp;<\/p>\n<p>***<\/p>\n<p>&nbsp;<\/p>\n<p>Pai\u010di tabakan<\/p>\n<p>tulipezi\u00e4 ei pihas<\/p>\n<p>muudu valgiedu.<\/p>\n<p>&nbsp;<\/p>\n<p>***<\/p>\n<p>&nbsp;<\/p>\n<p>Harmualoi p\u00e4ivii<\/p>\n<p>toine toizele j\u00e4lles.<\/p>\n<p>Alakulo\u017eus.<\/p>\n<p>&nbsp;<\/p>\n<p>***<\/p>\n<p>&nbsp;<\/p>\n<p>P\u00e4iv\u00e4ine, \u00e4l\u00e4<\/p>\n<p>moine vara\u010d\u010du ole.<\/p>\n<p>Tule n\u00e4g\u00f6vih!<\/p>\n<p>&nbsp;<\/p>\n<p>***<\/p>\n<p>&nbsp;<\/p>\n<p>Mullozes kez\u00e4s<\/p>\n<p>en t\u00e4n\u00e4p\u00e4i nimid\u00e4<\/p>\n<p>tahtos duumaija.<\/p>\n<p>&nbsp;<\/p>\n<p>***<\/p>\n<p>&nbsp;<\/p>\n<p>Sygyzyn j\u00e4lles<\/p>\n<p>roih talvi \u2013 ga vuottajan<\/p>\n<p>aigu on pitky.<\/p>\n<p>&nbsp;<\/p>\n<p>***<\/p>\n<p>&nbsp;<\/p>\n<p>Ekonomistan<\/p>\n<p>pagin radivos vaiku<\/p>\n<p>tyhjy urostus.<\/p>\n<p>&nbsp;<\/p>\n<p>***<\/p>\n<p>&nbsp;<\/p>\n<p>Mid\u00e4bo uuttu<\/p>\n<p>koronaviirusas my\u00f6<\/p>\n<p>huomei tiij\u00e4mm\u00f6?<\/p>\n<p>&nbsp;<\/p>\n<p>***<\/p>\n<p>&nbsp;<\/p>\n<p>Loukkuo mollembis<\/p>\n<p>villusukis, ga p\u00e4t\u00e4h<\/p>\n<p>vie tuliel talvel.<\/p>\n<p>&nbsp;<\/p>\n<p>***<\/p>\n<p>&nbsp;<\/p>\n<p>Tuatto da muamo!<\/p>\n<p>El\u00e4nh\u00e4i t\u00e4l muaker\u00e4l<\/p>\n<p>vaiku kodvazen\u2026<\/p>\n<p>&nbsp;<\/p>\n<p>***<\/p>\n<p>&nbsp;<\/p>\n<p>Kusbo oletto,<\/p>\n<p>ty\u00f6 anhelit, kudamii<\/p>\n<p>nikonzu en n\u00e4i?<\/p>\n<p>&nbsp;<\/p>\n<p>***<\/p>\n<p>&nbsp;<\/p>\n<p>V\u00e4h\u00e4ine dengua<\/p>\n<p>banku\u010dotal vie ji\u00e4nnyh<\/p>\n<p>da leibi\u00e4 \u0161kuapas.<\/p>\n<p>&nbsp;<\/p>\n<p>***<\/p>\n<p>&nbsp;<\/p>\n<p>Rubein mennyzii<\/p>\n<p>mustelemah \u2013 kuppizes<\/p>\n<p>vilustui \u010duaju.<\/p>\n<p>&nbsp;<\/p>\n<p>***<\/p>\n<p>&nbsp;<\/p>\n<p>Tabakat kuhn\u2019an<\/p>\n<p>stolal, piivot ji\u00e4\u0161kuapas.<\/p>\n<p>Ga sin\u00e4 i\u00e4res\u2026<\/p>\n<p>&nbsp;<\/p>\n<p>***<\/p>\n<p>&nbsp;<\/p>\n<p>Lauri\u00a0\u00a0 Luukkonen<\/p>\n<p>&nbsp;<\/p>\n<p>Kuva: Hiloin Natoi<\/p>\n<p><img loading=\"lazy\" decoding=\"async\" class=\"alignnone wp-image-1890 size-medium\" src=\"https:\/\/blogs.uef.fi\/karjalanelvytys\/wp-content\/uploads\/sites\/155\/2021\/10\/sygyzy-225x300.jpg\" alt=\"Sygyzy\" width=\"225\" height=\"300\" srcset=\"https:\/\/blogs.uef.fi\/karjalanelvytys\/wp-content\/uploads\/sites\/155\/2021\/10\/sygyzy-225x300.jpg 225w, https:\/\/blogs.uef.fi\/karjalanelvytys\/wp-content\/uploads\/sites\/155\/2021\/10\/sygyzy-768x1024.jpg 768w, https:\/\/blogs.uef.fi\/karjalanelvytys\/wp-content\/uploads\/sites\/155\/2021\/10\/sygyzy.jpg 960w\" sizes=\"auto, (max-width: 225px) 100vw, 225px\" \/><\/p>\n<p>21.6.2021<\/p>\n<p>Lauri Luukkonen on ty\u00f6nd\u00e4nyh jullattavakse kolmetostu omua \u010domua da syvi\u00e4 haiku-runuo:<\/p>\n<p>&nbsp;<\/p>\n<p>Yl\u00e4h kosmosan<\/p>\n<p>loittozih ti\u00e4htih ka\u010don.<\/p>\n<p>Rungas roih vilu.<\/p>\n<p>&nbsp;<\/p>\n<p>****<\/p>\n<p>&nbsp;<\/p>\n<p>Lattien ual hiiret<\/p>\n<p>bizbetet\u00e4h rouno ku<\/p>\n<p>olimpielazis.<\/p>\n<p>&nbsp;<\/p>\n<p>****<\/p>\n<p>&nbsp;<\/p>\n<p>Ei minuu ole<\/p>\n<p>unohtettu: laskuloi<\/p>\n<p>po\u0161tujua\u0161\u0161iekas.<\/p>\n<p>&nbsp;<\/p>\n<p>****<\/p>\n<p>&nbsp;<\/p>\n<p>Yksin\u00e4h olles<\/p>\n<p>keit\u00e4n riissuu yhtele<\/p>\n<p>ristikanzale.<\/p>\n<p>&nbsp;<\/p>\n<p>****<\/p>\n<p>&nbsp;<\/p>\n<p>Kuundelin Buddhan<\/p>\n<p>sanoi, ga h\u00e4i pagizi<\/p>\n<p>vierahal kielel.<\/p>\n<p>&nbsp;<\/p>\n<p>****<\/p>\n<p>&nbsp;<\/p>\n<p>Susiedan koiru<\/p>\n<p>juoksou talois ymb\u00e4ri.<\/p>\n<p>Varoi nagrau puus.<\/p>\n<p>&nbsp;<\/p>\n<p>****<\/p>\n<p>&nbsp;<\/p>\n<p>Estounielaine<\/p>\n<p>hirvi tuijottau minuu<\/p>\n<p>televiizoras.<\/p>\n<p>&nbsp;<\/p>\n<p>****<\/p>\n<p>&nbsp;<\/p>\n<p>Tuulen i\u00e4ni y\u00f6l<\/p>\n<p>kui kielett\u00f6m\u00e4n miehen<\/p>\n<p>pitky heng\u00e4htys.<\/p>\n<p>&nbsp;<\/p>\n<p>****<\/p>\n<p>&nbsp;<\/p>\n<p>P\u00e4iv\u00e4s p\u00e4iv\u00e4h on<\/p>\n<p>kuuzi kuudu tuttavan<\/p>\n<p>brihan kuolendas.<\/p>\n<p>&nbsp;<\/p>\n<p>****<\/p>\n<p>&nbsp;<\/p>\n<p>En ni t\u00e4n\u00e4p\u00e4i<\/p>\n<p>eloksen tarkoitustu<\/p>\n<p>maltanuh re\u0161\u0161ie.<\/p>\n<p>&nbsp;<\/p>\n<p>****<\/p>\n<p>&nbsp;<\/p>\n<p>Lyhyt kodvaine \u2013<\/p>\n<p>suuri pilvi taivahal<\/p>\n<p>muzavui sei\u010das.<\/p>\n<p>&nbsp;<\/p>\n<p>****<\/p>\n<p>&nbsp;<\/p>\n<p>Ken minun ustu<\/p>\n<p>avaittau? \u2013 Tuuli vaiku<\/p>\n<p>pihas harhailou.<\/p>\n<p>&nbsp;<\/p>\n<p>****<\/p>\n<p>&nbsp;<\/p>\n<p>Olengo fleitu<\/p>\n<p>kudamal tundematoi<\/p>\n<p>puhuu s\u00e4velm\u00f6i?<\/p>\n<p>&nbsp;<\/p>\n<p>****<\/p>\n<p>Lauri Luukkonen<\/p>\n<p>Kuva: Pixabay<\/p>\n<p><img loading=\"lazy\" decoding=\"async\" class=\"alignnone wp-image-751 size-medium\" src=\"https:\/\/blogs.uef.fi\/karjalanelvytys\/wp-content\/uploads\/sites\/155\/2021\/06\/Haikut-kuva-300x200.jpg\" alt=\"P\u00e4iv\u00e4nkakkara\" width=\"300\" height=\"200\" srcset=\"https:\/\/blogs.uef.fi\/karjalanelvytys\/wp-content\/uploads\/sites\/155\/2021\/06\/Haikut-kuva-300x200.jpg 300w, https:\/\/blogs.uef.fi\/karjalanelvytys\/wp-content\/uploads\/sites\/155\/2021\/06\/Haikut-kuva-768x512.jpg 768w, https:\/\/blogs.uef.fi\/karjalanelvytys\/wp-content\/uploads\/sites\/155\/2021\/06\/Haikut-kuva.jpg 960w\" sizes=\"auto, (max-width: 300px) 100vw, 300px\" \/><\/p>\n<p>&nbsp;<\/p>\n<p>&nbsp;<\/p>\n<p>&nbsp;<\/p>\n<p>&nbsp;<\/p>\n<p>&nbsp;<\/p>\n<p>&nbsp;<\/p>\n","protected":false},"excerpt":{"rendered":"<p>T\u00e4l sivul julguammo Lauri Luukkozen haikurunoloi. 31.1.2022 KAHEKSA HAIKUU Koivuloin oksat huondesy\u00f6n\u00a0vilus pimies. Liikkumattomus. **** L\u00e4mb\u00f6batarein kohineh pertin \u010dupus\u00a0 men\u00f6y aivoloih. \u00a0 ****\u00a0\u00a0 \u00a0 Kova pakkaine &#8211;\u00a0 Isoharjun koiralgi pardu h\u00e4g\u00e4r\u00e4s. \u00a0 ****\u00a0 \u00a0 Kuudam\u00a0vallottau kaidua lumikatehtu koivuloin oksil. \u00a0 ****\u00a0 \u00a0 Gu olis\u00a0vaiku sada\u010d\u010du buma\u017eniekas&#8230; En l\u00e4htis. Enh\u00e4i? \u00a0 ****\u00a0\u00a0 Talvip\u00e4ivinny h\u00e4i juohtuu minun [&hellip;]<\/p>\n","protected":false},"author":419,"featured_media":0,"parent":0,"menu_order":0,"comment_status":"closed","ping_status":"closed","template":"","meta":{"_acf_changed":false,"footnotes":""},"class_list":["post-1003","page","type-page","status-publish","hentry"],"acf":[],"yoast_head":"<!-- This site is optimized with the Yoast SEO plugin v27.1.1 - https:\/\/yoast.com\/product\/yoast-seo-wordpress\/ -->\n<title>Lauri Luukkonen: Haikurunoloi - Karjalan kielen elvytt\u00e4minen<\/title>\n<meta name=\"robots\" content=\"index, follow, max-snippet:-1, max-image-preview:large, max-video-preview:-1\" \/>\n<link rel=\"canonical\" href=\"https:\/\/blogs.uef.fi\/karjalanelvytys\/lauri-luukkonen-kolmetostu-haikuu\/\" \/>\n<meta property=\"og:locale\" content=\"fi_FI\" \/>\n<meta property=\"og:type\" content=\"article\" \/>\n<meta property=\"og:title\" content=\"Lauri Luukkonen: Haikurunoloi - Karjalan kielen elvytt\u00e4minen\" \/>\n<meta property=\"og:description\" content=\"T\u00e4l sivul julguammo Lauri Luukkozen haikurunoloi. 31.1.2022 KAHEKSA HAIKUU Koivuloin oksat huondesy\u00f6n\u00a0vilus pimies. Liikkumattomus. **** L\u00e4mb\u00f6batarein kohineh pertin \u010dupus\u00a0 men\u00f6y aivoloih. \u00a0 ****\u00a0\u00a0 \u00a0 Kova pakkaine &#8211;\u00a0 Isoharjun koiralgi pardu h\u00e4g\u00e4r\u00e4s. \u00a0 ****\u00a0 \u00a0 Kuudam\u00a0vallottau kaidua lumikatehtu koivuloin oksil. \u00a0 ****\u00a0 \u00a0 Gu olis\u00a0vaiku sada\u010d\u010du buma\u017eniekas&#8230; En l\u00e4htis. Enh\u00e4i? \u00a0 ****\u00a0\u00a0 Talvip\u00e4ivinny h\u00e4i juohtuu minun [&hellip;]\" \/>\n<meta property=\"og:url\" content=\"https:\/\/blogs.uef.fi\/karjalanelvytys\/lauri-luukkonen-kolmetostu-haikuu\/\" \/>\n<meta property=\"og:site_name\" content=\"Karjalan kielen elvytt\u00e4minen\" \/>\n<meta property=\"article:modified_time\" content=\"2022-01-31T15:27:50+00:00\" \/>\n<meta property=\"og:image\" content=\"https:\/\/blogs.uef.fi\/karjalanelvytys\/wp-content\/uploads\/sites\/155\/2022\/01\/Kaheksa_haikuu-300x164.jpg\" \/>\n<meta name=\"twitter:card\" content=\"summary_large_image\" \/>\n<meta name=\"twitter:label1\" content=\"Arvioitu lukuaika\" \/>\n\t<meta name=\"twitter:data1\" content=\"3 minuuttia\" \/>\n<script type=\"application\/ld+json\" class=\"yoast-schema-graph\">{\"@context\":\"https:\/\/schema.org\",\"@graph\":[{\"@type\":\"WebPage\",\"@id\":\"https:\/\/blogs.uef.fi\/karjalanelvytys\/lauri-luukkonen-kolmetostu-haikuu\/\",\"url\":\"https:\/\/blogs.uef.fi\/karjalanelvytys\/lauri-luukkonen-kolmetostu-haikuu\/\",\"name\":\"Lauri Luukkonen: Haikurunoloi - Karjalan kielen elvytt\u00e4minen\",\"isPartOf\":{\"@id\":\"https:\/\/blogs.uef.fi\/karjalanelvytys\/#website\"},\"primaryImageOfPage\":{\"@id\":\"https:\/\/blogs.uef.fi\/karjalanelvytys\/lauri-luukkonen-kolmetostu-haikuu\/#primaryimage\"},\"image\":{\"@id\":\"https:\/\/blogs.uef.fi\/karjalanelvytys\/lauri-luukkonen-kolmetostu-haikuu\/#primaryimage\"},\"thumbnailUrl\":\"https:\/\/blogs.uef.fi\/karjalanelvytys\/wp-content\/uploads\/sites\/155\/2022\/01\/Kaheksa_haikuu-300x164.jpg\",\"datePublished\":\"2021-07-01T06:41:05+00:00\",\"dateModified\":\"2022-01-31T15:27:50+00:00\",\"breadcrumb\":{\"@id\":\"https:\/\/blogs.uef.fi\/karjalanelvytys\/lauri-luukkonen-kolmetostu-haikuu\/#breadcrumb\"},\"inLanguage\":\"fi\",\"potentialAction\":[{\"@type\":\"ReadAction\",\"target\":[\"https:\/\/blogs.uef.fi\/karjalanelvytys\/lauri-luukkonen-kolmetostu-haikuu\/\"]}]},{\"@type\":\"ImageObject\",\"inLanguage\":\"fi\",\"@id\":\"https:\/\/blogs.uef.fi\/karjalanelvytys\/lauri-luukkonen-kolmetostu-haikuu\/#primaryimage\",\"url\":\"https:\/\/blogs.uef.fi\/karjalanelvytys\/wp-content\/uploads\/sites\/155\/2022\/01\/Kaheksa_haikuu.jpg\",\"contentUrl\":\"https:\/\/blogs.uef.fi\/karjalanelvytys\/wp-content\/uploads\/sites\/155\/2022\/01\/Kaheksa_haikuu.jpg\",\"width\":960,\"height\":525},{\"@type\":\"BreadcrumbList\",\"@id\":\"https:\/\/blogs.uef.fi\/karjalanelvytys\/lauri-luukkonen-kolmetostu-haikuu\/#breadcrumb\",\"itemListElement\":[{\"@type\":\"ListItem\",\"position\":1,\"name\":\"Home\",\"item\":\"https:\/\/blogs.uef.fi\/karjalanelvytys\/\"},{\"@type\":\"ListItem\",\"position\":2,\"name\":\"Lauri Luukkonen: Haikurunoloi\"}]},{\"@type\":\"WebSite\",\"@id\":\"https:\/\/blogs.uef.fi\/karjalanelvytys\/#website\",\"url\":\"https:\/\/blogs.uef.fi\/karjalanelvytys\/\",\"name\":\"Karjalan kielen elvytt\u00e4minen\",\"description\":\"\",\"potentialAction\":[{\"@type\":\"SearchAction\",\"target\":{\"@type\":\"EntryPoint\",\"urlTemplate\":\"https:\/\/blogs.uef.fi\/karjalanelvytys\/?s={search_term_string}\"},\"query-input\":{\"@type\":\"PropertyValueSpecification\",\"valueRequired\":true,\"valueName\":\"search_term_string\"}}],\"inLanguage\":\"fi\"}]}<\/script>\n<!-- \/ Yoast SEO plugin. -->","yoast_head_json":{"title":"Lauri Luukkonen: Haikurunoloi - Karjalan kielen elvytt\u00e4minen","robots":{"index":"index","follow":"follow","max-snippet":"max-snippet:-1","max-image-preview":"max-image-preview:large","max-video-preview":"max-video-preview:-1"},"canonical":"https:\/\/blogs.uef.fi\/karjalanelvytys\/lauri-luukkonen-kolmetostu-haikuu\/","og_locale":"fi_FI","og_type":"article","og_title":"Lauri Luukkonen: Haikurunoloi - Karjalan kielen elvytt\u00e4minen","og_description":"T\u00e4l sivul julguammo Lauri Luukkozen haikurunoloi. 31.1.2022 KAHEKSA HAIKUU Koivuloin oksat huondesy\u00f6n\u00a0vilus pimies. Liikkumattomus. **** L\u00e4mb\u00f6batarein kohineh pertin \u010dupus\u00a0 men\u00f6y aivoloih. \u00a0 ****\u00a0\u00a0 \u00a0 Kova pakkaine &#8211;\u00a0 Isoharjun koiralgi pardu h\u00e4g\u00e4r\u00e4s. \u00a0 ****\u00a0 \u00a0 Kuudam\u00a0vallottau kaidua lumikatehtu koivuloin oksil. \u00a0 ****\u00a0 \u00a0 Gu olis\u00a0vaiku sada\u010d\u010du buma\u017eniekas&#8230; En l\u00e4htis. Enh\u00e4i? \u00a0 ****\u00a0\u00a0 Talvip\u00e4ivinny h\u00e4i juohtuu minun [&hellip;]","og_url":"https:\/\/blogs.uef.fi\/karjalanelvytys\/lauri-luukkonen-kolmetostu-haikuu\/","og_site_name":"Karjalan kielen elvytt\u00e4minen","article_modified_time":"2022-01-31T15:27:50+00:00","og_image":[{"url":"https:\/\/blogs.uef.fi\/karjalanelvytys\/wp-content\/uploads\/sites\/155\/2022\/01\/Kaheksa_haikuu-300x164.jpg","type":"","width":"","height":""}],"twitter_card":"summary_large_image","twitter_misc":{"Arvioitu lukuaika":"3 minuuttia"},"schema":{"@context":"https:\/\/schema.org","@graph":[{"@type":"WebPage","@id":"https:\/\/blogs.uef.fi\/karjalanelvytys\/lauri-luukkonen-kolmetostu-haikuu\/","url":"https:\/\/blogs.uef.fi\/karjalanelvytys\/lauri-luukkonen-kolmetostu-haikuu\/","name":"Lauri Luukkonen: Haikurunoloi - Karjalan kielen elvytt\u00e4minen","isPartOf":{"@id":"https:\/\/blogs.uef.fi\/karjalanelvytys\/#website"},"primaryImageOfPage":{"@id":"https:\/\/blogs.uef.fi\/karjalanelvytys\/lauri-luukkonen-kolmetostu-haikuu\/#primaryimage"},"image":{"@id":"https:\/\/blogs.uef.fi\/karjalanelvytys\/lauri-luukkonen-kolmetostu-haikuu\/#primaryimage"},"thumbnailUrl":"https:\/\/blogs.uef.fi\/karjalanelvytys\/wp-content\/uploads\/sites\/155\/2022\/01\/Kaheksa_haikuu-300x164.jpg","datePublished":"2021-07-01T06:41:05+00:00","dateModified":"2022-01-31T15:27:50+00:00","breadcrumb":{"@id":"https:\/\/blogs.uef.fi\/karjalanelvytys\/lauri-luukkonen-kolmetostu-haikuu\/#breadcrumb"},"inLanguage":"fi","potentialAction":[{"@type":"ReadAction","target":["https:\/\/blogs.uef.fi\/karjalanelvytys\/lauri-luukkonen-kolmetostu-haikuu\/"]}]},{"@type":"ImageObject","inLanguage":"fi","@id":"https:\/\/blogs.uef.fi\/karjalanelvytys\/lauri-luukkonen-kolmetostu-haikuu\/#primaryimage","url":"https:\/\/blogs.uef.fi\/karjalanelvytys\/wp-content\/uploads\/sites\/155\/2022\/01\/Kaheksa_haikuu.jpg","contentUrl":"https:\/\/blogs.uef.fi\/karjalanelvytys\/wp-content\/uploads\/sites\/155\/2022\/01\/Kaheksa_haikuu.jpg","width":960,"height":525},{"@type":"BreadcrumbList","@id":"https:\/\/blogs.uef.fi\/karjalanelvytys\/lauri-luukkonen-kolmetostu-haikuu\/#breadcrumb","itemListElement":[{"@type":"ListItem","position":1,"name":"Home","item":"https:\/\/blogs.uef.fi\/karjalanelvytys\/"},{"@type":"ListItem","position":2,"name":"Lauri Luukkonen: Haikurunoloi"}]},{"@type":"WebSite","@id":"https:\/\/blogs.uef.fi\/karjalanelvytys\/#website","url":"https:\/\/blogs.uef.fi\/karjalanelvytys\/","name":"Karjalan kielen elvytt\u00e4minen","description":"","potentialAction":[{"@type":"SearchAction","target":{"@type":"EntryPoint","urlTemplate":"https:\/\/blogs.uef.fi\/karjalanelvytys\/?s={search_term_string}"},"query-input":{"@type":"PropertyValueSpecification","valueRequired":true,"valueName":"search_term_string"}}],"inLanguage":"fi"}]}},"_links":{"self":[{"href":"https:\/\/blogs.uef.fi\/karjalanelvytys\/wp-json\/wp\/v2\/pages\/1003","targetHints":{"allow":["GET"]}}],"collection":[{"href":"https:\/\/blogs.uef.fi\/karjalanelvytys\/wp-json\/wp\/v2\/pages"}],"about":[{"href":"https:\/\/blogs.uef.fi\/karjalanelvytys\/wp-json\/wp\/v2\/types\/page"}],"author":[{"embeddable":true,"href":"https:\/\/blogs.uef.fi\/karjalanelvytys\/wp-json\/wp\/v2\/users\/419"}],"replies":[{"embeddable":true,"href":"https:\/\/blogs.uef.fi\/karjalanelvytys\/wp-json\/wp\/v2\/comments?post=1003"}],"version-history":[{"count":3,"href":"https:\/\/blogs.uef.fi\/karjalanelvytys\/wp-json\/wp\/v2\/pages\/1003\/revisions"}],"predecessor-version":[{"id":3707,"href":"https:\/\/blogs.uef.fi\/karjalanelvytys\/wp-json\/wp\/v2\/pages\/1003\/revisions\/3707"}],"wp:attachment":[{"href":"https:\/\/blogs.uef.fi\/karjalanelvytys\/wp-json\/wp\/v2\/media?parent=1003"}],"curies":[{"name":"wp","href":"https:\/\/api.w.org\/{rel}","templated":true}]}}