{"id":29,"date":"2014-01-23T06:19:08","date_gmt":"2014-01-23T06:19:08","guid":{"rendered":"http:\/\/petterikallio.wordpress.com\/?page_id=1"},"modified":"2024-03-11T10:30:30","modified_gmt":"2024-03-11T08:30:30","slug":"about","status":"publish","type":"page","link":"https:\/\/blogs.uef.fi\/jatkuvaoppiminen\/about\/","title":{"rendered":"Jatkuva oppiminen It\u00e4-Suomen yliopistossa"},"content":{"rendered":"\n<p>It\u00e4-Suomen yliopiston jatkuvan oppimisen koulutustarjonta on helppo v\u00e4yl\u00e4 itsens\u00e4 kehitt\u00e4miseen, ammattiosaamisen t\u00e4ydent\u00e4miseen ja yrityksen osaamisp\u00e4\u00e4oman laajentamiseen. Blogissa henkil\u00f6kuntamme sek\u00e4 vierailevat asiantuntijakirjoittajat avaavat ajankohtaisia teemoja koulutuksen ja jatkuvan oppimisen n\u00e4k\u00f6kulmasta.<\/p>\n\n\n\n<p>Jatkuvan oppimisen kokonaisuus vastaa yksil\u00f6iden, ty\u00f6el\u00e4m\u00e4n ja yhteiskunnan tulevaisuuden tarpeisiin. Se on uusimpaan tutkittuun tietoon perustuvaa koulutusta, joka tarjoaa kaikille avoimet ovet tarvittavan tiedon ja taidon luo \u2013 helposti ja nopeasti, miss\u00e4 vain, milloin vain.<\/p>\n\n\n\n<h4 class=\"wp-block-heading\"><strong>Jatkuvan oppimisen keskus<\/strong><\/h4>\n\n\n\n<p>Jatkuvan oppimisen keskus on It\u00e4-Suomen yliopiston asiantuntijaorganisaatio, jossa ty\u00f6skentelee yli 70 koulutuksen ammattilaista. Toimintamme koostuu t\u00e4ydennyskoulutuksesta, avoimesta yliopisto-opetuksesta, laajasta hanketoiminnasta sek\u00e4 organisaatioiden kehitt\u00e4misty\u00f6st\u00e4. Yksikk\u00f6mme sijaitsevat Kuopiossa ja Joensuussa, mutta palvelemme laajasti my\u00f6s valtakunnallisesti ja kansainv\u00e4lisesti.<\/p>\n\n\n\n<p><a href=\"https:\/\/www.uef.fi\/fi\/jatkuvaoppiminen\">Jatkuvan oppimisen keskus<\/a><br><a href=\"https:\/\/www.uef.fi\/fi\/avoin-yliopisto\">Avoin yliopisto<\/a><br><a href=\"https:\/\/www.uef.fi\/fi\/taydennyskoulutus\">T\u00e4ydennyskoulutus<\/a><\/p>\n\n\n\n<div class=\"person-card\">\n        <h2>Blogin yll\u00e4pit\u00e4jien yhteystiedot<\/h2>\n    \n                    <a href=\"https:\/\/uefconnect.uef.fi\/henkilo\/venla.mikkonen\/\" class=\"person-card-link hover-scale-down\">\n                            <div class=\"person-card-item\">\n                    <div class=\"person-card-column-left\">\n                                                    <img decoding=\"async\" class=\"person-card-image\" src=\"https:\/\/blogs.uef.fi\/jatkuvaoppiminen\/wp-content\/uploads\/sites\/160\/2024\/03\/Mikkonen_Venla-4341-500x500px.jpg\" alt=\"\" \/>\n                                            <\/div>\n\n                    <div class=\"person-card-column-right\">\n                                                <p class=\"person-card-name\">Venla Mikkonen<\/p>\n                        \n                                                <p class=\"person-card-position\">Markkinointisihteeri<\/p>\n                        \n                                                <p class=\"person-card-organisation\">It\u00e4-Suomen yliopisto, Jatkuvan oppimisen keskus<\/p>\n                        \n                        \n                                                    <div>\n\t\t\t\t\t\t\t<svg xmlns=\"http:\/\/www.w3.org\/2000\/svg\" height=\"25px\" viewBox=\"0 -960 960 960\" width=\"24px\" ><path fill=\"currentColor\" d=\"M200-120q-33 0-56.5-23.5T120-200v-560q0-33 23.5-56.5T200-840h280v80H200v560h560v-280h80v280q0 33-23.5 56.5T760-120H200Zm188-212-56-56 372-372H560v-80h280v280h-80v-144L388-332Z\"\/><\/svg>\t\t\t\t\t\t\t<\/div>\n                                            <\/div>\n                <\/div>\n                            <\/a>\n                                        <a href=\"https:\/\/uefconnect.uef.fi\/henkilo\/suvi-piritta.raisanen\/\" class=\"person-card-link hover-scale-down\">\n                            <div class=\"person-card-item\">\n                    <div class=\"person-card-column-left\">\n                                                    <img decoding=\"async\" class=\"person-card-image\" src=\"https:\/\/blogs.uef.fi\/jatkuvaoppiminen\/wp-content\/uploads\/sites\/160\/2024\/03\/suvi.jpg\" alt=\"\" \/>\n                                            <\/div>\n\n                    <div class=\"person-card-column-right\">\n                                                <p class=\"person-card-name\">Suvi R\u00e4is\u00e4nen<\/p>\n                        \n                                                <p class=\"person-card-position\">Markkinointip\u00e4\u00e4llikk\u00f6<\/p>\n                        \n                                                <p class=\"person-card-organisation\">It\u00e4-Suomen yliopisto, Jatkuvan oppimisen keskus<\/p>\n                        \n                        \n                                                    <div>\n\t\t\t\t\t\t\t<svg xmlns=\"http:\/\/www.w3.org\/2000\/svg\" height=\"25px\" viewBox=\"0 -960 960 960\" width=\"24px\" ><path fill=\"currentColor\" d=\"M200-120q-33 0-56.5-23.5T120-200v-560q0-33 23.5-56.5T200-840h280v80H200v560h560v-280h80v280q0 33-23.5 56.5T760-120H200Zm188-212-56-56 372-372H560v-80h280v280h-80v-144L388-332Z\"\/><\/svg>\t\t\t\t\t\t\t<\/div>\n                                            <\/div>\n                <\/div>\n                            <\/a>\n                            <\/div>\n","protected":false},"excerpt":{"rendered":"<p>It\u00e4-Suomen yliopiston jatkuvan oppimisen koulutustarjonta on helppo v\u00e4yl\u00e4 itsens\u00e4 kehitt\u00e4miseen, ammattiosaamisen t\u00e4ydent\u00e4miseen ja yrityksen osaamisp\u00e4\u00e4oman laajentamiseen. Blogissa henkil\u00f6kuntamme sek\u00e4 vierailevat asiantuntijakirjoittajat avaavat ajankohtaisia teemoja koulutuksen ja jatkuvan oppimisen n\u00e4k\u00f6kulmasta. Jatkuvan oppimisen kokonaisuus vastaa yksil\u00f6iden, ty\u00f6el\u00e4m\u00e4n ja yhteiskunnan tulevaisuuden tarpeisiin. Se on uusimpaan tutkittuun tietoon perustuvaa koulutusta, joka tarjoaa kaikille avoimet ovet tarvittavan tiedon ja taidon [&hellip;]<\/p>\n","protected":false},"author":1,"featured_media":2641,"parent":0,"menu_order":0,"comment_status":"open","ping_status":"open","template":"","meta":{"_acf_changed":false,"footnotes":""},"class_list":["post-29","page","type-page","status-publish","has-post-thumbnail","hentry"],"acf":[],"yoast_head":"<!-- This site is optimized with the Yoast SEO plugin v27.3 - https:\/\/yoast.com\/product\/yoast-seo-wordpress\/ -->\n<title>Jatkuva oppiminen It\u00e4-Suomen yliopistossa - Jatkuva oppiminen<\/title>\n<meta name=\"description\" content=\"Jatkuvan oppimisen keskuksen blogi tarjoaa ajankohtaisuutisia It\u00e4-Suomen yliopiston avoimen yliopiston opinnoista &amp; t\u00e4ydennyskoulutuksista.\" \/>\n<meta name=\"robots\" content=\"index, follow, max-snippet:-1, max-image-preview:large, max-video-preview:-1\" \/>\n<link rel=\"canonical\" href=\"https:\/\/blogs.uef.fi\/jatkuvaoppiminen\/about\/\" \/>\n<meta property=\"og:locale\" content=\"fi_FI\" \/>\n<meta property=\"og:type\" content=\"article\" \/>\n<meta property=\"og:title\" content=\"Jatkuva oppiminen It\u00e4-Suomen yliopistossa - Jatkuva oppiminen\" \/>\n<meta property=\"og:description\" content=\"Jatkuvan oppimisen keskuksen blogi tarjoaa ajankohtaisuutisia It\u00e4-Suomen yliopiston avoimen yliopiston opinnoista &amp; t\u00e4ydennyskoulutuksista.\" \/>\n<meta property=\"og:url\" content=\"https:\/\/blogs.uef.fi\/jatkuvaoppiminen\/about\/\" \/>\n<meta property=\"og:site_name\" content=\"Jatkuva oppiminen\" \/>\n<meta property=\"article:modified_time\" content=\"2024-03-11T08:30:30+00:00\" \/>\n<meta property=\"og:image\" content=\"https:\/\/blogs.uef.fi\/jatkuvaoppiminen\/wp-content\/uploads\/sites\/160\/2021\/07\/UEF_Jatkuva_Oppiminen_Smart_For_Good-copy.jpg\" \/>\n\t<meta property=\"og:image:width\" content=\"700\" \/>\n\t<meta property=\"og:image:height\" content=\"700\" \/>\n\t<meta property=\"og:image:type\" content=\"image\/jpeg\" \/>\n<meta name=\"twitter:card\" content=\"summary_large_image\" \/>\n<meta name=\"twitter:label1\" content=\"Arvioitu lukuaika\" \/>\n\t<meta name=\"twitter:data1\" content=\"1 minuutti\" \/>\n<script type=\"application\/ld+json\" class=\"yoast-schema-graph\">{\"@context\":\"https:\\\/\\\/schema.org\",\"@graph\":[{\"@type\":\"WebPage\",\"@id\":\"https:\\\/\\\/blogs.uef.fi\\\/jatkuvaoppiminen\\\/about\\\/\",\"url\":\"https:\\\/\\\/blogs.uef.fi\\\/jatkuvaoppiminen\\\/about\\\/\",\"name\":\"Jatkuva oppiminen It\u00e4-Suomen yliopistossa - Jatkuva oppiminen\",\"isPartOf\":{\"@id\":\"https:\\\/\\\/blogs.uef.fi\\\/jatkuvaoppiminen\\\/#website\"},\"primaryImageOfPage\":{\"@id\":\"https:\\\/\\\/blogs.uef.fi\\\/jatkuvaoppiminen\\\/about\\\/#primaryimage\"},\"image\":{\"@id\":\"https:\\\/\\\/blogs.uef.fi\\\/jatkuvaoppiminen\\\/about\\\/#primaryimage\"},\"thumbnailUrl\":\"https:\\\/\\\/blogs.uef.fi\\\/jatkuvaoppiminen\\\/wp-content\\\/uploads\\\/sites\\\/160\\\/2021\\\/07\\\/UEF_Jatkuva_Oppiminen_Smart_For_Good-copy.jpg\",\"datePublished\":\"2014-01-23T06:19:08+00:00\",\"dateModified\":\"2024-03-11T08:30:30+00:00\",\"description\":\"Jatkuvan oppimisen keskuksen blogi tarjoaa ajankohtaisuutisia It\u00e4-Suomen yliopiston avoimen yliopiston opinnoista & t\u00e4ydennyskoulutuksista.\",\"breadcrumb\":{\"@id\":\"https:\\\/\\\/blogs.uef.fi\\\/jatkuvaoppiminen\\\/about\\\/#breadcrumb\"},\"inLanguage\":\"fi\",\"potentialAction\":[{\"@type\":\"ReadAction\",\"target\":[\"https:\\\/\\\/blogs.uef.fi\\\/jatkuvaoppiminen\\\/about\\\/\"]}]},{\"@type\":\"ImageObject\",\"inLanguage\":\"fi\",\"@id\":\"https:\\\/\\\/blogs.uef.fi\\\/jatkuvaoppiminen\\\/about\\\/#primaryimage\",\"url\":\"https:\\\/\\\/blogs.uef.fi\\\/jatkuvaoppiminen\\\/wp-content\\\/uploads\\\/sites\\\/160\\\/2021\\\/07\\\/UEF_Jatkuva_Oppiminen_Smart_For_Good-copy.jpg\",\"contentUrl\":\"https:\\\/\\\/blogs.uef.fi\\\/jatkuvaoppiminen\\\/wp-content\\\/uploads\\\/sites\\\/160\\\/2021\\\/07\\\/UEF_Jatkuva_Oppiminen_Smart_For_Good-copy.jpg\",\"width\":700,\"height\":700,\"caption\":\"Jatkuvan oppimisen keskus UEF smart for good\"},{\"@type\":\"BreadcrumbList\",\"@id\":\"https:\\\/\\\/blogs.uef.fi\\\/jatkuvaoppiminen\\\/about\\\/#breadcrumb\",\"itemListElement\":[{\"@type\":\"ListItem\",\"position\":1,\"name\":\"Home\",\"item\":\"https:\\\/\\\/blogs.uef.fi\\\/jatkuvaoppiminen\\\/\"},{\"@type\":\"ListItem\",\"position\":2,\"name\":\"Jatkuva oppiminen It\u00e4-Suomen yliopistossa\"}]},{\"@type\":\"WebSite\",\"@id\":\"https:\\\/\\\/blogs.uef.fi\\\/jatkuvaoppiminen\\\/#website\",\"url\":\"https:\\\/\\\/blogs.uef.fi\\\/jatkuvaoppiminen\\\/\",\"name\":\"Jatkuva oppiminen\",\"description\":\"\",\"potentialAction\":[{\"@type\":\"SearchAction\",\"target\":{\"@type\":\"EntryPoint\",\"urlTemplate\":\"https:\\\/\\\/blogs.uef.fi\\\/jatkuvaoppiminen\\\/?s={search_term_string}\"},\"query-input\":{\"@type\":\"PropertyValueSpecification\",\"valueRequired\":true,\"valueName\":\"search_term_string\"}}],\"inLanguage\":\"fi\"}]}<\/script>\n<!-- \/ Yoast SEO plugin. -->","yoast_head_json":{"title":"Jatkuva oppiminen It\u00e4-Suomen yliopistossa - Jatkuva oppiminen","description":"Jatkuvan oppimisen keskuksen blogi tarjoaa ajankohtaisuutisia It\u00e4-Suomen yliopiston avoimen yliopiston opinnoista & t\u00e4ydennyskoulutuksista.","robots":{"index":"index","follow":"follow","max-snippet":"max-snippet:-1","max-image-preview":"max-image-preview:large","max-video-preview":"max-video-preview:-1"},"canonical":"https:\/\/blogs.uef.fi\/jatkuvaoppiminen\/about\/","og_locale":"fi_FI","og_type":"article","og_title":"Jatkuva oppiminen It\u00e4-Suomen yliopistossa - Jatkuva oppiminen","og_description":"Jatkuvan oppimisen keskuksen blogi tarjoaa ajankohtaisuutisia It\u00e4-Suomen yliopiston avoimen yliopiston opinnoista & t\u00e4ydennyskoulutuksista.","og_url":"https:\/\/blogs.uef.fi\/jatkuvaoppiminen\/about\/","og_site_name":"Jatkuva oppiminen","article_modified_time":"2024-03-11T08:30:30+00:00","og_image":[{"width":700,"height":700,"url":"https:\/\/blogs.uef.fi\/jatkuvaoppiminen\/wp-content\/uploads\/sites\/160\/2021\/07\/UEF_Jatkuva_Oppiminen_Smart_For_Good-copy.jpg","type":"image\/jpeg"}],"twitter_card":"summary_large_image","twitter_misc":{"Arvioitu lukuaika":"1 minuutti"},"schema":{"@context":"https:\/\/schema.org","@graph":[{"@type":"WebPage","@id":"https:\/\/blogs.uef.fi\/jatkuvaoppiminen\/about\/","url":"https:\/\/blogs.uef.fi\/jatkuvaoppiminen\/about\/","name":"Jatkuva oppiminen It\u00e4-Suomen yliopistossa - Jatkuva oppiminen","isPartOf":{"@id":"https:\/\/blogs.uef.fi\/jatkuvaoppiminen\/#website"},"primaryImageOfPage":{"@id":"https:\/\/blogs.uef.fi\/jatkuvaoppiminen\/about\/#primaryimage"},"image":{"@id":"https:\/\/blogs.uef.fi\/jatkuvaoppiminen\/about\/#primaryimage"},"thumbnailUrl":"https:\/\/blogs.uef.fi\/jatkuvaoppiminen\/wp-content\/uploads\/sites\/160\/2021\/07\/UEF_Jatkuva_Oppiminen_Smart_For_Good-copy.jpg","datePublished":"2014-01-23T06:19:08+00:00","dateModified":"2024-03-11T08:30:30+00:00","description":"Jatkuvan oppimisen keskuksen blogi tarjoaa ajankohtaisuutisia It\u00e4-Suomen yliopiston avoimen yliopiston opinnoista & t\u00e4ydennyskoulutuksista.","breadcrumb":{"@id":"https:\/\/blogs.uef.fi\/jatkuvaoppiminen\/about\/#breadcrumb"},"inLanguage":"fi","potentialAction":[{"@type":"ReadAction","target":["https:\/\/blogs.uef.fi\/jatkuvaoppiminen\/about\/"]}]},{"@type":"ImageObject","inLanguage":"fi","@id":"https:\/\/blogs.uef.fi\/jatkuvaoppiminen\/about\/#primaryimage","url":"https:\/\/blogs.uef.fi\/jatkuvaoppiminen\/wp-content\/uploads\/sites\/160\/2021\/07\/UEF_Jatkuva_Oppiminen_Smart_For_Good-copy.jpg","contentUrl":"https:\/\/blogs.uef.fi\/jatkuvaoppiminen\/wp-content\/uploads\/sites\/160\/2021\/07\/UEF_Jatkuva_Oppiminen_Smart_For_Good-copy.jpg","width":700,"height":700,"caption":"Jatkuvan oppimisen keskus UEF smart for good"},{"@type":"BreadcrumbList","@id":"https:\/\/blogs.uef.fi\/jatkuvaoppiminen\/about\/#breadcrumb","itemListElement":[{"@type":"ListItem","position":1,"name":"Home","item":"https:\/\/blogs.uef.fi\/jatkuvaoppiminen\/"},{"@type":"ListItem","position":2,"name":"Jatkuva oppiminen It\u00e4-Suomen yliopistossa"}]},{"@type":"WebSite","@id":"https:\/\/blogs.uef.fi\/jatkuvaoppiminen\/#website","url":"https:\/\/blogs.uef.fi\/jatkuvaoppiminen\/","name":"Jatkuva oppiminen","description":"","potentialAction":[{"@type":"SearchAction","target":{"@type":"EntryPoint","urlTemplate":"https:\/\/blogs.uef.fi\/jatkuvaoppiminen\/?s={search_term_string}"},"query-input":{"@type":"PropertyValueSpecification","valueRequired":true,"valueName":"search_term_string"}}],"inLanguage":"fi"}]}},"_links":{"self":[{"href":"https:\/\/blogs.uef.fi\/jatkuvaoppiminen\/wp-json\/wp\/v2\/pages\/29","targetHints":{"allow":["GET"]}}],"collection":[{"href":"https:\/\/blogs.uef.fi\/jatkuvaoppiminen\/wp-json\/wp\/v2\/pages"}],"about":[{"href":"https:\/\/blogs.uef.fi\/jatkuvaoppiminen\/wp-json\/wp\/v2\/types\/page"}],"author":[{"embeddable":true,"href":"https:\/\/blogs.uef.fi\/jatkuvaoppiminen\/wp-json\/wp\/v2\/users\/1"}],"replies":[{"embeddable":true,"href":"https:\/\/blogs.uef.fi\/jatkuvaoppiminen\/wp-json\/wp\/v2\/comments?post=29"}],"version-history":[{"count":2,"href":"https:\/\/blogs.uef.fi\/jatkuvaoppiminen\/wp-json\/wp\/v2\/pages\/29\/revisions"}],"predecessor-version":[{"id":5176,"href":"https:\/\/blogs.uef.fi\/jatkuvaoppiminen\/wp-json\/wp\/v2\/pages\/29\/revisions\/5176"}],"wp:featuredmedia":[{"embeddable":true,"href":"https:\/\/blogs.uef.fi\/jatkuvaoppiminen\/wp-json\/wp\/v2\/media\/2641"}],"wp:attachment":[{"href":"https:\/\/blogs.uef.fi\/jatkuvaoppiminen\/wp-json\/wp\/v2\/media?parent=29"}],"curies":[{"name":"wp","href":"https:\/\/api.w.org\/{rel}","templated":true}]}}