{"id":308,"date":"2024-05-13T05:52:59","date_gmt":"2024-05-13T03:52:59","guid":{"rendered":"https:\/\/blogs.uef.fi\/jatkoilla\/?page_id=308"},"modified":"2025-09-22T14:27:17","modified_gmt":"2025-09-22T12:27:17","slug":"jatkot-tutkimusryhma","status":"publish","type":"page","link":"https:\/\/blogs.uef.fi\/jatkoilla\/jatkot-tutkimusryhma\/","title":{"rendered":"JATKOT-tutkimusryhm\u00e4"},"content":{"rendered":"\n<p>JATKOT-tutkimusryhm\u00e4n www-sivut l\u00f6ytyv\u00e4t osoitteesta: https:\/\/uefconnect.uef.fi\/jatkuva-oppiminen-tyoelamassa-jatkot\/<\/p>\n\n\n\n<p>L\u00f6yd\u00e4t meid\u00e4t my\u00f6s Instagramista @jatkot_uef &#8211; tervetuloa seuraamaan!<\/p>\n","protected":false},"excerpt":{"rendered":"<p>JATKOT-tutkimusryhm\u00e4n www-sivut l\u00f6ytyv\u00e4t osoitteesta: https:\/\/uefconnect.uef.fi\/jatkuva-oppiminen-tyoelamassa-jatkot\/ L\u00f6yd\u00e4t meid\u00e4t my\u00f6s Instagramista @jatkot_uef &#8211; tervetuloa seuraamaan!<\/p>\n","protected":false},"author":681,"featured_media":0,"parent":0,"menu_order":0,"comment_status":"closed","ping_status":"closed","template":"","meta":{"_acf_changed":false,"footnotes":""},"class_list":["post-308","page","type-page","status-publish","hentry"],"acf":[],"yoast_head":"<!-- This site is optimized with the Yoast SEO plugin v27.1.1 - https:\/\/yoast.com\/product\/yoast-seo-wordpress\/ -->\n<title>JATKOT-tutkimusryhm\u00e4 - Jatkoilla \/ After work<\/title>\n<meta name=\"robots\" content=\"index, follow, max-snippet:-1, max-image-preview:large, max-video-preview:-1\" \/>\n<link rel=\"canonical\" href=\"https:\/\/blogs.uef.fi\/jatkoilla\/jatkot-tutkimusryhma\/\" \/>\n<meta property=\"og:locale\" content=\"fi_FI\" \/>\n<meta property=\"og:type\" content=\"article\" \/>\n<meta property=\"og:title\" content=\"JATKOT-tutkimusryhm\u00e4 - Jatkoilla \/ After work\" \/>\n<meta property=\"og:description\" content=\"JATKOT-tutkimusryhm\u00e4n www-sivut l\u00f6ytyv\u00e4t osoitteesta: https:\/\/uefconnect.uef.fi\/jatkuva-oppiminen-tyoelamassa-jatkot\/ L\u00f6yd\u00e4t meid\u00e4t my\u00f6s Instagramista @jatkot_uef &#8211; tervetuloa seuraamaan!\" \/>\n<meta property=\"og:url\" content=\"https:\/\/blogs.uef.fi\/jatkoilla\/jatkot-tutkimusryhma\/\" \/>\n<meta property=\"og:site_name\" content=\"Jatkoilla \/ After work\" \/>\n<meta property=\"article:modified_time\" content=\"2025-09-22T12:27:17+00:00\" \/>\n<meta name=\"twitter:card\" content=\"summary_large_image\" \/>\n<meta name=\"twitter:label1\" content=\"Arvioitu lukuaika\" \/>\n\t<meta name=\"twitter:data1\" content=\"1 minuutti\" \/>\n<script type=\"application\/ld+json\" class=\"yoast-schema-graph\">{\"@context\":\"https:\/\/schema.org\",\"@graph\":[{\"@type\":\"WebPage\",\"@id\":\"https:\/\/blogs.uef.fi\/jatkoilla\/jatkot-tutkimusryhma\/\",\"url\":\"https:\/\/blogs.uef.fi\/jatkoilla\/jatkot-tutkimusryhma\/\",\"name\":\"JATKOT-tutkimusryhm\u00e4 - Jatkoilla \/ After work\",\"isPartOf\":{\"@id\":\"https:\/\/blogs.uef.fi\/jatkoilla\/#website\"},\"datePublished\":\"2024-05-13T03:52:59+00:00\",\"dateModified\":\"2025-09-22T12:27:17+00:00\",\"breadcrumb\":{\"@id\":\"https:\/\/blogs.uef.fi\/jatkoilla\/jatkot-tutkimusryhma\/#breadcrumb\"},\"inLanguage\":\"fi\",\"potentialAction\":[{\"@type\":\"ReadAction\",\"target\":[\"https:\/\/blogs.uef.fi\/jatkoilla\/jatkot-tutkimusryhma\/\"]}]},{\"@type\":\"BreadcrumbList\",\"@id\":\"https:\/\/blogs.uef.fi\/jatkoilla\/jatkot-tutkimusryhma\/#breadcrumb\",\"itemListElement\":[{\"@type\":\"ListItem\",\"position\":1,\"name\":\"Home\",\"item\":\"https:\/\/blogs.uef.fi\/jatkoilla\/\"},{\"@type\":\"ListItem\",\"position\":2,\"name\":\"JATKOT-tutkimusryhm\u00e4\"}]},{\"@type\":\"WebSite\",\"@id\":\"https:\/\/blogs.uef.fi\/jatkoilla\/#website\",\"url\":\"https:\/\/blogs.uef.fi\/jatkoilla\/\",\"name\":\"Jatkoilla \/ After work\",\"description\":\"\",\"potentialAction\":[{\"@type\":\"SearchAction\",\"target\":{\"@type\":\"EntryPoint\",\"urlTemplate\":\"https:\/\/blogs.uef.fi\/jatkoilla\/?s={search_term_string}\"},\"query-input\":{\"@type\":\"PropertyValueSpecification\",\"valueRequired\":true,\"valueName\":\"search_term_string\"}}],\"inLanguage\":\"fi\"}]}<\/script>\n<!-- \/ Yoast SEO plugin. -->","yoast_head_json":{"title":"JATKOT-tutkimusryhm\u00e4 - Jatkoilla \/ After work","robots":{"index":"index","follow":"follow","max-snippet":"max-snippet:-1","max-image-preview":"max-image-preview:large","max-video-preview":"max-video-preview:-1"},"canonical":"https:\/\/blogs.uef.fi\/jatkoilla\/jatkot-tutkimusryhma\/","og_locale":"fi_FI","og_type":"article","og_title":"JATKOT-tutkimusryhm\u00e4 - Jatkoilla \/ After work","og_description":"JATKOT-tutkimusryhm\u00e4n www-sivut l\u00f6ytyv\u00e4t osoitteesta: https:\/\/uefconnect.uef.fi\/jatkuva-oppiminen-tyoelamassa-jatkot\/ L\u00f6yd\u00e4t meid\u00e4t my\u00f6s Instagramista @jatkot_uef &#8211; tervetuloa seuraamaan!","og_url":"https:\/\/blogs.uef.fi\/jatkoilla\/jatkot-tutkimusryhma\/","og_site_name":"Jatkoilla \/ After work","article_modified_time":"2025-09-22T12:27:17+00:00","twitter_card":"summary_large_image","twitter_misc":{"Arvioitu lukuaika":"1 minuutti"},"schema":{"@context":"https:\/\/schema.org","@graph":[{"@type":"WebPage","@id":"https:\/\/blogs.uef.fi\/jatkoilla\/jatkot-tutkimusryhma\/","url":"https:\/\/blogs.uef.fi\/jatkoilla\/jatkot-tutkimusryhma\/","name":"JATKOT-tutkimusryhm\u00e4 - Jatkoilla \/ After work","isPartOf":{"@id":"https:\/\/blogs.uef.fi\/jatkoilla\/#website"},"datePublished":"2024-05-13T03:52:59+00:00","dateModified":"2025-09-22T12:27:17+00:00","breadcrumb":{"@id":"https:\/\/blogs.uef.fi\/jatkoilla\/jatkot-tutkimusryhma\/#breadcrumb"},"inLanguage":"fi","potentialAction":[{"@type":"ReadAction","target":["https:\/\/blogs.uef.fi\/jatkoilla\/jatkot-tutkimusryhma\/"]}]},{"@type":"BreadcrumbList","@id":"https:\/\/blogs.uef.fi\/jatkoilla\/jatkot-tutkimusryhma\/#breadcrumb","itemListElement":[{"@type":"ListItem","position":1,"name":"Home","item":"https:\/\/blogs.uef.fi\/jatkoilla\/"},{"@type":"ListItem","position":2,"name":"JATKOT-tutkimusryhm\u00e4"}]},{"@type":"WebSite","@id":"https:\/\/blogs.uef.fi\/jatkoilla\/#website","url":"https:\/\/blogs.uef.fi\/jatkoilla\/","name":"Jatkoilla \/ After work","description":"","potentialAction":[{"@type":"SearchAction","target":{"@type":"EntryPoint","urlTemplate":"https:\/\/blogs.uef.fi\/jatkoilla\/?s={search_term_string}"},"query-input":{"@type":"PropertyValueSpecification","valueRequired":true,"valueName":"search_term_string"}}],"inLanguage":"fi"}]}},"_links":{"self":[{"href":"https:\/\/blogs.uef.fi\/jatkoilla\/wp-json\/wp\/v2\/pages\/308","targetHints":{"allow":["GET"]}}],"collection":[{"href":"https:\/\/blogs.uef.fi\/jatkoilla\/wp-json\/wp\/v2\/pages"}],"about":[{"href":"https:\/\/blogs.uef.fi\/jatkoilla\/wp-json\/wp\/v2\/types\/page"}],"author":[{"embeddable":true,"href":"https:\/\/blogs.uef.fi\/jatkoilla\/wp-json\/wp\/v2\/users\/681"}],"replies":[{"embeddable":true,"href":"https:\/\/blogs.uef.fi\/jatkoilla\/wp-json\/wp\/v2\/comments?post=308"}],"version-history":[{"count":1,"href":"https:\/\/blogs.uef.fi\/jatkoilla\/wp-json\/wp\/v2\/pages\/308\/revisions"}],"predecessor-version":[{"id":1062,"href":"https:\/\/blogs.uef.fi\/jatkoilla\/wp-json\/wp\/v2\/pages\/308\/revisions\/1062"}],"wp:attachment":[{"href":"https:\/\/blogs.uef.fi\/jatkoilla\/wp-json\/wp\/v2\/media?parent=308"}],"curies":[{"name":"wp","href":"https:\/\/api.w.org\/{rel}","templated":true}]}}