{"id":177,"date":"2019-11-15T08:35:16","date_gmt":"2019-11-15T08:35:16","guid":{"rendered":"https:\/\/blogs.uef.fi\/humanistit-uudistuvassa-tyoelamassa\/?page_id=177"},"modified":"2020-03-25T13:12:00","modified_gmt":"2020-03-25T13:12:00","slug":"yhteistyossa","status":"publish","type":"page","link":"https:\/\/blogs.uef.fi\/humanistit-uudistuvassa-tyoelamassa\/yhteistyossa\/","title":{"rendered":"Yhteisty\u00f6ss\u00e4"},"content":{"rendered":"<p>It\u00e4-Suomen yliopiston HUMUS-hankkeessa (ESR) osaamista kehitet\u00e4\u00e4n yhdess\u00e4 ty\u00f6el\u00e4m\u00e4toimijoiden kanssa. Mukana hankkeessamme ovat:<\/p>\n<ul>\n<li><a href=\"https:\/\/www.businessjoensuu.fi\/\">Business Joensuu oy<\/a><\/li>\n<li><a href=\"https:\/\/pohjoiskarjalankauppakamari.fi\/\">Pohjois-Karjalan kauppakamari<\/a><\/li>\n<li><a href=\"https:\/\/www.yrittajat.fi\/pohjois-karjalan-yrittajat\/a\/pohjois-karjalan-yrittajat-570987\">Pohjois-Karjalan Yritt\u00e4j\u00e4t ry<\/a><\/li>\n<li><a href=\"https:\/\/toimistot.te-palvelut.fi\/pohjois-karjala\">Pohjois-Karjalan TE-toimisto<\/a><\/li>\n<li><a href=\"https:\/\/www.abloy.fi\/fi\/abloy\/abloyfi\/\">Abloy oy<\/a><\/li>\n<li><a href=\"https:\/\/www.siunsote.fi\/\">Siun sote<\/a><\/li>\n<li><a href=\"https:\/\/www.youpret.com\/fi\">Youpret oy<\/a><\/li>\n<li><a href=\"https:\/\/www.valamis.com\/fi\">Valamis oy<\/a><\/li>\n<li><a href=\"http:\/\/futuremissions.fi\/\">Future Missions oy<\/a><\/li>\n<li><a href=\"https:\/\/hukka.fi\/\">Hukka Design oy<\/a><\/li>\n<li><a href=\"https:\/\/www.kkes.fi\/\">Karjalaisen kulttuurin edist\u00e4miss\u00e4\u00e4ti\u00f6<\/a><\/li>\n<li><a href=\"http:\/\/www.popmuusikot.fi\/\">Joensuun Popmuusikot ry<\/a><\/li>\n<li><a href=\"https:\/\/kieliasiantuntijat.fi\/\">Kieliasiantuntijat ry<\/a><\/li>\n<li><a href=\"http:\/\/taku.fi\/\">TAKU ry<\/a><\/li>\n<\/ul>\n<p>Lis\u00e4ksi teemme yhteisty\u00f6t\u00e4 hankkeiden ja opiskelijaj\u00e4rjest\u00f6jen kanssa.<\/p>\n<h4>Liity yhteisty\u00f6kumppaniksi<\/h4>\n<p>It\u00e4suomalainen yrityksesi, yhdistyksesi tai osuuskuntasi voi viel\u00e4 liitty\u00e4 yhteisty\u00f6kumppaniksemme. Alalla ei ole v\u00e4li\u00e4, kunhan kansainv\u00e4lisyys, monikulttuurisuus, vuorovaikutus, viestint\u00e4 tai digitalisaatio koskettavat toimintaasi tavalla tai toisella. Ty\u00f6el\u00e4m\u00e4kumppaninamme p\u00e4\u00e4set etulinjassa mukaan kaikkeen toimintaamme (tapahtumat, koulutukset, opinn\u00e4ytepankki, jne.) Ty\u00f6el\u00e4m\u00e4kumppanimme saavat my\u00f6s ensimm\u00e4isen\u00e4 tietoa hankkeen ajankohtaisista asioista kuukausittaisen uutiskirjeen muodossa.<\/p>\n<p>Haluatko yhteisty\u00f6kumppaniksi tai lis\u00e4tietoja aiheesta? Ota yhteytt\u00e4 projektip\u00e4\u00e4llikk\u00f6 Anna Logr\u00e9niin, <a href=\"mailto:anna.logr\u00e9n@uef.fi\">anna.logr\u00e9n@uef.fi<\/a>, puh. <a href=\"tel:+358504317670\">050 431 7670<\/a>.<\/p>\n","protected":false},"excerpt":{"rendered":"<p>It\u00e4-Suomen yliopiston HUMUS-hankkeessa (ESR) osaamista kehitet\u00e4\u00e4n yhdess\u00e4 ty\u00f6el\u00e4m\u00e4toimijoiden kanssa. Mukana hankkeessamme ovat: Business Joensuu oy Pohjois-Karjalan kauppakamari Pohjois-Karjalan Yritt\u00e4j\u00e4t ry Pohjois-Karjalan TE-toimisto Abloy oy Siun sote Youpret oy Valamis oy Future Missions oy Hukka Design oy Karjalaisen kulttuurin edist\u00e4miss\u00e4\u00e4ti\u00f6 Joensuun Popmuusikot ry Kieliasiantuntijat ry TAKU ry Lis\u00e4ksi teemme yhteisty\u00f6t\u00e4 hankkeiden ja opiskelijaj\u00e4rjest\u00f6jen kanssa. Liity yhteisty\u00f6kumppaniksi [&hellip;]<\/p>\n","protected":false},"author":285,"featured_media":0,"parent":0,"menu_order":0,"comment_status":"closed","ping_status":"closed","template":"","meta":{"_acf_changed":false,"footnotes":""},"class_list":["post-177","page","type-page","status-publish","hentry"],"acf":[],"yoast_head":"<!-- This site is optimized with the Yoast SEO plugin v27.1.1 - https:\/\/yoast.com\/product\/yoast-seo-wordpress\/ -->\n<title>Yhteisty\u00f6ss\u00e4 - HUMUS \u2013 Humanistit uudistuvassa ty\u00f6el\u00e4m\u00e4ss\u00e4<\/title>\n<meta name=\"description\" content=\"Osaamista kanssamme kehitt\u00e4v\u00e4t mm. Business Joensuu, Abloy, Valamis, Youpret ja Siun sote. It\u00e4suomalainen yritys tai yhdistys, liity yhteisty\u00f6kumppaniksi!\" \/>\n<meta name=\"robots\" content=\"index, follow, max-snippet:-1, max-image-preview:large, max-video-preview:-1\" \/>\n<link rel=\"canonical\" href=\"https:\/\/blogs.uef.fi\/humanistit-uudistuvassa-tyoelamassa\/yhteistyossa\/\" \/>\n<meta property=\"og:locale\" content=\"fi_FI\" \/>\n<meta property=\"og:type\" content=\"article\" \/>\n<meta property=\"og:title\" content=\"Yhteisty\u00f6ss\u00e4 - HUMUS \u2013 Humanistit uudistuvassa ty\u00f6el\u00e4m\u00e4ss\u00e4\" \/>\n<meta property=\"og:description\" content=\"Osaamista kanssamme kehitt\u00e4v\u00e4t mm. Business Joensuu, Abloy, Valamis, Youpret ja Siun sote. It\u00e4suomalainen yritys tai yhdistys, liity yhteisty\u00f6kumppaniksi!\" \/>\n<meta property=\"og:url\" content=\"https:\/\/blogs.uef.fi\/humanistit-uudistuvassa-tyoelamassa\/yhteistyossa\/\" \/>\n<meta property=\"og:site_name\" content=\"HUMUS \u2013 Humanistit uudistuvassa ty\u00f6el\u00e4m\u00e4ss\u00e4\" \/>\n<meta property=\"article:modified_time\" content=\"2020-03-25T13:12:00+00:00\" \/>\n<meta name=\"twitter:card\" content=\"summary_large_image\" \/>\n<meta name=\"twitter:label1\" content=\"Arvioitu lukuaika\" \/>\n\t<meta name=\"twitter:data1\" content=\"1 minuutti\" \/>\n<script type=\"application\/ld+json\" class=\"yoast-schema-graph\">{\"@context\":\"https:\/\/schema.org\",\"@graph\":[{\"@type\":\"WebPage\",\"@id\":\"https:\/\/blogs.uef.fi\/humanistit-uudistuvassa-tyoelamassa\/yhteistyossa\/\",\"url\":\"https:\/\/blogs.uef.fi\/humanistit-uudistuvassa-tyoelamassa\/yhteistyossa\/\",\"name\":\"Yhteisty\u00f6ss\u00e4 - HUMUS \u2013 Humanistit uudistuvassa ty\u00f6el\u00e4m\u00e4ss\u00e4\",\"isPartOf\":{\"@id\":\"https:\/\/blogs.uef.fi\/humanistit-uudistuvassa-tyoelamassa\/#website\"},\"datePublished\":\"2019-11-15T08:35:16+00:00\",\"dateModified\":\"2020-03-25T13:12:00+00:00\",\"description\":\"Osaamista kanssamme kehitt\u00e4v\u00e4t mm. Business Joensuu, Abloy, Valamis, Youpret ja Siun sote. It\u00e4suomalainen yritys tai yhdistys, liity yhteisty\u00f6kumppaniksi!\",\"breadcrumb\":{\"@id\":\"https:\/\/blogs.uef.fi\/humanistit-uudistuvassa-tyoelamassa\/yhteistyossa\/#breadcrumb\"},\"inLanguage\":\"fi\",\"potentialAction\":[{\"@type\":\"ReadAction\",\"target\":[\"https:\/\/blogs.uef.fi\/humanistit-uudistuvassa-tyoelamassa\/yhteistyossa\/\"]}]},{\"@type\":\"BreadcrumbList\",\"@id\":\"https:\/\/blogs.uef.fi\/humanistit-uudistuvassa-tyoelamassa\/yhteistyossa\/#breadcrumb\",\"itemListElement\":[{\"@type\":\"ListItem\",\"position\":1,\"name\":\"Home\",\"item\":\"https:\/\/blogs.uef.fi\/humanistit-uudistuvassa-tyoelamassa\/\"},{\"@type\":\"ListItem\",\"position\":2,\"name\":\"Yhteisty\u00f6ss\u00e4\"}]},{\"@type\":\"WebSite\",\"@id\":\"https:\/\/blogs.uef.fi\/humanistit-uudistuvassa-tyoelamassa\/#website\",\"url\":\"https:\/\/blogs.uef.fi\/humanistit-uudistuvassa-tyoelamassa\/\",\"name\":\"HUMUS \u2013 Humanistit uudistuvassa ty\u00f6el\u00e4m\u00e4ss\u00e4\",\"description\":\"\",\"potentialAction\":[{\"@type\":\"SearchAction\",\"target\":{\"@type\":\"EntryPoint\",\"urlTemplate\":\"https:\/\/blogs.uef.fi\/humanistit-uudistuvassa-tyoelamassa\/?s={search_term_string}\"},\"query-input\":{\"@type\":\"PropertyValueSpecification\",\"valueRequired\":true,\"valueName\":\"search_term_string\"}}],\"inLanguage\":\"fi\"}]}<\/script>\n<!-- \/ Yoast SEO plugin. -->","yoast_head_json":{"title":"Yhteisty\u00f6ss\u00e4 - HUMUS \u2013 Humanistit uudistuvassa ty\u00f6el\u00e4m\u00e4ss\u00e4","description":"Osaamista kanssamme kehitt\u00e4v\u00e4t mm. Business Joensuu, Abloy, Valamis, Youpret ja Siun sote. It\u00e4suomalainen yritys tai yhdistys, liity yhteisty\u00f6kumppaniksi!","robots":{"index":"index","follow":"follow","max-snippet":"max-snippet:-1","max-image-preview":"max-image-preview:large","max-video-preview":"max-video-preview:-1"},"canonical":"https:\/\/blogs.uef.fi\/humanistit-uudistuvassa-tyoelamassa\/yhteistyossa\/","og_locale":"fi_FI","og_type":"article","og_title":"Yhteisty\u00f6ss\u00e4 - HUMUS \u2013 Humanistit uudistuvassa ty\u00f6el\u00e4m\u00e4ss\u00e4","og_description":"Osaamista kanssamme kehitt\u00e4v\u00e4t mm. Business Joensuu, Abloy, Valamis, Youpret ja Siun sote. It\u00e4suomalainen yritys tai yhdistys, liity yhteisty\u00f6kumppaniksi!","og_url":"https:\/\/blogs.uef.fi\/humanistit-uudistuvassa-tyoelamassa\/yhteistyossa\/","og_site_name":"HUMUS \u2013 Humanistit uudistuvassa ty\u00f6el\u00e4m\u00e4ss\u00e4","article_modified_time":"2020-03-25T13:12:00+00:00","twitter_card":"summary_large_image","twitter_misc":{"Arvioitu lukuaika":"1 minuutti"},"schema":{"@context":"https:\/\/schema.org","@graph":[{"@type":"WebPage","@id":"https:\/\/blogs.uef.fi\/humanistit-uudistuvassa-tyoelamassa\/yhteistyossa\/","url":"https:\/\/blogs.uef.fi\/humanistit-uudistuvassa-tyoelamassa\/yhteistyossa\/","name":"Yhteisty\u00f6ss\u00e4 - HUMUS \u2013 Humanistit uudistuvassa ty\u00f6el\u00e4m\u00e4ss\u00e4","isPartOf":{"@id":"https:\/\/blogs.uef.fi\/humanistit-uudistuvassa-tyoelamassa\/#website"},"datePublished":"2019-11-15T08:35:16+00:00","dateModified":"2020-03-25T13:12:00+00:00","description":"Osaamista kanssamme kehitt\u00e4v\u00e4t mm. Business Joensuu, Abloy, Valamis, Youpret ja Siun sote. It\u00e4suomalainen yritys tai yhdistys, liity yhteisty\u00f6kumppaniksi!","breadcrumb":{"@id":"https:\/\/blogs.uef.fi\/humanistit-uudistuvassa-tyoelamassa\/yhteistyossa\/#breadcrumb"},"inLanguage":"fi","potentialAction":[{"@type":"ReadAction","target":["https:\/\/blogs.uef.fi\/humanistit-uudistuvassa-tyoelamassa\/yhteistyossa\/"]}]},{"@type":"BreadcrumbList","@id":"https:\/\/blogs.uef.fi\/humanistit-uudistuvassa-tyoelamassa\/yhteistyossa\/#breadcrumb","itemListElement":[{"@type":"ListItem","position":1,"name":"Home","item":"https:\/\/blogs.uef.fi\/humanistit-uudistuvassa-tyoelamassa\/"},{"@type":"ListItem","position":2,"name":"Yhteisty\u00f6ss\u00e4"}]},{"@type":"WebSite","@id":"https:\/\/blogs.uef.fi\/humanistit-uudistuvassa-tyoelamassa\/#website","url":"https:\/\/blogs.uef.fi\/humanistit-uudistuvassa-tyoelamassa\/","name":"HUMUS \u2013 Humanistit uudistuvassa ty\u00f6el\u00e4m\u00e4ss\u00e4","description":"","potentialAction":[{"@type":"SearchAction","target":{"@type":"EntryPoint","urlTemplate":"https:\/\/blogs.uef.fi\/humanistit-uudistuvassa-tyoelamassa\/?s={search_term_string}"},"query-input":{"@type":"PropertyValueSpecification","valueRequired":true,"valueName":"search_term_string"}}],"inLanguage":"fi"}]}},"_links":{"self":[{"href":"https:\/\/blogs.uef.fi\/humanistit-uudistuvassa-tyoelamassa\/wp-json\/wp\/v2\/pages\/177","targetHints":{"allow":["GET"]}}],"collection":[{"href":"https:\/\/blogs.uef.fi\/humanistit-uudistuvassa-tyoelamassa\/wp-json\/wp\/v2\/pages"}],"about":[{"href":"https:\/\/blogs.uef.fi\/humanistit-uudistuvassa-tyoelamassa\/wp-json\/wp\/v2\/types\/page"}],"author":[{"embeddable":true,"href":"https:\/\/blogs.uef.fi\/humanistit-uudistuvassa-tyoelamassa\/wp-json\/wp\/v2\/users\/285"}],"replies":[{"embeddable":true,"href":"https:\/\/blogs.uef.fi\/humanistit-uudistuvassa-tyoelamassa\/wp-json\/wp\/v2\/comments?post=177"}],"version-history":[{"count":2,"href":"https:\/\/blogs.uef.fi\/humanistit-uudistuvassa-tyoelamassa\/wp-json\/wp\/v2\/pages\/177\/revisions"}],"predecessor-version":[{"id":433,"href":"https:\/\/blogs.uef.fi\/humanistit-uudistuvassa-tyoelamassa\/wp-json\/wp\/v2\/pages\/177\/revisions\/433"}],"wp:attachment":[{"href":"https:\/\/blogs.uef.fi\/humanistit-uudistuvassa-tyoelamassa\/wp-json\/wp\/v2\/media?parent=177"}],"curies":[{"name":"wp","href":"https:\/\/api.w.org\/{rel}","templated":true}]}}