{"id":10,"date":"2021-02-19T11:46:27","date_gmt":"2021-02-19T08:46:27","guid":{"rendered":"https:\/\/blogs.uef.fi\/humanistisen-osaston-blogi\/?page_id=10"},"modified":"2025-04-04T09:26:35","modified_gmt":"2025-04-04T06:26:35","slug":"tietoa-blogista","status":"publish","type":"page","link":"https:\/\/blogs.uef.fi\/hugi\/tietoa-blogista\/","title":{"rendered":"Tietoa blogista \/ About the blog"},"content":{"rendered":"<p>Hugi on humanistisen osaston henkil\u00f6kunnan ja opiskelijoiden yhteinen blogi. Nimell\u00e4 Hugi on kaksoismerkitys. Hugi sis\u00e4lt\u00e4\u00e4 ajatuksen (puheen)vuorosta, mutta sill\u00e4 viitataan my\u00f6s <strong>hu<\/strong>manistien blo<strong>giin<\/strong>. Kirjoitamme sinulle, joka olet kiinnostunut kielen ja kulttuurin ilmi\u00f6ist\u00e4, humanistisesta tutkimuksesta ja koulutuksesta, akateemisesta arjesta.<\/p>\n<p>Humanistinen osasto sijaitsee It\u00e4-Suomen yliopiston Joensuun kampuksella. Tutkimme ja opetamme monipuolisesti ja kansainv\u00e4lisesti, tieteenalarajat ylitt\u00e4en sit\u00e4, miten kielet ja kulttuurit kohtaavat, tuottavat merkityksi\u00e4 ja vaikuttavat meid\u00e4n jokaisen el\u00e4m\u00e4\u00e4n.<\/p>\n<p>Hugi is a joint blog of the staff and students of the School of Humanities. The name Hugi has a double meaning. Hugi contains an idea of a turn (in a conversation), but it also refers to a humanists\u2019 blog. We write to you who are interested in the phenomena of language and culture, humanities research and education, academic everyday life.<\/p>\n<p>The School of Humanities is located on the Joensuu campus of the University of Eastern Finland. We study and teach in a diverse and international way, transcending disciplinary boundaries, how languages and cultures meet, produce meanings, and affect the lives of each of us.<\/p>\n<p><strong>Yhteystiedot\/Contact us:<\/strong><\/p>\n<p>Nina Havumets\u00e4 (nina.havumetsa[at]uef.fi)<\/p>\n","protected":false},"excerpt":{"rendered":"<p>Hugi on humanistisen osaston henkil\u00f6kunnan ja opiskelijoiden yhteinen blogi. Nimell\u00e4 Hugi on kaksoismerkitys. Hugi sis\u00e4lt\u00e4\u00e4 ajatuksen (puheen)vuorosta, mutta sill\u00e4 viitataan my\u00f6s humanistien blogiin. Kirjoitamme sinulle, joka olet kiinnostunut kielen ja kulttuurin ilmi\u00f6ist\u00e4, humanistisesta tutkimuksesta ja koulutuksesta, akateemisesta arjesta. Humanistinen osasto sijaitsee It\u00e4-Suomen yliopiston Joensuun kampuksella. Tutkimme ja opetamme monipuolisesti ja kansainv\u00e4lisesti, tieteenalarajat ylitt\u00e4en sit\u00e4, miten [&hellip;]<\/p>\n","protected":false},"author":5,"featured_media":0,"parent":0,"menu_order":0,"comment_status":"closed","ping_status":"closed","template":"","meta":{"_acf_changed":false,"footnotes":""},"class_list":["post-10","page","type-page","status-publish","hentry"],"acf":[],"yoast_head":"<!-- This site is optimized with the Yoast SEO plugin v27.3 - https:\/\/yoast.com\/product\/yoast-seo-wordpress\/ -->\n<title>Tietoa blogista \/ About the blog - HUGI - HUMANISTISEN OSASTON BLOGI<\/title>\n<meta name=\"robots\" content=\"index, follow, max-snippet:-1, max-image-preview:large, max-video-preview:-1\" \/>\n<link rel=\"canonical\" href=\"https:\/\/blogs.uef.fi\/hugi\/tietoa-blogista\/\" \/>\n<meta property=\"og:locale\" content=\"fi_FI\" \/>\n<meta property=\"og:type\" content=\"article\" \/>\n<meta property=\"og:title\" content=\"Tietoa blogista \/ About the blog - HUGI - HUMANISTISEN OSASTON BLOGI\" \/>\n<meta property=\"og:description\" content=\"Hugi on humanistisen osaston henkil\u00f6kunnan ja opiskelijoiden yhteinen blogi. Nimell\u00e4 Hugi on kaksoismerkitys. Hugi sis\u00e4lt\u00e4\u00e4 ajatuksen (puheen)vuorosta, mutta sill\u00e4 viitataan my\u00f6s humanistien blogiin. Kirjoitamme sinulle, joka olet kiinnostunut kielen ja kulttuurin ilmi\u00f6ist\u00e4, humanistisesta tutkimuksesta ja koulutuksesta, akateemisesta arjesta. Humanistinen osasto sijaitsee It\u00e4-Suomen yliopiston Joensuun kampuksella. Tutkimme ja opetamme monipuolisesti ja kansainv\u00e4lisesti, tieteenalarajat ylitt\u00e4en sit\u00e4, miten [&hellip;]\" \/>\n<meta property=\"og:url\" content=\"https:\/\/blogs.uef.fi\/hugi\/tietoa-blogista\/\" \/>\n<meta property=\"og:site_name\" content=\"HUGI - HUMANISTISEN OSASTON BLOGI\" \/>\n<meta property=\"article:modified_time\" content=\"2025-04-04T06:26:35+00:00\" \/>\n<meta name=\"twitter:card\" content=\"summary_large_image\" \/>\n<meta name=\"twitter:label1\" content=\"Arvioitu lukuaika\" \/>\n\t<meta name=\"twitter:data1\" content=\"2 minuuttia\" \/>\n<script type=\"application\/ld+json\" class=\"yoast-schema-graph\">{\"@context\":\"https:\\\/\\\/schema.org\",\"@graph\":[{\"@type\":\"WebPage\",\"@id\":\"https:\\\/\\\/blogs.uef.fi\\\/hugi\\\/tietoa-blogista\\\/\",\"url\":\"https:\\\/\\\/blogs.uef.fi\\\/hugi\\\/tietoa-blogista\\\/\",\"name\":\"Tietoa blogista \\\/ About the blog - HUGI - HUMANISTISEN OSASTON BLOGI\",\"isPartOf\":{\"@id\":\"https:\\\/\\\/blogs.uef.fi\\\/hugi\\\/#website\"},\"datePublished\":\"2021-02-19T08:46:27+00:00\",\"dateModified\":\"2025-04-04T06:26:35+00:00\",\"breadcrumb\":{\"@id\":\"https:\\\/\\\/blogs.uef.fi\\\/hugi\\\/tietoa-blogista\\\/#breadcrumb\"},\"inLanguage\":\"fi\",\"potentialAction\":[{\"@type\":\"ReadAction\",\"target\":[\"https:\\\/\\\/blogs.uef.fi\\\/hugi\\\/tietoa-blogista\\\/\"]}]},{\"@type\":\"BreadcrumbList\",\"@id\":\"https:\\\/\\\/blogs.uef.fi\\\/hugi\\\/tietoa-blogista\\\/#breadcrumb\",\"itemListElement\":[{\"@type\":\"ListItem\",\"position\":1,\"name\":\"Home\",\"item\":\"https:\\\/\\\/blogs.uef.fi\\\/hugi\\\/\"},{\"@type\":\"ListItem\",\"position\":2,\"name\":\"Tietoa blogista \\\/ About the blog\"}]},{\"@type\":\"WebSite\",\"@id\":\"https:\\\/\\\/blogs.uef.fi\\\/hugi\\\/#website\",\"url\":\"https:\\\/\\\/blogs.uef.fi\\\/hugi\\\/\",\"name\":\"HUGI - HUMANISTISEN OSASTON BLOGI\",\"description\":\"\",\"potentialAction\":[{\"@type\":\"SearchAction\",\"target\":{\"@type\":\"EntryPoint\",\"urlTemplate\":\"https:\\\/\\\/blogs.uef.fi\\\/hugi\\\/?s={search_term_string}\"},\"query-input\":{\"@type\":\"PropertyValueSpecification\",\"valueRequired\":true,\"valueName\":\"search_term_string\"}}],\"inLanguage\":\"fi\"}]}<\/script>\n<!-- \/ Yoast SEO plugin. -->","yoast_head_json":{"title":"Tietoa blogista \/ About the blog - HUGI - HUMANISTISEN OSASTON BLOGI","robots":{"index":"index","follow":"follow","max-snippet":"max-snippet:-1","max-image-preview":"max-image-preview:large","max-video-preview":"max-video-preview:-1"},"canonical":"https:\/\/blogs.uef.fi\/hugi\/tietoa-blogista\/","og_locale":"fi_FI","og_type":"article","og_title":"Tietoa blogista \/ About the blog - HUGI - HUMANISTISEN OSASTON BLOGI","og_description":"Hugi on humanistisen osaston henkil\u00f6kunnan ja opiskelijoiden yhteinen blogi. Nimell\u00e4 Hugi on kaksoismerkitys. Hugi sis\u00e4lt\u00e4\u00e4 ajatuksen (puheen)vuorosta, mutta sill\u00e4 viitataan my\u00f6s humanistien blogiin. Kirjoitamme sinulle, joka olet kiinnostunut kielen ja kulttuurin ilmi\u00f6ist\u00e4, humanistisesta tutkimuksesta ja koulutuksesta, akateemisesta arjesta. Humanistinen osasto sijaitsee It\u00e4-Suomen yliopiston Joensuun kampuksella. Tutkimme ja opetamme monipuolisesti ja kansainv\u00e4lisesti, tieteenalarajat ylitt\u00e4en sit\u00e4, miten [&hellip;]","og_url":"https:\/\/blogs.uef.fi\/hugi\/tietoa-blogista\/","og_site_name":"HUGI - HUMANISTISEN OSASTON BLOGI","article_modified_time":"2025-04-04T06:26:35+00:00","twitter_card":"summary_large_image","twitter_misc":{"Arvioitu lukuaika":"2 minuuttia"},"schema":{"@context":"https:\/\/schema.org","@graph":[{"@type":"WebPage","@id":"https:\/\/blogs.uef.fi\/hugi\/tietoa-blogista\/","url":"https:\/\/blogs.uef.fi\/hugi\/tietoa-blogista\/","name":"Tietoa blogista \/ About the blog - HUGI - HUMANISTISEN OSASTON BLOGI","isPartOf":{"@id":"https:\/\/blogs.uef.fi\/hugi\/#website"},"datePublished":"2021-02-19T08:46:27+00:00","dateModified":"2025-04-04T06:26:35+00:00","breadcrumb":{"@id":"https:\/\/blogs.uef.fi\/hugi\/tietoa-blogista\/#breadcrumb"},"inLanguage":"fi","potentialAction":[{"@type":"ReadAction","target":["https:\/\/blogs.uef.fi\/hugi\/tietoa-blogista\/"]}]},{"@type":"BreadcrumbList","@id":"https:\/\/blogs.uef.fi\/hugi\/tietoa-blogista\/#breadcrumb","itemListElement":[{"@type":"ListItem","position":1,"name":"Home","item":"https:\/\/blogs.uef.fi\/hugi\/"},{"@type":"ListItem","position":2,"name":"Tietoa blogista \/ About the blog"}]},{"@type":"WebSite","@id":"https:\/\/blogs.uef.fi\/hugi\/#website","url":"https:\/\/blogs.uef.fi\/hugi\/","name":"HUGI - HUMANISTISEN OSASTON BLOGI","description":"","potentialAction":[{"@type":"SearchAction","target":{"@type":"EntryPoint","urlTemplate":"https:\/\/blogs.uef.fi\/hugi\/?s={search_term_string}"},"query-input":{"@type":"PropertyValueSpecification","valueRequired":true,"valueName":"search_term_string"}}],"inLanguage":"fi"}]}},"_links":{"self":[{"href":"https:\/\/blogs.uef.fi\/hugi\/wp-json\/wp\/v2\/pages\/10","targetHints":{"allow":["GET"]}}],"collection":[{"href":"https:\/\/blogs.uef.fi\/hugi\/wp-json\/wp\/v2\/pages"}],"about":[{"href":"https:\/\/blogs.uef.fi\/hugi\/wp-json\/wp\/v2\/types\/page"}],"author":[{"embeddable":true,"href":"https:\/\/blogs.uef.fi\/hugi\/wp-json\/wp\/v2\/users\/5"}],"replies":[{"embeddable":true,"href":"https:\/\/blogs.uef.fi\/hugi\/wp-json\/wp\/v2\/comments?post=10"}],"version-history":[{"count":2,"href":"https:\/\/blogs.uef.fi\/hugi\/wp-json\/wp\/v2\/pages\/10\/revisions"}],"predecessor-version":[{"id":1664,"href":"https:\/\/blogs.uef.fi\/hugi\/wp-json\/wp\/v2\/pages\/10\/revisions\/1664"}],"wp:attachment":[{"href":"https:\/\/blogs.uef.fi\/hugi\/wp-json\/wp\/v2\/media?parent=10"}],"curies":[{"name":"wp","href":"https:\/\/api.w.org\/{rel}","templated":true}]}}