{"id":7,"date":"2021-09-07T09:29:28","date_gmt":"2021-09-07T06:29:28","guid":{"rendered":"https:\/\/blogs.uef.fi\/fclab-lukio\/?page_id=7"},"modified":"2024-01-29T10:11:33","modified_gmt":"2024-01-29T08:11:33","slug":"etusivu","status":"publish","type":"page","link":"https:\/\/blogs.uef.fi\/fclab-lukio\/etusivu\/","title":{"rendered":"Aiemmat FCLab.lukio-hankkeet"},"content":{"rendered":"\n<h5 class=\"wp-block-heading\">FCLab.lukio II-hankkeen tavoitteet<\/h5>\n\n\n\n<ol class=\"wp-block-list\">\n<li>Hanke jatkaa fyysisten oppimisymp\u00e4rist\u00f6jen pedagogiikkaan perustuvaa uudistusty\u00f6t\u00e4 koulun tiloissa.\u200b<\/li>\n\n\n\n<li>Hankkeessa kehitet\u00e4\u00e4n eriytyvi\u00e4 pienryhm\u00e4ohjausmalleja lukion opinto-ohjaukseen.\u200b<\/li>\n\n\n\n<li>Tavoitteena on luoda kieliin ja LUMA-aineisiin oppiainerajat ylitt\u00e4vi\u00e4 yksil\u00f6llisi\u00e4, digitaalisia oppimispolkuja sek\u00e4 kehitt\u00e4\u00e4 digitaalisia oppimisymp\u00e4rist\u00f6j\u00e4 pedagogiikka edell\u00e4.<\/li>\n<\/ol>\n\n\n\n<p>\u200bHankkeella on useita tutkimus- ja yritysyhteisty\u00f6kumppaneita.<\/p>\n\n\n\n<h5 class=\"wp-block-heading\">FCLab.lukio I-hankkeen toteuttamat kolme eri kohdetta<\/h5>\n\n\n\n<ol class=\"wp-block-list\">\n<li>Virtuaaliluontoymp\u00e4rist\u00f6, joka mahdollistaa sek\u00e4 opetuksen ett\u00e4 palautumisen ja rauhoittumisen.<\/li>\n\n\n\n<li>Digitaalista immersiota hy\u00f6dynt\u00e4v\u00e4 opetus-, ohjaus-, koulutus- ja neuvottelutila PedaLab.<\/li>\n\n\n\n<li>Ohjausta, ryhm\u00e4ty\u00f6skentely\u00e4 ja vuorovaikutusta tukevat aula- ja k\u00e4yt\u00e4v\u00e4tilat.<\/li>\n<\/ol>\n\n\n\n<p>Lis\u00e4ksi hankkeessa kehitettiin uutta pedagogiikkaa sek\u00e4 tuettiin opiskelumotivaatiota, koulup\u00e4iv\u00e4n aikaista palautumista ja laaja-alaisen osaamisen sis\u00e4lt\u00f6ihin perehtymist\u00e4.<\/p>\n\n\n\n<h4 class=\"wp-block-heading\"><a href=\"https:\/\/www.thinglink.com\/mediacard\/1443172724410155011\">Tervetuloa tutustumaan tiloihin virtuaalikierroksella<\/a>!<\/h4>\n\n\n\n<figure class=\"wp-block-image size-full is-resized\"><img loading=\"lazy\" decoding=\"async\" width=\"1000\" height=\"1000\" src=\"https:\/\/blogs.uef.fi\/fclab-lukio\/wp-content\/uploads\/sites\/133\/2021\/02\/Lukio_Laituri.png\" alt=\"\" class=\"wp-image-246\" style=\"width:453px;height:auto\" srcset=\"https:\/\/blogs.uef.fi\/fclab-lukio\/wp-content\/uploads\/sites\/133\/2021\/02\/Lukio_Laituri.png 1000w, https:\/\/blogs.uef.fi\/fclab-lukio\/wp-content\/uploads\/sites\/133\/2021\/02\/Lukio_Laituri-300x300.png 300w, https:\/\/blogs.uef.fi\/fclab-lukio\/wp-content\/uploads\/sites\/133\/2021\/02\/Lukio_Laituri-150x150.png 150w, https:\/\/blogs.uef.fi\/fclab-lukio\/wp-content\/uploads\/sites\/133\/2021\/02\/Lukio_Laituri-768x768.png 768w, https:\/\/blogs.uef.fi\/fclab-lukio\/wp-content\/uploads\/sites\/133\/2021\/02\/Lukio_Laituri-100x100.png 100w\" sizes=\"auto, (max-width: 1000px) 100vw, 1000px\" \/><\/figure>\n\n\n\n<figure class=\"wp-block-image size-full is-resized\"><img loading=\"lazy\" decoding=\"async\" width=\"1000\" height=\"1000\" src=\"https:\/\/blogs.uef.fi\/fclab-lukio\/wp-content\/uploads\/sites\/133\/2021\/02\/Lukio_Luontoluokka2.png\" alt=\"\" class=\"wp-image-252\" style=\"width:465px;height:auto\" srcset=\"https:\/\/blogs.uef.fi\/fclab-lukio\/wp-content\/uploads\/sites\/133\/2021\/02\/Lukio_Luontoluokka2.png 1000w, https:\/\/blogs.uef.fi\/fclab-lukio\/wp-content\/uploads\/sites\/133\/2021\/02\/Lukio_Luontoluokka2-300x300.png 300w, https:\/\/blogs.uef.fi\/fclab-lukio\/wp-content\/uploads\/sites\/133\/2021\/02\/Lukio_Luontoluokka2-150x150.png 150w, https:\/\/blogs.uef.fi\/fclab-lukio\/wp-content\/uploads\/sites\/133\/2021\/02\/Lukio_Luontoluokka2-768x768.png 768w, https:\/\/blogs.uef.fi\/fclab-lukio\/wp-content\/uploads\/sites\/133\/2021\/02\/Lukio_Luontoluokka2-100x100.png 100w\" sizes=\"auto, (max-width: 1000px) 100vw, 1000px\" \/><\/figure>\n\n\n\n<figure class=\"wp-block-image size-full is-resized\"><img loading=\"lazy\" decoding=\"async\" width=\"1000\" height=\"1000\" src=\"https:\/\/blogs.uef.fi\/fclab-lukio\/wp-content\/uploads\/sites\/133\/2021\/02\/Lukio_poyta2.png\" alt=\"\" class=\"wp-image-258\" style=\"width:462px;height:auto\" srcset=\"https:\/\/blogs.uef.fi\/fclab-lukio\/wp-content\/uploads\/sites\/133\/2021\/02\/Lukio_poyta2.png 1000w, https:\/\/blogs.uef.fi\/fclab-lukio\/wp-content\/uploads\/sites\/133\/2021\/02\/Lukio_poyta2-300x300.png 300w, https:\/\/blogs.uef.fi\/fclab-lukio\/wp-content\/uploads\/sites\/133\/2021\/02\/Lukio_poyta2-150x150.png 150w, https:\/\/blogs.uef.fi\/fclab-lukio\/wp-content\/uploads\/sites\/133\/2021\/02\/Lukio_poyta2-768x768.png 768w, https:\/\/blogs.uef.fi\/fclab-lukio\/wp-content\/uploads\/sites\/133\/2021\/02\/Lukio_poyta2-100x100.png 100w\" sizes=\"auto, (max-width: 1000px) 100vw, 1000px\" \/><\/figure>\n","protected":false},"excerpt":{"rendered":"<p>FCLab.lukio II-hankkeen tavoitteet \u200bHankkeella on useita tutkimus- ja yritysyhteisty\u00f6kumppaneita. FCLab.lukio I-hankkeen toteuttamat kolme eri kohdetta Lis\u00e4ksi hankkeessa kehitettiin uutta pedagogiikkaa sek\u00e4 tuettiin opiskelumotivaatiota, koulup\u00e4iv\u00e4n aikaista palautumista ja laaja-alaisen osaamisen sis\u00e4lt\u00f6ihin perehtymist\u00e4. Tervetuloa tutustumaan tiloihin virtuaalikierroksella!<\/p>\n","protected":false},"author":1,"featured_media":363,"parent":0,"menu_order":0,"comment_status":"closed","ping_status":"closed","template":"","meta":{"_acf_changed":false,"footnotes":""},"class_list":["post-7","page","type-page","status-publish","has-post-thumbnail","hentry"],"acf":[],"yoast_head":"<!-- This site is optimized with the Yoast SEO plugin v27.1.1 - https:\/\/yoast.com\/product\/yoast-seo-wordpress\/ -->\n<title>Aiemmat FCLab.lukio-hankkeet - FCLab lukio<\/title>\n<meta name=\"robots\" content=\"index, follow, max-snippet:-1, max-image-preview:large, max-video-preview:-1\" \/>\n<link rel=\"canonical\" href=\"https:\/\/blogs.uef.fi\/fclab-lukio\/etusivu\/\" \/>\n<meta property=\"og:locale\" content=\"fi_FI\" \/>\n<meta property=\"og:type\" content=\"article\" \/>\n<meta property=\"og:title\" content=\"Aiemmat FCLab.lukio-hankkeet - FCLab lukio\" \/>\n<meta property=\"og:description\" content=\"FCLab.lukio II-hankkeen tavoitteet \u200bHankkeella on useita tutkimus- ja yritysyhteisty\u00f6kumppaneita. FCLab.lukio I-hankkeen toteuttamat kolme eri kohdetta Lis\u00e4ksi hankkeessa kehitettiin uutta pedagogiikkaa sek\u00e4 tuettiin opiskelumotivaatiota, koulup\u00e4iv\u00e4n aikaista palautumista ja laaja-alaisen osaamisen sis\u00e4lt\u00f6ihin perehtymist\u00e4. Tervetuloa tutustumaan tiloihin virtuaalikierroksella!\" \/>\n<meta property=\"og:url\" content=\"https:\/\/blogs.uef.fi\/fclab-lukio\/etusivu\/\" \/>\n<meta property=\"og:site_name\" content=\"FCLab lukio\" \/>\n<meta property=\"article:modified_time\" content=\"2024-01-29T08:11:33+00:00\" \/>\n<meta property=\"og:image\" content=\"https:\/\/blogs.uef.fi\/fclab-lukio\/wp-content\/uploads\/sites\/133\/2021\/03\/Unknown-2-1-scaled.jpeg\" \/>\n\t<meta property=\"og:image:width\" content=\"2560\" \/>\n\t<meta property=\"og:image:height\" content=\"1920\" \/>\n\t<meta property=\"og:image:type\" content=\"image\/jpeg\" \/>\n<meta name=\"twitter:card\" content=\"summary_large_image\" \/>\n<meta name=\"twitter:label1\" content=\"Arvioitu lukuaika\" \/>\n\t<meta name=\"twitter:data1\" content=\"2 minuuttia\" \/>\n<script type=\"application\/ld+json\" class=\"yoast-schema-graph\">{\"@context\":\"https:\/\/schema.org\",\"@graph\":[{\"@type\":\"WebPage\",\"@id\":\"https:\/\/blogs.uef.fi\/fclab-lukio\/etusivu\/\",\"url\":\"https:\/\/blogs.uef.fi\/fclab-lukio\/etusivu\/\",\"name\":\"Aiemmat FCLab.lukio-hankkeet - FCLab lukio\",\"isPartOf\":{\"@id\":\"https:\/\/blogs.uef.fi\/fclab-lukio\/#website\"},\"primaryImageOfPage\":{\"@id\":\"https:\/\/blogs.uef.fi\/fclab-lukio\/etusivu\/#primaryimage\"},\"image\":{\"@id\":\"https:\/\/blogs.uef.fi\/fclab-lukio\/etusivu\/#primaryimage\"},\"thumbnailUrl\":\"https:\/\/blogs.uef.fi\/fclab-lukio\/wp-content\/uploads\/sites\/133\/2021\/03\/Unknown-2-1-scaled.jpeg\",\"datePublished\":\"2021-09-07T06:29:28+00:00\",\"dateModified\":\"2024-01-29T08:11:33+00:00\",\"breadcrumb\":{\"@id\":\"https:\/\/blogs.uef.fi\/fclab-lukio\/etusivu\/#breadcrumb\"},\"inLanguage\":\"fi\",\"potentialAction\":[{\"@type\":\"ReadAction\",\"target\":[\"https:\/\/blogs.uef.fi\/fclab-lukio\/etusivu\/\"]}]},{\"@type\":\"ImageObject\",\"inLanguage\":\"fi\",\"@id\":\"https:\/\/blogs.uef.fi\/fclab-lukio\/etusivu\/#primaryimage\",\"url\":\"https:\/\/blogs.uef.fi\/fclab-lukio\/wp-content\/uploads\/sites\/133\/2021\/03\/Unknown-2-1-scaled.jpeg\",\"contentUrl\":\"https:\/\/blogs.uef.fi\/fclab-lukio\/wp-content\/uploads\/sites\/133\/2021\/03\/Unknown-2-1-scaled.jpeg\",\"width\":2560,\"height\":1920,\"caption\":\"Kuva luontoluokasta, jossa opiskelijat opiskelevat ja taustalle on heijastettu luontokuva kes\u00e4isest\u00e4 mets\u00e4st\u00e4.\"},{\"@type\":\"BreadcrumbList\",\"@id\":\"https:\/\/blogs.uef.fi\/fclab-lukio\/etusivu\/#breadcrumb\",\"itemListElement\":[{\"@type\":\"ListItem\",\"position\":1,\"name\":\"Home\",\"item\":\"https:\/\/blogs.uef.fi\/fclab-lukio\/\"},{\"@type\":\"ListItem\",\"position\":2,\"name\":\"Aiemmat FCLab.lukio-hankkeet\"}]},{\"@type\":\"WebSite\",\"@id\":\"https:\/\/blogs.uef.fi\/fclab-lukio\/#website\",\"url\":\"https:\/\/blogs.uef.fi\/fclab-lukio\/\",\"name\":\"FCLab lukio\",\"description\":\"\",\"potentialAction\":[{\"@type\":\"SearchAction\",\"target\":{\"@type\":\"EntryPoint\",\"urlTemplate\":\"https:\/\/blogs.uef.fi\/fclab-lukio\/?s={search_term_string}\"},\"query-input\":{\"@type\":\"PropertyValueSpecification\",\"valueRequired\":true,\"valueName\":\"search_term_string\"}}],\"inLanguage\":\"fi\"}]}<\/script>\n<!-- \/ Yoast SEO plugin. -->","yoast_head_json":{"title":"Aiemmat FCLab.lukio-hankkeet - FCLab lukio","robots":{"index":"index","follow":"follow","max-snippet":"max-snippet:-1","max-image-preview":"max-image-preview:large","max-video-preview":"max-video-preview:-1"},"canonical":"https:\/\/blogs.uef.fi\/fclab-lukio\/etusivu\/","og_locale":"fi_FI","og_type":"article","og_title":"Aiemmat FCLab.lukio-hankkeet - FCLab lukio","og_description":"FCLab.lukio II-hankkeen tavoitteet \u200bHankkeella on useita tutkimus- ja yritysyhteisty\u00f6kumppaneita. FCLab.lukio I-hankkeen toteuttamat kolme eri kohdetta Lis\u00e4ksi hankkeessa kehitettiin uutta pedagogiikkaa sek\u00e4 tuettiin opiskelumotivaatiota, koulup\u00e4iv\u00e4n aikaista palautumista ja laaja-alaisen osaamisen sis\u00e4lt\u00f6ihin perehtymist\u00e4. Tervetuloa tutustumaan tiloihin virtuaalikierroksella!","og_url":"https:\/\/blogs.uef.fi\/fclab-lukio\/etusivu\/","og_site_name":"FCLab lukio","article_modified_time":"2024-01-29T08:11:33+00:00","og_image":[{"width":2560,"height":1920,"url":"https:\/\/blogs.uef.fi\/fclab-lukio\/wp-content\/uploads\/sites\/133\/2021\/03\/Unknown-2-1-scaled.jpeg","type":"image\/jpeg"}],"twitter_card":"summary_large_image","twitter_misc":{"Arvioitu lukuaika":"2 minuuttia"},"schema":{"@context":"https:\/\/schema.org","@graph":[{"@type":"WebPage","@id":"https:\/\/blogs.uef.fi\/fclab-lukio\/etusivu\/","url":"https:\/\/blogs.uef.fi\/fclab-lukio\/etusivu\/","name":"Aiemmat FCLab.lukio-hankkeet - FCLab lukio","isPartOf":{"@id":"https:\/\/blogs.uef.fi\/fclab-lukio\/#website"},"primaryImageOfPage":{"@id":"https:\/\/blogs.uef.fi\/fclab-lukio\/etusivu\/#primaryimage"},"image":{"@id":"https:\/\/blogs.uef.fi\/fclab-lukio\/etusivu\/#primaryimage"},"thumbnailUrl":"https:\/\/blogs.uef.fi\/fclab-lukio\/wp-content\/uploads\/sites\/133\/2021\/03\/Unknown-2-1-scaled.jpeg","datePublished":"2021-09-07T06:29:28+00:00","dateModified":"2024-01-29T08:11:33+00:00","breadcrumb":{"@id":"https:\/\/blogs.uef.fi\/fclab-lukio\/etusivu\/#breadcrumb"},"inLanguage":"fi","potentialAction":[{"@type":"ReadAction","target":["https:\/\/blogs.uef.fi\/fclab-lukio\/etusivu\/"]}]},{"@type":"ImageObject","inLanguage":"fi","@id":"https:\/\/blogs.uef.fi\/fclab-lukio\/etusivu\/#primaryimage","url":"https:\/\/blogs.uef.fi\/fclab-lukio\/wp-content\/uploads\/sites\/133\/2021\/03\/Unknown-2-1-scaled.jpeg","contentUrl":"https:\/\/blogs.uef.fi\/fclab-lukio\/wp-content\/uploads\/sites\/133\/2021\/03\/Unknown-2-1-scaled.jpeg","width":2560,"height":1920,"caption":"Kuva luontoluokasta, jossa opiskelijat opiskelevat ja taustalle on heijastettu luontokuva kes\u00e4isest\u00e4 mets\u00e4st\u00e4."},{"@type":"BreadcrumbList","@id":"https:\/\/blogs.uef.fi\/fclab-lukio\/etusivu\/#breadcrumb","itemListElement":[{"@type":"ListItem","position":1,"name":"Home","item":"https:\/\/blogs.uef.fi\/fclab-lukio\/"},{"@type":"ListItem","position":2,"name":"Aiemmat FCLab.lukio-hankkeet"}]},{"@type":"WebSite","@id":"https:\/\/blogs.uef.fi\/fclab-lukio\/#website","url":"https:\/\/blogs.uef.fi\/fclab-lukio\/","name":"FCLab lukio","description":"","potentialAction":[{"@type":"SearchAction","target":{"@type":"EntryPoint","urlTemplate":"https:\/\/blogs.uef.fi\/fclab-lukio\/?s={search_term_string}"},"query-input":{"@type":"PropertyValueSpecification","valueRequired":true,"valueName":"search_term_string"}}],"inLanguage":"fi"}]}},"_links":{"self":[{"href":"https:\/\/blogs.uef.fi\/fclab-lukio\/wp-json\/wp\/v2\/pages\/7","targetHints":{"allow":["GET"]}}],"collection":[{"href":"https:\/\/blogs.uef.fi\/fclab-lukio\/wp-json\/wp\/v2\/pages"}],"about":[{"href":"https:\/\/blogs.uef.fi\/fclab-lukio\/wp-json\/wp\/v2\/types\/page"}],"author":[{"embeddable":true,"href":"https:\/\/blogs.uef.fi\/fclab-lukio\/wp-json\/wp\/v2\/users\/1"}],"replies":[{"embeddable":true,"href":"https:\/\/blogs.uef.fi\/fclab-lukio\/wp-json\/wp\/v2\/comments?post=7"}],"version-history":[{"count":2,"href":"https:\/\/blogs.uef.fi\/fclab-lukio\/wp-json\/wp\/v2\/pages\/7\/revisions"}],"predecessor-version":[{"id":1306,"href":"https:\/\/blogs.uef.fi\/fclab-lukio\/wp-json\/wp\/v2\/pages\/7\/revisions\/1306"}],"wp:featuredmedia":[{"embeddable":true,"href":"https:\/\/blogs.uef.fi\/fclab-lukio\/wp-json\/wp\/v2\/media\/363"}],"wp:attachment":[{"href":"https:\/\/blogs.uef.fi\/fclab-lukio\/wp-json\/wp\/v2\/media?parent=7"}],"curies":[{"name":"wp","href":"https:\/\/api.w.org\/{rel}","templated":true}]}}