{"id":73,"date":"2018-11-27T14:37:24","date_gmt":"2018-11-27T12:37:24","guid":{"rendered":"https:\/\/blogs.uef.fi\/envirolatam\/?page_id=73"},"modified":"2023-09-07T18:27:46","modified_gmt":"2023-09-07T15:27:46","slug":"environment-society-and-development-in-latin-america-research-group-esdla","status":"publish","type":"page","link":"https:\/\/blogs.uef.fi\/envirolatam\/environment-society-and-development-in-latin-america-research-group-esdla\/","title":{"rendered":"About ESDLA"},"content":{"rendered":"<div id=\"attachment_75\" style=\"width: 484px\" class=\"wp-caption aligncenter\"><img loading=\"lazy\" decoding=\"async\" aria-describedby=\"caption-attachment-75\" class=\"wp-image-75 size-large\" src=\"https:\/\/blogs.uef.fi\/envirolatam\/wp-content\/uploads\/sites\/85\/2018\/11\/IMG_20160725_162416645-1024x576.jpg\" alt=\"\" width=\"474\" height=\"267\" srcset=\"https:\/\/blogs.uef.fi\/envirolatam\/wp-content\/uploads\/sites\/85\/2018\/11\/IMG_20160725_162416645-1024x576.jpg 1024w, https:\/\/blogs.uef.fi\/envirolatam\/wp-content\/uploads\/sites\/85\/2018\/11\/IMG_20160725_162416645-300x169.jpg 300w, https:\/\/blogs.uef.fi\/envirolatam\/wp-content\/uploads\/sites\/85\/2018\/11\/IMG_20160725_162416645-768x432.jpg 768w\" sizes=\"auto, (max-width: 474px) 100vw, 474px\" \/><p id=\"caption-attachment-75\" class=\"wp-caption-text\">Santa Mar\u00eda del Lago wetland in Bogot\u00e1, Colombia. Photo: Germ\u00e1n A. Quimbayo Ruiz (2016)<\/p><\/div>\n<p><strong>Environment, Society and Development in Latin America Research Group-ESDLA:<\/strong><\/p>\n<p style=\"text-align: justify\">We are a research group at the University of Eastern Finland, focusing on a variety of issues dealing with the relations and interplay of society and the environment in Latin America from the perspectives of environmental politics, human geography, and sociology. We critically examine how development is conceptualized and promoted in the region, as well as the material impacts of these processes. We investigate societal contestations and power relations related to topics such as forestry, hydropower construction, nature conservation, and urban nature. Our research is currently focused on a number of Latin American countries: Bolivia, Colombia, Ecuador, Mexico and Peru, and we most typically examine the issues of environment, society, and development through local case studies.<\/p>\n<p>(More info soon)<\/p>\n","protected":false},"excerpt":{"rendered":"<p>Environment, Society and Development in Latin America Research Group-ESDLA: We are a research group at the University of Eastern Finland, focusing on a variety of issues dealing with the relations and interplay of society and the environment in Latin America from the perspectives of environmental politics, human geography, and sociology. We critically examine how development [&hellip;]<\/p>\n","protected":false},"author":233,"featured_media":0,"parent":0,"menu_order":0,"comment_status":"closed","ping_status":"closed","template":"","meta":{"_acf_changed":false,"footnotes":""},"class_list":["post-73","page","type-page","status-publish","hentry"],"acf":[],"yoast_head":"<!-- This site is optimized with the Yoast SEO plugin v27.1.1 - https:\/\/yoast.com\/product\/yoast-seo-wordpress\/ -->\n<title>About ESDLA - ESDLA blog &amp; research<\/title>\n<meta name=\"robots\" content=\"index, follow, max-snippet:-1, max-image-preview:large, max-video-preview:-1\" \/>\n<link rel=\"canonical\" href=\"https:\/\/blogs.uef.fi\/envirolatam\/environment-society-and-development-in-latin-america-research-group-esdla\/\" \/>\n<meta property=\"og:locale\" content=\"en_US\" \/>\n<meta property=\"og:type\" content=\"article\" \/>\n<meta property=\"og:title\" content=\"About ESDLA - ESDLA blog &amp; research\" \/>\n<meta property=\"og:description\" content=\"Environment, Society and Development in Latin America Research Group-ESDLA: We are a research group at the University of Eastern Finland, focusing on a variety of issues dealing with the relations and interplay of society and the environment in Latin America from the perspectives of environmental politics, human geography, and sociology. We critically examine how development [&hellip;]\" \/>\n<meta property=\"og:url\" content=\"https:\/\/blogs.uef.fi\/envirolatam\/environment-society-and-development-in-latin-america-research-group-esdla\/\" \/>\n<meta property=\"og:site_name\" content=\"ESDLA blog &amp; research\" \/>\n<meta property=\"article:modified_time\" content=\"2023-09-07T15:27:46+00:00\" \/>\n<meta property=\"og:image\" content=\"https:\/\/blogs.uef.fi\/envirolatam\/wp-content\/uploads\/sites\/85\/2018\/11\/IMG_20160725_162416645-1024x576.jpg\" \/>\n<meta name=\"twitter:card\" content=\"summary_large_image\" \/>\n<meta name=\"twitter:label1\" content=\"Est. reading time\" \/>\n\t<meta name=\"twitter:data1\" content=\"1 minute\" \/>\n<script type=\"application\/ld+json\" class=\"yoast-schema-graph\">{\"@context\":\"https:\/\/schema.org\",\"@graph\":[{\"@type\":\"WebPage\",\"@id\":\"https:\/\/blogs.uef.fi\/envirolatam\/environment-society-and-development-in-latin-america-research-group-esdla\/\",\"url\":\"https:\/\/blogs.uef.fi\/envirolatam\/environment-society-and-development-in-latin-america-research-group-esdla\/\",\"name\":\"About ESDLA - ESDLA blog &amp; research\",\"isPartOf\":{\"@id\":\"https:\/\/blogs.uef.fi\/envirolatam\/#website\"},\"primaryImageOfPage\":{\"@id\":\"https:\/\/blogs.uef.fi\/envirolatam\/environment-society-and-development-in-latin-america-research-group-esdla\/#primaryimage\"},\"image\":{\"@id\":\"https:\/\/blogs.uef.fi\/envirolatam\/environment-society-and-development-in-latin-america-research-group-esdla\/#primaryimage\"},\"thumbnailUrl\":\"https:\/\/blogs.uef.fi\/envirolatam\/wp-content\/uploads\/sites\/85\/2018\/11\/IMG_20160725_162416645-1024x576.jpg\",\"datePublished\":\"2018-11-27T12:37:24+00:00\",\"dateModified\":\"2023-09-07T15:27:46+00:00\",\"breadcrumb\":{\"@id\":\"https:\/\/blogs.uef.fi\/envirolatam\/environment-society-and-development-in-latin-america-research-group-esdla\/#breadcrumb\"},\"inLanguage\":\"en-US\",\"potentialAction\":[{\"@type\":\"ReadAction\",\"target\":[\"https:\/\/blogs.uef.fi\/envirolatam\/environment-society-and-development-in-latin-america-research-group-esdla\/\"]}]},{\"@type\":\"ImageObject\",\"inLanguage\":\"en-US\",\"@id\":\"https:\/\/blogs.uef.fi\/envirolatam\/environment-society-and-development-in-latin-america-research-group-esdla\/#primaryimage\",\"url\":\"https:\/\/blogs.uef.fi\/envirolatam\/wp-content\/uploads\/sites\/85\/2018\/11\/IMG_20160725_162416645.jpg\",\"contentUrl\":\"https:\/\/blogs.uef.fi\/envirolatam\/wp-content\/uploads\/sites\/85\/2018\/11\/IMG_20160725_162416645.jpg\",\"width\":4160,\"height\":2340},{\"@type\":\"BreadcrumbList\",\"@id\":\"https:\/\/blogs.uef.fi\/envirolatam\/environment-society-and-development-in-latin-america-research-group-esdla\/#breadcrumb\",\"itemListElement\":[{\"@type\":\"ListItem\",\"position\":1,\"name\":\"Home\",\"item\":\"https:\/\/blogs.uef.fi\/envirolatam\/\"},{\"@type\":\"ListItem\",\"position\":2,\"name\":\"About ESDLA\"}]},{\"@type\":\"WebSite\",\"@id\":\"https:\/\/blogs.uef.fi\/envirolatam\/#website\",\"url\":\"https:\/\/blogs.uef.fi\/envirolatam\/\",\"name\":\"ESDLA blog &amp; research\",\"description\":\"\",\"potentialAction\":[{\"@type\":\"SearchAction\",\"target\":{\"@type\":\"EntryPoint\",\"urlTemplate\":\"https:\/\/blogs.uef.fi\/envirolatam\/?s={search_term_string}\"},\"query-input\":{\"@type\":\"PropertyValueSpecification\",\"valueRequired\":true,\"valueName\":\"search_term_string\"}}],\"inLanguage\":\"en-US\"}]}<\/script>\n<!-- \/ Yoast SEO plugin. -->","yoast_head_json":{"title":"About ESDLA - ESDLA blog &amp; research","robots":{"index":"index","follow":"follow","max-snippet":"max-snippet:-1","max-image-preview":"max-image-preview:large","max-video-preview":"max-video-preview:-1"},"canonical":"https:\/\/blogs.uef.fi\/envirolatam\/environment-society-and-development-in-latin-america-research-group-esdla\/","og_locale":"en_US","og_type":"article","og_title":"About ESDLA - ESDLA blog &amp; research","og_description":"Environment, Society and Development in Latin America Research Group-ESDLA: We are a research group at the University of Eastern Finland, focusing on a variety of issues dealing with the relations and interplay of society and the environment in Latin America from the perspectives of environmental politics, human geography, and sociology. We critically examine how development [&hellip;]","og_url":"https:\/\/blogs.uef.fi\/envirolatam\/environment-society-and-development-in-latin-america-research-group-esdla\/","og_site_name":"ESDLA blog &amp; research","article_modified_time":"2023-09-07T15:27:46+00:00","og_image":[{"url":"https:\/\/blogs.uef.fi\/envirolatam\/wp-content\/uploads\/sites\/85\/2018\/11\/IMG_20160725_162416645-1024x576.jpg","type":"","width":"","height":""}],"twitter_card":"summary_large_image","twitter_misc":{"Est. reading time":"1 minute"},"schema":{"@context":"https:\/\/schema.org","@graph":[{"@type":"WebPage","@id":"https:\/\/blogs.uef.fi\/envirolatam\/environment-society-and-development-in-latin-america-research-group-esdla\/","url":"https:\/\/blogs.uef.fi\/envirolatam\/environment-society-and-development-in-latin-america-research-group-esdla\/","name":"About ESDLA - ESDLA blog &amp; research","isPartOf":{"@id":"https:\/\/blogs.uef.fi\/envirolatam\/#website"},"primaryImageOfPage":{"@id":"https:\/\/blogs.uef.fi\/envirolatam\/environment-society-and-development-in-latin-america-research-group-esdla\/#primaryimage"},"image":{"@id":"https:\/\/blogs.uef.fi\/envirolatam\/environment-society-and-development-in-latin-america-research-group-esdla\/#primaryimage"},"thumbnailUrl":"https:\/\/blogs.uef.fi\/envirolatam\/wp-content\/uploads\/sites\/85\/2018\/11\/IMG_20160725_162416645-1024x576.jpg","datePublished":"2018-11-27T12:37:24+00:00","dateModified":"2023-09-07T15:27:46+00:00","breadcrumb":{"@id":"https:\/\/blogs.uef.fi\/envirolatam\/environment-society-and-development-in-latin-america-research-group-esdla\/#breadcrumb"},"inLanguage":"en-US","potentialAction":[{"@type":"ReadAction","target":["https:\/\/blogs.uef.fi\/envirolatam\/environment-society-and-development-in-latin-america-research-group-esdla\/"]}]},{"@type":"ImageObject","inLanguage":"en-US","@id":"https:\/\/blogs.uef.fi\/envirolatam\/environment-society-and-development-in-latin-america-research-group-esdla\/#primaryimage","url":"https:\/\/blogs.uef.fi\/envirolatam\/wp-content\/uploads\/sites\/85\/2018\/11\/IMG_20160725_162416645.jpg","contentUrl":"https:\/\/blogs.uef.fi\/envirolatam\/wp-content\/uploads\/sites\/85\/2018\/11\/IMG_20160725_162416645.jpg","width":4160,"height":2340},{"@type":"BreadcrumbList","@id":"https:\/\/blogs.uef.fi\/envirolatam\/environment-society-and-development-in-latin-america-research-group-esdla\/#breadcrumb","itemListElement":[{"@type":"ListItem","position":1,"name":"Home","item":"https:\/\/blogs.uef.fi\/envirolatam\/"},{"@type":"ListItem","position":2,"name":"About ESDLA"}]},{"@type":"WebSite","@id":"https:\/\/blogs.uef.fi\/envirolatam\/#website","url":"https:\/\/blogs.uef.fi\/envirolatam\/","name":"ESDLA blog &amp; research","description":"","potentialAction":[{"@type":"SearchAction","target":{"@type":"EntryPoint","urlTemplate":"https:\/\/blogs.uef.fi\/envirolatam\/?s={search_term_string}"},"query-input":{"@type":"PropertyValueSpecification","valueRequired":true,"valueName":"search_term_string"}}],"inLanguage":"en-US"}]}},"_links":{"self":[{"href":"https:\/\/blogs.uef.fi\/envirolatam\/wp-json\/wp\/v2\/pages\/73","targetHints":{"allow":["GET"]}}],"collection":[{"href":"https:\/\/blogs.uef.fi\/envirolatam\/wp-json\/wp\/v2\/pages"}],"about":[{"href":"https:\/\/blogs.uef.fi\/envirolatam\/wp-json\/wp\/v2\/types\/page"}],"author":[{"embeddable":true,"href":"https:\/\/blogs.uef.fi\/envirolatam\/wp-json\/wp\/v2\/users\/233"}],"replies":[{"embeddable":true,"href":"https:\/\/blogs.uef.fi\/envirolatam\/wp-json\/wp\/v2\/comments?post=73"}],"version-history":[{"count":3,"href":"https:\/\/blogs.uef.fi\/envirolatam\/wp-json\/wp\/v2\/pages\/73\/revisions"}],"predecessor-version":[{"id":939,"href":"https:\/\/blogs.uef.fi\/envirolatam\/wp-json\/wp\/v2\/pages\/73\/revisions\/939"}],"wp:attachment":[{"href":"https:\/\/blogs.uef.fi\/envirolatam\/wp-json\/wp\/v2\/media?parent=73"}],"curies":[{"name":"wp","href":"https:\/\/api.w.org\/{rel}","templated":true}]}}