{"id":406,"date":"2021-09-21T15:43:59","date_gmt":"2021-09-21T12:43:59","guid":{"rendered":"https:\/\/blogs.uef.fi\/eastmeetswest\/?page_id=406"},"modified":"2024-11-04T18:11:51","modified_gmt":"2024-11-04T15:11:51","slug":"events","status":"publish","type":"page","link":"https:\/\/blogs.uef.fi\/eastmeetswest\/events\/","title":{"rendered":"Upcoming Events"},"content":{"rendered":"\n<div class=\"wp-block-group is-layout-flow wp-block-group-is-layout-flow\">\n<div class=\"wp-block-columns is-layout-flex wp-container-core-columns-is-layout-9d6595d7 wp-block-columns-is-layout-flex\">\n<div class=\"wp-block-column is-layout-flow wp-block-column-is-layout-flow\" style=\"flex-basis:100%\"><\/div>\n<\/div>\n\n\n\n<div class=\"wp-block-columns is-layout-flex wp-container-core-columns-is-layout-9d6595d7 wp-block-columns-is-layout-flex\">\n<div class=\"wp-block-column is-layout-flow wp-block-column-is-layout-flow\" style=\"flex-basis:100%\">\n<div class=\"wp-block-columns is-layout-flex wp-container-core-columns-is-layout-9d6595d7 wp-block-columns-is-layout-flex\">\n<div class=\"wp-block-column is-layout-flow wp-block-column-is-layout-flow\">\n<p><strong>FT00DE94 Churches and Politics in and About Ukraine:<\/strong> <strong>Churches in Contact and Collision<\/strong><\/p>\n\n\n\n<p><strong>Register online through Peppi<\/strong> (course code: FT00DE94-3003) <strong>by 22 October 2024, 11:59 PM<\/strong>.<\/p>\n\n\n\n<p><strong>Coordinating Teacher<\/strong>: Dos. Heta Hurskainen<\/p>\n\n\n\n<p>Welcome to participate in the lectures on Ukrainian and Russian churches\u2019 roles and positions! The course deals with church\u2013state relations and the state\u2019s religious policy in the Soviet Union, Ukraine, Russia, with particular emphasis on the 2000-2024.<\/p>\n\n\n\n<p>Lecturers: Prof. Jennifer Wasmuth (G\u00f6ttingen, Germany), Dos. Teuvo Laitila (Joensuu), Dos. Mikko Ketola (Helsinki), PhD Andriy Fert (Kiev, Ukraine), Dos. Heta Hurskainen (Joensuu)<\/p>\n\n\n\n<p><strong>Lectures on Tuesdays and Thursdays, at 12.15-13.45.<\/strong><\/p>\n\n\n\n<p><strong>Place: <\/strong>AT 102 or AT 104. Zoom available for those not registered as UEF (Joensuu) students.<\/p>\n\n\n\n<p>Oct 24<\/p>\n\n\n\n<p><em>Between decline and rise. The Russian Orthodox Church in the 19th\/20th century<\/em>.<\/p>\n\n\n\n<p>&#8211; Prof. Jennifer Wasmuth, AT 104<\/p>\n\n\n\n<p>Oct <em>31<\/em><\/p>\n\n\n\n<p><em>The Russian Orthodox Church as &#8216;The Moralist International&#8217;? A Critical Evaluation of a Recent Religious Sociological Thesis<\/em><\/p>\n\n\n\n<p>&#8211; Prof. Jennifer Wasmuth, AT 102<\/p>\n\n\n\n<p>Nov 5<\/p>\n\n\n\n<p><em>Ukrainian dissent between Soviet authorities and the West: a case study (Romanjuk?)<\/em><\/p>\n\n\n\n<p>&#8211; Dos. Teuvo Laitila, AT 102<\/p>\n\n\n\n<p>Nov 7<\/p>\n\n\n\n<p><em>Ukrainian domestic and diaspora nationalism and the legacy of WWII in relation to the Holocaust (since 1991)<\/em><\/p>\n\n\n\n<p>&#8211; Dos. Teuvo Laitila, AT 102<\/p>\n\n\n\n<p>Nov 12<\/p>\n\n\n\n<p><em>The Ukrainian Greek Catholic Church and Its Views on the Russian Orthodox Church<\/em><\/p>\n\n\n\n<p>&#8211; Dos. Mikko Ketola, AT 102<\/p>\n\n\n\n<p>Nov 14<\/p>\n\n\n\n<p><em>Spiritual Security in Ukraine and Churches Discussing Peace (2022-)<\/em><\/p>\n\n\n\n<p>&#8211; Dos. Heta Hurskainen, AT 102<\/p>\n\n\n\n<p>Nov 19<\/p>\n\n\n\n<p><em>Russian Orthodox Church\u2019s Human Rights discourse from 1990 onwards in its relations with Ukraine<\/em><\/p>\n\n\n\n<p>&#8211; Dos. Heta Hurskainen, AT 102<\/p>\n\n\n\n<p>Nov 21<\/p>\n\n\n\n<p><em>The Ukrainian Greek Catholic Church and Pope Francis<\/em><\/p>\n\n\n\n<p>&#8211; Dos. Mikko Ketola, AT 102<\/p>\n\n\n\n<p>Nov 26<\/p>\n\n\n\n<p><em>(Not) leaving the \u00abMoscow Church\u00bb: Orthodox Christian parishes during the Russian Invasion<\/em><\/p>\n\n\n\n<p>&#8211; PhD Andriy Fert, AT 104<\/p>\n\n\n\n<p>Nov 28<\/p>\n\n\n\n<p><em>Church History and National Identity or why does Ukraine decolonize religion?<\/em> &#8211; PhD Andriy Fert, AT 102<\/p>\n\n\n\n<p>Kurssi kuuluu my\u00f6s valtakunnallisten, Aleksanteri-instituutin koordinoimien VIExpert-asiantuntijaopintojen opetusohjelmaan ja on saanut rahoitusta VIE-yliopistoverkostolta\u201d<\/p>\n<\/div>\n\n\n\n<div class=\"wp-block-column is-layout-flow wp-block-column-is-layout-flow\"><\/div>\n<\/div>\n<\/div>\n<\/div>\n<\/div>\n\n\n\n<h2 class=\"wp-block-heading\"><strong>Past Events<\/strong><\/h2>\n\n\n\n<figure class=\"wp-block-image size-full\"><img loading=\"lazy\" decoding=\"async\" width=\"260\" height=\"400\" src=\"https:\/\/blogs.uef.fi\/eastmeetswest\/wp-content\/uploads\/sites\/162\/2023\/12\/image-1.png\" alt=\"\" class=\"wp-image-1215\" srcset=\"https:\/\/blogs.uef.fi\/eastmeetswest\/wp-content\/uploads\/sites\/162\/2023\/12\/image-1.png 260w, https:\/\/blogs.uef.fi\/eastmeetswest\/wp-content\/uploads\/sites\/162\/2023\/12\/image-1-195x300.png 195w\" sizes=\"auto, (max-width: 260px) 100vw, 260px\" \/><\/figure>\n\n\n\n<h4 class=\"wp-block-heading\">Kirkot ja sota Ukrainassa -webinaari<\/h4>\n\n\n\n<p>Tervetuloa webinaariin Kirkot ja sota Ukrainassa. Webinaarissa alustavat TT Heta Hurskainen ja dos. Teuvo Laitila. Tilaisuuden juontaa Rony Ojaj\u00e4rvi.&nbsp;<\/p>\n\n\n\n<p>Tilaisuuden tallenne on katsottavissa Karjalan teologisen seuran YouTube kanavalla: &nbsp;<a href=\"https:\/\/youtu.be\/gLxcG_Lr7Z8\">https:\/\/youtu.be\/gLxcG_Lr7Z8<\/a><\/p>\n\n\n\n<h2 class=\"wp-block-heading\"><strong>11.\u201312.11.2021 Ortodoksisuus ja rajat: 5. Ortodoksisuuden tutkijana -symposiumi<\/strong><\/h2>\n\n\n\n<blockquote class=\"wp-block-quote is-layout-flow wp-block-quote-is-layout-flow\">\n<p>It\u00e4-Suomen yliopiston teologian osasto kutsuu esitelmi\u00e4 viidenteen Ortodoksisuuden tutkijana -symposiumiin, joka j\u00e4rjestet\u00e4\u00e4n Joensuussa 11.\u201312.11.2021 It\u00e4-Suomen yliopistolla (Agora, AG101). Symposiumi on osa teologian osaston East meets West -tapahtumien sarjaa.<\/p>\n<\/blockquote>\n\n\n\n<div class=\"wp-block-group is-layout-flow wp-block-group-is-layout-flow\">\n<p><\/p>\n\n\n\n<h3 class=\"wp-block-heading\"><\/h3>\n\n\n\n<h2 class=\"wp-block-heading\"><strong>10.12.2021 Homosexuality and LGBTQ+ rights from different Christian perspectives<\/strong><\/h2>\n<\/div>\n\n\n\n<blockquote class=\"wp-block-quote is-layout-flow wp-block-quote-is-layout-flow\">\n<p>What kind of perspectives do Christian churches and communities have on homosexuality and LGBTQ+ rights? How are they visible in congregational life? The School of Theology invites audience to take part in a seminar in which these questions are analyzed. The seminar begins with an academic session (in English) and concludes with a pastoral panel discussion (in Finnish). The seminar is part of the East Meets West event series at the School of Theology.<\/p>\n<\/blockquote>\n","protected":false},"excerpt":{"rendered":"<p>FT00DE94 Churches and Politics in and About Ukraine: Churches in Contact and Collision Register online through Peppi (course code: FT00DE94-3003) by 22 October 2024, 11:59 PM. Coordinating Teacher: Dos. Heta Hurskainen Welcome to participate in the lectures on Ukrainian and Russian churches\u2019 roles and positions! The course deals with church\u2013state relations and the state\u2019s religious [&hellip;]<\/p>\n","protected":false},"author":1,"featured_media":0,"parent":0,"menu_order":0,"comment_status":"closed","ping_status":"closed","template":"","meta":{"_acf_changed":false,"footnotes":""},"class_list":["post-406","page","type-page","status-publish","hentry"],"acf":[],"yoast_head":"<!-- This site is optimized with the Yoast SEO plugin v27.1.1 - https:\/\/yoast.com\/product\/yoast-seo-wordpress\/ -->\n<title>Upcoming Events - East Meets West<\/title>\n<meta name=\"robots\" content=\"index, follow, max-snippet:-1, max-image-preview:large, max-video-preview:-1\" \/>\n<link rel=\"canonical\" href=\"https:\/\/blogs.uef.fi\/eastmeetswest\/events\/\" \/>\n<meta property=\"og:locale\" content=\"en_US\" \/>\n<meta property=\"og:type\" content=\"article\" \/>\n<meta property=\"og:title\" content=\"Upcoming Events - East Meets West\" \/>\n<meta property=\"og:description\" content=\"FT00DE94 Churches and Politics in and About Ukraine: Churches in Contact and Collision Register online through Peppi (course code: FT00DE94-3003) by 22 October 2024, 11:59 PM. Coordinating Teacher: Dos. Heta Hurskainen Welcome to participate in the lectures on Ukrainian and Russian churches\u2019 roles and positions! The course deals with church\u2013state relations and the state\u2019s religious [&hellip;]\" \/>\n<meta property=\"og:url\" content=\"https:\/\/blogs.uef.fi\/eastmeetswest\/events\/\" \/>\n<meta property=\"og:site_name\" content=\"East Meets West\" \/>\n<meta property=\"article:modified_time\" content=\"2024-11-04T15:11:51+00:00\" \/>\n<meta property=\"og:image\" content=\"https:\/\/blogs.uef.fi\/eastmeetswest\/wp-content\/uploads\/sites\/162\/2023\/12\/image-1.png\" \/>\n\t<meta property=\"og:image:width\" content=\"260\" \/>\n\t<meta property=\"og:image:height\" content=\"400\" \/>\n\t<meta property=\"og:image:type\" content=\"image\/png\" \/>\n<meta name=\"twitter:card\" content=\"summary_large_image\" \/>\n<meta name=\"twitter:label1\" content=\"Est. reading time\" \/>\n\t<meta name=\"twitter:data1\" content=\"2 minutes\" \/>\n<script type=\"application\/ld+json\" class=\"yoast-schema-graph\">{\"@context\":\"https:\/\/schema.org\",\"@graph\":[{\"@type\":\"WebPage\",\"@id\":\"https:\/\/blogs.uef.fi\/eastmeetswest\/events\/\",\"url\":\"https:\/\/blogs.uef.fi\/eastmeetswest\/events\/\",\"name\":\"Upcoming Events - East Meets West\",\"isPartOf\":{\"@id\":\"https:\/\/blogs.uef.fi\/eastmeetswest\/#website\"},\"primaryImageOfPage\":{\"@id\":\"https:\/\/blogs.uef.fi\/eastmeetswest\/events\/#primaryimage\"},\"image\":{\"@id\":\"https:\/\/blogs.uef.fi\/eastmeetswest\/events\/#primaryimage\"},\"thumbnailUrl\":\"https:\/\/blogs.uef.fi\/eastmeetswest\/wp-content\/uploads\/sites\/162\/2023\/12\/image-1.png\",\"datePublished\":\"2021-09-21T12:43:59+00:00\",\"dateModified\":\"2024-11-04T15:11:51+00:00\",\"breadcrumb\":{\"@id\":\"https:\/\/blogs.uef.fi\/eastmeetswest\/events\/#breadcrumb\"},\"inLanguage\":\"en-US\",\"potentialAction\":[{\"@type\":\"ReadAction\",\"target\":[\"https:\/\/blogs.uef.fi\/eastmeetswest\/events\/\"]}]},{\"@type\":\"ImageObject\",\"inLanguage\":\"en-US\",\"@id\":\"https:\/\/blogs.uef.fi\/eastmeetswest\/events\/#primaryimage\",\"url\":\"https:\/\/blogs.uef.fi\/eastmeetswest\/wp-content\/uploads\/sites\/162\/2023\/12\/image-1.png\",\"contentUrl\":\"https:\/\/blogs.uef.fi\/eastmeetswest\/wp-content\/uploads\/sites\/162\/2023\/12\/image-1.png\",\"width\":260,\"height\":400},{\"@type\":\"BreadcrumbList\",\"@id\":\"https:\/\/blogs.uef.fi\/eastmeetswest\/events\/#breadcrumb\",\"itemListElement\":[{\"@type\":\"ListItem\",\"position\":1,\"name\":\"Home\",\"item\":\"https:\/\/blogs.uef.fi\/eastmeetswest\/\"},{\"@type\":\"ListItem\",\"position\":2,\"name\":\"Upcoming Events\"}]},{\"@type\":\"WebSite\",\"@id\":\"https:\/\/blogs.uef.fi\/eastmeetswest\/#website\",\"url\":\"https:\/\/blogs.uef.fi\/eastmeetswest\/\",\"name\":\"East Meets West\",\"description\":\"\",\"potentialAction\":[{\"@type\":\"SearchAction\",\"target\":{\"@type\":\"EntryPoint\",\"urlTemplate\":\"https:\/\/blogs.uef.fi\/eastmeetswest\/?s={search_term_string}\"},\"query-input\":{\"@type\":\"PropertyValueSpecification\",\"valueRequired\":true,\"valueName\":\"search_term_string\"}}],\"inLanguage\":\"en-US\"}]}<\/script>\n<!-- \/ Yoast SEO plugin. -->","yoast_head_json":{"title":"Upcoming Events - East Meets West","robots":{"index":"index","follow":"follow","max-snippet":"max-snippet:-1","max-image-preview":"max-image-preview:large","max-video-preview":"max-video-preview:-1"},"canonical":"https:\/\/blogs.uef.fi\/eastmeetswest\/events\/","og_locale":"en_US","og_type":"article","og_title":"Upcoming Events - East Meets West","og_description":"FT00DE94 Churches and Politics in and About Ukraine: Churches in Contact and Collision Register online through Peppi (course code: FT00DE94-3003) by 22 October 2024, 11:59 PM. Coordinating Teacher: Dos. Heta Hurskainen Welcome to participate in the lectures on Ukrainian and Russian churches\u2019 roles and positions! The course deals with church\u2013state relations and the state\u2019s religious [&hellip;]","og_url":"https:\/\/blogs.uef.fi\/eastmeetswest\/events\/","og_site_name":"East Meets West","article_modified_time":"2024-11-04T15:11:51+00:00","og_image":[{"width":260,"height":400,"url":"https:\/\/blogs.uef.fi\/eastmeetswest\/wp-content\/uploads\/sites\/162\/2023\/12\/image-1.png","type":"image\/png"}],"twitter_card":"summary_large_image","twitter_misc":{"Est. reading time":"2 minutes"},"schema":{"@context":"https:\/\/schema.org","@graph":[{"@type":"WebPage","@id":"https:\/\/blogs.uef.fi\/eastmeetswest\/events\/","url":"https:\/\/blogs.uef.fi\/eastmeetswest\/events\/","name":"Upcoming Events - East Meets West","isPartOf":{"@id":"https:\/\/blogs.uef.fi\/eastmeetswest\/#website"},"primaryImageOfPage":{"@id":"https:\/\/blogs.uef.fi\/eastmeetswest\/events\/#primaryimage"},"image":{"@id":"https:\/\/blogs.uef.fi\/eastmeetswest\/events\/#primaryimage"},"thumbnailUrl":"https:\/\/blogs.uef.fi\/eastmeetswest\/wp-content\/uploads\/sites\/162\/2023\/12\/image-1.png","datePublished":"2021-09-21T12:43:59+00:00","dateModified":"2024-11-04T15:11:51+00:00","breadcrumb":{"@id":"https:\/\/blogs.uef.fi\/eastmeetswest\/events\/#breadcrumb"},"inLanguage":"en-US","potentialAction":[{"@type":"ReadAction","target":["https:\/\/blogs.uef.fi\/eastmeetswest\/events\/"]}]},{"@type":"ImageObject","inLanguage":"en-US","@id":"https:\/\/blogs.uef.fi\/eastmeetswest\/events\/#primaryimage","url":"https:\/\/blogs.uef.fi\/eastmeetswest\/wp-content\/uploads\/sites\/162\/2023\/12\/image-1.png","contentUrl":"https:\/\/blogs.uef.fi\/eastmeetswest\/wp-content\/uploads\/sites\/162\/2023\/12\/image-1.png","width":260,"height":400},{"@type":"BreadcrumbList","@id":"https:\/\/blogs.uef.fi\/eastmeetswest\/events\/#breadcrumb","itemListElement":[{"@type":"ListItem","position":1,"name":"Home","item":"https:\/\/blogs.uef.fi\/eastmeetswest\/"},{"@type":"ListItem","position":2,"name":"Upcoming Events"}]},{"@type":"WebSite","@id":"https:\/\/blogs.uef.fi\/eastmeetswest\/#website","url":"https:\/\/blogs.uef.fi\/eastmeetswest\/","name":"East Meets West","description":"","potentialAction":[{"@type":"SearchAction","target":{"@type":"EntryPoint","urlTemplate":"https:\/\/blogs.uef.fi\/eastmeetswest\/?s={search_term_string}"},"query-input":{"@type":"PropertyValueSpecification","valueRequired":true,"valueName":"search_term_string"}}],"inLanguage":"en-US"}]}},"_links":{"self":[{"href":"https:\/\/blogs.uef.fi\/eastmeetswest\/wp-json\/wp\/v2\/pages\/406","targetHints":{"allow":["GET"]}}],"collection":[{"href":"https:\/\/blogs.uef.fi\/eastmeetswest\/wp-json\/wp\/v2\/pages"}],"about":[{"href":"https:\/\/blogs.uef.fi\/eastmeetswest\/wp-json\/wp\/v2\/types\/page"}],"author":[{"embeddable":true,"href":"https:\/\/blogs.uef.fi\/eastmeetswest\/wp-json\/wp\/v2\/users\/1"}],"replies":[{"embeddable":true,"href":"https:\/\/blogs.uef.fi\/eastmeetswest\/wp-json\/wp\/v2\/comments?post=406"}],"version-history":[{"count":1,"href":"https:\/\/blogs.uef.fi\/eastmeetswest\/wp-json\/wp\/v2\/pages\/406\/revisions"}],"predecessor-version":[{"id":1258,"href":"https:\/\/blogs.uef.fi\/eastmeetswest\/wp-json\/wp\/v2\/pages\/406\/revisions\/1258"}],"wp:attachment":[{"href":"https:\/\/blogs.uef.fi\/eastmeetswest\/wp-json\/wp\/v2\/media?parent=406"}],"curies":[{"name":"wp","href":"https:\/\/api.w.org\/{rel}","templated":true}]}}