{"id":135,"date":"2022-02-10T09:48:03","date_gmt":"2022-02-10T07:48:03","guid":{"rendered":"https:\/\/blogs.uef.fi\/disturbances-and-biogeochemistry\/?page_id=135"},"modified":"2022-02-10T09:48:04","modified_gmt":"2022-02-10T07:48:04","slug":"biochar","status":"publish","type":"page","link":"https:\/\/blogs.uef.fi\/disturbances-and-biogeochemistry\/biochar\/","title":{"rendered":"BIOCHAR"},"content":{"rendered":"\n<p>\u201cBiochar as a tool for soil quality; can the biochar be used for increasing tree stand productivity and storing carbon into the soil\u201d is a project funded by the Foundation for Research of Natural Resources in Finland (<a href=\"http:\/\/www.luovasaa.fi\/\" target=\"_blank\" rel=\"noreferrer noopener\">Suomen Luonnonvarain tutkimuss\u00e4\u00e4ti\u00f6<\/a>) (2015-2018)<\/p>\n\n\n\n<p>The aim of this project is to study the effect of charcoal (industrially produced biochar) on the decomposition of SOM in boreal forests. We are studying the changes in the size and quality of soil carbon and nitrogen pools as a result of charcoal addition to soil. The aim is to know: a) how the amount of native SOM changes after biochar addition b) how sensitive is the de-composition of native SOM to the newly added charcoal c) how carbon and nitrogen accumulation and turnover in the soil and in the vegetation develop during the years following the charcoal application in the soil and d) how much the biochar addition increase the accumulation of biomass to the trees.<\/p>\n\n\n\n<p>Principal investigator:&nbsp;Prof. Jukka Pumpanen (University of Eastern Finland)<\/p>\n\n\n\n<p>Project members: Frank Berninger, Kajar K\u00f6ster, Egle K\u00f6ster, Marjo Palviainen<\/p>\n","protected":false},"excerpt":{"rendered":"<p>\u201cBiochar as a tool for soil quality; can the biochar be used for increasing tree stand productivity and storing carbon into the soil\u201d is a project funded by the Foundation for Research of Natural Resources in Finland (Suomen Luonnonvarain tutkimuss\u00e4\u00e4ti\u00f6) (2015-2018) The aim of this project is to study the effect of charcoal (industrially produced [&hellip;]<\/p>\n","protected":false},"author":535,"featured_media":0,"parent":0,"menu_order":0,"comment_status":"closed","ping_status":"closed","template":"","meta":{"_acf_changed":false,"footnotes":""},"class_list":["post-135","page","type-page","status-publish","hentry"],"acf":[],"yoast_head":"<!-- This site is optimized with the Yoast SEO plugin v27.1.1 - https:\/\/yoast.com\/product\/yoast-seo-wordpress\/ -->\n<title>BIOCHAR - Disturbances and Biogeochemistry for Ecosystem Services<\/title>\n<meta name=\"robots\" content=\"index, follow, max-snippet:-1, max-image-preview:large, max-video-preview:-1\" \/>\n<link rel=\"canonical\" href=\"https:\/\/blogs.uef.fi\/disturbances-and-biogeochemistry\/biochar\/\" \/>\n<meta property=\"og:locale\" content=\"en_US\" \/>\n<meta property=\"og:type\" content=\"article\" \/>\n<meta property=\"og:title\" content=\"BIOCHAR - Disturbances and Biogeochemistry for Ecosystem Services\" \/>\n<meta property=\"og:description\" content=\"\u201cBiochar as a tool for soil quality; can the biochar be used for increasing tree stand productivity and storing carbon into the soil\u201d is a project funded by the Foundation for Research of Natural Resources in Finland (Suomen Luonnonvarain tutkimuss\u00e4\u00e4ti\u00f6) (2015-2018) The aim of this project is to study the effect of charcoal (industrially produced [&hellip;]\" \/>\n<meta property=\"og:url\" content=\"https:\/\/blogs.uef.fi\/disturbances-and-biogeochemistry\/biochar\/\" \/>\n<meta property=\"og:site_name\" content=\"Disturbances and Biogeochemistry for Ecosystem Services\" \/>\n<meta property=\"article:modified_time\" content=\"2022-02-10T07:48:04+00:00\" \/>\n<meta name=\"twitter:card\" content=\"summary_large_image\" \/>\n<meta name=\"twitter:label1\" content=\"Est. reading time\" \/>\n\t<meta name=\"twitter:data1\" content=\"1 minute\" \/>\n<script type=\"application\/ld+json\" class=\"yoast-schema-graph\">{\"@context\":\"https:\/\/schema.org\",\"@graph\":[{\"@type\":\"WebPage\",\"@id\":\"https:\/\/blogs.uef.fi\/disturbances-and-biogeochemistry\/biochar\/\",\"url\":\"https:\/\/blogs.uef.fi\/disturbances-and-biogeochemistry\/biochar\/\",\"name\":\"BIOCHAR - Disturbances and Biogeochemistry for Ecosystem Services\",\"isPartOf\":{\"@id\":\"https:\/\/blogs.uef.fi\/disturbances-and-biogeochemistry\/#website\"},\"datePublished\":\"2022-02-10T07:48:03+00:00\",\"dateModified\":\"2022-02-10T07:48:04+00:00\",\"breadcrumb\":{\"@id\":\"https:\/\/blogs.uef.fi\/disturbances-and-biogeochemistry\/biochar\/#breadcrumb\"},\"inLanguage\":\"en-US\",\"potentialAction\":[{\"@type\":\"ReadAction\",\"target\":[\"https:\/\/blogs.uef.fi\/disturbances-and-biogeochemistry\/biochar\/\"]}]},{\"@type\":\"BreadcrumbList\",\"@id\":\"https:\/\/blogs.uef.fi\/disturbances-and-biogeochemistry\/biochar\/#breadcrumb\",\"itemListElement\":[{\"@type\":\"ListItem\",\"position\":1,\"name\":\"Home\",\"item\":\"https:\/\/blogs.uef.fi\/disturbances-and-biogeochemistry\/\"},{\"@type\":\"ListItem\",\"position\":2,\"name\":\"BIOCHAR\"}]},{\"@type\":\"WebSite\",\"@id\":\"https:\/\/blogs.uef.fi\/disturbances-and-biogeochemistry\/#website\",\"url\":\"https:\/\/blogs.uef.fi\/disturbances-and-biogeochemistry\/\",\"name\":\"Disturbances and Biogeochemistry for Ecosystem Services\",\"description\":\"\",\"potentialAction\":[{\"@type\":\"SearchAction\",\"target\":{\"@type\":\"EntryPoint\",\"urlTemplate\":\"https:\/\/blogs.uef.fi\/disturbances-and-biogeochemistry\/?s={search_term_string}\"},\"query-input\":{\"@type\":\"PropertyValueSpecification\",\"valueRequired\":true,\"valueName\":\"search_term_string\"}}],\"inLanguage\":\"en-US\"}]}<\/script>\n<!-- \/ Yoast SEO plugin. -->","yoast_head_json":{"title":"BIOCHAR - Disturbances and Biogeochemistry for Ecosystem Services","robots":{"index":"index","follow":"follow","max-snippet":"max-snippet:-1","max-image-preview":"max-image-preview:large","max-video-preview":"max-video-preview:-1"},"canonical":"https:\/\/blogs.uef.fi\/disturbances-and-biogeochemistry\/biochar\/","og_locale":"en_US","og_type":"article","og_title":"BIOCHAR - Disturbances and Biogeochemistry for Ecosystem Services","og_description":"\u201cBiochar as a tool for soil quality; can the biochar be used for increasing tree stand productivity and storing carbon into the soil\u201d is a project funded by the Foundation for Research of Natural Resources in Finland (Suomen Luonnonvarain tutkimuss\u00e4\u00e4ti\u00f6) (2015-2018) The aim of this project is to study the effect of charcoal (industrially produced [&hellip;]","og_url":"https:\/\/blogs.uef.fi\/disturbances-and-biogeochemistry\/biochar\/","og_site_name":"Disturbances and Biogeochemistry for Ecosystem Services","article_modified_time":"2022-02-10T07:48:04+00:00","twitter_card":"summary_large_image","twitter_misc":{"Est. reading time":"1 minute"},"schema":{"@context":"https:\/\/schema.org","@graph":[{"@type":"WebPage","@id":"https:\/\/blogs.uef.fi\/disturbances-and-biogeochemistry\/biochar\/","url":"https:\/\/blogs.uef.fi\/disturbances-and-biogeochemistry\/biochar\/","name":"BIOCHAR - Disturbances and Biogeochemistry for Ecosystem Services","isPartOf":{"@id":"https:\/\/blogs.uef.fi\/disturbances-and-biogeochemistry\/#website"},"datePublished":"2022-02-10T07:48:03+00:00","dateModified":"2022-02-10T07:48:04+00:00","breadcrumb":{"@id":"https:\/\/blogs.uef.fi\/disturbances-and-biogeochemistry\/biochar\/#breadcrumb"},"inLanguage":"en-US","potentialAction":[{"@type":"ReadAction","target":["https:\/\/blogs.uef.fi\/disturbances-and-biogeochemistry\/biochar\/"]}]},{"@type":"BreadcrumbList","@id":"https:\/\/blogs.uef.fi\/disturbances-and-biogeochemistry\/biochar\/#breadcrumb","itemListElement":[{"@type":"ListItem","position":1,"name":"Home","item":"https:\/\/blogs.uef.fi\/disturbances-and-biogeochemistry\/"},{"@type":"ListItem","position":2,"name":"BIOCHAR"}]},{"@type":"WebSite","@id":"https:\/\/blogs.uef.fi\/disturbances-and-biogeochemistry\/#website","url":"https:\/\/blogs.uef.fi\/disturbances-and-biogeochemistry\/","name":"Disturbances and Biogeochemistry for Ecosystem Services","description":"","potentialAction":[{"@type":"SearchAction","target":{"@type":"EntryPoint","urlTemplate":"https:\/\/blogs.uef.fi\/disturbances-and-biogeochemistry\/?s={search_term_string}"},"query-input":{"@type":"PropertyValueSpecification","valueRequired":true,"valueName":"search_term_string"}}],"inLanguage":"en-US"}]}},"_links":{"self":[{"href":"https:\/\/blogs.uef.fi\/disturbances-and-biogeochemistry\/wp-json\/wp\/v2\/pages\/135","targetHints":{"allow":["GET"]}}],"collection":[{"href":"https:\/\/blogs.uef.fi\/disturbances-and-biogeochemistry\/wp-json\/wp\/v2\/pages"}],"about":[{"href":"https:\/\/blogs.uef.fi\/disturbances-and-biogeochemistry\/wp-json\/wp\/v2\/types\/page"}],"author":[{"embeddable":true,"href":"https:\/\/blogs.uef.fi\/disturbances-and-biogeochemistry\/wp-json\/wp\/v2\/users\/535"}],"replies":[{"embeddable":true,"href":"https:\/\/blogs.uef.fi\/disturbances-and-biogeochemistry\/wp-json\/wp\/v2\/comments?post=135"}],"version-history":[{"count":1,"href":"https:\/\/blogs.uef.fi\/disturbances-and-biogeochemistry\/wp-json\/wp\/v2\/pages\/135\/revisions"}],"predecessor-version":[{"id":141,"href":"https:\/\/blogs.uef.fi\/disturbances-and-biogeochemistry\/wp-json\/wp\/v2\/pages\/135\/revisions\/141"}],"wp:attachment":[{"href":"https:\/\/blogs.uef.fi\/disturbances-and-biogeochemistry\/wp-json\/wp\/v2\/media?parent=135"}],"curies":[{"name":"wp","href":"https:\/\/api.w.org\/{rel}","templated":true}]}}