{"id":559,"date":"2020-09-25T08:12:26","date_gmt":"2020-09-25T05:12:26","guid":{"rendered":"https:\/\/blogs.uef.fi\/dequal\/?page_id=559"},"modified":"2021-03-18T10:52:03","modified_gmt":"2021-03-18T08:52:03","slug":"info","status":"publish","type":"page","link":"https:\/\/blogs.uef.fi\/dequal\/info\/","title":{"rendered":"DEQUAL"},"content":{"rendered":"<p>It\u00e4-Suomen yliopiston yhteiskuntatieteiden laitos ja Kaakkois-Suomen ammattikorkeakoulun Juvenia ovat k\u00e4ynnist\u00e4neet 1.9.2020 yhteisen tutkimushankkeen\u00a0<strong>Luokkaistuva digiyhteiskunta: Nuorten eriarvoistuvat el\u00e4m\u00e4t sosioteknologisissa imperatiiveissa ja kuvitelmissa (DEQUAL).<\/strong><\/p>\n<p><strong>DEQUAL \u2013 Capturing Digital Social Inequality.\u00a0<\/strong>Young Digi-natives\u2019 asymmetrical agencies within socio-technical imperatives and imaginaries.<\/p>\n<p>DEQUAL-hankkeen tavoitteina on:<br \/>\n\u2022 Tuoda esiin <em>mekanismeja ja rakenteita<\/em>, jotka digitalisaatioon kytketyist\u00e4 lupauksista ja mahdollisuuksista huolimatta edelleen yll\u00e4pit\u00e4v\u00e4t ja kasvattavat nuorten keskin\u00e4ist\u00e4 eriarvoistumiskehityst\u00e4 (jonka toteutumista ja eri puolia voimme havaita esimerkiksi koulutus-, ty\u00f6llistymis- tai osallistumistilastoja tarkasteltaessa). Hankkeessa huomio kiinnitet\u00e4\u00e4n nuorten <em>asuinpaikkaan kytkeytyv\u00e4\u00e4n eriarvoistumiskehitykseen<\/em> kokoamalla tutkimusaineistoja kolmelta hyvin erilaiselta paikkakunnalta.<br \/>\n\u2022 Analysoida <em>nuorten digitaalisia kulttuureita ja k\u00e4yt\u00e4nt\u00f6j\u00e4<\/em> ja niiden osuutta sek\u00e4 uudenlaisten digitaalisten kuilujen syntymisess\u00e4 ett\u00e4 niiden haastamisessa erilaisissa alueellisissa, paikallisissa ja virtuaalisissa el\u00e4misenymp\u00e4rist\u00f6iss\u00e4.<br \/>\n\u2022 Analysoida <em>digitalisaatioasymmetrian yhteiskunnallisia ja el\u00e4m\u00e4nkulullisia seurauksia<\/em> ja hahmottaa sit\u00e4 toimija-rakenne-vuorovaikutusta, jonka varassa uudenlainen digitaalinen kuilu on kehittynyt ja laajentunut.<\/p>\n<p>The aims of the project DEQUAL are:<br \/>\n\u2022 To analyze <em>mechanisms that produce and maintain inequalities among youth in a digital society<\/em>, that are seen in the statistics concerning societal marginalization, and to analyze <em>the asymmetrical ways young people living in three fundamentally different Finnish localities benefit digital opportunity structures<\/em>.<br \/>\n\u2022 To analyze <em>the differentiated practices of youth\u2019s digital culture<\/em> and <em>how these practices shape, reshape, and also aim at challenging unequal divides at different regional life-spheres, as well as in digital environments<\/em>.<br \/>\n\u2022 To analyze <em>both societal and life-course level consequences of these asymmetries<\/em>, and thus figure <em>how these structure-agent dialectics of the current \u201cdigital divide\u201d among youth are intertwined<\/em>.<\/p>\n<p>Projektin PI on P\u00e4ivi Armila It\u00e4-Suomen yliopistostosta. Kaakkois-Suomen ammattikorkeakoulun Juveniassa hanketta koordinoi Sari Tuuva-Hongisto. Syksyll\u00e4 2020 projektin tutkijana ty\u00f6skentelee Biljana Stankovic.<\/p>\n","protected":false},"excerpt":{"rendered":"<p>It\u00e4-Suomen yliopiston yhteiskuntatieteiden laitos ja Kaakkois-Suomen ammattikorkeakoulun Juvenia ovat k\u00e4ynnist\u00e4neet 1.9.2020 yhteisen tutkimushankkeen\u00a0Luokkaistuva digiyhteiskunta: Nuorten eriarvoistuvat el\u00e4m\u00e4t sosioteknologisissa imperatiiveissa ja kuvitelmissa (DEQUAL). DEQUAL \u2013 Capturing Digital Social Inequality.\u00a0Young Digi-natives\u2019 asymmetrical agencies within socio-technical imperatives and imaginaries. DEQUAL-hankkeen tavoitteina on: \u2022 Tuoda esiin mekanismeja ja rakenteita, jotka digitalisaatioon kytketyist\u00e4 lupauksista ja mahdollisuuksista huolimatta edelleen yll\u00e4pit\u00e4v\u00e4t ja [&hellip;]<\/p>\n","protected":false},"author":1,"featured_media":0,"parent":0,"menu_order":0,"comment_status":"closed","ping_status":"closed","template":"","meta":{"_acf_changed":false,"footnotes":""},"class_list":["post-559","page","type-page","status-publish","hentry"],"acf":[],"yoast_head":"<!-- This site is optimized with the Yoast SEO plugin v27.1.1 - https:\/\/yoast.com\/product\/yoast-seo-wordpress\/ -->\n<title>DEQUAL - DEQUAL<\/title>\n<meta name=\"robots\" content=\"index, follow, max-snippet:-1, max-image-preview:large, max-video-preview:-1\" \/>\n<link rel=\"canonical\" href=\"https:\/\/blogs.uef.fi\/dequal\/info\/\" \/>\n<meta property=\"og:locale\" content=\"fi_FI\" \/>\n<meta property=\"og:type\" content=\"article\" \/>\n<meta property=\"og:title\" content=\"DEQUAL - DEQUAL\" \/>\n<meta property=\"og:description\" content=\"It\u00e4-Suomen yliopiston yhteiskuntatieteiden laitos ja Kaakkois-Suomen ammattikorkeakoulun Juvenia ovat k\u00e4ynnist\u00e4neet 1.9.2020 yhteisen tutkimushankkeen\u00a0Luokkaistuva digiyhteiskunta: Nuorten eriarvoistuvat el\u00e4m\u00e4t sosioteknologisissa imperatiiveissa ja kuvitelmissa (DEQUAL). DEQUAL \u2013 Capturing Digital Social Inequality.\u00a0Young Digi-natives\u2019 asymmetrical agencies within socio-technical imperatives and imaginaries. DEQUAL-hankkeen tavoitteina on: \u2022 Tuoda esiin mekanismeja ja rakenteita, jotka digitalisaatioon kytketyist\u00e4 lupauksista ja mahdollisuuksista huolimatta edelleen yll\u00e4pit\u00e4v\u00e4t ja [&hellip;]\" \/>\n<meta property=\"og:url\" content=\"https:\/\/blogs.uef.fi\/dequal\/info\/\" \/>\n<meta property=\"og:site_name\" content=\"DEQUAL\" \/>\n<meta property=\"article:modified_time\" content=\"2021-03-18T08:52:03+00:00\" \/>\n<meta name=\"twitter:card\" content=\"summary_large_image\" \/>\n<meta name=\"twitter:label1\" content=\"Arvioitu lukuaika\" \/>\n\t<meta name=\"twitter:data1\" content=\"1 minuutti\" \/>\n<script type=\"application\/ld+json\" class=\"yoast-schema-graph\">{\"@context\":\"https:\/\/schema.org\",\"@graph\":[{\"@type\":\"WebPage\",\"@id\":\"https:\/\/blogs.uef.fi\/dequal\/info\/\",\"url\":\"https:\/\/blogs.uef.fi\/dequal\/info\/\",\"name\":\"DEQUAL - DEQUAL\",\"isPartOf\":{\"@id\":\"https:\/\/blogs.uef.fi\/dequal\/#website\"},\"datePublished\":\"2020-09-25T05:12:26+00:00\",\"dateModified\":\"2021-03-18T08:52:03+00:00\",\"breadcrumb\":{\"@id\":\"https:\/\/blogs.uef.fi\/dequal\/info\/#breadcrumb\"},\"inLanguage\":\"fi\",\"potentialAction\":[{\"@type\":\"ReadAction\",\"target\":[\"https:\/\/blogs.uef.fi\/dequal\/info\/\"]}]},{\"@type\":\"BreadcrumbList\",\"@id\":\"https:\/\/blogs.uef.fi\/dequal\/info\/#breadcrumb\",\"itemListElement\":[{\"@type\":\"ListItem\",\"position\":1,\"name\":\"Home\",\"item\":\"https:\/\/blogs.uef.fi\/dequal\/\"},{\"@type\":\"ListItem\",\"position\":2,\"name\":\"DEQUAL\"}]},{\"@type\":\"WebSite\",\"@id\":\"https:\/\/blogs.uef.fi\/dequal\/#website\",\"url\":\"https:\/\/blogs.uef.fi\/dequal\/\",\"name\":\"DEQUAL\",\"description\":\"\",\"potentialAction\":[{\"@type\":\"SearchAction\",\"target\":{\"@type\":\"EntryPoint\",\"urlTemplate\":\"https:\/\/blogs.uef.fi\/dequal\/?s={search_term_string}\"},\"query-input\":{\"@type\":\"PropertyValueSpecification\",\"valueRequired\":true,\"valueName\":\"search_term_string\"}}],\"inLanguage\":\"fi\"}]}<\/script>\n<!-- \/ Yoast SEO plugin. -->","yoast_head_json":{"title":"DEQUAL - DEQUAL","robots":{"index":"index","follow":"follow","max-snippet":"max-snippet:-1","max-image-preview":"max-image-preview:large","max-video-preview":"max-video-preview:-1"},"canonical":"https:\/\/blogs.uef.fi\/dequal\/info\/","og_locale":"fi_FI","og_type":"article","og_title":"DEQUAL - DEQUAL","og_description":"It\u00e4-Suomen yliopiston yhteiskuntatieteiden laitos ja Kaakkois-Suomen ammattikorkeakoulun Juvenia ovat k\u00e4ynnist\u00e4neet 1.9.2020 yhteisen tutkimushankkeen\u00a0Luokkaistuva digiyhteiskunta: Nuorten eriarvoistuvat el\u00e4m\u00e4t sosioteknologisissa imperatiiveissa ja kuvitelmissa (DEQUAL). DEQUAL \u2013 Capturing Digital Social Inequality.\u00a0Young Digi-natives\u2019 asymmetrical agencies within socio-technical imperatives and imaginaries. DEQUAL-hankkeen tavoitteina on: \u2022 Tuoda esiin mekanismeja ja rakenteita, jotka digitalisaatioon kytketyist\u00e4 lupauksista ja mahdollisuuksista huolimatta edelleen yll\u00e4pit\u00e4v\u00e4t ja [&hellip;]","og_url":"https:\/\/blogs.uef.fi\/dequal\/info\/","og_site_name":"DEQUAL","article_modified_time":"2021-03-18T08:52:03+00:00","twitter_card":"summary_large_image","twitter_misc":{"Arvioitu lukuaika":"1 minuutti"},"schema":{"@context":"https:\/\/schema.org","@graph":[{"@type":"WebPage","@id":"https:\/\/blogs.uef.fi\/dequal\/info\/","url":"https:\/\/blogs.uef.fi\/dequal\/info\/","name":"DEQUAL - DEQUAL","isPartOf":{"@id":"https:\/\/blogs.uef.fi\/dequal\/#website"},"datePublished":"2020-09-25T05:12:26+00:00","dateModified":"2021-03-18T08:52:03+00:00","breadcrumb":{"@id":"https:\/\/blogs.uef.fi\/dequal\/info\/#breadcrumb"},"inLanguage":"fi","potentialAction":[{"@type":"ReadAction","target":["https:\/\/blogs.uef.fi\/dequal\/info\/"]}]},{"@type":"BreadcrumbList","@id":"https:\/\/blogs.uef.fi\/dequal\/info\/#breadcrumb","itemListElement":[{"@type":"ListItem","position":1,"name":"Home","item":"https:\/\/blogs.uef.fi\/dequal\/"},{"@type":"ListItem","position":2,"name":"DEQUAL"}]},{"@type":"WebSite","@id":"https:\/\/blogs.uef.fi\/dequal\/#website","url":"https:\/\/blogs.uef.fi\/dequal\/","name":"DEQUAL","description":"","potentialAction":[{"@type":"SearchAction","target":{"@type":"EntryPoint","urlTemplate":"https:\/\/blogs.uef.fi\/dequal\/?s={search_term_string}"},"query-input":{"@type":"PropertyValueSpecification","valueRequired":true,"valueName":"search_term_string"}}],"inLanguage":"fi"}]}},"_links":{"self":[{"href":"https:\/\/blogs.uef.fi\/dequal\/wp-json\/wp\/v2\/pages\/559","targetHints":{"allow":["GET"]}}],"collection":[{"href":"https:\/\/blogs.uef.fi\/dequal\/wp-json\/wp\/v2\/pages"}],"about":[{"href":"https:\/\/blogs.uef.fi\/dequal\/wp-json\/wp\/v2\/types\/page"}],"author":[{"embeddable":true,"href":"https:\/\/blogs.uef.fi\/dequal\/wp-json\/wp\/v2\/users\/1"}],"replies":[{"embeddable":true,"href":"https:\/\/blogs.uef.fi\/dequal\/wp-json\/wp\/v2\/comments?post=559"}],"version-history":[{"count":2,"href":"https:\/\/blogs.uef.fi\/dequal\/wp-json\/wp\/v2\/pages\/559\/revisions"}],"predecessor-version":[{"id":1406,"href":"https:\/\/blogs.uef.fi\/dequal\/wp-json\/wp\/v2\/pages\/559\/revisions\/1406"}],"wp:attachment":[{"href":"https:\/\/blogs.uef.fi\/dequal\/wp-json\/wp\/v2\/media?parent=559"}],"curies":[{"name":"wp","href":"https:\/\/api.w.org\/{rel}","templated":true}]}}