{"id":87,"date":"2023-08-24T11:08:34","date_gmt":"2023-08-24T08:08:34","guid":{"rendered":"https:\/\/blogs.uef.fi\/cudis\/?page_id=87"},"modified":"2025-12-10T13:03:41","modified_gmt":"2025-12-10T10:03:41","slug":"etusivu","status":"publish","type":"page","link":"https:\/\/blogs.uef.fi\/cudis\/etusivu\/?lang=fi","title":{"rendered":"Etusivu"},"content":{"rendered":"    <div class=\"funders grid\">\n                        <div class=\"funders__item grid__item\">\n                            <div class=\"funders__image\">\n                    <img decoding=\"async\" src=\"https:\/\/blogs.uef.fi\/cudis\/wp-content\/uploads\/sites\/191\/2023\/09\/FI_co-funded-by-VERTICAL-RGB_POS.png\" alt=\"Euroopan unionin lippu, jossa lukee Euroopan unionin osarahoittama\" \/>\n                <\/div>\n                                                <\/div>\n                        \n                        <div class=\"funders__item grid__item\">\n                            <div class=\"funders__image\">\n                    <img decoding=\"async\" src=\"https:\/\/blogs.uef.fi\/cudis\/wp-content\/uploads\/sites\/191\/2023\/11\/CUDIS_pieni_logo_-removebg-preview.png\" alt=\"CUDIS-hankkeen (ESR+) logo\" \/>\n                <\/div>\n                                                <\/div>\n                        \n                        <div class=\"funders__item grid__item\">\n                            <div class=\"funders__image\">\n                    <img decoding=\"async\" src=\"https:\/\/blogs.uef.fi\/cudis\/wp-content\/uploads\/sites\/191\/2023\/08\/UEF-musta-logo-engl-pysty-1-scaled.jpg\" alt=\"It\u00e4-Suomen yliopiston logo\" \/>\n                <\/div>\n                                                <\/div>\n                        \n            <\/div>\n\n\n\n<h2 class=\"wp-block-heading\">CUDIS \u2013 Digitalisaatio ja kansainv\u00e4listyminen ty\u00f6el\u00e4m\u00e4n ytimess\u00e4<\/h2>\n\n\n\n<p class=\"has-text-align-left\">CUDIS-hankkeen tavoite on kehitt\u00e4\u00e4 ty\u00f6el\u00e4m\u00e4taitoja It\u00e4-Suomessa valmentamalla yrityksi\u00e4, ty\u00f6voimaa ja opiskelijoita. Tulevaisuuden keskeisi\u00e4 ty\u00f6el\u00e4m\u00e4taitoja ovat monipuolinen kielitaito, ymm\u00e4rrys kulttuurienv\u00e4lisest\u00e4 viestinn\u00e4st\u00e4 ja vahva tietotekninen osaaminen.&nbsp;Hanke yhdist\u00e4\u00e4 humanististen tieteiden kieli- ja kulttuuriosaamisen sek\u00e4 tietojenk\u00e4sittelytieteiden digitaaliset taidot kokonaisuudeksi, joka vastaa muuttuvan ty\u00f6el\u00e4m\u00e4n vaatimuksiin.&nbsp;<\/p>\n\n\n\n<h2 class=\"wp-block-heading\">Hankkeen ty\u00f6paketit<\/h2>\n\n\n\n<p>Voit tutustua hankkeen toimintaan ty\u00f6pakettikohtaisesti alla olevasta kaaviosta tai avata sen pdf-muodossa: <a href=\"https:\/\/blogs.uef.fi\/cudis\/wp-content\/uploads\/sites\/191\/2025\/12\/CUDIS-hankkeen-tyopaketit.pdf\">CUDIS-hankkeen ty\u00f6paketit (pdf)<\/a><\/p>\n\n\n\n<figure data-wp-context=\"{&quot;imageId&quot;:&quot;6a0357f0a8bdc&quot;}\" data-wp-interactive=\"core\/image\" data-wp-key=\"6a0357f0a8bdc\" class=\"wp-block-image size-large wp-lightbox-container\"><img loading=\"lazy\" decoding=\"async\" width=\"1024\" height=\"724\" data-wp-class--hide=\"state.isContentHidden\" data-wp-class--show=\"state.isContentVisible\" data-wp-init=\"callbacks.setButtonStyles\" data-wp-on--click=\"actions.showLightbox\" data-wp-on--load=\"callbacks.setButtonStyles\" data-wp-on-window--resize=\"callbacks.setButtonStyles\" src=\"https:\/\/blogs.uef.fi\/cudis\/wp-content\/uploads\/sites\/191\/2025\/12\/CUDIS-hankkeen-tyopaketit-1024x724.png\" alt=\"\" class=\"wp-image-5298\" srcset=\"https:\/\/blogs.uef.fi\/cudis\/wp-content\/uploads\/sites\/191\/2025\/12\/CUDIS-hankkeen-tyopaketit-1024x724.png 1024w, https:\/\/blogs.uef.fi\/cudis\/wp-content\/uploads\/sites\/191\/2025\/12\/CUDIS-hankkeen-tyopaketit-300x212.png 300w, https:\/\/blogs.uef.fi\/cudis\/wp-content\/uploads\/sites\/191\/2025\/12\/CUDIS-hankkeen-tyopaketit-768x543.png 768w, https:\/\/blogs.uef.fi\/cudis\/wp-content\/uploads\/sites\/191\/2025\/12\/CUDIS-hankkeen-tyopaketit-1536x1086.png 1536w, https:\/\/blogs.uef.fi\/cudis\/wp-content\/uploads\/sites\/191\/2025\/12\/CUDIS-hankkeen-tyopaketit.png 2000w\" sizes=\"auto, (max-width: 1024px) 100vw, 1024px\" \/><button\n\t\t\tclass=\"lightbox-trigger\"\n\t\t\ttype=\"button\"\n\t\t\taria-haspopup=\"dialog\"\n\t\t\taria-label=\"Enlarge\"\n\t\t\tdata-wp-init=\"callbacks.initTriggerButton\"\n\t\t\tdata-wp-on--click=\"actions.showLightbox\"\n\t\t\tdata-wp-style--right=\"state.imageButtonRight\"\n\t\t\tdata-wp-style--top=\"state.imageButtonTop\"\n\t\t>\n\t\t\t<svg xmlns=\"http:\/\/www.w3.org\/2000\/svg\" width=\"12\" height=\"12\" fill=\"none\" viewBox=\"0 0 12 12\">\n\t\t\t\t<path fill=\"#fff\" d=\"M2 0a2 2 0 0 0-2 2v2h1.5V2a.5.5 0 0 1 .5-.5h2V0H2Zm2 10.5H2a.5.5 0 0 1-.5-.5V8H0v2a2 2 0 0 0 2 2h2v-1.5ZM8 12v-1.5h2a.5.5 0 0 0 .5-.5V8H12v2a2 2 0 0 1-2 2H8Zm2-12a2 2 0 0 1 2 2v2h-1.5V2a.5.5 0 0 0-.5-.5H8V0h2Z\" \/>\n\t\t\t<\/svg>\n\t\t<\/button><\/figure>\n\n\n\n<p><strong>Hy\u00f6dyt ty\u00f6el\u00e4m\u00e4n edustajille<\/strong><\/p>\n\n\n\n<ul class=\"wp-block-list\">\n<li>Vahvistusta digi- ja kansainv\u00e4lisyysosaamiseen<\/li>\n\n\n\n<li>Tukea osaamistarpeiden ennakointiin<\/li>\n\n\n\n<li>Verkostoja koulutusorganisaatioihin<\/li>\n\n\n\n<li>Digi- ja kansainv\u00e4lisyyskypsyyden kehitt\u00e4mispalvelun <\/li>\n\n\n\n<li>Tutkimusperustaista tietoa liiketoiminnan kehitt\u00e4miseen opinn\u00e4ytteill\u00e4<\/li>\n\n\n\n<li>Kontakteja uusiin rekrytoitaviin<\/li>\n\n\n\n<li>Ty\u00f6harjoittelijoita<\/li>\n<\/ul>\n\n\n\n<p><strong>Hy\u00f6dyt opiskelijoille ja ty\u00f6nhakijoille<\/strong><\/p>\n\n\n\n<ul class=\"wp-block-list\">\n<li>Digi- ja kansainv\u00e4lisyysosaamista ty\u00f6el\u00e4m\u00e4kontekstissa<\/li>\n\n\n\n<li>Osaamismerkkej\u00e4 CV:hen ty\u00f6nhaun tueksi<\/li>\n\n\n\n<li>Koulutuksesta saadun asiantuntijaosaamisen syvent\u00e4minen todellisissa ty\u00f6el\u00e4m\u00e4n tilanteissa<\/li>\n\n\n\n<li>Uusia ty\u00f6el\u00e4m\u00e4kontakteja ja verkostoja ty\u00f6llistymisen tueksi<\/li>\n\n\n\n<li>Uusia uramahdollisuuksia<\/li>\n\n\n\n<li>Opintopisteit\u00e4<\/li>\n\n\n\n<li>Ty\u00f6el\u00e4m\u00e4tapahtumia osaamisportfolioon ja muihin opintoihin<\/li>\n\n\n\n<li>Ty\u00f6harjoittelumahdollisuuksia<\/li>\n\n\n\n<li>Aiheita ja kontakteja ty\u00f6el\u00e4m\u00e4l\u00e4ht\u00f6iseen opinn\u00e4ytteeseen<\/li>\n<\/ul>\n\n\n\n<h2 class=\"wp-block-heading\">Liity Uuden osaamisen verkostoon<\/h2>\n\n\n\n<p>Katso kaavio alta tai avaa se pdf-muodossa: <a href=\"https:\/\/blogs.uef.fi\/cudis\/wp-content\/uploads\/sites\/191\/2025\/12\/cudis_uuden_osaamisen_verkosto.pdf\">Uuden osaamisen verkosto (pdf)<\/a><\/p>\n\n\n\n<figure data-wp-context=\"{&quot;imageId&quot;:&quot;6a0357f0a9ae8&quot;}\" data-wp-interactive=\"core\/image\" data-wp-key=\"6a0357f0a9ae8\" class=\"wp-block-image size-large wp-lightbox-container\"><img loading=\"lazy\" decoding=\"async\" width=\"1024\" height=\"724\" data-wp-class--hide=\"state.isContentHidden\" data-wp-class--show=\"state.isContentVisible\" data-wp-init=\"callbacks.setButtonStyles\" data-wp-on--click=\"actions.showLightbox\" data-wp-on--load=\"callbacks.setButtonStyles\" data-wp-on-window--resize=\"callbacks.setButtonStyles\" src=\"https:\/\/blogs.uef.fi\/cudis\/wp-content\/uploads\/sites\/191\/2025\/12\/cudis_uuden_osaamisen_verkosto_kaavio-1024x724.png\" alt=\"\" class=\"wp-image-5287\" srcset=\"https:\/\/blogs.uef.fi\/cudis\/wp-content\/uploads\/sites\/191\/2025\/12\/cudis_uuden_osaamisen_verkosto_kaavio-1024x724.png 1024w, https:\/\/blogs.uef.fi\/cudis\/wp-content\/uploads\/sites\/191\/2025\/12\/cudis_uuden_osaamisen_verkosto_kaavio-300x212.png 300w, https:\/\/blogs.uef.fi\/cudis\/wp-content\/uploads\/sites\/191\/2025\/12\/cudis_uuden_osaamisen_verkosto_kaavio-768x543.png 768w, https:\/\/blogs.uef.fi\/cudis\/wp-content\/uploads\/sites\/191\/2025\/12\/cudis_uuden_osaamisen_verkosto_kaavio-1536x1086.png 1536w, https:\/\/blogs.uef.fi\/cudis\/wp-content\/uploads\/sites\/191\/2025\/12\/cudis_uuden_osaamisen_verkosto_kaavio.png 2000w\" sizes=\"auto, (max-width: 1024px) 100vw, 1024px\" \/><button\n\t\t\tclass=\"lightbox-trigger\"\n\t\t\ttype=\"button\"\n\t\t\taria-haspopup=\"dialog\"\n\t\t\taria-label=\"Enlarge\"\n\t\t\tdata-wp-init=\"callbacks.initTriggerButton\"\n\t\t\tdata-wp-on--click=\"actions.showLightbox\"\n\t\t\tdata-wp-style--right=\"state.imageButtonRight\"\n\t\t\tdata-wp-style--top=\"state.imageButtonTop\"\n\t\t>\n\t\t\t<svg xmlns=\"http:\/\/www.w3.org\/2000\/svg\" width=\"12\" height=\"12\" fill=\"none\" viewBox=\"0 0 12 12\">\n\t\t\t\t<path fill=\"#fff\" d=\"M2 0a2 2 0 0 0-2 2v2h1.5V2a.5.5 0 0 1 .5-.5h2V0H2Zm2 10.5H2a.5.5 0 0 1-.5-.5V8H0v2a2 2 0 0 0 2 2h2v-1.5ZM8 12v-1.5h2a.5.5 0 0 0 .5-.5V8H12v2a2 2 0 0 1-2 2H8Zm2-12a2 2 0 0 1 2 2v2h-1.5V2a.5.5 0 0 0-.5-.5H8V0h2Z\" \/>\n\t\t\t<\/svg>\n\t\t<\/button><\/figure>\n\n\n\n<h2 class=\"wp-block-heading\">Mukana toiminnassa<\/h2>\n\n\n\n<p>T\u00e4m\u00e4 lista sis\u00e4lt\u00e4\u00e4 yrityksi\u00e4 ja muita organisaatioita, jotka ovat osallistuneet toimintaamme.<\/p>\n\n\n    <div class=\"funders grid\">\n                        <div class=\"funders__item grid__item\">\n                            <div class=\"funders__image\">\n                    <img decoding=\"async\" src=\"https:\/\/blogs.uef.fi\/cudis\/wp-content\/uploads\/sites\/191\/2025\/02\/360_teksti_reuna.jpg\" alt=\"360Finland logo\" \/>\n                <\/div>\n                                                <\/div>\n                        \n                        <div class=\"funders__item grid__item\">\n                            <div class=\"funders__image\">\n                    <img decoding=\"async\" src=\"https:\/\/blogs.uef.fi\/cudis\/wp-content\/uploads\/sites\/191\/2024\/09\/Abloy_Logo_Blue_RGB-e1726471338169.jpg\" alt=\"Abloy logo blue\" \/>\n                <\/div>\n                                                <\/div>\n                        \n                        <div class=\"funders__item grid__item\">\n                            <div class=\"funders__image\">\n                    <img decoding=\"async\" src=\"https:\/\/blogs.uef.fi\/cudis\/wp-content\/uploads\/sites\/191\/2024\/11\/arbonaut_logo_web.png\" alt=\"Arbonaut logo\" \/>\n                <\/div>\n                                                <\/div>\n                        \n                        <div class=\"funders__item grid__item\">\n                            <div class=\"funders__image\">\n                    <img decoding=\"async\" src=\"https:\/\/blogs.uef.fi\/cudis\/wp-content\/uploads\/sites\/191\/2025\/08\/Kupilka_logo_stamp_download-2-e1754987240291.png\" alt=\"Kupilka_logo_\" \/>\n                <\/div>\n                                                <\/div>\n                        \n                        <div class=\"funders__item grid__item\">\n                            <div class=\"funders__image\">\n                    <img decoding=\"async\" src=\"https:\/\/blogs.uef.fi\/cudis\/wp-content\/uploads\/sites\/191\/2024\/11\/lietsu_logo_alaviite_taustalla.png\" alt=\"Lietsu boutique aparthotel logo\" \/>\n                <\/div>\n                                                <\/div>\n                        \n                        <div class=\"funders__item grid__item\">\n                            <div class=\"funders__image\">\n                    <img decoding=\"async\" src=\"https:\/\/blogs.uef.fi\/cudis\/wp-content\/uploads\/sites\/191\/2024\/09\/MANTSINEN-LOGO-ORIGINAL-RGB.jpg\" alt=\"Mantsinen logo \" \/>\n                <\/div>\n                                                <\/div>\n                        \n                        <div class=\"funders__item grid__item\">\n                            <div class=\"funders__image\">\n                    <img decoding=\"async\" src=\"https:\/\/blogs.uef.fi\/cudis\/wp-content\/uploads\/sites\/191\/2024\/11\/OuroStories_dark_small_true.png\" alt=\"Ouro Stories Logo\" \/>\n                <\/div>\n                                                <\/div>\n                        \n                        <div class=\"funders__item grid__item\">\n                            <div class=\"funders__image\">\n                    <img decoding=\"async\" src=\"https:\/\/blogs.uef.fi\/cudis\/wp-content\/uploads\/sites\/191\/2025\/03\/Premissi-creative-logo-black.png\" alt=\"Premissi Creative Oy logo\" \/>\n                <\/div>\n                                                <\/div>\n                        \n                        <div class=\"funders__item grid__item\">\n                            <div class=\"funders__image\">\n                    <img decoding=\"async\" src=\"https:\/\/blogs.uef.fi\/cudis\/wp-content\/uploads\/sites\/191\/2025\/08\/cropped-taiga-honey-logo-pysty-sininen-130x62-1.avif\" alt=\"cropped-taiga-honey-logo-pysty-sininen-130x62\" \/>\n                <\/div>\n                                                <\/div>\n                        \n                        <div class=\"funders__item grid__item\">\n                            <div class=\"funders__image\">\n                    <img decoding=\"async\" src=\"https:\/\/blogs.uef.fi\/cudis\/wp-content\/uploads\/sites\/191\/2024\/09\/valamis.png\" alt=\"Valamis logo\" \/>\n                <\/div>\n                                                <\/div>\n                        \n                        <div class=\"funders__item grid__item\">\n                            <div class=\"funders__image\">\n                    <img decoding=\"async\" src=\"https:\/\/blogs.uef.fi\/cudis\/wp-content\/uploads\/sites\/191\/2025\/09\/VisitKarelia_bjoe_logo_valkoinen-01.png\" alt=\"VisitKarelia_bjoe_logo_valkoinen-01\" \/>\n                <\/div>\n                                                <\/div>\n                        \n                        <div class=\"funders__item grid__item\">\n                            <div class=\"funders__image\">\n                    <img decoding=\"async\" src=\"https:\/\/blogs.uef.fi\/cudis\/wp-content\/uploads\/sites\/191\/2024\/09\/youpret-logo-web-with-text-72dpi-2028x500-1.png\" alt=\"Youpret logo\" \/>\n                <\/div>\n                                                <\/div>\n                        \n                        <div class=\"funders__item grid__item\">\n                            <div class=\"funders__image\">\n                    <img decoding=\"async\" src=\"https:\/\/blogs.uef.fi\/cudis\/wp-content\/uploads\/sites\/191\/2025\/06\/Aksyt-Ammat-oy-logo-e1754386107140.jpg\" alt=\"\u00c4ksyt \u00c4mm\u00e4t oy logo\" \/>\n                <\/div>\n                                                <\/div>\n                        \n            <\/div>\n\n\n\n<p class=\"has-text-align-left\"> &nbsp;&nbsp;<\/p>\n","protected":false},"excerpt":{"rendered":"<p>CUDIS \u2013 Digitalisaatio ja kansainv\u00e4listyminen ty\u00f6el\u00e4m\u00e4n ytimess\u00e4 CUDIS-hankkeen tavoite on kehitt\u00e4\u00e4 ty\u00f6el\u00e4m\u00e4taitoja It\u00e4-Suomessa valmentamalla yrityksi\u00e4, ty\u00f6voimaa ja opiskelijoita. Tulevaisuuden keskeisi\u00e4 ty\u00f6el\u00e4m\u00e4taitoja ovat monipuolinen kielitaito, ymm\u00e4rrys kulttuurienv\u00e4lisest\u00e4 viestinn\u00e4st\u00e4 ja vahva tietotekninen osaaminen.&nbsp;Hanke yhdist\u00e4\u00e4 humanististen tieteiden kieli- ja kulttuuriosaamisen sek\u00e4 tietojenk\u00e4sittelytieteiden digitaaliset taidot kokonaisuudeksi, joka vastaa muuttuvan ty\u00f6el\u00e4m\u00e4n vaatimuksiin.&nbsp; Hankkeen ty\u00f6paketit Voit tutustua hankkeen toimintaan ty\u00f6pakettikohtaisesti alla [&hellip;]<\/p>\n","protected":false},"author":1,"featured_media":0,"parent":0,"menu_order":0,"comment_status":"closed","ping_status":"closed","template":"","meta":{"_acf_changed":false,"footnotes":""},"class_list":["post-87","page","type-page","status-publish","hentry"],"acf":[],"yoast_head":"<!-- This site is optimized with the Yoast SEO plugin v27.3 - https:\/\/yoast.com\/product\/yoast-seo-wordpress\/ -->\n<title>Etusivu - CUDIS - Cultural Knowledge and Digital Skills in Globalising Working Life<\/title>\n<meta name=\"robots\" content=\"index, follow, max-snippet:-1, max-image-preview:large, max-video-preview:-1\" \/>\n<link rel=\"canonical\" href=\"https:\/\/blogs.uef.fi\/cudis\/?lang=fi\" \/>\n<meta property=\"og:locale\" content=\"en_US\" \/>\n<meta property=\"og:type\" content=\"article\" \/>\n<meta property=\"og:title\" content=\"Etusivu - CUDIS - Cultural Knowledge and Digital Skills in Globalising Working Life\" \/>\n<meta property=\"og:description\" content=\"CUDIS \u2013 Digitalisaatio ja kansainv\u00e4listyminen ty\u00f6el\u00e4m\u00e4n ytimess\u00e4 CUDIS-hankkeen tavoite on kehitt\u00e4\u00e4 ty\u00f6el\u00e4m\u00e4taitoja It\u00e4-Suomessa valmentamalla yrityksi\u00e4, ty\u00f6voimaa ja opiskelijoita. Tulevaisuuden keskeisi\u00e4 ty\u00f6el\u00e4m\u00e4taitoja ovat monipuolinen kielitaito, ymm\u00e4rrys kulttuurienv\u00e4lisest\u00e4 viestinn\u00e4st\u00e4 ja vahva tietotekninen osaaminen.&nbsp;Hanke yhdist\u00e4\u00e4 humanististen tieteiden kieli- ja kulttuuriosaamisen sek\u00e4 tietojenk\u00e4sittelytieteiden digitaaliset taidot kokonaisuudeksi, joka vastaa muuttuvan ty\u00f6el\u00e4m\u00e4n vaatimuksiin.&nbsp; Hankkeen ty\u00f6paketit Voit tutustua hankkeen toimintaan ty\u00f6pakettikohtaisesti alla [&hellip;]\" \/>\n<meta property=\"og:url\" content=\"https:\/\/blogs.uef.fi\/cudis\/?lang=fi\" \/>\n<meta property=\"og:site_name\" content=\"CUDIS - Cultural Knowledge and Digital Skills in Globalising Working Life\" \/>\n<meta property=\"article:modified_time\" content=\"2025-12-10T10:03:41+00:00\" \/>\n<meta property=\"og:image\" content=\"https:\/\/blogs.uef.fi\/cudis\/wp-content\/uploads\/sites\/191\/2025\/12\/CUDIS-hankkeen-tyopaketit-1024x724.png\" \/>\n<meta name=\"twitter:card\" content=\"summary_large_image\" \/>\n<meta name=\"twitter:label1\" content=\"Est. reading time\" \/>\n\t<meta name=\"twitter:data1\" content=\"2 minutes\" \/>\n<script type=\"application\/ld+json\" class=\"yoast-schema-graph\">{\"@context\":\"https:\\\/\\\/schema.org\",\"@graph\":[{\"@type\":\"WebPage\",\"@id\":\"https:\\\/\\\/blogs.uef.fi\\\/cudis\\\/?lang=fi\",\"url\":\"https:\\\/\\\/blogs.uef.fi\\\/cudis\\\/?lang=fi\",\"name\":\"Etusivu - CUDIS - Cultural Knowledge and Digital Skills in Globalising Working Life\",\"isPartOf\":{\"@id\":\"https:\\\/\\\/blogs.uef.fi\\\/cudis\\\/#website\"},\"primaryImageOfPage\":{\"@id\":\"https:\\\/\\\/blogs.uef.fi\\\/cudis\\\/?lang=fi#primaryimage\"},\"image\":{\"@id\":\"https:\\\/\\\/blogs.uef.fi\\\/cudis\\\/?lang=fi#primaryimage\"},\"thumbnailUrl\":\"https:\\\/\\\/blogs.uef.fi\\\/cudis\\\/wp-content\\\/uploads\\\/sites\\\/191\\\/2025\\\/12\\\/CUDIS-hankkeen-tyopaketit-1024x724.png\",\"datePublished\":\"2023-08-24T08:08:34+00:00\",\"dateModified\":\"2025-12-10T10:03:41+00:00\",\"breadcrumb\":{\"@id\":\"https:\\\/\\\/blogs.uef.fi\\\/cudis\\\/?lang=fi#breadcrumb\"},\"inLanguage\":\"en-US\",\"potentialAction\":[{\"@type\":\"ReadAction\",\"target\":[\"https:\\\/\\\/blogs.uef.fi\\\/cudis\\\/?lang=fi\"]}]},{\"@type\":\"ImageObject\",\"inLanguage\":\"en-US\",\"@id\":\"https:\\\/\\\/blogs.uef.fi\\\/cudis\\\/?lang=fi#primaryimage\",\"url\":\"https:\\\/\\\/blogs.uef.fi\\\/cudis\\\/wp-content\\\/uploads\\\/sites\\\/191\\\/2025\\\/12\\\/CUDIS-hankkeen-tyopaketit.png\",\"contentUrl\":\"https:\\\/\\\/blogs.uef.fi\\\/cudis\\\/wp-content\\\/uploads\\\/sites\\\/191\\\/2025\\\/12\\\/CUDIS-hankkeen-tyopaketit.png\",\"width\":2000,\"height\":1414},{\"@type\":\"BreadcrumbList\",\"@id\":\"https:\\\/\\\/blogs.uef.fi\\\/cudis\\\/?lang=fi#breadcrumb\",\"itemListElement\":[{\"@type\":\"ListItem\",\"position\":1,\"name\":\"Home\",\"item\":\"https:\\\/\\\/blogs.uef.fi\\\/cudis\\\/\"},{\"@type\":\"ListItem\",\"position\":2,\"name\":\"Etusivu\"}]},{\"@type\":\"WebSite\",\"@id\":\"https:\\\/\\\/blogs.uef.fi\\\/cudis\\\/#website\",\"url\":\"https:\\\/\\\/blogs.uef.fi\\\/cudis\\\/\",\"name\":\"CUDIS - Cultural Knowledge and Digital Skills in Globalising Working Life\",\"description\":\"\",\"potentialAction\":[{\"@type\":\"SearchAction\",\"target\":{\"@type\":\"EntryPoint\",\"urlTemplate\":\"https:\\\/\\\/blogs.uef.fi\\\/cudis\\\/?s={search_term_string}\"},\"query-input\":{\"@type\":\"PropertyValueSpecification\",\"valueRequired\":true,\"valueName\":\"search_term_string\"}}],\"inLanguage\":\"en-US\"}]}<\/script>\n<!-- \/ Yoast SEO plugin. -->","yoast_head_json":{"title":"Etusivu - CUDIS - Cultural Knowledge and Digital Skills in Globalising Working Life","robots":{"index":"index","follow":"follow","max-snippet":"max-snippet:-1","max-image-preview":"max-image-preview:large","max-video-preview":"max-video-preview:-1"},"canonical":"https:\/\/blogs.uef.fi\/cudis\/?lang=fi","og_locale":"en_US","og_type":"article","og_title":"Etusivu - CUDIS - Cultural Knowledge and Digital Skills in Globalising Working Life","og_description":"CUDIS \u2013 Digitalisaatio ja kansainv\u00e4listyminen ty\u00f6el\u00e4m\u00e4n ytimess\u00e4 CUDIS-hankkeen tavoite on kehitt\u00e4\u00e4 ty\u00f6el\u00e4m\u00e4taitoja It\u00e4-Suomessa valmentamalla yrityksi\u00e4, ty\u00f6voimaa ja opiskelijoita. Tulevaisuuden keskeisi\u00e4 ty\u00f6el\u00e4m\u00e4taitoja ovat monipuolinen kielitaito, ymm\u00e4rrys kulttuurienv\u00e4lisest\u00e4 viestinn\u00e4st\u00e4 ja vahva tietotekninen osaaminen.&nbsp;Hanke yhdist\u00e4\u00e4 humanististen tieteiden kieli- ja kulttuuriosaamisen sek\u00e4 tietojenk\u00e4sittelytieteiden digitaaliset taidot kokonaisuudeksi, joka vastaa muuttuvan ty\u00f6el\u00e4m\u00e4n vaatimuksiin.&nbsp; Hankkeen ty\u00f6paketit Voit tutustua hankkeen toimintaan ty\u00f6pakettikohtaisesti alla [&hellip;]","og_url":"https:\/\/blogs.uef.fi\/cudis\/?lang=fi","og_site_name":"CUDIS - Cultural Knowledge and Digital Skills in Globalising Working Life","article_modified_time":"2025-12-10T10:03:41+00:00","og_image":[{"url":"https:\/\/blogs.uef.fi\/cudis\/wp-content\/uploads\/sites\/191\/2025\/12\/CUDIS-hankkeen-tyopaketit-1024x724.png","type":"","width":"","height":""}],"twitter_card":"summary_large_image","twitter_misc":{"Est. reading time":"2 minutes"},"schema":{"@context":"https:\/\/schema.org","@graph":[{"@type":"WebPage","@id":"https:\/\/blogs.uef.fi\/cudis\/?lang=fi","url":"https:\/\/blogs.uef.fi\/cudis\/?lang=fi","name":"Etusivu - CUDIS - Cultural Knowledge and Digital Skills in Globalising Working Life","isPartOf":{"@id":"https:\/\/blogs.uef.fi\/cudis\/#website"},"primaryImageOfPage":{"@id":"https:\/\/blogs.uef.fi\/cudis\/?lang=fi#primaryimage"},"image":{"@id":"https:\/\/blogs.uef.fi\/cudis\/?lang=fi#primaryimage"},"thumbnailUrl":"https:\/\/blogs.uef.fi\/cudis\/wp-content\/uploads\/sites\/191\/2025\/12\/CUDIS-hankkeen-tyopaketit-1024x724.png","datePublished":"2023-08-24T08:08:34+00:00","dateModified":"2025-12-10T10:03:41+00:00","breadcrumb":{"@id":"https:\/\/blogs.uef.fi\/cudis\/?lang=fi#breadcrumb"},"inLanguage":"en-US","potentialAction":[{"@type":"ReadAction","target":["https:\/\/blogs.uef.fi\/cudis\/?lang=fi"]}]},{"@type":"ImageObject","inLanguage":"en-US","@id":"https:\/\/blogs.uef.fi\/cudis\/?lang=fi#primaryimage","url":"https:\/\/blogs.uef.fi\/cudis\/wp-content\/uploads\/sites\/191\/2025\/12\/CUDIS-hankkeen-tyopaketit.png","contentUrl":"https:\/\/blogs.uef.fi\/cudis\/wp-content\/uploads\/sites\/191\/2025\/12\/CUDIS-hankkeen-tyopaketit.png","width":2000,"height":1414},{"@type":"BreadcrumbList","@id":"https:\/\/blogs.uef.fi\/cudis\/?lang=fi#breadcrumb","itemListElement":[{"@type":"ListItem","position":1,"name":"Home","item":"https:\/\/blogs.uef.fi\/cudis\/"},{"@type":"ListItem","position":2,"name":"Etusivu"}]},{"@type":"WebSite","@id":"https:\/\/blogs.uef.fi\/cudis\/#website","url":"https:\/\/blogs.uef.fi\/cudis\/","name":"CUDIS - Cultural Knowledge and Digital Skills in Globalising Working Life","description":"","potentialAction":[{"@type":"SearchAction","target":{"@type":"EntryPoint","urlTemplate":"https:\/\/blogs.uef.fi\/cudis\/?s={search_term_string}"},"query-input":{"@type":"PropertyValueSpecification","valueRequired":true,"valueName":"search_term_string"}}],"inLanguage":"en-US"}]}},"_links":{"self":[{"href":"https:\/\/blogs.uef.fi\/cudis\/wp-json\/wp\/v2\/pages\/87","targetHints":{"allow":["GET"]}}],"collection":[{"href":"https:\/\/blogs.uef.fi\/cudis\/wp-json\/wp\/v2\/pages"}],"about":[{"href":"https:\/\/blogs.uef.fi\/cudis\/wp-json\/wp\/v2\/types\/page"}],"author":[{"embeddable":true,"href":"https:\/\/blogs.uef.fi\/cudis\/wp-json\/wp\/v2\/users\/1"}],"replies":[{"embeddable":true,"href":"https:\/\/blogs.uef.fi\/cudis\/wp-json\/wp\/v2\/comments?post=87"}],"version-history":[{"count":2,"href":"https:\/\/blogs.uef.fi\/cudis\/wp-json\/wp\/v2\/pages\/87\/revisions"}],"predecessor-version":[{"id":5315,"href":"https:\/\/blogs.uef.fi\/cudis\/wp-json\/wp\/v2\/pages\/87\/revisions\/5315"}],"wp:attachment":[{"href":"https:\/\/blogs.uef.fi\/cudis\/wp-json\/wp\/v2\/media?parent=87"}],"curies":[{"name":"wp","href":"https:\/\/api.w.org\/{rel}","templated":true}]}}