{"id":672,"date":"2023-10-16T12:40:46","date_gmt":"2023-10-16T09:40:46","guid":{"rendered":"https:\/\/blogs.uef.fi\/cudis\/?page_id=672"},"modified":"2025-12-18T13:27:17","modified_gmt":"2025-12-18T10:27:17","slug":"tapahtumat","status":"publish","type":"page","link":"https:\/\/blogs.uef.fi\/cudis\/tapahtumat\/?lang=fi","title":{"rendered":"Tapahtumat ja koulutukset"},"content":{"rendered":"\n<p>Hankkeen toiminta on p\u00e4\u00e4ttynyt (31.12.2025).<\/p>\n\n\n\n<p>Jos haluat tutustua aikaisempiin tapahtumiimme, vieraile t\u00e4\u00e4ll\u00e4: <a href=\"https:\/\/blogs.uef.fi\/cudis\/menneet-tapahtumat\/?lang=fi\" target=\"_blank\" rel=\"noreferrer noopener\">Menneet tapahtumat.<\/a><\/p>\n","protected":false},"excerpt":{"rendered":"<p>Hankkeen toiminta on p\u00e4\u00e4ttynyt (31.12.2025). Jos haluat tutustua aikaisempiin tapahtumiimme, vieraile t\u00e4\u00e4ll\u00e4: Menneet tapahtumat.<\/p>\n","protected":false},"author":619,"featured_media":2539,"parent":0,"menu_order":0,"comment_status":"closed","ping_status":"closed","template":"","meta":{"_acf_changed":false,"footnotes":""},"class_list":["post-672","page","type-page","status-publish","has-post-thumbnail","hentry"],"acf":[],"yoast_head":"<!-- This site is optimized with the Yoast SEO plugin v27.1.1 - https:\/\/yoast.com\/product\/yoast-seo-wordpress\/ -->\n<title>Tapahtumat ja koulutukset - CUDIS - Cultural Knowledge and Digital Skills in Globalising Working Life %<\/title>\n<meta name=\"description\" content=\"Digiteknologia- ja kansainv\u00e4lisyyskoulutuksia ja ty\u00f6el\u00e4m\u00e4tapahtumia Pohjois-Karjalan yrityksille, ty\u00f6nhakijoille ja opiskelijoille.\" \/>\n<meta name=\"robots\" content=\"index, follow, max-snippet:-1, max-image-preview:large, max-video-preview:-1\" \/>\n<link rel=\"canonical\" href=\"https:\/\/blogs.uef.fi\/cudis\/tapahtumat\/?lang=fi\" \/>\n<meta property=\"og:locale\" content=\"en_US\" \/>\n<meta property=\"og:type\" content=\"article\" \/>\n<meta property=\"og:title\" content=\"Tapahtumat ja koulutukset - CUDIS - Cultural Knowledge and Digital Skills in Globalising Working Life %\" \/>\n<meta property=\"og:description\" content=\"Digiteknologia- ja kansainv\u00e4lisyyskoulutuksia ja ty\u00f6el\u00e4m\u00e4tapahtumia Pohjois-Karjalan yrityksille, ty\u00f6nhakijoille ja opiskelijoille.\" \/>\n<meta property=\"og:url\" content=\"https:\/\/blogs.uef.fi\/cudis\/tapahtumat\/?lang=fi\" \/>\n<meta property=\"og:site_name\" content=\"CUDIS - Cultural Knowledge and Digital Skills in Globalising Working Life\" \/>\n<meta property=\"article:modified_time\" content=\"2025-12-18T10:27:17+00:00\" \/>\n<meta property=\"og:image\" content=\"https:\/\/blogs.uef.fi\/cudis\/wp-content\/uploads\/sites\/191\/2024\/07\/CUDIS-Newsletter-banner-1-e1720077496362.png\" \/>\n\t<meta property=\"og:image:width\" content=\"940\" \/>\n\t<meta property=\"og:image:height\" content=\"788\" \/>\n\t<meta property=\"og:image:type\" content=\"image\/png\" \/>\n<meta name=\"twitter:card\" content=\"summary_large_image\" \/>\n<meta name=\"twitter:label1\" content=\"Est. reading time\" \/>\n\t<meta name=\"twitter:data1\" content=\"1 minute\" \/>\n<script type=\"application\/ld+json\" class=\"yoast-schema-graph\">{\"@context\":\"https:\/\/schema.org\",\"@graph\":[{\"@type\":\"WebPage\",\"@id\":\"https:\/\/blogs.uef.fi\/cudis\/tapahtumat\/?lang=fi\",\"url\":\"https:\/\/blogs.uef.fi\/cudis\/tapahtumat\/?lang=fi\",\"name\":\"Tapahtumat ja koulutukset - CUDIS - Cultural Knowledge and Digital Skills in Globalising Working Life %\",\"isPartOf\":{\"@id\":\"https:\/\/blogs.uef.fi\/cudis\/#website\"},\"primaryImageOfPage\":{\"@id\":\"https:\/\/blogs.uef.fi\/cudis\/tapahtumat\/?lang=fi#primaryimage\"},\"image\":{\"@id\":\"https:\/\/blogs.uef.fi\/cudis\/tapahtumat\/?lang=fi#primaryimage\"},\"thumbnailUrl\":\"https:\/\/blogs.uef.fi\/cudis\/wp-content\/uploads\/sites\/191\/2024\/07\/CUDIS-Newsletter-banner-1-e1720077496362.png\",\"datePublished\":\"2023-10-16T09:40:46+00:00\",\"dateModified\":\"2025-12-18T10:27:17+00:00\",\"description\":\"Digiteknologia- ja kansainv\u00e4lisyyskoulutuksia ja ty\u00f6el\u00e4m\u00e4tapahtumia Pohjois-Karjalan yrityksille, ty\u00f6nhakijoille ja opiskelijoille.\",\"breadcrumb\":{\"@id\":\"https:\/\/blogs.uef.fi\/cudis\/tapahtumat\/?lang=fi#breadcrumb\"},\"inLanguage\":\"en-US\",\"potentialAction\":[{\"@type\":\"ReadAction\",\"target\":[\"https:\/\/blogs.uef.fi\/cudis\/tapahtumat\/?lang=fi\"]}]},{\"@type\":\"ImageObject\",\"inLanguage\":\"en-US\",\"@id\":\"https:\/\/blogs.uef.fi\/cudis\/tapahtumat\/?lang=fi#primaryimage\",\"url\":\"https:\/\/blogs.uef.fi\/cudis\/wp-content\/uploads\/sites\/191\/2024\/07\/CUDIS-Newsletter-banner-1-e1720077496362.png\",\"contentUrl\":\"https:\/\/blogs.uef.fi\/cudis\/wp-content\/uploads\/sites\/191\/2024\/07\/CUDIS-Newsletter-banner-1-e1720077496362.png\",\"width\":940,\"height\":788,\"caption\":\"Square and round shapes\"},{\"@type\":\"BreadcrumbList\",\"@id\":\"https:\/\/blogs.uef.fi\/cudis\/tapahtumat\/?lang=fi#breadcrumb\",\"itemListElement\":[{\"@type\":\"ListItem\",\"position\":1,\"name\":\"Home\",\"item\":\"https:\/\/blogs.uef.fi\/cudis\/\"},{\"@type\":\"ListItem\",\"position\":2,\"name\":\"Tapahtumat ja koulutukset\"}]},{\"@type\":\"WebSite\",\"@id\":\"https:\/\/blogs.uef.fi\/cudis\/#website\",\"url\":\"https:\/\/blogs.uef.fi\/cudis\/\",\"name\":\"CUDIS - Cultural Knowledge and Digital Skills in Globalising Working Life\",\"description\":\"\",\"potentialAction\":[{\"@type\":\"SearchAction\",\"target\":{\"@type\":\"EntryPoint\",\"urlTemplate\":\"https:\/\/blogs.uef.fi\/cudis\/?s={search_term_string}\"},\"query-input\":{\"@type\":\"PropertyValueSpecification\",\"valueRequired\":true,\"valueName\":\"search_term_string\"}}],\"inLanguage\":\"en-US\"}]}<\/script>\n<!-- \/ Yoast SEO plugin. -->","yoast_head_json":{"title":"Tapahtumat ja koulutukset - CUDIS - Cultural Knowledge and Digital Skills in Globalising Working Life %","description":"Digiteknologia- ja kansainv\u00e4lisyyskoulutuksia ja ty\u00f6el\u00e4m\u00e4tapahtumia Pohjois-Karjalan yrityksille, ty\u00f6nhakijoille ja opiskelijoille.","robots":{"index":"index","follow":"follow","max-snippet":"max-snippet:-1","max-image-preview":"max-image-preview:large","max-video-preview":"max-video-preview:-1"},"canonical":"https:\/\/blogs.uef.fi\/cudis\/tapahtumat\/?lang=fi","og_locale":"en_US","og_type":"article","og_title":"Tapahtumat ja koulutukset - CUDIS - Cultural Knowledge and Digital Skills in Globalising Working Life %","og_description":"Digiteknologia- ja kansainv\u00e4lisyyskoulutuksia ja ty\u00f6el\u00e4m\u00e4tapahtumia Pohjois-Karjalan yrityksille, ty\u00f6nhakijoille ja opiskelijoille.","og_url":"https:\/\/blogs.uef.fi\/cudis\/tapahtumat\/?lang=fi","og_site_name":"CUDIS - Cultural Knowledge and Digital Skills in Globalising Working Life","article_modified_time":"2025-12-18T10:27:17+00:00","og_image":[{"width":940,"height":788,"url":"https:\/\/blogs.uef.fi\/cudis\/wp-content\/uploads\/sites\/191\/2024\/07\/CUDIS-Newsletter-banner-1-e1720077496362.png","type":"image\/png"}],"twitter_card":"summary_large_image","twitter_misc":{"Est. reading time":"1 minute"},"schema":{"@context":"https:\/\/schema.org","@graph":[{"@type":"WebPage","@id":"https:\/\/blogs.uef.fi\/cudis\/tapahtumat\/?lang=fi","url":"https:\/\/blogs.uef.fi\/cudis\/tapahtumat\/?lang=fi","name":"Tapahtumat ja koulutukset - CUDIS - Cultural Knowledge and Digital Skills in Globalising Working Life %","isPartOf":{"@id":"https:\/\/blogs.uef.fi\/cudis\/#website"},"primaryImageOfPage":{"@id":"https:\/\/blogs.uef.fi\/cudis\/tapahtumat\/?lang=fi#primaryimage"},"image":{"@id":"https:\/\/blogs.uef.fi\/cudis\/tapahtumat\/?lang=fi#primaryimage"},"thumbnailUrl":"https:\/\/blogs.uef.fi\/cudis\/wp-content\/uploads\/sites\/191\/2024\/07\/CUDIS-Newsletter-banner-1-e1720077496362.png","datePublished":"2023-10-16T09:40:46+00:00","dateModified":"2025-12-18T10:27:17+00:00","description":"Digiteknologia- ja kansainv\u00e4lisyyskoulutuksia ja ty\u00f6el\u00e4m\u00e4tapahtumia Pohjois-Karjalan yrityksille, ty\u00f6nhakijoille ja opiskelijoille.","breadcrumb":{"@id":"https:\/\/blogs.uef.fi\/cudis\/tapahtumat\/?lang=fi#breadcrumb"},"inLanguage":"en-US","potentialAction":[{"@type":"ReadAction","target":["https:\/\/blogs.uef.fi\/cudis\/tapahtumat\/?lang=fi"]}]},{"@type":"ImageObject","inLanguage":"en-US","@id":"https:\/\/blogs.uef.fi\/cudis\/tapahtumat\/?lang=fi#primaryimage","url":"https:\/\/blogs.uef.fi\/cudis\/wp-content\/uploads\/sites\/191\/2024\/07\/CUDIS-Newsletter-banner-1-e1720077496362.png","contentUrl":"https:\/\/blogs.uef.fi\/cudis\/wp-content\/uploads\/sites\/191\/2024\/07\/CUDIS-Newsletter-banner-1-e1720077496362.png","width":940,"height":788,"caption":"Square and round shapes"},{"@type":"BreadcrumbList","@id":"https:\/\/blogs.uef.fi\/cudis\/tapahtumat\/?lang=fi#breadcrumb","itemListElement":[{"@type":"ListItem","position":1,"name":"Home","item":"https:\/\/blogs.uef.fi\/cudis\/"},{"@type":"ListItem","position":2,"name":"Tapahtumat ja koulutukset"}]},{"@type":"WebSite","@id":"https:\/\/blogs.uef.fi\/cudis\/#website","url":"https:\/\/blogs.uef.fi\/cudis\/","name":"CUDIS - Cultural Knowledge and Digital Skills in Globalising Working Life","description":"","potentialAction":[{"@type":"SearchAction","target":{"@type":"EntryPoint","urlTemplate":"https:\/\/blogs.uef.fi\/cudis\/?s={search_term_string}"},"query-input":{"@type":"PropertyValueSpecification","valueRequired":true,"valueName":"search_term_string"}}],"inLanguage":"en-US"}]}},"_links":{"self":[{"href":"https:\/\/blogs.uef.fi\/cudis\/wp-json\/wp\/v2\/pages\/672","targetHints":{"allow":["GET"]}}],"collection":[{"href":"https:\/\/blogs.uef.fi\/cudis\/wp-json\/wp\/v2\/pages"}],"about":[{"href":"https:\/\/blogs.uef.fi\/cudis\/wp-json\/wp\/v2\/types\/page"}],"author":[{"embeddable":true,"href":"https:\/\/blogs.uef.fi\/cudis\/wp-json\/wp\/v2\/users\/619"}],"replies":[{"embeddable":true,"href":"https:\/\/blogs.uef.fi\/cudis\/wp-json\/wp\/v2\/comments?post=672"}],"version-history":[{"count":2,"href":"https:\/\/blogs.uef.fi\/cudis\/wp-json\/wp\/v2\/pages\/672\/revisions"}],"predecessor-version":[{"id":5369,"href":"https:\/\/blogs.uef.fi\/cudis\/wp-json\/wp\/v2\/pages\/672\/revisions\/5369"}],"wp:featuredmedia":[{"embeddable":true,"href":"https:\/\/blogs.uef.fi\/cudis\/wp-json\/wp\/v2\/media\/2539"}],"wp:attachment":[{"href":"https:\/\/blogs.uef.fi\/cudis\/wp-json\/wp\/v2\/media?parent=672"}],"curies":[{"name":"wp","href":"https:\/\/api.w.org\/{rel}","templated":true}]}}