{"id":10,"date":"2023-08-24T11:08:34","date_gmt":"2023-08-24T08:08:34","guid":{"rendered":"https:\/\/blogs.uef.fi\/cudis\/?page_id=10"},"modified":"2025-09-08T11:42:38","modified_gmt":"2025-09-08T08:42:38","slug":"frontpage","status":"publish","type":"page","link":"https:\/\/blogs.uef.fi\/cudis\/","title":{"rendered":"Frontpage"},"content":{"rendered":"    <div class=\"funders grid\">\n                        <div class=\"funders__item grid__item\">\n                            <div class=\"funders__image\">\n                    <img decoding=\"async\" src=\"https:\/\/blogs.uef.fi\/cudis\/wp-content\/uploads\/sites\/191\/2023\/08\/EN_co_fundedvertical_RGB_POS-e1702983279492.png\" alt=\"The European Union flag with text co-funded by the European Union\" \/>\n                <\/div>\n                                                <\/div>\n                        \n                        <div class=\"funders__item grid__item\">\n                            <div class=\"funders__image\">\n                    <img decoding=\"async\" src=\"https:\/\/blogs.uef.fi\/cudis\/wp-content\/uploads\/sites\/191\/2023\/11\/CUDIS_pieni_logo_-removebg-preview.png\" alt=\"CUDIS logo\" \/>\n                <\/div>\n                                                <\/div>\n                        \n                        <div class=\"funders__item grid__item\">\n                            <div class=\"funders__image\">\n                    <img decoding=\"async\" src=\"https:\/\/blogs.uef.fi\/cudis\/wp-content\/uploads\/sites\/191\/2023\/08\/UEF-musta-logo-engl-pysty-1-scaled.jpg\" alt=\"University of Eastern Finland logo\" \/>\n                <\/div>\n                                                <\/div>\n                        \n            <\/div>\n\n\n\n<h2 class=\"wp-block-heading\">Introduction to CUDIS<\/h2>\n\n\n\n<p class=\"has-text-align-left\">Internationalisation and digitalisation have been recognised as driving forces that impact the current working life. As international mobility increases, working in the future requires versatile language skills, understanding of intercultural communication and strong IT skills. The CUDIS project addresses these needs by training companies and students and graduates of humanities and computing in North Karelia. <\/p>\n\n\n\n<p>The registration form for our first training events is now open. <a href=\"https:\/\/blogs.uef.fi\/cudis\/events\/\">Go to the Events section and read more. <\/a><\/p>\n\n\n\n<figure class=\"wp-block-image size-large\"><img loading=\"lazy\" decoding=\"async\" width=\"1024\" height=\"380\" src=\"https:\/\/blogs.uef.fi\/cudis\/wp-content\/uploads\/sites\/191\/2023\/11\/TP_polku_website-1-1024x380.png\" alt=\"\" class=\"wp-image-991\" srcset=\"https:\/\/blogs.uef.fi\/cudis\/wp-content\/uploads\/sites\/191\/2023\/11\/TP_polku_website-1-1024x380.png 1024w, https:\/\/blogs.uef.fi\/cudis\/wp-content\/uploads\/sites\/191\/2023\/11\/TP_polku_website-1-300x111.png 300w, https:\/\/blogs.uef.fi\/cudis\/wp-content\/uploads\/sites\/191\/2023\/11\/TP_polku_website-1-768x285.png 768w, https:\/\/blogs.uef.fi\/cudis\/wp-content\/uploads\/sites\/191\/2023\/11\/TP_polku_website-1-1536x571.png 1536w, https:\/\/blogs.uef.fi\/cudis\/wp-content\/uploads\/sites\/191\/2023\/11\/TP_polku_website-1-2048x761.png 2048w\" sizes=\"auto, (max-width: 1024px) 100vw, 1024px\" \/><\/figure>\n\n\n\n<p class=\"has-text-align-left\"> &nbsp;&nbsp;<strong>Benefits for working life representatives<\/strong><\/p>\n\n\n\n<ul class=\"wp-block-list\">\n<li>Enhancement of digital and international competence<\/li>\n\n\n\n<li>Support for forecasting competency needs<\/li>\n\n\n\n<li>Connections to educational organisations<\/li>\n\n\n\n<li>Digital and international competence development service<\/li>\n\n\n\n<li>Research-based knowledge for business development through theses<\/li>\n\n\n\n<li>Contacts to new recruits<\/li>\n\n\n\n<li>Trainees<\/li>\n<\/ul>\n\n\n\n<p><strong>Benefits for students and jobseekers<\/strong><\/p>\n\n\n\n<ul class=\"wp-block-list\">\n<li>Digital and international skills in a working life context<\/li>\n\n\n\n<li>Deepening the expertise gained from education in real work-life situations <\/li>\n\n\n\n<li>New working life contacts and networks for employment<\/li>\n\n\n\n<li>New career prospects<\/li>\n\n\n\n<li>Traineeship opportunities<\/li>\n\n\n\n<li>Topics and contacts for work-place oriented theses<\/li>\n\n\n\n<li>ECTS credits<\/li>\n\n\n\n<li>Open badges for your CV to stand out in job search<\/li>\n\n\n\n<li>Working life events for learning\/professional portfolios and other studies<\/li>\n<\/ul>\n\n\n\n<h2 class=\"wp-block-heading\">Organisations involved<\/h2>\n\n\n\n<p>This list includes companies that have participated in the project (to be updated). <\/p>\n\n\n    <div class=\"funders grid\">\n                        <div class=\"funders__item grid__item\">\n                            <div class=\"funders__image\">\n                    <img decoding=\"async\" src=\"https:\/\/blogs.uef.fi\/cudis\/wp-content\/uploads\/sites\/191\/2025\/02\/360_teksti_reuna.jpg\" alt=\"360Finland logo\" \/>\n                <\/div>\n                                                <\/div>\n                        \n                        <div class=\"funders__item grid__item\">\n                            <div class=\"funders__image\">\n                    <img decoding=\"async\" src=\"https:\/\/blogs.uef.fi\/cudis\/wp-content\/uploads\/sites\/191\/2024\/09\/Abloy_Logo_Blue_RGB-e1726471338169.jpg\" alt=\"Abloy logo blue\" \/>\n                <\/div>\n                                                <\/div>\n                        \n                        <div class=\"funders__item grid__item\">\n                            <div class=\"funders__image\">\n                    <img decoding=\"async\" src=\"https:\/\/blogs.uef.fi\/cudis\/wp-content\/uploads\/sites\/191\/2024\/11\/arbonaut_logo_web.png\" alt=\"Arbonaut logo\" \/>\n                <\/div>\n                                                <\/div>\n                        \n                        <div class=\"funders__item grid__item\">\n                            <div class=\"funders__image\">\n                    <img decoding=\"async\" src=\"https:\/\/blogs.uef.fi\/cudis\/wp-content\/uploads\/sites\/191\/2025\/08\/Kupilka_logo_stamp_download-2-e1754987240291.png\" alt=\"Kupilka_logo_stamp\" \/>\n                <\/div>\n                                                <\/div>\n                        \n                        <div class=\"funders__item grid__item\">\n                            <div class=\"funders__image\">\n                    <img decoding=\"async\" src=\"https:\/\/blogs.uef.fi\/cudis\/wp-content\/uploads\/sites\/191\/2024\/11\/lietsu_logo_alaviite_taustalla.png\" alt=\"Lietsu boutique aparthotel logo\" \/>\n                <\/div>\n                                                <\/div>\n                        \n                        <div class=\"funders__item grid__item\">\n                            <div class=\"funders__image\">\n                    <img decoding=\"async\" src=\"https:\/\/blogs.uef.fi\/cudis\/wp-content\/uploads\/sites\/191\/2024\/09\/MANTSINEN-LOGO-ORIGINAL-RGB.jpg\" alt=\"Mantsinen logo \" \/>\n                <\/div>\n                                                <\/div>\n                        \n                        <div class=\"funders__item grid__item\">\n                            <div class=\"funders__image\">\n                    <img decoding=\"async\" src=\"https:\/\/blogs.uef.fi\/cudis\/wp-content\/uploads\/sites\/191\/2024\/11\/OuroStories_dark_small_true.png\" alt=\"Ouro Stories logo\" \/>\n                <\/div>\n                                                <\/div>\n                        \n                        <div class=\"funders__item grid__item\">\n                            <div class=\"funders__image\">\n                    <img decoding=\"async\" src=\"https:\/\/blogs.uef.fi\/cudis\/wp-content\/uploads\/sites\/191\/2025\/03\/Premissi-creative-logo-black.png\" alt=\"Premissi Creative Oy logo\" \/>\n                <\/div>\n                                                <\/div>\n                        \n                        <div class=\"funders__item grid__item\">\n                            <div class=\"funders__image\">\n                    <img decoding=\"async\" src=\"https:\/\/blogs.uef.fi\/cudis\/wp-content\/uploads\/sites\/191\/2025\/08\/cropped-taiga-honey-logo-pysty-sininen-130x62-1.avif\" alt=\"cropped-taiga-honey-logo-pysty-sininen-130x62\" \/>\n                <\/div>\n                                                <\/div>\n                        \n                        <div class=\"funders__item grid__item\">\n                            <div class=\"funders__image\">\n                    <img decoding=\"async\" src=\"https:\/\/blogs.uef.fi\/cudis\/wp-content\/uploads\/sites\/191\/2024\/09\/valamis.png\" alt=\"Valamis logo\" \/>\n                <\/div>\n                                                <\/div>\n                        \n                        <div class=\"funders__item grid__item\">\n                            <div class=\"funders__image\">\n                    <img decoding=\"async\" src=\"https:\/\/blogs.uef.fi\/cudis\/wp-content\/uploads\/sites\/191\/2025\/09\/VisitKarelia_bjoe_logo_valkoinen-01.png\" alt=\"VisitKarelia_bjoe_logo_valkoinen-01\" \/>\n                <\/div>\n                                                <\/div>\n                        \n                        <div class=\"funders__item grid__item\">\n                            <div class=\"funders__image\">\n                    <img decoding=\"async\" src=\"https:\/\/blogs.uef.fi\/cudis\/wp-content\/uploads\/sites\/191\/2024\/09\/youpret-logo-web-with-text-72dpi-2028x500-1.png\" alt=\"Youpret logo\" \/>\n                <\/div>\n                                                <\/div>\n                        \n                        <div class=\"funders__item grid__item\">\n                            <div class=\"funders__image\">\n                    <img decoding=\"async\" src=\"https:\/\/blogs.uef.fi\/cudis\/wp-content\/uploads\/sites\/191\/2025\/06\/Aksyt-Ammat-oy-logo-e1754386107140.jpg\" alt=\"\u00c4ksyt \u00c4mm\u00e4t oy logo\" \/>\n                <\/div>\n                                                <\/div>\n                        \n            <\/div>\n","protected":false},"excerpt":{"rendered":"<p>Introduction to CUDIS Internationalisation and digitalisation have been recognised as driving forces that impact the current working life. As international mobility increases, working in the future requires versatile language skills, understanding of intercultural communication and strong IT skills. The CUDIS project addresses these needs by training companies and students and graduates of humanities and computing [&hellip;]<\/p>\n","protected":false},"author":1,"featured_media":0,"parent":0,"menu_order":0,"comment_status":"closed","ping_status":"closed","template":"","meta":{"_acf_changed":false,"footnotes":""},"class_list":["post-10","page","type-page","status-publish","hentry"],"acf":[],"yoast_head":"<!-- This site is optimized with the Yoast SEO plugin v27.1.1 - https:\/\/yoast.com\/product\/yoast-seo-wordpress\/ -->\n<title>Frontpage - CUDIS - Cultural Knowledge and Digital Skills in Globalising Working Life<\/title>\n<meta name=\"robots\" content=\"index, follow, max-snippet:-1, max-image-preview:large, max-video-preview:-1\" \/>\n<link rel=\"canonical\" href=\"https:\/\/blogs.uef.fi\/cudis\/\" \/>\n<meta property=\"og:locale\" content=\"en_US\" \/>\n<meta property=\"og:type\" content=\"article\" \/>\n<meta property=\"og:title\" content=\"Frontpage - CUDIS - Cultural Knowledge and Digital Skills in Globalising Working Life\" \/>\n<meta property=\"og:description\" content=\"Introduction to CUDIS Internationalisation and digitalisation have been recognised as driving forces that impact the current working life. As international mobility increases, working in the future requires versatile language skills, understanding of intercultural communication and strong IT skills. The CUDIS project addresses these needs by training companies and students and graduates of humanities and computing [&hellip;]\" \/>\n<meta property=\"og:url\" content=\"https:\/\/blogs.uef.fi\/cudis\/\" \/>\n<meta property=\"og:site_name\" content=\"CUDIS - Cultural Knowledge and Digital Skills in Globalising Working Life\" \/>\n<meta property=\"article:modified_time\" content=\"2025-09-08T08:42:38+00:00\" \/>\n<meta property=\"og:image\" content=\"https:\/\/blogs.uef.fi\/cudis\/wp-content\/uploads\/sites\/191\/2023\/11\/TP_polku_website-1-1024x380.png\" \/>\n<meta name=\"twitter:card\" content=\"summary_large_image\" \/>\n<meta name=\"twitter:label1\" content=\"Est. reading time\" \/>\n\t<meta name=\"twitter:data1\" content=\"2 minutes\" \/>\n<script type=\"application\/ld+json\" class=\"yoast-schema-graph\">{\"@context\":\"https:\/\/schema.org\",\"@graph\":[{\"@type\":\"WebPage\",\"@id\":\"https:\/\/blogs.uef.fi\/cudis\/\",\"url\":\"https:\/\/blogs.uef.fi\/cudis\/\",\"name\":\"Frontpage - CUDIS - Cultural Knowledge and Digital Skills in Globalising Working Life\",\"isPartOf\":{\"@id\":\"https:\/\/blogs.uef.fi\/cudis\/#website\"},\"primaryImageOfPage\":{\"@id\":\"https:\/\/blogs.uef.fi\/cudis\/#primaryimage\"},\"image\":{\"@id\":\"https:\/\/blogs.uef.fi\/cudis\/#primaryimage\"},\"thumbnailUrl\":\"https:\/\/blogs.uef.fi\/cudis\/wp-content\/uploads\/sites\/191\/2023\/11\/TP_polku_website-1-1024x380.png\",\"datePublished\":\"2023-08-24T08:08:34+00:00\",\"dateModified\":\"2025-09-08T08:42:38+00:00\",\"breadcrumb\":{\"@id\":\"https:\/\/blogs.uef.fi\/cudis\/#breadcrumb\"},\"inLanguage\":\"en-US\",\"potentialAction\":[{\"@type\":\"ReadAction\",\"target\":[\"https:\/\/blogs.uef.fi\/cudis\/\"]}]},{\"@type\":\"ImageObject\",\"inLanguage\":\"en-US\",\"@id\":\"https:\/\/blogs.uef.fi\/cudis\/#primaryimage\",\"url\":\"https:\/\/blogs.uef.fi\/cudis\/wp-content\/uploads\/sites\/191\/2023\/11\/TP_polku_website-1.png\",\"contentUrl\":\"https:\/\/blogs.uef.fi\/cudis\/wp-content\/uploads\/sites\/191\/2023\/11\/TP_polku_website-1.png\",\"width\":3749,\"height\":1393},{\"@type\":\"BreadcrumbList\",\"@id\":\"https:\/\/blogs.uef.fi\/cudis\/#breadcrumb\",\"itemListElement\":[{\"@type\":\"ListItem\",\"position\":1,\"name\":\"Home\",\"item\":\"https:\/\/blogs.uef.fi\/cudis\/\"},{\"@type\":\"ListItem\",\"position\":2,\"name\":\"Frontpage\"}]},{\"@type\":\"WebSite\",\"@id\":\"https:\/\/blogs.uef.fi\/cudis\/#website\",\"url\":\"https:\/\/blogs.uef.fi\/cudis\/\",\"name\":\"CUDIS - Cultural Knowledge and Digital Skills in Globalising Working Life\",\"description\":\"\",\"potentialAction\":[{\"@type\":\"SearchAction\",\"target\":{\"@type\":\"EntryPoint\",\"urlTemplate\":\"https:\/\/blogs.uef.fi\/cudis\/?s={search_term_string}\"},\"query-input\":{\"@type\":\"PropertyValueSpecification\",\"valueRequired\":true,\"valueName\":\"search_term_string\"}}],\"inLanguage\":\"en-US\"}]}<\/script>\n<!-- \/ Yoast SEO plugin. -->","yoast_head_json":{"title":"Frontpage - CUDIS - Cultural Knowledge and Digital Skills in Globalising Working Life","robots":{"index":"index","follow":"follow","max-snippet":"max-snippet:-1","max-image-preview":"max-image-preview:large","max-video-preview":"max-video-preview:-1"},"canonical":"https:\/\/blogs.uef.fi\/cudis\/","og_locale":"en_US","og_type":"article","og_title":"Frontpage - CUDIS - Cultural Knowledge and Digital Skills in Globalising Working Life","og_description":"Introduction to CUDIS Internationalisation and digitalisation have been recognised as driving forces that impact the current working life. As international mobility increases, working in the future requires versatile language skills, understanding of intercultural communication and strong IT skills. The CUDIS project addresses these needs by training companies and students and graduates of humanities and computing [&hellip;]","og_url":"https:\/\/blogs.uef.fi\/cudis\/","og_site_name":"CUDIS - Cultural Knowledge and Digital Skills in Globalising Working Life","article_modified_time":"2025-09-08T08:42:38+00:00","og_image":[{"url":"https:\/\/blogs.uef.fi\/cudis\/wp-content\/uploads\/sites\/191\/2023\/11\/TP_polku_website-1-1024x380.png","type":"","width":"","height":""}],"twitter_card":"summary_large_image","twitter_misc":{"Est. reading time":"2 minutes"},"schema":{"@context":"https:\/\/schema.org","@graph":[{"@type":"WebPage","@id":"https:\/\/blogs.uef.fi\/cudis\/","url":"https:\/\/blogs.uef.fi\/cudis\/","name":"Frontpage - CUDIS - Cultural Knowledge and Digital Skills in Globalising Working Life","isPartOf":{"@id":"https:\/\/blogs.uef.fi\/cudis\/#website"},"primaryImageOfPage":{"@id":"https:\/\/blogs.uef.fi\/cudis\/#primaryimage"},"image":{"@id":"https:\/\/blogs.uef.fi\/cudis\/#primaryimage"},"thumbnailUrl":"https:\/\/blogs.uef.fi\/cudis\/wp-content\/uploads\/sites\/191\/2023\/11\/TP_polku_website-1-1024x380.png","datePublished":"2023-08-24T08:08:34+00:00","dateModified":"2025-09-08T08:42:38+00:00","breadcrumb":{"@id":"https:\/\/blogs.uef.fi\/cudis\/#breadcrumb"},"inLanguage":"en-US","potentialAction":[{"@type":"ReadAction","target":["https:\/\/blogs.uef.fi\/cudis\/"]}]},{"@type":"ImageObject","inLanguage":"en-US","@id":"https:\/\/blogs.uef.fi\/cudis\/#primaryimage","url":"https:\/\/blogs.uef.fi\/cudis\/wp-content\/uploads\/sites\/191\/2023\/11\/TP_polku_website-1.png","contentUrl":"https:\/\/blogs.uef.fi\/cudis\/wp-content\/uploads\/sites\/191\/2023\/11\/TP_polku_website-1.png","width":3749,"height":1393},{"@type":"BreadcrumbList","@id":"https:\/\/blogs.uef.fi\/cudis\/#breadcrumb","itemListElement":[{"@type":"ListItem","position":1,"name":"Home","item":"https:\/\/blogs.uef.fi\/cudis\/"},{"@type":"ListItem","position":2,"name":"Frontpage"}]},{"@type":"WebSite","@id":"https:\/\/blogs.uef.fi\/cudis\/#website","url":"https:\/\/blogs.uef.fi\/cudis\/","name":"CUDIS - Cultural Knowledge and Digital Skills in Globalising Working Life","description":"","potentialAction":[{"@type":"SearchAction","target":{"@type":"EntryPoint","urlTemplate":"https:\/\/blogs.uef.fi\/cudis\/?s={search_term_string}"},"query-input":{"@type":"PropertyValueSpecification","valueRequired":true,"valueName":"search_term_string"}}],"inLanguage":"en-US"}]}},"_links":{"self":[{"href":"https:\/\/blogs.uef.fi\/cudis\/wp-json\/wp\/v2\/pages\/10","targetHints":{"allow":["GET"]}}],"collection":[{"href":"https:\/\/blogs.uef.fi\/cudis\/wp-json\/wp\/v2\/pages"}],"about":[{"href":"https:\/\/blogs.uef.fi\/cudis\/wp-json\/wp\/v2\/types\/page"}],"author":[{"embeddable":true,"href":"https:\/\/blogs.uef.fi\/cudis\/wp-json\/wp\/v2\/users\/1"}],"replies":[{"embeddable":true,"href":"https:\/\/blogs.uef.fi\/cudis\/wp-json\/wp\/v2\/comments?post=10"}],"version-history":[{"count":2,"href":"https:\/\/blogs.uef.fi\/cudis\/wp-json\/wp\/v2\/pages\/10\/revisions"}],"predecessor-version":[{"id":5094,"href":"https:\/\/blogs.uef.fi\/cudis\/wp-json\/wp\/v2\/pages\/10\/revisions\/5094"}],"wp:attachment":[{"href":"https:\/\/blogs.uef.fi\/cudis\/wp-json\/wp\/v2\/media?parent=10"}],"curies":[{"name":"wp","href":"https:\/\/api.w.org\/{rel}","templated":true}]}}