{"id":639,"date":"2023-12-11T11:13:12","date_gmt":"2023-12-11T11:13:12","guid":{"rendered":"https:\/\/blogs.uef.fi\/ajatuksiasisaavaruudesta\/?page_id=639"},"modified":"2023-12-11T11:13:13","modified_gmt":"2023-12-11T11:13:13","slug":"tietoja-blogista","status":"publish","type":"page","link":"https:\/\/blogs.uef.fi\/ajatuksiasisaavaruudesta\/tietoja-blogista\/","title":{"rendered":"Tietoja blogista"},"content":{"rendered":"\n<p>Ajatuksia sis\u00e4avaruudesta on UEFin nuorisopsykiatrian tutkijoiden kanava jakaa ajatuksiaan nuorisopsykiatriasta, psykiatriasta, tutkimuksesta ja hieman niiden vierest\u00e4. Otamme mielell\u00e4mme vastaan palautetta ja kirjoitusten her\u00e4tt\u00e4mi\u00e4 ajatuksia!<\/p>\n","protected":false},"excerpt":{"rendered":"<p>Ajatuksia sis\u00e4avaruudesta on UEFin nuorisopsykiatrian tutkijoiden kanava jakaa ajatuksiaan nuorisopsykiatriasta, psykiatriasta, tutkimuksesta ja hieman niiden vierest\u00e4. Otamme mielell\u00e4mme vastaan palautetta ja kirjoitusten her\u00e4tt\u00e4mi\u00e4 ajatuksia!<\/p>\n","protected":false},"author":7,"featured_media":0,"parent":0,"menu_order":0,"comment_status":"closed","ping_status":"closed","template":"","meta":{"_acf_changed":false,"footnotes":""},"class_list":["post-639","page","type-page","status-publish","hentry"],"acf":[],"yoast_head":"<!-- This site is optimized with the Yoast SEO plugin v27.1.1 - https:\/\/yoast.com\/product\/yoast-seo-wordpress\/ -->\n<title>Tietoja blogista - Ajatuksia sis\u00e4avaruudesta<\/title>\n<meta name=\"robots\" content=\"index, follow, max-snippet:-1, max-image-preview:large, max-video-preview:-1\" \/>\n<link rel=\"canonical\" href=\"https:\/\/blogs.uef.fi\/ajatuksiasisaavaruudesta\/tietoja-blogista\/\" \/>\n<meta property=\"og:locale\" content=\"fi_FI\" \/>\n<meta property=\"og:type\" content=\"article\" \/>\n<meta property=\"og:title\" content=\"Tietoja blogista - Ajatuksia sis\u00e4avaruudesta\" \/>\n<meta property=\"og:description\" content=\"Ajatuksia sis\u00e4avaruudesta on UEFin nuorisopsykiatrian tutkijoiden kanava jakaa ajatuksiaan nuorisopsykiatriasta, psykiatriasta, tutkimuksesta ja hieman niiden vierest\u00e4. Otamme mielell\u00e4mme vastaan palautetta ja kirjoitusten her\u00e4tt\u00e4mi\u00e4 ajatuksia!\" \/>\n<meta property=\"og:url\" content=\"https:\/\/blogs.uef.fi\/ajatuksiasisaavaruudesta\/tietoja-blogista\/\" \/>\n<meta property=\"og:site_name\" content=\"Ajatuksia sis\u00e4avaruudesta\" \/>\n<meta property=\"article:modified_time\" content=\"2023-12-11T11:13:13+00:00\" \/>\n<meta name=\"twitter:card\" content=\"summary_large_image\" \/>\n<meta name=\"twitter:label1\" content=\"Arvioitu lukuaika\" \/>\n\t<meta name=\"twitter:data1\" content=\"1 minuutti\" \/>\n<script type=\"application\/ld+json\" class=\"yoast-schema-graph\">{\"@context\":\"https:\/\/schema.org\",\"@graph\":[{\"@type\":\"WebPage\",\"@id\":\"https:\/\/blogs.uef.fi\/ajatuksiasisaavaruudesta\/tietoja-blogista\/\",\"url\":\"https:\/\/blogs.uef.fi\/ajatuksiasisaavaruudesta\/tietoja-blogista\/\",\"name\":\"Tietoja blogista - Ajatuksia sis\u00e4avaruudesta\",\"isPartOf\":{\"@id\":\"https:\/\/blogs.uef.fi\/ajatuksiasisaavaruudesta\/#website\"},\"datePublished\":\"2023-12-11T11:13:12+00:00\",\"dateModified\":\"2023-12-11T11:13:13+00:00\",\"breadcrumb\":{\"@id\":\"https:\/\/blogs.uef.fi\/ajatuksiasisaavaruudesta\/tietoja-blogista\/#breadcrumb\"},\"inLanguage\":\"fi\",\"potentialAction\":[{\"@type\":\"ReadAction\",\"target\":[\"https:\/\/blogs.uef.fi\/ajatuksiasisaavaruudesta\/tietoja-blogista\/\"]}]},{\"@type\":\"BreadcrumbList\",\"@id\":\"https:\/\/blogs.uef.fi\/ajatuksiasisaavaruudesta\/tietoja-blogista\/#breadcrumb\",\"itemListElement\":[{\"@type\":\"ListItem\",\"position\":1,\"name\":\"Home\",\"item\":\"https:\/\/blogs.uef.fi\/ajatuksiasisaavaruudesta\/\"},{\"@type\":\"ListItem\",\"position\":2,\"name\":\"Tietoja blogista\"}]},{\"@type\":\"WebSite\",\"@id\":\"https:\/\/blogs.uef.fi\/ajatuksiasisaavaruudesta\/#website\",\"url\":\"https:\/\/blogs.uef.fi\/ajatuksiasisaavaruudesta\/\",\"name\":\"Ajatuksia sis\u00e4avaruudesta\",\"description\":\"\",\"potentialAction\":[{\"@type\":\"SearchAction\",\"target\":{\"@type\":\"EntryPoint\",\"urlTemplate\":\"https:\/\/blogs.uef.fi\/ajatuksiasisaavaruudesta\/?s={search_term_string}\"},\"query-input\":{\"@type\":\"PropertyValueSpecification\",\"valueRequired\":true,\"valueName\":\"search_term_string\"}}],\"inLanguage\":\"fi\"}]}<\/script>\n<!-- \/ Yoast SEO plugin. -->","yoast_head_json":{"title":"Tietoja blogista - Ajatuksia sis\u00e4avaruudesta","robots":{"index":"index","follow":"follow","max-snippet":"max-snippet:-1","max-image-preview":"max-image-preview:large","max-video-preview":"max-video-preview:-1"},"canonical":"https:\/\/blogs.uef.fi\/ajatuksiasisaavaruudesta\/tietoja-blogista\/","og_locale":"fi_FI","og_type":"article","og_title":"Tietoja blogista - Ajatuksia sis\u00e4avaruudesta","og_description":"Ajatuksia sis\u00e4avaruudesta on UEFin nuorisopsykiatrian tutkijoiden kanava jakaa ajatuksiaan nuorisopsykiatriasta, psykiatriasta, tutkimuksesta ja hieman niiden vierest\u00e4. Otamme mielell\u00e4mme vastaan palautetta ja kirjoitusten her\u00e4tt\u00e4mi\u00e4 ajatuksia!","og_url":"https:\/\/blogs.uef.fi\/ajatuksiasisaavaruudesta\/tietoja-blogista\/","og_site_name":"Ajatuksia sis\u00e4avaruudesta","article_modified_time":"2023-12-11T11:13:13+00:00","twitter_card":"summary_large_image","twitter_misc":{"Arvioitu lukuaika":"1 minuutti"},"schema":{"@context":"https:\/\/schema.org","@graph":[{"@type":"WebPage","@id":"https:\/\/blogs.uef.fi\/ajatuksiasisaavaruudesta\/tietoja-blogista\/","url":"https:\/\/blogs.uef.fi\/ajatuksiasisaavaruudesta\/tietoja-blogista\/","name":"Tietoja blogista - Ajatuksia sis\u00e4avaruudesta","isPartOf":{"@id":"https:\/\/blogs.uef.fi\/ajatuksiasisaavaruudesta\/#website"},"datePublished":"2023-12-11T11:13:12+00:00","dateModified":"2023-12-11T11:13:13+00:00","breadcrumb":{"@id":"https:\/\/blogs.uef.fi\/ajatuksiasisaavaruudesta\/tietoja-blogista\/#breadcrumb"},"inLanguage":"fi","potentialAction":[{"@type":"ReadAction","target":["https:\/\/blogs.uef.fi\/ajatuksiasisaavaruudesta\/tietoja-blogista\/"]}]},{"@type":"BreadcrumbList","@id":"https:\/\/blogs.uef.fi\/ajatuksiasisaavaruudesta\/tietoja-blogista\/#breadcrumb","itemListElement":[{"@type":"ListItem","position":1,"name":"Home","item":"https:\/\/blogs.uef.fi\/ajatuksiasisaavaruudesta\/"},{"@type":"ListItem","position":2,"name":"Tietoja blogista"}]},{"@type":"WebSite","@id":"https:\/\/blogs.uef.fi\/ajatuksiasisaavaruudesta\/#website","url":"https:\/\/blogs.uef.fi\/ajatuksiasisaavaruudesta\/","name":"Ajatuksia sis\u00e4avaruudesta","description":"","potentialAction":[{"@type":"SearchAction","target":{"@type":"EntryPoint","urlTemplate":"https:\/\/blogs.uef.fi\/ajatuksiasisaavaruudesta\/?s={search_term_string}"},"query-input":{"@type":"PropertyValueSpecification","valueRequired":true,"valueName":"search_term_string"}}],"inLanguage":"fi"}]}},"_links":{"self":[{"href":"https:\/\/blogs.uef.fi\/ajatuksiasisaavaruudesta\/wp-json\/wp\/v2\/pages\/639","targetHints":{"allow":["GET"]}}],"collection":[{"href":"https:\/\/blogs.uef.fi\/ajatuksiasisaavaruudesta\/wp-json\/wp\/v2\/pages"}],"about":[{"href":"https:\/\/blogs.uef.fi\/ajatuksiasisaavaruudesta\/wp-json\/wp\/v2\/types\/page"}],"author":[{"embeddable":true,"href":"https:\/\/blogs.uef.fi\/ajatuksiasisaavaruudesta\/wp-json\/wp\/v2\/users\/7"}],"replies":[{"embeddable":true,"href":"https:\/\/blogs.uef.fi\/ajatuksiasisaavaruudesta\/wp-json\/wp\/v2\/comments?post=639"}],"version-history":[{"count":1,"href":"https:\/\/blogs.uef.fi\/ajatuksiasisaavaruudesta\/wp-json\/wp\/v2\/pages\/639\/revisions"}],"predecessor-version":[{"id":645,"href":"https:\/\/blogs.uef.fi\/ajatuksiasisaavaruudesta\/wp-json\/wp\/v2\/pages\/639\/revisions\/645"}],"wp:attachment":[{"href":"https:\/\/blogs.uef.fi\/ajatuksiasisaavaruudesta\/wp-json\/wp\/v2\/media?parent=639"}],"curies":[{"name":"wp","href":"https:\/\/api.w.org\/{rel}","templated":true}]}}