{"id":978,"date":"2024-12-11T14:35:31","date_gmt":"2024-12-11T12:35:31","guid":{"rendered":"https:\/\/blogs.uef.fi\/aineistonhallinta-opiskelijoille\/?page_id=978"},"modified":"2025-08-27T09:36:42","modified_gmt":"2025-08-27T06:36:42","slug":"aineistonhallinnan-suunnittelu","status":"publish","type":"page","link":"https:\/\/blogs.uef.fi\/aineistonhallinta-opiskelijoille\/aineistonhallinnan-suunnittelu\/","title":{"rendered":"5. Aineistonhallinnan suunnittelu"},"content":{"rendered":"\n<p>Tutkimusaineiston k\u00e4sittely ja hallinta kannattaa suunnitella jo ennen opinn\u00e4ytety\u00f6n (tutkimuksen) aloittamista, jotta v\u00e4ltyt\u00e4\u00e4n riskeilt\u00e4, kuten aineiston\/datan h\u00e4vi\u00e4minen siirrett\u00e4ess\u00e4 tiedostomuodosta toiseen, tietoturva ja tietosuoja henkil\u00f6tietoja k\u00e4sitelless\u00e4 (tietoturvalliset v\u00e4lineet datan s\u00e4ilytykseen ja siirtelyyn).<\/p>\n\n\n\n<p>Suunnittelu tehd\u00e4\u00e4n aineistonhallintasuunnitelman (Data Management Plan; DMP) avulla. DMP on tutkimussuunnitelmaa ja opinn\u00e4ytety\u00f6t\u00e4 t\u00e4ydent\u00e4v\u00e4 dokumentti, jossa kuvataan aineistonhallinnan tekniset ja hallinnolliset toimenpiteet valmiiden kohtien avulla. <a href=\"https:\/\/doi.org\/10.5281\/zenodo.14178476\">It\u00e4-Suomen yliopiston perustutkinto-opiskelijoille on oma DMP-mallipohja<\/a>, jota voi hy\u00f6dynt\u00e4\u00e4 kirjoittaessa omaa aineistonhallintasuunnitelmaa. Opiskelijan kannattaa kirjoittaa DMP yhdess\u00e4 ohjaajan avustuksella etenkin, jos opiskelija opinn\u00e4ytety\u00f6ss\u00e4\u00e4n ker\u00e4\u00e4 omaa aineistoa tai k\u00e4ytt\u00e4\u00e4 jo valmiina olevaa tutkimusdataa.<\/p>\n\n\n\n<figure class=\"wp-block-image size-full\"><img loading=\"lazy\" decoding=\"async\" width=\"316\" height=\"261\" src=\"https:\/\/blogs.uef.fi\/aineistonhallinta-opiskelijoille\/wp-content\/uploads\/sites\/149\/2024\/12\/Research_Data_Management_-_Plan__Design.svg_.png\" alt=\"\" class=\"wp-image-987\" srcset=\"https:\/\/blogs.uef.fi\/aineistonhallinta-opiskelijoille\/wp-content\/uploads\/sites\/149\/2024\/12\/Research_Data_Management_-_Plan__Design.svg_.png 316w, https:\/\/blogs.uef.fi\/aineistonhallinta-opiskelijoille\/wp-content\/uploads\/sites\/149\/2024\/12\/Research_Data_Management_-_Plan__Design.svg_-300x248.png 300w\" sizes=\"auto, (max-width: 316px) 100vw, 316px\" \/><\/figure>\n\n\n\n<p><sub><em>Source of the picture: By Gaelen Pinnock (http:\/\/scarletstudio.net\/) &#8211; These files were designed by a private consultant for the University of Cape Town&#8217;s eResearch Centre., CC BY-SA 4.0, https:\/\/commons.wikimedia.org\/w\/index.php?curid=74990826<\/em><\/sub><\/p>\n\n\n\n<p><\/p>\n","protected":false},"excerpt":{"rendered":"<p>Tutkimusaineiston k\u00e4sittely ja hallinta kannattaa suunnitella jo ennen opinn\u00e4ytety\u00f6n (tutkimuksen) aloittamista, jotta v\u00e4ltyt\u00e4\u00e4n riskeilt\u00e4, kuten aineiston\/datan h\u00e4vi\u00e4minen siirrett\u00e4ess\u00e4 tiedostomuodosta toiseen, tietoturva ja tietosuoja henkil\u00f6tietoja k\u00e4sitelless\u00e4 (tietoturvalliset v\u00e4lineet datan s\u00e4ilytykseen ja siirtelyyn). Suunnittelu tehd\u00e4\u00e4n aineistonhallintasuunnitelman (Data Management Plan; DMP) avulla. DMP on tutkimussuunnitelmaa ja opinn\u00e4ytety\u00f6t\u00e4 t\u00e4ydent\u00e4v\u00e4 dokumentti, jossa kuvataan aineistonhallinnan tekniset ja hallinnolliset toimenpiteet valmiiden kohtien [&hellip;]<\/p>\n","protected":false},"author":588,"featured_media":0,"parent":0,"menu_order":0,"comment_status":"closed","ping_status":"closed","template":"","meta":{"_acf_changed":false,"footnotes":""},"class_list":["post-978","page","type-page","status-publish","hentry"],"acf":[],"yoast_head":"<!-- This site is optimized with the Yoast SEO plugin v27.3 - https:\/\/yoast.com\/product\/yoast-seo-wordpress\/ -->\n<title>5. Aineistonhallinnan suunnittelu - Aineistonhallinta opiskelijoille<\/title>\n<meta name=\"robots\" content=\"index, follow, max-snippet:-1, max-image-preview:large, max-video-preview:-1\" \/>\n<link rel=\"canonical\" href=\"https:\/\/blogs.uef.fi\/aineistonhallinta-opiskelijoille\/aineistonhallinnan-suunnittelu\/\" \/>\n<meta property=\"og:locale\" content=\"fi_FI\" \/>\n<meta property=\"og:type\" content=\"article\" \/>\n<meta property=\"og:title\" content=\"5. Aineistonhallinnan suunnittelu - Aineistonhallinta opiskelijoille\" \/>\n<meta property=\"og:description\" content=\"Tutkimusaineiston k\u00e4sittely ja hallinta kannattaa suunnitella jo ennen opinn\u00e4ytety\u00f6n (tutkimuksen) aloittamista, jotta v\u00e4ltyt\u00e4\u00e4n riskeilt\u00e4, kuten aineiston\/datan h\u00e4vi\u00e4minen siirrett\u00e4ess\u00e4 tiedostomuodosta toiseen, tietoturva ja tietosuoja henkil\u00f6tietoja k\u00e4sitelless\u00e4 (tietoturvalliset v\u00e4lineet datan s\u00e4ilytykseen ja siirtelyyn). Suunnittelu tehd\u00e4\u00e4n aineistonhallintasuunnitelman (Data Management Plan; DMP) avulla. DMP on tutkimussuunnitelmaa ja opinn\u00e4ytety\u00f6t\u00e4 t\u00e4ydent\u00e4v\u00e4 dokumentti, jossa kuvataan aineistonhallinnan tekniset ja hallinnolliset toimenpiteet valmiiden kohtien [&hellip;]\" \/>\n<meta property=\"og:url\" content=\"https:\/\/blogs.uef.fi\/aineistonhallinta-opiskelijoille\/aineistonhallinnan-suunnittelu\/\" \/>\n<meta property=\"og:site_name\" content=\"Aineistonhallinta opiskelijoille\" \/>\n<meta property=\"article:modified_time\" content=\"2025-08-27T06:36:42+00:00\" \/>\n<meta property=\"og:image\" content=\"https:\/\/blogs.uef.fi\/aineistonhallinta-opiskelijoille\/wp-content\/uploads\/sites\/149\/2024\/12\/Research_Data_Management_-_Plan__Design.svg_.png\" \/>\n\t<meta property=\"og:image:width\" content=\"316\" \/>\n\t<meta property=\"og:image:height\" content=\"261\" \/>\n\t<meta property=\"og:image:type\" content=\"image\/png\" \/>\n<meta name=\"twitter:card\" content=\"summary_large_image\" \/>\n<meta name=\"twitter:label1\" content=\"Arvioitu lukuaika\" \/>\n\t<meta name=\"twitter:data1\" content=\"1 minuutti\" \/>\n<script type=\"application\/ld+json\" class=\"yoast-schema-graph\">{\"@context\":\"https:\\\/\\\/schema.org\",\"@graph\":[{\"@type\":\"WebPage\",\"@id\":\"https:\\\/\\\/blogs.uef.fi\\\/aineistonhallinta-opiskelijoille\\\/aineistonhallinnan-suunnittelu\\\/\",\"url\":\"https:\\\/\\\/blogs.uef.fi\\\/aineistonhallinta-opiskelijoille\\\/aineistonhallinnan-suunnittelu\\\/\",\"name\":\"5. Aineistonhallinnan suunnittelu - Aineistonhallinta opiskelijoille\",\"isPartOf\":{\"@id\":\"https:\\\/\\\/blogs.uef.fi\\\/aineistonhallinta-opiskelijoille\\\/#website\"},\"primaryImageOfPage\":{\"@id\":\"https:\\\/\\\/blogs.uef.fi\\\/aineistonhallinta-opiskelijoille\\\/aineistonhallinnan-suunnittelu\\\/#primaryimage\"},\"image\":{\"@id\":\"https:\\\/\\\/blogs.uef.fi\\\/aineistonhallinta-opiskelijoille\\\/aineistonhallinnan-suunnittelu\\\/#primaryimage\"},\"thumbnailUrl\":\"https:\\\/\\\/blogs.uef.fi\\\/aineistonhallinta-opiskelijoille\\\/wp-content\\\/uploads\\\/sites\\\/149\\\/2024\\\/12\\\/Research_Data_Management_-_Plan__Design.svg_.png\",\"datePublished\":\"2024-12-11T12:35:31+00:00\",\"dateModified\":\"2025-08-27T06:36:42+00:00\",\"breadcrumb\":{\"@id\":\"https:\\\/\\\/blogs.uef.fi\\\/aineistonhallinta-opiskelijoille\\\/aineistonhallinnan-suunnittelu\\\/#breadcrumb\"},\"inLanguage\":\"fi\",\"potentialAction\":[{\"@type\":\"ReadAction\",\"target\":[\"https:\\\/\\\/blogs.uef.fi\\\/aineistonhallinta-opiskelijoille\\\/aineistonhallinnan-suunnittelu\\\/\"]}]},{\"@type\":\"ImageObject\",\"inLanguage\":\"fi\",\"@id\":\"https:\\\/\\\/blogs.uef.fi\\\/aineistonhallinta-opiskelijoille\\\/aineistonhallinnan-suunnittelu\\\/#primaryimage\",\"url\":\"https:\\\/\\\/blogs.uef.fi\\\/aineistonhallinta-opiskelijoille\\\/wp-content\\\/uploads\\\/sites\\\/149\\\/2024\\\/12\\\/Research_Data_Management_-_Plan__Design.svg_.png\",\"contentUrl\":\"https:\\\/\\\/blogs.uef.fi\\\/aineistonhallinta-opiskelijoille\\\/wp-content\\\/uploads\\\/sites\\\/149\\\/2024\\\/12\\\/Research_Data_Management_-_Plan__Design.svg_.png\",\"width\":316,\"height\":261},{\"@type\":\"BreadcrumbList\",\"@id\":\"https:\\\/\\\/blogs.uef.fi\\\/aineistonhallinta-opiskelijoille\\\/aineistonhallinnan-suunnittelu\\\/#breadcrumb\",\"itemListElement\":[{\"@type\":\"ListItem\",\"position\":1,\"name\":\"Home\",\"item\":\"https:\\\/\\\/blogs.uef.fi\\\/aineistonhallinta-opiskelijoille\\\/\"},{\"@type\":\"ListItem\",\"position\":2,\"name\":\"5. Aineistonhallinnan suunnittelu\"}]},{\"@type\":\"WebSite\",\"@id\":\"https:\\\/\\\/blogs.uef.fi\\\/aineistonhallinta-opiskelijoille\\\/#website\",\"url\":\"https:\\\/\\\/blogs.uef.fi\\\/aineistonhallinta-opiskelijoille\\\/\",\"name\":\"Aineistonhallinta opiskelijoille\",\"description\":\"\",\"potentialAction\":[{\"@type\":\"SearchAction\",\"target\":{\"@type\":\"EntryPoint\",\"urlTemplate\":\"https:\\\/\\\/blogs.uef.fi\\\/aineistonhallinta-opiskelijoille\\\/?s={search_term_string}\"},\"query-input\":{\"@type\":\"PropertyValueSpecification\",\"valueRequired\":true,\"valueName\":\"search_term_string\"}}],\"inLanguage\":\"fi\"}]}<\/script>\n<!-- \/ Yoast SEO plugin. -->","yoast_head_json":{"title":"5. Aineistonhallinnan suunnittelu - Aineistonhallinta opiskelijoille","robots":{"index":"index","follow":"follow","max-snippet":"max-snippet:-1","max-image-preview":"max-image-preview:large","max-video-preview":"max-video-preview:-1"},"canonical":"https:\/\/blogs.uef.fi\/aineistonhallinta-opiskelijoille\/aineistonhallinnan-suunnittelu\/","og_locale":"fi_FI","og_type":"article","og_title":"5. Aineistonhallinnan suunnittelu - Aineistonhallinta opiskelijoille","og_description":"Tutkimusaineiston k\u00e4sittely ja hallinta kannattaa suunnitella jo ennen opinn\u00e4ytety\u00f6n (tutkimuksen) aloittamista, jotta v\u00e4ltyt\u00e4\u00e4n riskeilt\u00e4, kuten aineiston\/datan h\u00e4vi\u00e4minen siirrett\u00e4ess\u00e4 tiedostomuodosta toiseen, tietoturva ja tietosuoja henkil\u00f6tietoja k\u00e4sitelless\u00e4 (tietoturvalliset v\u00e4lineet datan s\u00e4ilytykseen ja siirtelyyn). Suunnittelu tehd\u00e4\u00e4n aineistonhallintasuunnitelman (Data Management Plan; DMP) avulla. DMP on tutkimussuunnitelmaa ja opinn\u00e4ytety\u00f6t\u00e4 t\u00e4ydent\u00e4v\u00e4 dokumentti, jossa kuvataan aineistonhallinnan tekniset ja hallinnolliset toimenpiteet valmiiden kohtien [&hellip;]","og_url":"https:\/\/blogs.uef.fi\/aineistonhallinta-opiskelijoille\/aineistonhallinnan-suunnittelu\/","og_site_name":"Aineistonhallinta opiskelijoille","article_modified_time":"2025-08-27T06:36:42+00:00","og_image":[{"width":316,"height":261,"url":"https:\/\/blogs.uef.fi\/aineistonhallinta-opiskelijoille\/wp-content\/uploads\/sites\/149\/2024\/12\/Research_Data_Management_-_Plan__Design.svg_.png","type":"image\/png"}],"twitter_card":"summary_large_image","twitter_misc":{"Arvioitu lukuaika":"1 minuutti"},"schema":{"@context":"https:\/\/schema.org","@graph":[{"@type":"WebPage","@id":"https:\/\/blogs.uef.fi\/aineistonhallinta-opiskelijoille\/aineistonhallinnan-suunnittelu\/","url":"https:\/\/blogs.uef.fi\/aineistonhallinta-opiskelijoille\/aineistonhallinnan-suunnittelu\/","name":"5. Aineistonhallinnan suunnittelu - Aineistonhallinta opiskelijoille","isPartOf":{"@id":"https:\/\/blogs.uef.fi\/aineistonhallinta-opiskelijoille\/#website"},"primaryImageOfPage":{"@id":"https:\/\/blogs.uef.fi\/aineistonhallinta-opiskelijoille\/aineistonhallinnan-suunnittelu\/#primaryimage"},"image":{"@id":"https:\/\/blogs.uef.fi\/aineistonhallinta-opiskelijoille\/aineistonhallinnan-suunnittelu\/#primaryimage"},"thumbnailUrl":"https:\/\/blogs.uef.fi\/aineistonhallinta-opiskelijoille\/wp-content\/uploads\/sites\/149\/2024\/12\/Research_Data_Management_-_Plan__Design.svg_.png","datePublished":"2024-12-11T12:35:31+00:00","dateModified":"2025-08-27T06:36:42+00:00","breadcrumb":{"@id":"https:\/\/blogs.uef.fi\/aineistonhallinta-opiskelijoille\/aineistonhallinnan-suunnittelu\/#breadcrumb"},"inLanguage":"fi","potentialAction":[{"@type":"ReadAction","target":["https:\/\/blogs.uef.fi\/aineistonhallinta-opiskelijoille\/aineistonhallinnan-suunnittelu\/"]}]},{"@type":"ImageObject","inLanguage":"fi","@id":"https:\/\/blogs.uef.fi\/aineistonhallinta-opiskelijoille\/aineistonhallinnan-suunnittelu\/#primaryimage","url":"https:\/\/blogs.uef.fi\/aineistonhallinta-opiskelijoille\/wp-content\/uploads\/sites\/149\/2024\/12\/Research_Data_Management_-_Plan__Design.svg_.png","contentUrl":"https:\/\/blogs.uef.fi\/aineistonhallinta-opiskelijoille\/wp-content\/uploads\/sites\/149\/2024\/12\/Research_Data_Management_-_Plan__Design.svg_.png","width":316,"height":261},{"@type":"BreadcrumbList","@id":"https:\/\/blogs.uef.fi\/aineistonhallinta-opiskelijoille\/aineistonhallinnan-suunnittelu\/#breadcrumb","itemListElement":[{"@type":"ListItem","position":1,"name":"Home","item":"https:\/\/blogs.uef.fi\/aineistonhallinta-opiskelijoille\/"},{"@type":"ListItem","position":2,"name":"5. Aineistonhallinnan suunnittelu"}]},{"@type":"WebSite","@id":"https:\/\/blogs.uef.fi\/aineistonhallinta-opiskelijoille\/#website","url":"https:\/\/blogs.uef.fi\/aineistonhallinta-opiskelijoille\/","name":"Aineistonhallinta opiskelijoille","description":"","potentialAction":[{"@type":"SearchAction","target":{"@type":"EntryPoint","urlTemplate":"https:\/\/blogs.uef.fi\/aineistonhallinta-opiskelijoille\/?s={search_term_string}"},"query-input":{"@type":"PropertyValueSpecification","valueRequired":true,"valueName":"search_term_string"}}],"inLanguage":"fi"}]}},"_links":{"self":[{"href":"https:\/\/blogs.uef.fi\/aineistonhallinta-opiskelijoille\/wp-json\/wp\/v2\/pages\/978","targetHints":{"allow":["GET"]}}],"collection":[{"href":"https:\/\/blogs.uef.fi\/aineistonhallinta-opiskelijoille\/wp-json\/wp\/v2\/pages"}],"about":[{"href":"https:\/\/blogs.uef.fi\/aineistonhallinta-opiskelijoille\/wp-json\/wp\/v2\/types\/page"}],"author":[{"embeddable":true,"href":"https:\/\/blogs.uef.fi\/aineistonhallinta-opiskelijoille\/wp-json\/wp\/v2\/users\/588"}],"replies":[{"embeddable":true,"href":"https:\/\/blogs.uef.fi\/aineistonhallinta-opiskelijoille\/wp-json\/wp\/v2\/comments?post=978"}],"version-history":[{"count":2,"href":"https:\/\/blogs.uef.fi\/aineistonhallinta-opiskelijoille\/wp-json\/wp\/v2\/pages\/978\/revisions"}],"predecessor-version":[{"id":1055,"href":"https:\/\/blogs.uef.fi\/aineistonhallinta-opiskelijoille\/wp-json\/wp\/v2\/pages\/978\/revisions\/1055"}],"wp:attachment":[{"href":"https:\/\/blogs.uef.fi\/aineistonhallinta-opiskelijoille\/wp-json\/wp\/v2\/media?parent=978"}],"curies":[{"name":"wp","href":"https:\/\/api.w.org\/{rel}","templated":true}]}}