{"id":91,"date":"2020-07-02T11:29:57","date_gmt":"2020-07-02T08:29:57","guid":{"rendered":"https:\/\/blogs.uef.fi\/aineistonhallinta-opiskelijoille\/?page_id=91"},"modified":"2025-08-27T09:42:01","modified_gmt":"2025-08-27T06:42:01","slug":"aineistonhallinnassa-huomioitavat-eettiset-ja-juridiset-seikat","status":"publish","type":"page","link":"https:\/\/blogs.uef.fi\/aineistonhallinta-opiskelijoille\/aineistonhallinnassa-huomioitavat-eettiset-ja-juridiset-seikat\/","title":{"rendered":"2. Eettiset ja juridiset seikat"},"content":{"rendered":"\n<p>Eettiset ja juridiset seikat vaikuttavat aineistonhallintaan eli siihen, miten tutkimusaineistoa ker\u00e4t\u00e4\u00e4n ja k\u00e4sitell\u00e4\u00e4n, millaisia oikeuksia aineistoon liittyy, miss\u00e4 aineistoa voi s\u00e4ilytt\u00e4\u00e4, miten ja kenelle aineistoa voi jakaa. Tutkimusaineisto voi sis\u00e4lt\u00e4\u00e4 henkil\u00f6tietoa, arkaluonteista eli sensitiivist\u00e4 henkil\u00f6tietoa (esim. terveystiedot), sensitiivist\u00e4 lajitietoa (esim. uhanlaisiin el\u00e4imiin tai kasveihin liittyen) tai muuta luottamuksellista tietoa kuten patentit, maanpuolustukseen liittyv\u00e4 tieto tai liikesalaisuudet. On t\u00e4rke\u00e4\u00e4, ett\u00e4 tunnistat ohjaajasi avustuksella sis\u00e4lt\u00e4\u00e4k\u00f6 oma aineistosi edell\u00e4 mainittuja tietoja, jolloin aineistosi k\u00e4sittelyyn liittyy varmuudella juridisia ja eettisi\u00e4 n\u00e4k\u00f6kulmia ja jopa rajoituksia, jotka t\u00e4ytyy huomioida koko opinn\u00e4ytety\u00f6- ja aineistonhallintaprosessin ajan.<\/p>\n\n\n\n<p>Tutkimusaineistoa ker\u00e4tt\u00e4ess\u00e4 ja k\u00e4sitelless\u00e4&nbsp;huomioitavia eettisi\u00e4 ja juridisia seikkoja ohjaavat esimerkiksi:<\/p>\n\n\n\n<ul class=\"wp-block-list\">\n<li><a href=\"https:\/\/tietosuoja.fi\/lainsaadanto\">tietosuojalains\u00e4\u00e4d\u00e4nt\u00f6<\/a> (erit. EU:n yleinen tietosuoja-asetus eli GDPR ja tietosuojalaki)<\/li>\n\n\n\n<li><a href=\"https:\/\/tekijanoikeus.fi\/tekijanoikeus\/\">tekij\u00e4noikeudet<\/a><\/li>\n\n\n\n<li><a href=\"https:\/\/tenk.fi\/fi\/tiedevilppi\/hyva-tieteellinen-kaytanto-htk\">hyv\u00e4 tieteellinen k\u00e4yt\u00e4nt\u00f6<\/a>.<\/li>\n<\/ul>\n\n\n\n<h2 class=\"wp-block-heading\">Henkil\u00f6tiedot tutkimusaineistossa<\/h2>\n\n\n\n<p>Henkil\u00f6tietoja ovat tiedot, joiden perusteella henkil\u00f6 voidaan suorasti tai ep\u00e4suorasti tunnistaa. Henkil\u00f6tietoja ovat kaikki tunnistettuun tai tunnistettavissa olevaan luonnolliseen henkil\u00f6\u00f6n liittyv\u00e4t tiedot:<\/p>\n\n\n\n<ul class=\"wp-block-list\">\n<li><strong>Suorat tunnisteet<\/strong><br>Tietoja, jotka yksin riitt\u00e4v\u00e4t tunnistamaan henkil\u00f6n, esimerkiksi nimi, henkil\u00f6tunnus, nimen mukainen s\u00e4hk\u00f6postiosoite, biometriset tunnisteet (kasvot, \u00e4\u00e4ni, sormenj\u00e4ljet, silm\u00e4n iiris, k\u00e4mmenen muoto, perinteinen allekirjoitus).<\/li>\n\n\n\n<li><strong>Vahvat ep\u00e4suorat tunnisteet<\/strong><br>Tietoja, joiden avulla henkil\u00f6 tunnistetaan ilman kohtuutonta vaivaa, esimerkiksi osoite, puhelinnumero, ip-osoite, opiskelijanro, vakuutusnro, tilinro, tarkat vuosiansiot, rekisterinumero, harvinainen ammattinimike tai sairaus, annettu asema kuten puheenjohtajuus.<\/li>\n\n\n\n<li><strong>Ep\u00e4suorat tunnisteet<\/strong><br>Eiv\u00e4t yksin riit\u00e4 tunnistamiseen, mutta yhdistettyin\u00e4 kesken\u00e4\u00e4n tai muihin tietohin mahdollistavat tunnistamisen, esimerkiksi sukupuoli, ik\u00e4, asuinkunta, ammatti, ty\u00f6paikka, koulutus, oppilaitos, p\u00e4iv\u00e4m\u00e4\u00e4r\u00e4 (syntym\u00e4aika, kuolinaika, tapahtuma-aika).<\/li>\n\n\n\n<li><strong>Erityiset henkil\u00f6tietoryhm\u00e4t, rikokset ja rikostuomiot (ns. arkaluonteiset tiedot)<\/strong><br>Rotu tai etninen alkuper\u00e4, poliittinen mielipide, uskonnollinen tai filosofinen vakaumus, ammattiliiton j\u00e4senyys, geneettiset\/biometriset tiedot tunnistamista varten, terveytt\u00e4 koskevat tiedot, seksuaalinen k\u00e4ytt\u00e4ytyminen tai suuntautuminen sek\u00e4 rikokset ja rikostuomiot. <strong>K\u00e4sittely on kielletty\u00e4 ilman tietosuoja-asetuksen mukaista erityisperustetta.<\/strong><\/li>\n<\/ul>\n\n\n\n<p>Henkil\u00f6tietojen k\u00e4sittely\u00e4 ovat kaikki ne toimet, jotka kohdistetaan henkil\u00f6tietoihin kuten ker\u00e4\u00e4minen, tallentaminen, j\u00e4rjest\u00e4minen, haku, katsominen, s\u00e4ilytt\u00e4minen, poistaminen ja tuhoaminen. Rekisterinpit\u00e4j\u00e4ll\u00e4 tarkoitetaan tahoa, joka yksin tai yhdess\u00e4 toisen kanssa m\u00e4\u00e4rittelee mihin tarkoituksiin ja mill\u00e4 keinoin henkil\u00f6tietoja k\u00e4sitell\u00e4\u00e4n.<\/p>\n\n\n\n<p>Opinn\u00e4ytety\u00f6n (esim. pro gradu, v\u00e4it\u00f6skirja) kohdalla, opinn\u00e4ytety\u00f6n tekij\u00e4 on p\u00e4\u00e4s\u00e4\u00e4nt\u00f6isesti itse itse rekisterinpit\u00e4j\u00e4. Lue lis\u00e4\u00e4 Kamusta <a href=\"https:\/\/kamu.uef.fi\/student-book\/tietosuojaohje-opiskelijoille\/\">Tietosuojaohje opiskelijalle<\/a>.<\/p>\n\n\n\n<p>Henkil\u00f6tietojen k\u00e4sittelylle pit\u00e4\u00e4 aina olla <strong>laillinen peruste<\/strong>. Maisterin tutkintoon johtavassa opinn\u00e4ytety\u00f6ss\u00e4 henkil\u00f6tietojen k\u00e4sittelyn perusteena voi olla yleisen edun mukainen tieteellinen tutkimus, tutkittavan suostumus tai rekisterinpit\u00e4j\u00e4n oikeutettu etu.<\/p>\n\n\n\n<p>Henkil\u00f6tietojen ker\u00e4\u00e4minen tulee <strong>minimoida<\/strong> eli henkil\u00f6tietoja ker\u00e4t\u00e4\u00e4n vain siin\u00e4 m\u00e4\u00e4rin, kun se on tarpeellista tutkimuksen kannalta. Tutkittavien yksityisyytt\u00e4 voidaan suojata my\u00f6s anonymisoimalla ja\/tai pseudonymisoimalla aineistoa.<\/p>\n\n\n\n<p><strong>Anonymisointi<\/strong>: Henkil\u00f6tietojen k\u00e4sittely niin, ett\u00e4 henkil\u00f6\u00e4 ei en\u00e4\u00e4 voida tunnistaa niist\u00e4. Tunnistamisen t\u00e4ytyy esty\u00e4 peruuttamattomasti ja siten, ett\u00e4 kukaan ei voi en\u00e4\u00e4 hallussaan olevilla tiedoilla muuttaa tietoja takaisin tunnistettaviksi eik\u00e4 niihin voi yhdist\u00e4\u00e4 uusia tietoja. Pelkk\u00e4 nimen poistaminen ei riit\u00e4 vaan aineisto t\u00e4ytyy k\u00e4yd\u00e4 huolellisesti l\u00e4pi ja poistaa\/muuttaa kaikki tiedot, joiden perusteella henkil\u00f6 voidaan tunnistaa. Aineistosta ei saa olla alkuper\u00e4ist\u00e4 tunnisteellista versiota en\u00e4\u00e4 olemassa. Anonymisoidut tiedot eiv\u00e4t ole en\u00e4\u00e4 henkil\u00f6tietoja. Mutta on t\u00e4rke\u00e4 pit\u00e4\u00e4 mieless\u00e4, ett\u00e4 anonyminointiprosessissa itsess\u00e4\u00e4n k\u00e4sitell\u00e4\u00e4n viel\u00e4 henkil\u00f6tietoja.<\/p>\n\n\n\n<p><strong>Pseudonymisointi<\/strong>: Henkil\u00f6tietojen k\u00e4sitteleminen siten, ett\u00e4 tietoja ei voida en\u00e4\u00e4 yhdist\u00e4\u00e4 tiettyyn henkil\u00f6\u00f6n ilman lis\u00e4tietoja, jotka s\u00e4ilytet\u00e4\u00e4n erill\u00e4\u00e4n. Se voidaan tehd\u00e4 esimerkiksi koodaamalla tai tutkimusnumeroita tai peitenimi\u00e4 k\u00e4ytt\u00e4m\u00e4ll\u00e4. Pseudonymisoidut tiedot ovat yh\u00e4 henkil\u00f6tietoja, ja k\u00e4sittelyss\u00e4 on noudatettava tietosuojas\u00e4\u00e4nn\u00f6ksi\u00e4.<\/p>\n\n\n\n<p>Lue lis\u00e4\u00e4 aineiston tunnisteellisuudesta ja anonymisoinnista Tietoarkiston <a href=\"https:\/\/www.fsd.tuni.fi\/aineistonhallinta\/fi\/tunnisteellisuus-ja-anonymisointi.html\">aineistonhallinnan k\u00e4sikirjasta<\/a>.<\/p>\n","protected":false},"excerpt":{"rendered":"<p>Eettiset ja juridiset seikat vaikuttavat aineistonhallintaan eli siihen, miten tutkimusaineistoa ker\u00e4t\u00e4\u00e4n ja k\u00e4sitell\u00e4\u00e4n, millaisia oikeuksia aineistoon liittyy, miss\u00e4 aineistoa voi s\u00e4ilytt\u00e4\u00e4, miten ja kenelle aineistoa voi jakaa. Tutkimusaineisto voi sis\u00e4lt\u00e4\u00e4 henkil\u00f6tietoa, arkaluonteista eli sensitiivist\u00e4 henkil\u00f6tietoa (esim. terveystiedot), sensitiivist\u00e4 lajitietoa (esim. uhanlaisiin el\u00e4imiin tai kasveihin liittyen) tai muuta luottamuksellista tietoa kuten patentit, maanpuolustukseen liittyv\u00e4 tieto tai [&hellip;]<\/p>\n","protected":false},"author":201,"featured_media":0,"parent":0,"menu_order":0,"comment_status":"closed","ping_status":"closed","template":"","meta":{"_acf_changed":false,"footnotes":""},"class_list":["post-91","page","type-page","status-publish","hentry"],"acf":[],"yoast_head":"<!-- This site is optimized with the Yoast SEO plugin v27.3 - https:\/\/yoast.com\/product\/yoast-seo-wordpress\/ -->\n<title>2. Eettiset ja juridiset seikat - Aineistonhallinta opiskelijoille<\/title>\n<meta name=\"robots\" content=\"index, follow, max-snippet:-1, max-image-preview:large, max-video-preview:-1\" \/>\n<link rel=\"canonical\" href=\"https:\/\/blogs.uef.fi\/aineistonhallinta-opiskelijoille\/aineistonhallinnassa-huomioitavat-eettiset-ja-juridiset-seikat\/\" \/>\n<meta property=\"og:locale\" content=\"fi_FI\" \/>\n<meta property=\"og:type\" content=\"article\" \/>\n<meta property=\"og:title\" content=\"2. Eettiset ja juridiset seikat - Aineistonhallinta opiskelijoille\" \/>\n<meta property=\"og:description\" content=\"Eettiset ja juridiset seikat vaikuttavat aineistonhallintaan eli siihen, miten tutkimusaineistoa ker\u00e4t\u00e4\u00e4n ja k\u00e4sitell\u00e4\u00e4n, millaisia oikeuksia aineistoon liittyy, miss\u00e4 aineistoa voi s\u00e4ilytt\u00e4\u00e4, miten ja kenelle aineistoa voi jakaa. Tutkimusaineisto voi sis\u00e4lt\u00e4\u00e4 henkil\u00f6tietoa, arkaluonteista eli sensitiivist\u00e4 henkil\u00f6tietoa (esim. terveystiedot), sensitiivist\u00e4 lajitietoa (esim. uhanlaisiin el\u00e4imiin tai kasveihin liittyen) tai muuta luottamuksellista tietoa kuten patentit, maanpuolustukseen liittyv\u00e4 tieto tai [&hellip;]\" \/>\n<meta property=\"og:url\" content=\"https:\/\/blogs.uef.fi\/aineistonhallinta-opiskelijoille\/aineistonhallinnassa-huomioitavat-eettiset-ja-juridiset-seikat\/\" \/>\n<meta property=\"og:site_name\" content=\"Aineistonhallinta opiskelijoille\" \/>\n<meta property=\"article:modified_time\" content=\"2025-08-27T06:42:01+00:00\" \/>\n<meta name=\"twitter:card\" content=\"summary_large_image\" \/>\n<meta name=\"twitter:label1\" content=\"Arvioitu lukuaika\" \/>\n\t<meta name=\"twitter:data1\" content=\"4 minuuttia\" \/>\n<script type=\"application\/ld+json\" class=\"yoast-schema-graph\">{\"@context\":\"https:\\\/\\\/schema.org\",\"@graph\":[{\"@type\":\"WebPage\",\"@id\":\"https:\\\/\\\/blogs.uef.fi\\\/aineistonhallinta-opiskelijoille\\\/aineistonhallinnassa-huomioitavat-eettiset-ja-juridiset-seikat\\\/\",\"url\":\"https:\\\/\\\/blogs.uef.fi\\\/aineistonhallinta-opiskelijoille\\\/aineistonhallinnassa-huomioitavat-eettiset-ja-juridiset-seikat\\\/\",\"name\":\"2. Eettiset ja juridiset seikat - Aineistonhallinta opiskelijoille\",\"isPartOf\":{\"@id\":\"https:\\\/\\\/blogs.uef.fi\\\/aineistonhallinta-opiskelijoille\\\/#website\"},\"datePublished\":\"2020-07-02T08:29:57+00:00\",\"dateModified\":\"2025-08-27T06:42:01+00:00\",\"breadcrumb\":{\"@id\":\"https:\\\/\\\/blogs.uef.fi\\\/aineistonhallinta-opiskelijoille\\\/aineistonhallinnassa-huomioitavat-eettiset-ja-juridiset-seikat\\\/#breadcrumb\"},\"inLanguage\":\"fi\",\"potentialAction\":[{\"@type\":\"ReadAction\",\"target\":[\"https:\\\/\\\/blogs.uef.fi\\\/aineistonhallinta-opiskelijoille\\\/aineistonhallinnassa-huomioitavat-eettiset-ja-juridiset-seikat\\\/\"]}]},{\"@type\":\"BreadcrumbList\",\"@id\":\"https:\\\/\\\/blogs.uef.fi\\\/aineistonhallinta-opiskelijoille\\\/aineistonhallinnassa-huomioitavat-eettiset-ja-juridiset-seikat\\\/#breadcrumb\",\"itemListElement\":[{\"@type\":\"ListItem\",\"position\":1,\"name\":\"Home\",\"item\":\"https:\\\/\\\/blogs.uef.fi\\\/aineistonhallinta-opiskelijoille\\\/\"},{\"@type\":\"ListItem\",\"position\":2,\"name\":\"2. Eettiset ja juridiset seikat\"}]},{\"@type\":\"WebSite\",\"@id\":\"https:\\\/\\\/blogs.uef.fi\\\/aineistonhallinta-opiskelijoille\\\/#website\",\"url\":\"https:\\\/\\\/blogs.uef.fi\\\/aineistonhallinta-opiskelijoille\\\/\",\"name\":\"Aineistonhallinta opiskelijoille\",\"description\":\"\",\"potentialAction\":[{\"@type\":\"SearchAction\",\"target\":{\"@type\":\"EntryPoint\",\"urlTemplate\":\"https:\\\/\\\/blogs.uef.fi\\\/aineistonhallinta-opiskelijoille\\\/?s={search_term_string}\"},\"query-input\":{\"@type\":\"PropertyValueSpecification\",\"valueRequired\":true,\"valueName\":\"search_term_string\"}}],\"inLanguage\":\"fi\"}]}<\/script>\n<!-- \/ Yoast SEO plugin. -->","yoast_head_json":{"title":"2. Eettiset ja juridiset seikat - Aineistonhallinta opiskelijoille","robots":{"index":"index","follow":"follow","max-snippet":"max-snippet:-1","max-image-preview":"max-image-preview:large","max-video-preview":"max-video-preview:-1"},"canonical":"https:\/\/blogs.uef.fi\/aineistonhallinta-opiskelijoille\/aineistonhallinnassa-huomioitavat-eettiset-ja-juridiset-seikat\/","og_locale":"fi_FI","og_type":"article","og_title":"2. Eettiset ja juridiset seikat - Aineistonhallinta opiskelijoille","og_description":"Eettiset ja juridiset seikat vaikuttavat aineistonhallintaan eli siihen, miten tutkimusaineistoa ker\u00e4t\u00e4\u00e4n ja k\u00e4sitell\u00e4\u00e4n, millaisia oikeuksia aineistoon liittyy, miss\u00e4 aineistoa voi s\u00e4ilytt\u00e4\u00e4, miten ja kenelle aineistoa voi jakaa. Tutkimusaineisto voi sis\u00e4lt\u00e4\u00e4 henkil\u00f6tietoa, arkaluonteista eli sensitiivist\u00e4 henkil\u00f6tietoa (esim. terveystiedot), sensitiivist\u00e4 lajitietoa (esim. uhanlaisiin el\u00e4imiin tai kasveihin liittyen) tai muuta luottamuksellista tietoa kuten patentit, maanpuolustukseen liittyv\u00e4 tieto tai [&hellip;]","og_url":"https:\/\/blogs.uef.fi\/aineistonhallinta-opiskelijoille\/aineistonhallinnassa-huomioitavat-eettiset-ja-juridiset-seikat\/","og_site_name":"Aineistonhallinta opiskelijoille","article_modified_time":"2025-08-27T06:42:01+00:00","twitter_card":"summary_large_image","twitter_misc":{"Arvioitu lukuaika":"4 minuuttia"},"schema":{"@context":"https:\/\/schema.org","@graph":[{"@type":"WebPage","@id":"https:\/\/blogs.uef.fi\/aineistonhallinta-opiskelijoille\/aineistonhallinnassa-huomioitavat-eettiset-ja-juridiset-seikat\/","url":"https:\/\/blogs.uef.fi\/aineistonhallinta-opiskelijoille\/aineistonhallinnassa-huomioitavat-eettiset-ja-juridiset-seikat\/","name":"2. Eettiset ja juridiset seikat - Aineistonhallinta opiskelijoille","isPartOf":{"@id":"https:\/\/blogs.uef.fi\/aineistonhallinta-opiskelijoille\/#website"},"datePublished":"2020-07-02T08:29:57+00:00","dateModified":"2025-08-27T06:42:01+00:00","breadcrumb":{"@id":"https:\/\/blogs.uef.fi\/aineistonhallinta-opiskelijoille\/aineistonhallinnassa-huomioitavat-eettiset-ja-juridiset-seikat\/#breadcrumb"},"inLanguage":"fi","potentialAction":[{"@type":"ReadAction","target":["https:\/\/blogs.uef.fi\/aineistonhallinta-opiskelijoille\/aineistonhallinnassa-huomioitavat-eettiset-ja-juridiset-seikat\/"]}]},{"@type":"BreadcrumbList","@id":"https:\/\/blogs.uef.fi\/aineistonhallinta-opiskelijoille\/aineistonhallinnassa-huomioitavat-eettiset-ja-juridiset-seikat\/#breadcrumb","itemListElement":[{"@type":"ListItem","position":1,"name":"Home","item":"https:\/\/blogs.uef.fi\/aineistonhallinta-opiskelijoille\/"},{"@type":"ListItem","position":2,"name":"2. Eettiset ja juridiset seikat"}]},{"@type":"WebSite","@id":"https:\/\/blogs.uef.fi\/aineistonhallinta-opiskelijoille\/#website","url":"https:\/\/blogs.uef.fi\/aineistonhallinta-opiskelijoille\/","name":"Aineistonhallinta opiskelijoille","description":"","potentialAction":[{"@type":"SearchAction","target":{"@type":"EntryPoint","urlTemplate":"https:\/\/blogs.uef.fi\/aineistonhallinta-opiskelijoille\/?s={search_term_string}"},"query-input":{"@type":"PropertyValueSpecification","valueRequired":true,"valueName":"search_term_string"}}],"inLanguage":"fi"}]}},"_links":{"self":[{"href":"https:\/\/blogs.uef.fi\/aineistonhallinta-opiskelijoille\/wp-json\/wp\/v2\/pages\/91","targetHints":{"allow":["GET"]}}],"collection":[{"href":"https:\/\/blogs.uef.fi\/aineistonhallinta-opiskelijoille\/wp-json\/wp\/v2\/pages"}],"about":[{"href":"https:\/\/blogs.uef.fi\/aineistonhallinta-opiskelijoille\/wp-json\/wp\/v2\/types\/page"}],"author":[{"embeddable":true,"href":"https:\/\/blogs.uef.fi\/aineistonhallinta-opiskelijoille\/wp-json\/wp\/v2\/users\/201"}],"replies":[{"embeddable":true,"href":"https:\/\/blogs.uef.fi\/aineistonhallinta-opiskelijoille\/wp-json\/wp\/v2\/comments?post=91"}],"version-history":[{"count":2,"href":"https:\/\/blogs.uef.fi\/aineistonhallinta-opiskelijoille\/wp-json\/wp\/v2\/pages\/91\/revisions"}],"predecessor-version":[{"id":1062,"href":"https:\/\/blogs.uef.fi\/aineistonhallinta-opiskelijoille\/wp-json\/wp\/v2\/pages\/91\/revisions\/1062"}],"wp:attachment":[{"href":"https:\/\/blogs.uef.fi\/aineistonhallinta-opiskelijoille\/wp-json\/wp\/v2\/media?parent=91"}],"curies":[{"name":"wp","href":"https:\/\/api.w.org\/{rel}","templated":true}]}}