{"id":85,"date":"2020-07-02T11:29:41","date_gmt":"2020-07-02T08:29:41","guid":{"rendered":"https:\/\/blogs.uef.fi\/aineistonhallinta-opiskelijoille\/?page_id=85"},"modified":"2025-08-27T09:41:34","modified_gmt":"2025-08-27T06:41:34","slug":"aineiston-tutkimuksen-aikainen-sailytys","status":"publish","type":"page","link":"https:\/\/blogs.uef.fi\/aineistonhallinta-opiskelijoille\/aineiston-tutkimuksen-aikainen-sailytys\/","title":{"rendered":"3. Tutkimuksen aikainen s\u00e4ilytys"},"content":{"rendered":"\n<p>Tutkimusaineistoja tulee s\u00e4ilytt\u00e4\u00e4 turvallisesti ja huolehtia niiden varmuuskopioinnista. Aineiston ominaisuudet vaikuttavat siihen millainen s\u00e4ilytyspaikka niille tulee valita.<\/p>\n\n\n\n<figure class=\"wp-block-image size-full is-resized\"><img loading=\"lazy\" decoding=\"async\" width=\"300\" height=\"169\" src=\"https:\/\/blogs.uef.fi\/aineistonhallinta-opiskelijoille\/wp-content\/uploads\/sites\/149\/2023\/09\/network-2402637_1280-300x169-1.jpg\" alt=\"\" class=\"wp-image-567\" style=\"width:382px;height:215px\" \/><\/figure>\n\n\n\n<p>Opiskelijoilla on k\u00e4ytett\u00e4viss\u00e4 O365 Onedrive henkil\u00f6kohtainen tallennustila. Tutustu O365 palvelun ohjeisiin <a href=\"https:\/\/kamu.uef.fi\/student-book\/office-365\/\">Kamussa<\/a>.\u00a0 Jos k\u00e4sittelet tietoja, joita ei voi tallentaa pilvipalveluun, kuten korkeaan suojaustasoon kuuluvia arkaluontoisia henkil\u00f6\u00f6n liittyvi\u00e4 tietoja, tulee tietojen k\u00e4sittelyyn kiinnitt\u00e4\u00e4 erityist\u00e4 huomiota. Opiskelijoilla on tarvittaessa mahdollisuus tilata korkean suojaustason s\u00e4ilytykseen sopivaa levytilaa itselleen <a href=\"https:\/\/asiointi.uef.fi\">UEF asiointipalvelusta<\/a> tai saada p\u00e4\u00e4sy tutkimusryhm\u00e4n omaan levytilaan, jos opiskelija ty\u00f6skentelee tutkimusryhm\u00e4ss\u00e4. Tutustu <a href=\"https:\/\/studentuef.sharepoint.com\/sites\/Laki-hankinta-ja-tiedonhallinta\/SiteAssets\/Forms\/AllItems.aspx?id=%2Fsites%2FLaki%2Dhankinta%2Dja%2Dtiedonhallinta%2FSiteAssets%2FSitePages%2FTietosuoja%2Dkoulutuksessa%2FTIETOTURVASAANNOT%2Dtietoaineistojen%2Dkasittelyohje%5F2021%2Epdf&amp;parent=%2Fsites%2FLaki%2Dhankinta%2Dja%2Dtiedonhallinta%2FSiteAssets%2FSitePages%2FTietosuoja%2Dkoulutuksessa\">Tietoaineistojen suojaus- ja k\u00e4sittelyohjeisiin<\/a>, joissa kerrotaan millaiset aineistot kuuluvat millekin suojaustasolle ja miss\u00e4 palvelussa niit\u00e4 voi s\u00e4ilytt\u00e4\u00e4 (kirjaudu Heimoon tunnus@uef.fi). Tarkista mille suojaustasolle sinun aineistosi kuuluu.<\/p>\n\n\n\n<p>Huolehdi aineistojesi tietoturvasta. Tutustu <a href=\"https:\/\/kamu.uef.fi\/student-book\/opiskelijan-tietoturvaopas\/\">opiskelijan tietoturvaoppaaseen<\/a> ja&nbsp; pohdi, miten voit huolehtia aineistosi turvallisesta s\u00e4ilytyksest\u00e4. Jos tutkimusaineistosi sis\u00e4lt\u00e4\u00e4 tutkittavien henkil\u00f6tietoja, niiden turvallinen k\u00e4sittely on hyvin t\u00e4rke\u00e4\u00e4, jotta tiedot eiv\u00e4t vahingossa p\u00e4\u00e4dy v\u00e4\u00e4riin paikkoihin. Henkil\u00f6tietojen k\u00e4sittely\u00e4 k\u00e4yd\u00e4\u00e4n l\u00e4pi t\u00e4m\u00e4n oppimateriaalin seuraavassa osiossa (<a href=\"https:\/\/blogs.uef.fi\/aineistonhallinta-opiskelijoille\/aineistonhallinnassa-huomioitavat-eettiset-ja-juridiset-seikat\/\">Eettiset ja juridiset seikat<\/a>). Tietoturvaan liittyy my\u00f6s se, ett\u00e4 aineiston ker\u00e4\u00e4misess\u00e4 ja tallentamisessa tulee k\u00e4ytt\u00e4\u00e4 vain luotettavia v\u00e4lineit\u00e4 ja palveluita. Esimerkiksi haastatteluaineistoja ker\u00e4tt\u00e4ess\u00e4 parempi vaihtoehto on k\u00e4ytt\u00e4\u00e4 nauhuria, oman \u00e4lypuhelimen sijaan. \u00c4lypuhelin voi tallentaa haastattelut valmistajan pilvitallennukseen, joka voi hyvinkin sijaita Euroopan ulkopuolella, jolloin henkil\u00f6tietoa (esim. \u00e4\u00e4ni on henkil\u00f6tieto) sis\u00e4lt\u00e4v\u00e4n tutkimusaineiston sijainnin selvittely vaatii tarkkaa lis\u00e4ty\u00f6t\u00e4 ja voi olla lainvastaista (<a href=\"https:\/\/tietosuoja.fi\/gdpr\">yleinen tietosuoja-asetus eli GDPR<\/a>). My\u00f6s esimerkiksi kyselylomakkeita tai muita vastauksia ker\u00e4tt\u00e4ess\u00e4 kannattaa kiinnitt\u00e4\u00e4 huomiota millaisia sovelluksia tai ohjelmia voit k\u00e4ytt\u00e4\u00e4. Ilmaisissa ohjelmissa tietoturva voi olla puutteellinen. Ensisijaisesti kannattaa k\u00e4ytt\u00e4\u00e4 yliopiston tarjoamia ja suosittelemia palveluja kaikissa aineiston ker\u00e4\u00e4misen ja s\u00e4ilytt\u00e4misen vaiheissa. Jos k\u00e4yt\u00e4t muita, niin lue palveluiden sivustoilta tietosuojailmoituksen sis\u00e4lt\u00f6 ja tarkista soveltuuko palvelu aineistosi ker\u00e4\u00e4miseen.  <\/p>\n\n\n\n<p>Varmuuskopioinnista on t\u00e4rke\u00e4\u00e4 huolehtia, ettei arvokas aineisto p\u00e4\u00e4se katoamaan esimerkiksi laiterikon takia. Muista huolehtia tietoturvasta my\u00f6s varmuuskopioinnissa esimerkiksi suojaamalla muistitikku tai muu ulkoinen tallennusv\u00e4line salasanalla (<a href=\"https:\/\/studentuef.sharepoint.com\/sites\/digipalvelut\/Jaetut%20asiakirjat\/Forms\/AllItems.aspx?id=%2Fsites%2Fdigipalvelut%2FJaetut%20asiakirjat%2FTietoturva%2FTietoturvaohjeet%2FTIETOTURVAOHJE%2Dtietoaineistojen%2Dk%C3%A4sittelyohjeen%2Dlis%C3%A4ohjeita%2Epdf&amp;parent=%2Fsites%2Fdigipalvelut%2FJaetut%20asiakirjat%2FTietoturva%2FTietoturvaohjeet\">Esimerkki: BitLocker, UEFin tietoturvaohjeet Heimossa<\/a>).<\/p>\n","protected":false},"excerpt":{"rendered":"<p>Tutkimusaineistoja tulee s\u00e4ilytt\u00e4\u00e4 turvallisesti ja huolehtia niiden varmuuskopioinnista. Aineiston ominaisuudet vaikuttavat siihen millainen s\u00e4ilytyspaikka niille tulee valita. Opiskelijoilla on k\u00e4ytett\u00e4viss\u00e4 O365 Onedrive henkil\u00f6kohtainen tallennustila. Tutustu O365 palvelun ohjeisiin Kamussa.\u00a0 Jos k\u00e4sittelet tietoja, joita ei voi tallentaa pilvipalveluun, kuten korkeaan suojaustasoon kuuluvia arkaluontoisia henkil\u00f6\u00f6n liittyvi\u00e4 tietoja, tulee tietojen k\u00e4sittelyyn kiinnitt\u00e4\u00e4 erityist\u00e4 huomiota. Opiskelijoilla on tarvittaessa mahdollisuus [&hellip;]<\/p>\n","protected":false},"author":201,"featured_media":0,"parent":0,"menu_order":0,"comment_status":"closed","ping_status":"closed","template":"","meta":{"_acf_changed":false,"footnotes":""},"class_list":["post-85","page","type-page","status-publish","hentry"],"acf":[],"yoast_head":"<!-- This site is optimized with the Yoast SEO plugin v27.1.1 - https:\/\/yoast.com\/product\/yoast-seo-wordpress\/ -->\n<title>3. Tutkimuksen aikainen s\u00e4ilytys - Aineistonhallinta opiskelijoille<\/title>\n<meta name=\"robots\" content=\"index, follow, max-snippet:-1, max-image-preview:large, max-video-preview:-1\" \/>\n<link rel=\"canonical\" href=\"https:\/\/blogs.uef.fi\/aineistonhallinta-opiskelijoille\/aineiston-tutkimuksen-aikainen-sailytys\/\" \/>\n<meta property=\"og:locale\" content=\"fi_FI\" \/>\n<meta property=\"og:type\" content=\"article\" \/>\n<meta property=\"og:title\" content=\"3. Tutkimuksen aikainen s\u00e4ilytys - Aineistonhallinta opiskelijoille\" \/>\n<meta property=\"og:description\" content=\"Tutkimusaineistoja tulee s\u00e4ilytt\u00e4\u00e4 turvallisesti ja huolehtia niiden varmuuskopioinnista. Aineiston ominaisuudet vaikuttavat siihen millainen s\u00e4ilytyspaikka niille tulee valita. Opiskelijoilla on k\u00e4ytett\u00e4viss\u00e4 O365 Onedrive henkil\u00f6kohtainen tallennustila. Tutustu O365 palvelun ohjeisiin Kamussa.\u00a0 Jos k\u00e4sittelet tietoja, joita ei voi tallentaa pilvipalveluun, kuten korkeaan suojaustasoon kuuluvia arkaluontoisia henkil\u00f6\u00f6n liittyvi\u00e4 tietoja, tulee tietojen k\u00e4sittelyyn kiinnitt\u00e4\u00e4 erityist\u00e4 huomiota. Opiskelijoilla on tarvittaessa mahdollisuus [&hellip;]\" \/>\n<meta property=\"og:url\" content=\"https:\/\/blogs.uef.fi\/aineistonhallinta-opiskelijoille\/aineiston-tutkimuksen-aikainen-sailytys\/\" \/>\n<meta property=\"og:site_name\" content=\"Aineistonhallinta opiskelijoille\" \/>\n<meta property=\"article:modified_time\" content=\"2025-08-27T06:41:34+00:00\" \/>\n<meta property=\"og:image\" content=\"https:\/\/blogs.uef.fi\/aineistonhallinta-opiskelijoille\/wp-content\/uploads\/sites\/149\/2023\/09\/network-2402637_1280-300x169-1.jpg\" \/>\n\t<meta property=\"og:image:width\" content=\"300\" \/>\n\t<meta property=\"og:image:height\" content=\"169\" \/>\n\t<meta property=\"og:image:type\" content=\"image\/jpeg\" \/>\n<meta name=\"twitter:card\" content=\"summary_large_image\" \/>\n<meta name=\"twitter:label1\" content=\"Arvioitu lukuaika\" \/>\n\t<meta name=\"twitter:data1\" content=\"2 minuuttia\" \/>\n<script type=\"application\/ld+json\" class=\"yoast-schema-graph\">{\"@context\":\"https:\/\/schema.org\",\"@graph\":[{\"@type\":\"WebPage\",\"@id\":\"https:\/\/blogs.uef.fi\/aineistonhallinta-opiskelijoille\/aineiston-tutkimuksen-aikainen-sailytys\/\",\"url\":\"https:\/\/blogs.uef.fi\/aineistonhallinta-opiskelijoille\/aineiston-tutkimuksen-aikainen-sailytys\/\",\"name\":\"3. Tutkimuksen aikainen s\u00e4ilytys - Aineistonhallinta opiskelijoille\",\"isPartOf\":{\"@id\":\"https:\/\/blogs.uef.fi\/aineistonhallinta-opiskelijoille\/#website\"},\"primaryImageOfPage\":{\"@id\":\"https:\/\/blogs.uef.fi\/aineistonhallinta-opiskelijoille\/aineiston-tutkimuksen-aikainen-sailytys\/#primaryimage\"},\"image\":{\"@id\":\"https:\/\/blogs.uef.fi\/aineistonhallinta-opiskelijoille\/aineiston-tutkimuksen-aikainen-sailytys\/#primaryimage\"},\"thumbnailUrl\":\"https:\/\/blogs.uef.fi\/aineistonhallinta-opiskelijoille\/wp-content\/uploads\/sites\/149\/2023\/09\/network-2402637_1280-300x169-1.jpg\",\"datePublished\":\"2020-07-02T08:29:41+00:00\",\"dateModified\":\"2025-08-27T06:41:34+00:00\",\"breadcrumb\":{\"@id\":\"https:\/\/blogs.uef.fi\/aineistonhallinta-opiskelijoille\/aineiston-tutkimuksen-aikainen-sailytys\/#breadcrumb\"},\"inLanguage\":\"fi\",\"potentialAction\":[{\"@type\":\"ReadAction\",\"target\":[\"https:\/\/blogs.uef.fi\/aineistonhallinta-opiskelijoille\/aineiston-tutkimuksen-aikainen-sailytys\/\"]}]},{\"@type\":\"ImageObject\",\"inLanguage\":\"fi\",\"@id\":\"https:\/\/blogs.uef.fi\/aineistonhallinta-opiskelijoille\/aineiston-tutkimuksen-aikainen-sailytys\/#primaryimage\",\"url\":\"https:\/\/blogs.uef.fi\/aineistonhallinta-opiskelijoille\/wp-content\/uploads\/sites\/149\/2023\/09\/network-2402637_1280-300x169-1.jpg\",\"contentUrl\":\"https:\/\/blogs.uef.fi\/aineistonhallinta-opiskelijoille\/wp-content\/uploads\/sites\/149\/2023\/09\/network-2402637_1280-300x169-1.jpg\",\"width\":300,\"height\":169},{\"@type\":\"BreadcrumbList\",\"@id\":\"https:\/\/blogs.uef.fi\/aineistonhallinta-opiskelijoille\/aineiston-tutkimuksen-aikainen-sailytys\/#breadcrumb\",\"itemListElement\":[{\"@type\":\"ListItem\",\"position\":1,\"name\":\"Home\",\"item\":\"https:\/\/blogs.uef.fi\/aineistonhallinta-opiskelijoille\/\"},{\"@type\":\"ListItem\",\"position\":2,\"name\":\"3. Tutkimuksen aikainen s\u00e4ilytys\"}]},{\"@type\":\"WebSite\",\"@id\":\"https:\/\/blogs.uef.fi\/aineistonhallinta-opiskelijoille\/#website\",\"url\":\"https:\/\/blogs.uef.fi\/aineistonhallinta-opiskelijoille\/\",\"name\":\"Aineistonhallinta opiskelijoille\",\"description\":\"\",\"potentialAction\":[{\"@type\":\"SearchAction\",\"target\":{\"@type\":\"EntryPoint\",\"urlTemplate\":\"https:\/\/blogs.uef.fi\/aineistonhallinta-opiskelijoille\/?s={search_term_string}\"},\"query-input\":{\"@type\":\"PropertyValueSpecification\",\"valueRequired\":true,\"valueName\":\"search_term_string\"}}],\"inLanguage\":\"fi\"}]}<\/script>\n<!-- \/ Yoast SEO plugin. -->","yoast_head_json":{"title":"3. Tutkimuksen aikainen s\u00e4ilytys - Aineistonhallinta opiskelijoille","robots":{"index":"index","follow":"follow","max-snippet":"max-snippet:-1","max-image-preview":"max-image-preview:large","max-video-preview":"max-video-preview:-1"},"canonical":"https:\/\/blogs.uef.fi\/aineistonhallinta-opiskelijoille\/aineiston-tutkimuksen-aikainen-sailytys\/","og_locale":"fi_FI","og_type":"article","og_title":"3. Tutkimuksen aikainen s\u00e4ilytys - Aineistonhallinta opiskelijoille","og_description":"Tutkimusaineistoja tulee s\u00e4ilytt\u00e4\u00e4 turvallisesti ja huolehtia niiden varmuuskopioinnista. Aineiston ominaisuudet vaikuttavat siihen millainen s\u00e4ilytyspaikka niille tulee valita. Opiskelijoilla on k\u00e4ytett\u00e4viss\u00e4 O365 Onedrive henkil\u00f6kohtainen tallennustila. Tutustu O365 palvelun ohjeisiin Kamussa.\u00a0 Jos k\u00e4sittelet tietoja, joita ei voi tallentaa pilvipalveluun, kuten korkeaan suojaustasoon kuuluvia arkaluontoisia henkil\u00f6\u00f6n liittyvi\u00e4 tietoja, tulee tietojen k\u00e4sittelyyn kiinnitt\u00e4\u00e4 erityist\u00e4 huomiota. Opiskelijoilla on tarvittaessa mahdollisuus [&hellip;]","og_url":"https:\/\/blogs.uef.fi\/aineistonhallinta-opiskelijoille\/aineiston-tutkimuksen-aikainen-sailytys\/","og_site_name":"Aineistonhallinta opiskelijoille","article_modified_time":"2025-08-27T06:41:34+00:00","og_image":[{"width":300,"height":169,"url":"https:\/\/blogs.uef.fi\/aineistonhallinta-opiskelijoille\/wp-content\/uploads\/sites\/149\/2023\/09\/network-2402637_1280-300x169-1.jpg","type":"image\/jpeg"}],"twitter_card":"summary_large_image","twitter_misc":{"Arvioitu lukuaika":"2 minuuttia"},"schema":{"@context":"https:\/\/schema.org","@graph":[{"@type":"WebPage","@id":"https:\/\/blogs.uef.fi\/aineistonhallinta-opiskelijoille\/aineiston-tutkimuksen-aikainen-sailytys\/","url":"https:\/\/blogs.uef.fi\/aineistonhallinta-opiskelijoille\/aineiston-tutkimuksen-aikainen-sailytys\/","name":"3. Tutkimuksen aikainen s\u00e4ilytys - Aineistonhallinta opiskelijoille","isPartOf":{"@id":"https:\/\/blogs.uef.fi\/aineistonhallinta-opiskelijoille\/#website"},"primaryImageOfPage":{"@id":"https:\/\/blogs.uef.fi\/aineistonhallinta-opiskelijoille\/aineiston-tutkimuksen-aikainen-sailytys\/#primaryimage"},"image":{"@id":"https:\/\/blogs.uef.fi\/aineistonhallinta-opiskelijoille\/aineiston-tutkimuksen-aikainen-sailytys\/#primaryimage"},"thumbnailUrl":"https:\/\/blogs.uef.fi\/aineistonhallinta-opiskelijoille\/wp-content\/uploads\/sites\/149\/2023\/09\/network-2402637_1280-300x169-1.jpg","datePublished":"2020-07-02T08:29:41+00:00","dateModified":"2025-08-27T06:41:34+00:00","breadcrumb":{"@id":"https:\/\/blogs.uef.fi\/aineistonhallinta-opiskelijoille\/aineiston-tutkimuksen-aikainen-sailytys\/#breadcrumb"},"inLanguage":"fi","potentialAction":[{"@type":"ReadAction","target":["https:\/\/blogs.uef.fi\/aineistonhallinta-opiskelijoille\/aineiston-tutkimuksen-aikainen-sailytys\/"]}]},{"@type":"ImageObject","inLanguage":"fi","@id":"https:\/\/blogs.uef.fi\/aineistonhallinta-opiskelijoille\/aineiston-tutkimuksen-aikainen-sailytys\/#primaryimage","url":"https:\/\/blogs.uef.fi\/aineistonhallinta-opiskelijoille\/wp-content\/uploads\/sites\/149\/2023\/09\/network-2402637_1280-300x169-1.jpg","contentUrl":"https:\/\/blogs.uef.fi\/aineistonhallinta-opiskelijoille\/wp-content\/uploads\/sites\/149\/2023\/09\/network-2402637_1280-300x169-1.jpg","width":300,"height":169},{"@type":"BreadcrumbList","@id":"https:\/\/blogs.uef.fi\/aineistonhallinta-opiskelijoille\/aineiston-tutkimuksen-aikainen-sailytys\/#breadcrumb","itemListElement":[{"@type":"ListItem","position":1,"name":"Home","item":"https:\/\/blogs.uef.fi\/aineistonhallinta-opiskelijoille\/"},{"@type":"ListItem","position":2,"name":"3. Tutkimuksen aikainen s\u00e4ilytys"}]},{"@type":"WebSite","@id":"https:\/\/blogs.uef.fi\/aineistonhallinta-opiskelijoille\/#website","url":"https:\/\/blogs.uef.fi\/aineistonhallinta-opiskelijoille\/","name":"Aineistonhallinta opiskelijoille","description":"","potentialAction":[{"@type":"SearchAction","target":{"@type":"EntryPoint","urlTemplate":"https:\/\/blogs.uef.fi\/aineistonhallinta-opiskelijoille\/?s={search_term_string}"},"query-input":{"@type":"PropertyValueSpecification","valueRequired":true,"valueName":"search_term_string"}}],"inLanguage":"fi"}]}},"_links":{"self":[{"href":"https:\/\/blogs.uef.fi\/aineistonhallinta-opiskelijoille\/wp-json\/wp\/v2\/pages\/85","targetHints":{"allow":["GET"]}}],"collection":[{"href":"https:\/\/blogs.uef.fi\/aineistonhallinta-opiskelijoille\/wp-json\/wp\/v2\/pages"}],"about":[{"href":"https:\/\/blogs.uef.fi\/aineistonhallinta-opiskelijoille\/wp-json\/wp\/v2\/types\/page"}],"author":[{"embeddable":true,"href":"https:\/\/blogs.uef.fi\/aineistonhallinta-opiskelijoille\/wp-json\/wp\/v2\/users\/201"}],"replies":[{"embeddable":true,"href":"https:\/\/blogs.uef.fi\/aineistonhallinta-opiskelijoille\/wp-json\/wp\/v2\/comments?post=85"}],"version-history":[{"count":2,"href":"https:\/\/blogs.uef.fi\/aineistonhallinta-opiskelijoille\/wp-json\/wp\/v2\/pages\/85\/revisions"}],"predecessor-version":[{"id":1061,"href":"https:\/\/blogs.uef.fi\/aineistonhallinta-opiskelijoille\/wp-json\/wp\/v2\/pages\/85\/revisions\/1061"}],"wp:attachment":[{"href":"https:\/\/blogs.uef.fi\/aineistonhallinta-opiskelijoille\/wp-json\/wp\/v2\/media?parent=85"}],"curies":[{"name":"wp","href":"https:\/\/api.w.org\/{rel}","templated":true}]}}