{"id":845,"date":"2020-06-16T15:47:40","date_gmt":"2020-06-16T12:47:40","guid":{"rendered":"https:\/\/blogs.uef.fi\/aineistonhallinta-opiskelijoille\/front-page\/"},"modified":"2025-06-24T08:51:55","modified_gmt":"2025-06-24T05:51:55","slug":"front-page","status":"publish","type":"page","link":"https:\/\/blogs.uef.fi\/aineistonhallinta-opiskelijoille\/front-page\/?lang=en","title":{"rendered":"Research data management for undergraduate students"},"content":{"rendered":"\n<p>This learning material includes basic knowledge of research data management (RDM) and guides students to apply the information to their own thesis projects. The learning material is aimed at students in the Master&#8217;s phase of their studies in the University of Eastern Finland, but is also freely available to others. <\/p>\n\n\n\n<p><strong>Note that, in the menu at the top right, you will find the subject areas to study in this material.<\/strong><\/p>\n\n\n\n<figure class=\"wp-block-image aligncenter\"><img loading=\"lazy\" decoding=\"async\" width=\"300\" height=\"200\" src=\"https:\/\/blogs.uef.fi\/aineistonhallinta-opiskelijoille\/wp-content\/uploads\/sites\/149\/2020\/09\/laboratory-3827745_1920-300x200.jpg\" alt=\"Hands that are marking the samples.\" class=\"wp-image-266\" srcset=\"https:\/\/blogs.uef.fi\/aineistonhallinta-opiskelijoille\/wp-content\/uploads\/sites\/149\/2020\/09\/laboratory-3827745_1920-300x200.jpg 300w, https:\/\/blogs.uef.fi\/aineistonhallinta-opiskelijoille\/wp-content\/uploads\/sites\/149\/2020\/09\/laboratory-3827745_1920-1024x683.jpg 1024w, https:\/\/blogs.uef.fi\/aineistonhallinta-opiskelijoille\/wp-content\/uploads\/sites\/149\/2020\/09\/laboratory-3827745_1920-768x512.jpg 768w, https:\/\/blogs.uef.fi\/aineistonhallinta-opiskelijoille\/wp-content\/uploads\/sites\/149\/2020\/09\/laboratory-3827745_1920-1536x1024.jpg 1536w, https:\/\/blogs.uef.fi\/aineistonhallinta-opiskelijoille\/wp-content\/uploads\/sites\/149\/2020\/09\/laboratory-3827745_1920.jpg 1920w\" sizes=\"auto, (max-width: 300px) 100vw, 300px\" \/><\/figure>\n\n\n\n<p><a href=\"http:\/\/creativecommons.org\/licenses\/by\/4.0\/\"><\/a><br><em>This learning material, whose original authors are <a href=\"https:\/\/blogs.uef.fi\/aineistonhallinta-opiskelijoille\/?lang=en\">Anne Karhap\u00e4\u00e4 and Jussi Hyv\u00e4rinen<\/a>, is licensed under a <a href=\"http:\/\/creativecommons.org\/licenses\/by\/4.0\/\">Creative Commons Attribution 4.0 International license<\/a>. Helena Eronen, UEF Data Protection Officer, was also involved as an author in the ethical and legal issues section. The learning material has been updated as follows: Taisa Sallinen, Manna Satama, Minna Rahnasto-Rilla and Kaisa Hartikainen, 2023 and 2024, University of Eastern Finland.<\/em><\/p>\n","protected":false},"excerpt":{"rendered":"<p>This learning material includes basic knowledge of research data management (RDM) and guides students to apply the information to their own thesis projects. The learning material is aimed at students in the Master&#8217;s phase of their studies in the University of Eastern Finland, but is also freely available to others. Note that, in the menu [&hellip;]<\/p>\n","protected":false},"author":1,"featured_media":0,"parent":0,"menu_order":0,"comment_status":"closed","ping_status":"closed","template":"","meta":{"_acf_changed":false,"footnotes":""},"class_list":["post-845","page","type-page","status-publish","hentry"],"acf":[],"yoast_head":"<!-- This site is optimized with the Yoast SEO plugin v27.1.1 - https:\/\/yoast.com\/product\/yoast-seo-wordpress\/ -->\n<title>Research data management for undergraduate students - Aineistonhallinta opiskelijoille<\/title>\n<meta name=\"robots\" content=\"index, follow, max-snippet:-1, max-image-preview:large, max-video-preview:-1\" \/>\n<link rel=\"canonical\" href=\"https:\/\/blogs.uef.fi\/aineistonhallinta-opiskelijoille\/?lang=en\" \/>\n<meta property=\"og:locale\" content=\"fi_FI\" \/>\n<meta property=\"og:type\" content=\"article\" \/>\n<meta property=\"og:title\" content=\"Research data management for undergraduate students - Aineistonhallinta opiskelijoille\" \/>\n<meta property=\"og:description\" content=\"This learning material includes basic knowledge of research data management (RDM) and guides students to apply the information to their own thesis projects. The learning material is aimed at students in the Master&#8217;s phase of their studies in the University of Eastern Finland, but is also freely available to others. Note that, in the menu [&hellip;]\" \/>\n<meta property=\"og:url\" content=\"https:\/\/blogs.uef.fi\/aineistonhallinta-opiskelijoille\/?lang=en\" \/>\n<meta property=\"og:site_name\" content=\"Aineistonhallinta opiskelijoille\" \/>\n<meta property=\"article:modified_time\" content=\"2025-06-24T05:51:55+00:00\" \/>\n<meta property=\"og:image\" content=\"https:\/\/blogs.uef.fi\/aineistonhallinta-opiskelijoille\/wp-content\/uploads\/sites\/149\/2020\/09\/laboratory-3827745_1920.jpg\" \/>\n\t<meta property=\"og:image:width\" content=\"1920\" \/>\n\t<meta property=\"og:image:height\" content=\"1280\" \/>\n\t<meta property=\"og:image:type\" content=\"image\/jpeg\" \/>\n<meta name=\"twitter:card\" content=\"summary_large_image\" \/>\n<meta name=\"twitter:label1\" content=\"Arvioitu lukuaika\" \/>\n\t<meta name=\"twitter:data1\" content=\"2 minuuttia\" \/>\n<script type=\"application\/ld+json\" class=\"yoast-schema-graph\">{\"@context\":\"https:\/\/schema.org\",\"@graph\":[{\"@type\":\"WebPage\",\"@id\":\"https:\/\/blogs.uef.fi\/aineistonhallinta-opiskelijoille\/?lang=en\",\"url\":\"https:\/\/blogs.uef.fi\/aineistonhallinta-opiskelijoille\/?lang=en\",\"name\":\"Research data management for undergraduate students - Aineistonhallinta opiskelijoille\",\"isPartOf\":{\"@id\":\"https:\/\/blogs.uef.fi\/aineistonhallinta-opiskelijoille\/#website\"},\"primaryImageOfPage\":{\"@id\":\"https:\/\/blogs.uef.fi\/aineistonhallinta-opiskelijoille\/?lang=en#primaryimage\"},\"image\":{\"@id\":\"https:\/\/blogs.uef.fi\/aineistonhallinta-opiskelijoille\/?lang=en#primaryimage\"},\"thumbnailUrl\":\"https:\/\/blogs.uef.fi\/aineistonhallinta-opiskelijoille\/wp-content\/uploads\/sites\/149\/2020\/09\/laboratory-3827745_1920-300x200.jpg\",\"datePublished\":\"2020-06-16T12:47:40+00:00\",\"dateModified\":\"2025-06-24T05:51:55+00:00\",\"breadcrumb\":{\"@id\":\"https:\/\/blogs.uef.fi\/aineistonhallinta-opiskelijoille\/?lang=en#breadcrumb\"},\"inLanguage\":\"fi\",\"potentialAction\":[{\"@type\":\"ReadAction\",\"target\":[\"https:\/\/blogs.uef.fi\/aineistonhallinta-opiskelijoille\/?lang=en\"]}]},{\"@type\":\"ImageObject\",\"inLanguage\":\"fi\",\"@id\":\"https:\/\/blogs.uef.fi\/aineistonhallinta-opiskelijoille\/?lang=en#primaryimage\",\"url\":\"https:\/\/blogs.uef.fi\/aineistonhallinta-opiskelijoille\/wp-content\/uploads\/sites\/149\/2020\/09\/laboratory-3827745_1920.jpg\",\"contentUrl\":\"https:\/\/blogs.uef.fi\/aineistonhallinta-opiskelijoille\/wp-content\/uploads\/sites\/149\/2020\/09\/laboratory-3827745_1920.jpg\",\"width\":1920,\"height\":1280,\"caption\":\"K\u00e4det merkitsem\u00e4ss\u00e4 tietoja n\u00e4ytteisiin.\"},{\"@type\":\"BreadcrumbList\",\"@id\":\"https:\/\/blogs.uef.fi\/aineistonhallinta-opiskelijoille\/?lang=en#breadcrumb\",\"itemListElement\":[{\"@type\":\"ListItem\",\"position\":1,\"name\":\"Home\",\"item\":\"https:\/\/blogs.uef.fi\/aineistonhallinta-opiskelijoille\/\"},{\"@type\":\"ListItem\",\"position\":2,\"name\":\"Research data management for undergraduate students\"}]},{\"@type\":\"WebSite\",\"@id\":\"https:\/\/blogs.uef.fi\/aineistonhallinta-opiskelijoille\/#website\",\"url\":\"https:\/\/blogs.uef.fi\/aineistonhallinta-opiskelijoille\/\",\"name\":\"Aineistonhallinta opiskelijoille\",\"description\":\"\",\"potentialAction\":[{\"@type\":\"SearchAction\",\"target\":{\"@type\":\"EntryPoint\",\"urlTemplate\":\"https:\/\/blogs.uef.fi\/aineistonhallinta-opiskelijoille\/?s={search_term_string}\"},\"query-input\":{\"@type\":\"PropertyValueSpecification\",\"valueRequired\":true,\"valueName\":\"search_term_string\"}}],\"inLanguage\":\"fi\"}]}<\/script>\n<!-- \/ Yoast SEO plugin. -->","yoast_head_json":{"title":"Research data management for undergraduate students - Aineistonhallinta opiskelijoille","robots":{"index":"index","follow":"follow","max-snippet":"max-snippet:-1","max-image-preview":"max-image-preview:large","max-video-preview":"max-video-preview:-1"},"canonical":"https:\/\/blogs.uef.fi\/aineistonhallinta-opiskelijoille\/?lang=en","og_locale":"fi_FI","og_type":"article","og_title":"Research data management for undergraduate students - Aineistonhallinta opiskelijoille","og_description":"This learning material includes basic knowledge of research data management (RDM) and guides students to apply the information to their own thesis projects. The learning material is aimed at students in the Master&#8217;s phase of their studies in the University of Eastern Finland, but is also freely available to others. Note that, in the menu [&hellip;]","og_url":"https:\/\/blogs.uef.fi\/aineistonhallinta-opiskelijoille\/?lang=en","og_site_name":"Aineistonhallinta opiskelijoille","article_modified_time":"2025-06-24T05:51:55+00:00","og_image":[{"width":1920,"height":1280,"url":"https:\/\/blogs.uef.fi\/aineistonhallinta-opiskelijoille\/wp-content\/uploads\/sites\/149\/2020\/09\/laboratory-3827745_1920.jpg","type":"image\/jpeg"}],"twitter_card":"summary_large_image","twitter_misc":{"Arvioitu lukuaika":"2 minuuttia"},"schema":{"@context":"https:\/\/schema.org","@graph":[{"@type":"WebPage","@id":"https:\/\/blogs.uef.fi\/aineistonhallinta-opiskelijoille\/?lang=en","url":"https:\/\/blogs.uef.fi\/aineistonhallinta-opiskelijoille\/?lang=en","name":"Research data management for undergraduate students - Aineistonhallinta opiskelijoille","isPartOf":{"@id":"https:\/\/blogs.uef.fi\/aineistonhallinta-opiskelijoille\/#website"},"primaryImageOfPage":{"@id":"https:\/\/blogs.uef.fi\/aineistonhallinta-opiskelijoille\/?lang=en#primaryimage"},"image":{"@id":"https:\/\/blogs.uef.fi\/aineistonhallinta-opiskelijoille\/?lang=en#primaryimage"},"thumbnailUrl":"https:\/\/blogs.uef.fi\/aineistonhallinta-opiskelijoille\/wp-content\/uploads\/sites\/149\/2020\/09\/laboratory-3827745_1920-300x200.jpg","datePublished":"2020-06-16T12:47:40+00:00","dateModified":"2025-06-24T05:51:55+00:00","breadcrumb":{"@id":"https:\/\/blogs.uef.fi\/aineistonhallinta-opiskelijoille\/?lang=en#breadcrumb"},"inLanguage":"fi","potentialAction":[{"@type":"ReadAction","target":["https:\/\/blogs.uef.fi\/aineistonhallinta-opiskelijoille\/?lang=en"]}]},{"@type":"ImageObject","inLanguage":"fi","@id":"https:\/\/blogs.uef.fi\/aineistonhallinta-opiskelijoille\/?lang=en#primaryimage","url":"https:\/\/blogs.uef.fi\/aineistonhallinta-opiskelijoille\/wp-content\/uploads\/sites\/149\/2020\/09\/laboratory-3827745_1920.jpg","contentUrl":"https:\/\/blogs.uef.fi\/aineistonhallinta-opiskelijoille\/wp-content\/uploads\/sites\/149\/2020\/09\/laboratory-3827745_1920.jpg","width":1920,"height":1280,"caption":"K\u00e4det merkitsem\u00e4ss\u00e4 tietoja n\u00e4ytteisiin."},{"@type":"BreadcrumbList","@id":"https:\/\/blogs.uef.fi\/aineistonhallinta-opiskelijoille\/?lang=en#breadcrumb","itemListElement":[{"@type":"ListItem","position":1,"name":"Home","item":"https:\/\/blogs.uef.fi\/aineistonhallinta-opiskelijoille\/"},{"@type":"ListItem","position":2,"name":"Research data management for undergraduate students"}]},{"@type":"WebSite","@id":"https:\/\/blogs.uef.fi\/aineistonhallinta-opiskelijoille\/#website","url":"https:\/\/blogs.uef.fi\/aineistonhallinta-opiskelijoille\/","name":"Aineistonhallinta opiskelijoille","description":"","potentialAction":[{"@type":"SearchAction","target":{"@type":"EntryPoint","urlTemplate":"https:\/\/blogs.uef.fi\/aineistonhallinta-opiskelijoille\/?s={search_term_string}"},"query-input":{"@type":"PropertyValueSpecification","valueRequired":true,"valueName":"search_term_string"}}],"inLanguage":"fi"}]}},"_links":{"self":[{"href":"https:\/\/blogs.uef.fi\/aineistonhallinta-opiskelijoille\/wp-json\/wp\/v2\/pages\/845","targetHints":{"allow":["GET"]}}],"collection":[{"href":"https:\/\/blogs.uef.fi\/aineistonhallinta-opiskelijoille\/wp-json\/wp\/v2\/pages"}],"about":[{"href":"https:\/\/blogs.uef.fi\/aineistonhallinta-opiskelijoille\/wp-json\/wp\/v2\/types\/page"}],"author":[{"embeddable":true,"href":"https:\/\/blogs.uef.fi\/aineistonhallinta-opiskelijoille\/wp-json\/wp\/v2\/users\/1"}],"replies":[{"embeddable":true,"href":"https:\/\/blogs.uef.fi\/aineistonhallinta-opiskelijoille\/wp-json\/wp\/v2\/comments?post=845"}],"version-history":[{"count":2,"href":"https:\/\/blogs.uef.fi\/aineistonhallinta-opiskelijoille\/wp-json\/wp\/v2\/pages\/845\/revisions"}],"predecessor-version":[{"id":1040,"href":"https:\/\/blogs.uef.fi\/aineistonhallinta-opiskelijoille\/wp-json\/wp\/v2\/pages\/845\/revisions\/1040"}],"wp:attachment":[{"href":"https:\/\/blogs.uef.fi\/aineistonhallinta-opiskelijoille\/wp-json\/wp\/v2\/media?parent=845"}],"curies":[{"name":"wp","href":"https:\/\/api.w.org\/{rel}","templated":true}]}}