{"id":79,"date":"2020-07-02T11:30:09","date_gmt":"2020-07-02T08:30:09","guid":{"rendered":"https:\/\/blogs.uef.fi\/aineistonhallinta-opiskelijoille\/?page_id=79"},"modified":"2025-08-27T09:36:16","modified_gmt":"2025-08-27T06:36:16","slug":"tutkimuksen-jalkeinen-sailytys-havittaminen","status":"publish","type":"page","link":"https:\/\/blogs.uef.fi\/aineistonhallinta-opiskelijoille\/tutkimuksen-jalkeinen-sailytys-havittaminen\/","title":{"rendered":"4. Tutkimuksen j\u00e4lkeinen s\u00e4ilytys ja h\u00e4vitt\u00e4minen"},"content":{"rendered":"\n<p>On t\u00e4rke\u00e4\u00e4 suunnitella jo tutkimusta aloitettaessa, miten pitk\u00e4\u00e4n ja miss\u00e4 tutkimusaineistoa s\u00e4ilytet\u00e4\u00e4n tutkimuksen j\u00e4lkeen. Tutkimusaineistot tulee s\u00e4ilytt\u00e4\u00e4 tarpeelliseksi katsottu aika tutkimuksen p\u00e4\u00e4tytty\u00e4 ja h\u00e4vitt\u00e4\u00e4 sen j\u00e4lkeen asianmukaisesti. Opiskelija vastaa ker\u00e4\u00e4m\u00e4ns\u00e4 aineiston s\u00e4ilytyksest\u00e4 ja h\u00e4vitt\u00e4misest\u00e4.<\/p>\n\n\n\n<p>Erityisesti henkil\u00f6tietoja k\u00e4sitelt\u00e4ess\u00e4, niiden s\u00e4ilytyksess\u00e4 ja h\u00e4vitt\u00e4misess\u00e4 on oltava huolellinen. L\u00e4ht\u00f6kohtaisesti henkil\u00f6tietoja sis\u00e4lt\u00e4v\u00e4 aineisto tulee h\u00e4vitt\u00e4\u00e4, kun se ei en\u00e4\u00e4 ole tarpeen k\u00e4ytt\u00f6tarkoituksen kannalta. Mahdollinen jatkok\u00e4ytt\u00f6 samaan k\u00e4ytt\u00f6tarkoitukseen kannattaa huomioida ennen aineiston h\u00e4vitt\u00e4mist\u00e4. Aineisto voidaan anonymisoida eli poistaa kaikki henkil\u00f6n tunnistamiseen johtava tieto, jolloin se voidaan avata muidenkin k\u00e4ytett\u00e4v\u00e4ksi. Tutkimusaineiston jatkok\u00e4yt\u00f6n mahdollistamisesta (avaamisesta) on informoitava tutkittavia esim. tutkimustiedotteessa: tutkittaville tulee kertoa, mit\u00e4 ker\u00e4tylle aineistolle ja sen sis\u00e4lt\u00e4mille henkil\u00f6tiedoille tapahtuu. (Tietosuoja.fi: <a href=\"https:\/\/tietosuoja.fi\/aineiston-havittaminen-anonymisointi-tai-arkistointi-tutkimuksen-paattyessa\">Aineiston h\u00e4vitt\u00e4minen, anonymisointi tai arkistointi tutkimuksen p\u00e4\u00e4ttyess\u00e4<\/a>)<\/p>\n\n\n\n<figure class=\"wp-block-image size-full\"><img loading=\"lazy\" decoding=\"async\" width=\"300\" height=\"225\" src=\"https:\/\/blogs.uef.fi\/aineistonhallinta-opiskelijoille\/wp-content\/uploads\/sites\/149\/2023\/09\/shredder-779850_1920-300x225-1.jpg\" alt=\"\" class=\"wp-image-579\" \/><\/figure>\n\n\n\n<p>Jos tutkimusaineistolla on uudelleenk\u00e4ytt\u00f6arvoa eik\u00e4 sen avaamiselle ole esteit\u00e4, aineiston voi avata jatkok\u00e4ytt\u00f6\u00f6n tallentamalla sen uudelleen k\u00e4ytett\u00e4v\u00e4ksi data-arkistoon tai repositorioon. Voit valita ohjaajasi avustukselle omalle opinn\u00e4ytety\u00f6n aineistollesi parhaiten sopivan kansallisen tai kansainv\u00e4lisen datan avaamiseen soveltuvan palvelun. Huomaa, ett\u00e4 jos k\u00e4yt\u00e4t jonkun muun omistamaa tutkimusaineistoa opinn\u00e4ytety\u00f6ss\u00e4si, niin et voi yksi tehd\u00e4 p\u00e4\u00e4t\u00f6st\u00e4 aineiston avaamisesta tai julkaisemisesta. Lis\u00e4\u00e4 tietoa tutkimusaineistojen avaamisesta It\u00e4-Suomen yliopiston <a href=\"https:\/\/www.uef.fi\/fi\/avoimet-tutkimusaineistot\">Avoimet tutkimusaineistot<\/a> verkkosivulta.<\/p>\n","protected":false},"excerpt":{"rendered":"<p>On t\u00e4rke\u00e4\u00e4 suunnitella jo tutkimusta aloitettaessa, miten pitk\u00e4\u00e4n ja miss\u00e4 tutkimusaineistoa s\u00e4ilytet\u00e4\u00e4n tutkimuksen j\u00e4lkeen. Tutkimusaineistot tulee s\u00e4ilytt\u00e4\u00e4 tarpeelliseksi katsottu aika tutkimuksen p\u00e4\u00e4tytty\u00e4 ja h\u00e4vitt\u00e4\u00e4 sen j\u00e4lkeen asianmukaisesti. Opiskelija vastaa ker\u00e4\u00e4m\u00e4ns\u00e4 aineiston s\u00e4ilytyksest\u00e4 ja h\u00e4vitt\u00e4misest\u00e4. Erityisesti henkil\u00f6tietoja k\u00e4sitelt\u00e4ess\u00e4, niiden s\u00e4ilytyksess\u00e4 ja h\u00e4vitt\u00e4misess\u00e4 on oltava huolellinen. L\u00e4ht\u00f6kohtaisesti henkil\u00f6tietoja sis\u00e4lt\u00e4v\u00e4 aineisto tulee h\u00e4vitt\u00e4\u00e4, kun se ei en\u00e4\u00e4 ole [&hellip;]<\/p>\n","protected":false},"author":201,"featured_media":0,"parent":0,"menu_order":0,"comment_status":"closed","ping_status":"closed","template":"","meta":{"_acf_changed":false,"footnotes":""},"class_list":["post-79","page","type-page","status-publish","hentry"],"acf":[],"yoast_head":"<!-- This site is optimized with the Yoast SEO plugin v27.1.1 - https:\/\/yoast.com\/product\/yoast-seo-wordpress\/ -->\n<title>4. Tutkimuksen j\u00e4lkeinen s\u00e4ilytys ja h\u00e4vitt\u00e4minen - Aineistonhallinta opiskelijoille<\/title>\n<meta name=\"robots\" content=\"index, follow, max-snippet:-1, max-image-preview:large, max-video-preview:-1\" \/>\n<link rel=\"canonical\" href=\"https:\/\/blogs.uef.fi\/aineistonhallinta-opiskelijoille\/tutkimuksen-jalkeinen-sailytys-havittaminen\/\" \/>\n<meta property=\"og:locale\" content=\"fi_FI\" \/>\n<meta property=\"og:type\" content=\"article\" \/>\n<meta property=\"og:title\" content=\"4. Tutkimuksen j\u00e4lkeinen s\u00e4ilytys ja h\u00e4vitt\u00e4minen - Aineistonhallinta opiskelijoille\" \/>\n<meta property=\"og:description\" content=\"On t\u00e4rke\u00e4\u00e4 suunnitella jo tutkimusta aloitettaessa, miten pitk\u00e4\u00e4n ja miss\u00e4 tutkimusaineistoa s\u00e4ilytet\u00e4\u00e4n tutkimuksen j\u00e4lkeen. Tutkimusaineistot tulee s\u00e4ilytt\u00e4\u00e4 tarpeelliseksi katsottu aika tutkimuksen p\u00e4\u00e4tytty\u00e4 ja h\u00e4vitt\u00e4\u00e4 sen j\u00e4lkeen asianmukaisesti. Opiskelija vastaa ker\u00e4\u00e4m\u00e4ns\u00e4 aineiston s\u00e4ilytyksest\u00e4 ja h\u00e4vitt\u00e4misest\u00e4. Erityisesti henkil\u00f6tietoja k\u00e4sitelt\u00e4ess\u00e4, niiden s\u00e4ilytyksess\u00e4 ja h\u00e4vitt\u00e4misess\u00e4 on oltava huolellinen. L\u00e4ht\u00f6kohtaisesti henkil\u00f6tietoja sis\u00e4lt\u00e4v\u00e4 aineisto tulee h\u00e4vitt\u00e4\u00e4, kun se ei en\u00e4\u00e4 ole [&hellip;]\" \/>\n<meta property=\"og:url\" content=\"https:\/\/blogs.uef.fi\/aineistonhallinta-opiskelijoille\/tutkimuksen-jalkeinen-sailytys-havittaminen\/\" \/>\n<meta property=\"og:site_name\" content=\"Aineistonhallinta opiskelijoille\" \/>\n<meta property=\"article:modified_time\" content=\"2025-08-27T06:36:16+00:00\" \/>\n<meta property=\"og:image\" content=\"https:\/\/blogs.uef.fi\/aineistonhallinta-opiskelijoille\/wp-content\/uploads\/sites\/149\/2023\/09\/shredder-779850_1920-300x225-1.jpg\" \/>\n\t<meta property=\"og:image:width\" content=\"300\" \/>\n\t<meta property=\"og:image:height\" content=\"225\" \/>\n\t<meta property=\"og:image:type\" content=\"image\/jpeg\" \/>\n<meta name=\"twitter:card\" content=\"summary_large_image\" \/>\n<meta name=\"twitter:label1\" content=\"Arvioitu lukuaika\" \/>\n\t<meta name=\"twitter:data1\" content=\"2 minuuttia\" \/>\n<script type=\"application\/ld+json\" class=\"yoast-schema-graph\">{\"@context\":\"https:\/\/schema.org\",\"@graph\":[{\"@type\":\"WebPage\",\"@id\":\"https:\/\/blogs.uef.fi\/aineistonhallinta-opiskelijoille\/tutkimuksen-jalkeinen-sailytys-havittaminen\/\",\"url\":\"https:\/\/blogs.uef.fi\/aineistonhallinta-opiskelijoille\/tutkimuksen-jalkeinen-sailytys-havittaminen\/\",\"name\":\"4. Tutkimuksen j\u00e4lkeinen s\u00e4ilytys ja h\u00e4vitt\u00e4minen - Aineistonhallinta opiskelijoille\",\"isPartOf\":{\"@id\":\"https:\/\/blogs.uef.fi\/aineistonhallinta-opiskelijoille\/#website\"},\"primaryImageOfPage\":{\"@id\":\"https:\/\/blogs.uef.fi\/aineistonhallinta-opiskelijoille\/tutkimuksen-jalkeinen-sailytys-havittaminen\/#primaryimage\"},\"image\":{\"@id\":\"https:\/\/blogs.uef.fi\/aineistonhallinta-opiskelijoille\/tutkimuksen-jalkeinen-sailytys-havittaminen\/#primaryimage\"},\"thumbnailUrl\":\"https:\/\/blogs.uef.fi\/aineistonhallinta-opiskelijoille\/wp-content\/uploads\/sites\/149\/2023\/09\/shredder-779850_1920-300x225-1.jpg\",\"datePublished\":\"2020-07-02T08:30:09+00:00\",\"dateModified\":\"2025-08-27T06:36:16+00:00\",\"breadcrumb\":{\"@id\":\"https:\/\/blogs.uef.fi\/aineistonhallinta-opiskelijoille\/tutkimuksen-jalkeinen-sailytys-havittaminen\/#breadcrumb\"},\"inLanguage\":\"fi\",\"potentialAction\":[{\"@type\":\"ReadAction\",\"target\":[\"https:\/\/blogs.uef.fi\/aineistonhallinta-opiskelijoille\/tutkimuksen-jalkeinen-sailytys-havittaminen\/\"]}]},{\"@type\":\"ImageObject\",\"inLanguage\":\"fi\",\"@id\":\"https:\/\/blogs.uef.fi\/aineistonhallinta-opiskelijoille\/tutkimuksen-jalkeinen-sailytys-havittaminen\/#primaryimage\",\"url\":\"https:\/\/blogs.uef.fi\/aineistonhallinta-opiskelijoille\/wp-content\/uploads\/sites\/149\/2023\/09\/shredder-779850_1920-300x225-1.jpg\",\"contentUrl\":\"https:\/\/blogs.uef.fi\/aineistonhallinta-opiskelijoille\/wp-content\/uploads\/sites\/149\/2023\/09\/shredder-779850_1920-300x225-1.jpg\",\"width\":300,\"height\":225},{\"@type\":\"BreadcrumbList\",\"@id\":\"https:\/\/blogs.uef.fi\/aineistonhallinta-opiskelijoille\/tutkimuksen-jalkeinen-sailytys-havittaminen\/#breadcrumb\",\"itemListElement\":[{\"@type\":\"ListItem\",\"position\":1,\"name\":\"Home\",\"item\":\"https:\/\/blogs.uef.fi\/aineistonhallinta-opiskelijoille\/\"},{\"@type\":\"ListItem\",\"position\":2,\"name\":\"4. Tutkimuksen j\u00e4lkeinen s\u00e4ilytys ja h\u00e4vitt\u00e4minen\"}]},{\"@type\":\"WebSite\",\"@id\":\"https:\/\/blogs.uef.fi\/aineistonhallinta-opiskelijoille\/#website\",\"url\":\"https:\/\/blogs.uef.fi\/aineistonhallinta-opiskelijoille\/\",\"name\":\"Aineistonhallinta opiskelijoille\",\"description\":\"\",\"potentialAction\":[{\"@type\":\"SearchAction\",\"target\":{\"@type\":\"EntryPoint\",\"urlTemplate\":\"https:\/\/blogs.uef.fi\/aineistonhallinta-opiskelijoille\/?s={search_term_string}\"},\"query-input\":{\"@type\":\"PropertyValueSpecification\",\"valueRequired\":true,\"valueName\":\"search_term_string\"}}],\"inLanguage\":\"fi\"}]}<\/script>\n<!-- \/ Yoast SEO plugin. -->","yoast_head_json":{"title":"4. Tutkimuksen j\u00e4lkeinen s\u00e4ilytys ja h\u00e4vitt\u00e4minen - Aineistonhallinta opiskelijoille","robots":{"index":"index","follow":"follow","max-snippet":"max-snippet:-1","max-image-preview":"max-image-preview:large","max-video-preview":"max-video-preview:-1"},"canonical":"https:\/\/blogs.uef.fi\/aineistonhallinta-opiskelijoille\/tutkimuksen-jalkeinen-sailytys-havittaminen\/","og_locale":"fi_FI","og_type":"article","og_title":"4. Tutkimuksen j\u00e4lkeinen s\u00e4ilytys ja h\u00e4vitt\u00e4minen - Aineistonhallinta opiskelijoille","og_description":"On t\u00e4rke\u00e4\u00e4 suunnitella jo tutkimusta aloitettaessa, miten pitk\u00e4\u00e4n ja miss\u00e4 tutkimusaineistoa s\u00e4ilytet\u00e4\u00e4n tutkimuksen j\u00e4lkeen. Tutkimusaineistot tulee s\u00e4ilytt\u00e4\u00e4 tarpeelliseksi katsottu aika tutkimuksen p\u00e4\u00e4tytty\u00e4 ja h\u00e4vitt\u00e4\u00e4 sen j\u00e4lkeen asianmukaisesti. Opiskelija vastaa ker\u00e4\u00e4m\u00e4ns\u00e4 aineiston s\u00e4ilytyksest\u00e4 ja h\u00e4vitt\u00e4misest\u00e4. Erityisesti henkil\u00f6tietoja k\u00e4sitelt\u00e4ess\u00e4, niiden s\u00e4ilytyksess\u00e4 ja h\u00e4vitt\u00e4misess\u00e4 on oltava huolellinen. L\u00e4ht\u00f6kohtaisesti henkil\u00f6tietoja sis\u00e4lt\u00e4v\u00e4 aineisto tulee h\u00e4vitt\u00e4\u00e4, kun se ei en\u00e4\u00e4 ole [&hellip;]","og_url":"https:\/\/blogs.uef.fi\/aineistonhallinta-opiskelijoille\/tutkimuksen-jalkeinen-sailytys-havittaminen\/","og_site_name":"Aineistonhallinta opiskelijoille","article_modified_time":"2025-08-27T06:36:16+00:00","og_image":[{"width":300,"height":225,"url":"https:\/\/blogs.uef.fi\/aineistonhallinta-opiskelijoille\/wp-content\/uploads\/sites\/149\/2023\/09\/shredder-779850_1920-300x225-1.jpg","type":"image\/jpeg"}],"twitter_card":"summary_large_image","twitter_misc":{"Arvioitu lukuaika":"2 minuuttia"},"schema":{"@context":"https:\/\/schema.org","@graph":[{"@type":"WebPage","@id":"https:\/\/blogs.uef.fi\/aineistonhallinta-opiskelijoille\/tutkimuksen-jalkeinen-sailytys-havittaminen\/","url":"https:\/\/blogs.uef.fi\/aineistonhallinta-opiskelijoille\/tutkimuksen-jalkeinen-sailytys-havittaminen\/","name":"4. Tutkimuksen j\u00e4lkeinen s\u00e4ilytys ja h\u00e4vitt\u00e4minen - Aineistonhallinta opiskelijoille","isPartOf":{"@id":"https:\/\/blogs.uef.fi\/aineistonhallinta-opiskelijoille\/#website"},"primaryImageOfPage":{"@id":"https:\/\/blogs.uef.fi\/aineistonhallinta-opiskelijoille\/tutkimuksen-jalkeinen-sailytys-havittaminen\/#primaryimage"},"image":{"@id":"https:\/\/blogs.uef.fi\/aineistonhallinta-opiskelijoille\/tutkimuksen-jalkeinen-sailytys-havittaminen\/#primaryimage"},"thumbnailUrl":"https:\/\/blogs.uef.fi\/aineistonhallinta-opiskelijoille\/wp-content\/uploads\/sites\/149\/2023\/09\/shredder-779850_1920-300x225-1.jpg","datePublished":"2020-07-02T08:30:09+00:00","dateModified":"2025-08-27T06:36:16+00:00","breadcrumb":{"@id":"https:\/\/blogs.uef.fi\/aineistonhallinta-opiskelijoille\/tutkimuksen-jalkeinen-sailytys-havittaminen\/#breadcrumb"},"inLanguage":"fi","potentialAction":[{"@type":"ReadAction","target":["https:\/\/blogs.uef.fi\/aineistonhallinta-opiskelijoille\/tutkimuksen-jalkeinen-sailytys-havittaminen\/"]}]},{"@type":"ImageObject","inLanguage":"fi","@id":"https:\/\/blogs.uef.fi\/aineistonhallinta-opiskelijoille\/tutkimuksen-jalkeinen-sailytys-havittaminen\/#primaryimage","url":"https:\/\/blogs.uef.fi\/aineistonhallinta-opiskelijoille\/wp-content\/uploads\/sites\/149\/2023\/09\/shredder-779850_1920-300x225-1.jpg","contentUrl":"https:\/\/blogs.uef.fi\/aineistonhallinta-opiskelijoille\/wp-content\/uploads\/sites\/149\/2023\/09\/shredder-779850_1920-300x225-1.jpg","width":300,"height":225},{"@type":"BreadcrumbList","@id":"https:\/\/blogs.uef.fi\/aineistonhallinta-opiskelijoille\/tutkimuksen-jalkeinen-sailytys-havittaminen\/#breadcrumb","itemListElement":[{"@type":"ListItem","position":1,"name":"Home","item":"https:\/\/blogs.uef.fi\/aineistonhallinta-opiskelijoille\/"},{"@type":"ListItem","position":2,"name":"4. Tutkimuksen j\u00e4lkeinen s\u00e4ilytys ja h\u00e4vitt\u00e4minen"}]},{"@type":"WebSite","@id":"https:\/\/blogs.uef.fi\/aineistonhallinta-opiskelijoille\/#website","url":"https:\/\/blogs.uef.fi\/aineistonhallinta-opiskelijoille\/","name":"Aineistonhallinta opiskelijoille","description":"","potentialAction":[{"@type":"SearchAction","target":{"@type":"EntryPoint","urlTemplate":"https:\/\/blogs.uef.fi\/aineistonhallinta-opiskelijoille\/?s={search_term_string}"},"query-input":{"@type":"PropertyValueSpecification","valueRequired":true,"valueName":"search_term_string"}}],"inLanguage":"fi"}]}},"_links":{"self":[{"href":"https:\/\/blogs.uef.fi\/aineistonhallinta-opiskelijoille\/wp-json\/wp\/v2\/pages\/79","targetHints":{"allow":["GET"]}}],"collection":[{"href":"https:\/\/blogs.uef.fi\/aineistonhallinta-opiskelijoille\/wp-json\/wp\/v2\/pages"}],"about":[{"href":"https:\/\/blogs.uef.fi\/aineistonhallinta-opiskelijoille\/wp-json\/wp\/v2\/types\/page"}],"author":[{"embeddable":true,"href":"https:\/\/blogs.uef.fi\/aineistonhallinta-opiskelijoille\/wp-json\/wp\/v2\/users\/201"}],"replies":[{"embeddable":true,"href":"https:\/\/blogs.uef.fi\/aineistonhallinta-opiskelijoille\/wp-json\/wp\/v2\/comments?post=79"}],"version-history":[{"count":2,"href":"https:\/\/blogs.uef.fi\/aineistonhallinta-opiskelijoille\/wp-json\/wp\/v2\/pages\/79\/revisions"}],"predecessor-version":[{"id":1054,"href":"https:\/\/blogs.uef.fi\/aineistonhallinta-opiskelijoille\/wp-json\/wp\/v2\/pages\/79\/revisions\/1054"}],"wp:attachment":[{"href":"https:\/\/blogs.uef.fi\/aineistonhallinta-opiskelijoille\/wp-json\/wp\/v2\/media?parent=79"}],"curies":[{"name":"wp","href":"https:\/\/api.w.org\/{rel}","templated":true}]}}