{"id":34,"date":"2020-07-02T11:30:17","date_gmt":"2020-07-02T08:30:17","guid":{"rendered":"https:\/\/blogs.uef.fi\/aineistonhallinta-opiskelijoille\/?page_id=34"},"modified":"2025-08-27T09:35:40","modified_gmt":"2025-08-27T06:35:40","slug":"tutkimusaineisto-ja-aineistonhallinta","status":"publish","type":"page","link":"https:\/\/blogs.uef.fi\/aineistonhallinta-opiskelijoille\/tutkimusaineisto-ja-aineistonhallinta\/","title":{"rendered":"1. Tutkimusaineisto ja aineistonhallinta"},"content":{"rendered":"\n<p>Tutkimusaineisto eli tutkimusdata on tutkimuksen aikana eri menetelmill\u00e4 tuotettua tai hy\u00f6dynnetty\u00e4 aineistoa, johon tutkimustulokset pohjautuvat. Tutkimusaineistoja on monenlaisia, tieteenalasta ja tutkimuksesta riippuu, millaista aineistoa k\u00e4ytet\u00e4\u00e4n.<\/p>\n\n\n\n<p>Tutkimusaineistoja ovat esimerkiksi:<br>\u2022 kysely- ja haastatteluaineistot, kuvat, videot, mittaukset, tutkijan tekem\u00e4t muistiinpanot<br>\u2022 ohjelmistot ja l\u00e4hdekoodit<br>\u2022 n\u00e4ytteet<br>\u2022 j\u00e4rjestetyt kokoelmat.<\/p>\n\n\n\n<p>Aineisto voi olla digitaalisessa muodossa, jolloin puhutaan tutkimusdatasta, tai aineisto voi olla fyysist\u00e4, kuten paperiaineisto tai esimerkiksi ihmisist\u00e4 tai kasveista ker\u00e4ttyj\u00e4 n\u00e4ytteit\u00e4. Tutkija voi tuottaa itse aineistoa ker\u00e4\u00e4m\u00e4ll\u00e4 sit\u00e4 tarkoitukseen sopivalla menetelm\u00e4ll\u00e4 tai hy\u00f6dynt\u00e4\u00e4 valmista, jonkun muun tuottamaa aineistoa.<\/p>\n\n\n\n<p>Valmista aineistoa ovat esimerkiksi valmiit dokumentit, kuten historialliset tekstit, kaunokirjallisuus, lehtiartikkelit tai jonkun aiemmin tuottama avattu tutkimusaineisto. Avointa tutkimusaineistoa voi etsi\u00e4 datarepositorioista* tai -arkistoista. N\u00e4m\u00e4 valmiit aineistot tarjoavat opiskelijoille mahdollisuuksia harjoitella analyysi\u00e4 isommilla aineistoilla kuin opiskelija itse voisi ker\u00e4t\u00e4. Valmiita aineistoja voi my\u00f6s hy\u00f6dynt\u00e4\u00e4 oman aineiston lis\u00e4n\u00e4. <\/p>\n\n\n\n<p><em>*Repositorio = tieteellisten julkaisujen tallentamiseen ja avoimeen verkkojulkaisemiseen soveltuva tekninen j\u00e4rjestelm\u00e4 ja sen ymp\u00e4rille rakennetut palvelut. Tieteen termipankki 25.08.2023: Nimitys:repositorio.<\/em><\/p>\n\n\n\n<p>Avoimet tutkimusaineistot ovat aineistoa, joka on avoimesti muidenkin k\u00e4ytett\u00e4viss\u00e4. T\u00e4ysin avoin aineisto on verkosta saatavilla vapaaseen k\u00e4ytt\u00f6\u00f6n. Esimerkki: <a href=\"https:\/\/zenodo.org\/record\/1323504\">Beetle Diversity<\/a> (Zenodo). Aineiston k\u00e4ytt\u00f6\u00f6n voi my\u00f6s liitty\u00e4 rajoitteita, jolloin se on k\u00e4ytett\u00e4viss\u00e4 esimerkiksi vain tiettyyn tarkoitukseen, kuten tutkimukseen ja opinn\u00e4ytet\u00f6ihin. Aineiston k\u00e4ytt\u00f6 voi edellytt\u00e4\u00e4 my\u00f6s rekister\u00f6itymist\u00e4 palveluun. Esimerkki: <a href=\"https:\/\/services.fsd.uta.fi\/catalogue\/FSD2326?tab=download&amp;study_language=fi\">Yliopisto-opiskelijoiden terveystutkimus 2004<\/a> (Tietoarkisto).<\/p>\n\n\n\n<p>Aineistoa ker\u00e4tess\u00e4 on t\u00e4rke\u00e4\u00e4 huolehtia aineistonhallinnasta eli siit\u00e4, ett\u00e4 aineistoa k\u00e4sitell\u00e4\u00e4n ja s\u00e4ilytet\u00e4\u00e4n turvallisesti. Kun aineistoa aletaan ker\u00e4t\u00e4, on t\u00e4rke\u00e4\u00e4 pit\u00e4\u00e4 se alusta l\u00e4htien j\u00e4rjestyksess\u00e4 niin, ett\u00e4 sek\u00e4 aineiston ker\u00e4\u00e4j\u00e4 itse, ett\u00e4 mahdolliset muut k\u00e4ytt\u00e4j\u00e4t tiet\u00e4v\u00e4t, miten ja milloin aineisto on ker\u00e4tty, millaisia tietoja se sis\u00e4lt\u00e4\u00e4 ja miten se on l\u00f6ydett\u00e4viss\u00e4. T\u00e4ll\u00f6in tarvitaan aineiston dokumentointia ja metadataa eli kuvailutietoa. Metadata kuvaa aineiston kontekstia, sis\u00e4lt\u00f6\u00e4 ja rakennetta sek\u00e4 niiden hallintaa ja k\u00e4sittely\u00e4. Hyv\u00e4ll\u00e4 ja laadukkaalla metadatan tallennuksella taataan aineiston ja tutkimuksen l\u00f6ydett\u00e4vyys, s\u00e4ilyvyys sek\u00e4 jatkok\u00e4ytett\u00e4vyys.<\/p>\n\n\n\n<h2 class=\"wp-block-heading\">Dokumentointi ja metadata<\/h2>\n\n\n\n<p>Aineiston dokumentointi on t\u00e4rke\u00e4\u00e4, jotta l\u00f6yd\u00e4t tarvitsemasi tiedon ja aineisto pysyy k\u00e4ytt\u00f6kelpoisena. Olennaista dokumentointia aineiston sis\u00e4ll\u00f6st\u00e4 ovat esimerkiksi muuttujien selke\u00e4 nime\u00e4minen, mittausyksik\u00f6iden ilmoittaminen tai kyselylomakkeen kysymysten liitt\u00e4minen aineistoon. Selke\u00e4 ja yksityiskohtainen dokumentointi auttaa my\u00f6s sinua tulkitsemaan dataasi muun muassa silloin, jos palaat siihen vaikkapa vuosien kuluttua. Kannattaa siis pohtia, mit\u00e4 tietoja tarvitsisit t\u00e4ss\u00e4 tapauksessa.<\/p>\n\n\n\n<p>Aineistoa dokumentoiva ja kuvaileva tieto voidaan tallentaa aineiston yhteyteen tai erillisen\u00e4 tiedostona, joka tallennetaan aineiston kanssa. Se voi olla esimerkiksi README-tekstitiedosto, jossa kerrotaan tutkimusaineistoon liittyv\u00e4 tarpeellinen tieto, kuten aineiston ker\u00e4\u00e4j\u00e4, kuvaus, k\u00e4ytetyt menetelm\u00e4t ja tiedostoihin liittyv\u00e4 tieto, kuten lyhenteiden selitykset.<\/p>\n\n\n\n<p>Suunnittele millaista tietoa tarvitset aineiston j\u00e4rjest\u00e4miseksi ja k\u00e4ytt\u00e4miseksi. Mieti millaisen kansiorakenteen tarvitset tiedostoille ja miten nime\u00e4t tiedostot. Luo tiedon l\u00f6ytymist\u00e4 edesauttava kansiorakenne ja merkityksellinen, johdonmukainen tapa nimet\u00e4 tiedostot niin, ett\u00e4 jo nimi kertoo olennaista tietoa tiedostosta. Jos teet useita versioita aineistosta, muista versionhallinta.<\/p>\n\n\n\n<figure class=\"wp-block-image alignnone wp-image-205 size-medium\"><img loading=\"lazy\" decoding=\"async\" width=\"300\" height=\"213\" src=\"https:\/\/blogs.uef.fi\/aineistonhallinta-opiskelijoille\/wp-content\/uploads\/sites\/149\/2020\/09\/tiedostonnimeaminen-1-300x213.png\" alt=\"Kaksi esimerkki\u00e4 tiedostojen nime\u00e4misest\u00e4, ensimm\u00e4inen ilman nime\u00e4misk\u00e4yt\u00e4nt\u00f6\u00e4 ja logiikkaa ja toinen jossa on k\u00e4ytetty nime\u00e4misk\u00e4yt\u00e4nt\u00f6j\u00e4 loogisesti.\" class=\"wp-image-205\" srcset=\"https:\/\/blogs.uef.fi\/aineistonhallinta-opiskelijoille\/wp-content\/uploads\/sites\/149\/2020\/09\/tiedostonnimeaminen-1-300x213.png 300w, https:\/\/blogs.uef.fi\/aineistonhallinta-opiskelijoille\/wp-content\/uploads\/sites\/149\/2020\/09\/tiedostonnimeaminen-1-1024x727.png 1024w, https:\/\/blogs.uef.fi\/aineistonhallinta-opiskelijoille\/wp-content\/uploads\/sites\/149\/2020\/09\/tiedostonnimeaminen-1-768x545.png 768w, https:\/\/blogs.uef.fi\/aineistonhallinta-opiskelijoille\/wp-content\/uploads\/sites\/149\/2020\/09\/tiedostonnimeaminen-1-1536x1090.png 1536w, https:\/\/blogs.uef.fi\/aineistonhallinta-opiskelijoille\/wp-content\/uploads\/sites\/149\/2020\/09\/tiedostonnimeaminen-1.png 1747w\" sizes=\"auto, (max-width: 300px) 100vw, 300px\" \/><figcaption class=\"wp-element-caption\">Kumpi nime\u00e4mistapa auttaa l\u00f6yt\u00e4m\u00e4\u00e4n oikean tiedoston? Vasemmanpuoleisessa ei ole k\u00e4ytetty nime\u00e4misk\u00e4yt\u00e4nt\u00f6j\u00e4 ja erityyppist\u00e4 aineistoa on tallennettu sekaisin samaan kansioon. Oikeanpuoleisessa on loogisempi ja selke\u00e4mpi rakenne ja nime\u00e4mistapa, joka auttaa l\u00f6yt\u00e4m\u00e4\u00e4n oikean tiedoston.<\/figcaption><\/figure>\n\n\n\n<p>Vinkkej\u00e4 tiedostojen nime\u00e4miseen:<\/p>\n\n\n\n<ul class=\"wp-block-list\">\n<li>k\u00e4yt\u00e4 lyhyit\u00e4 ja selkeit\u00e4 kuvaavia nimi\u00e4, suosi ymm\u00e4rrett\u00e4vi\u00e4 lyhenteit\u00e4. Erota sanat alaviivalla (_). \u00c4l\u00e4 k\u00e4yt\u00e4 erikoismerkkej\u00e4 nimess\u00e4<\/li>\n\n\n\n<li>jos aineistossa aika on olennainen tekij\u00e4, niin sen voi merkit\u00e4 tiedoston nimess\u00e4: vuosi, kuukausi, p\u00e4iv\u00e4 (VVVVKKPP esim. 20200901) tai tarvittaessa viel\u00e4 tarkemmin: tunnit, minuutit, sekunnit (TTMMSS)<\/li>\n\n\n\n<li>jos aineistosta syntyy useita versioita kannattaa niit\u00e4 hallita lis\u00e4\u00e4m\u00e4ll\u00e4 V kirjain tiedostonimeen hy\u00f6dynt\u00e4en v\u00e4hint\u00e4\u00e4n kahta numeroa (esim. V02)<\/li>\n<\/ul>\n\n\n\n<p>L\u00e4hteet<\/p>\n\n\n\n<p><a href=\"https:\/\/www.fsd.tuni.fi\/aineistonhallinta\/fi\/\">Tietoarkisto, Aineistonhallinnan k\u00e4sikirja.<\/a><\/p>\n\n\n\n<p><a href=\"https:\/\/www.tieteentermipankki.fi\/wiki\/Nimitys:repositorio\" target=\"_blank\" rel=\"noreferrer noopener\">Tieteen termipankki.<\/a><\/p>\n\n\n\n<p><a href=\"http:\/\/doi.org\/10.5281\/zenodo.1914401\">Siiri Fuchs, &amp; Mari Elisa Kuusniemi. (2018, December 4). Making a research project understandable &#8211; Guide for data documentation (Version 1.2). Zenodo.<\/a><\/p>\n\n\n\n<p><a href=\"https:\/\/guides.lib.purdue.edu\/c.php?g=353013&amp;p=2378293\">Purdue University, Data management for Undergraduate Researchers.<\/a><\/p>\n","protected":false},"excerpt":{"rendered":"<p>Tutkimusaineisto eli tutkimusdata on tutkimuksen aikana eri menetelmill\u00e4 tuotettua tai hy\u00f6dynnetty\u00e4 aineistoa, johon tutkimustulokset pohjautuvat. Tutkimusaineistoja on monenlaisia, tieteenalasta ja tutkimuksesta riippuu, millaista aineistoa k\u00e4ytet\u00e4\u00e4n. Tutkimusaineistoja ovat esimerkiksi:\u2022 kysely- ja haastatteluaineistot, kuvat, videot, mittaukset, tutkijan tekem\u00e4t muistiinpanot\u2022 ohjelmistot ja l\u00e4hdekoodit\u2022 n\u00e4ytteet\u2022 j\u00e4rjestetyt kokoelmat. Aineisto voi olla digitaalisessa muodossa, jolloin puhutaan tutkimusdatasta, tai aineisto voi olla [&hellip;]<\/p>\n","protected":false},"author":201,"featured_media":0,"parent":0,"menu_order":0,"comment_status":"closed","ping_status":"closed","template":"","meta":{"_acf_changed":false,"footnotes":""},"class_list":["post-34","page","type-page","status-publish","hentry"],"acf":[],"yoast_head":"<!-- This site is optimized with the Yoast SEO plugin v27.3 - https:\/\/yoast.com\/product\/yoast-seo-wordpress\/ -->\n<title>1. Tutkimusaineisto ja aineistonhallinta - Aineistonhallinta opiskelijoille<\/title>\n<meta name=\"robots\" content=\"index, follow, max-snippet:-1, max-image-preview:large, max-video-preview:-1\" \/>\n<link rel=\"canonical\" href=\"https:\/\/blogs.uef.fi\/aineistonhallinta-opiskelijoille\/tutkimusaineisto-ja-aineistonhallinta\/\" \/>\n<meta property=\"og:locale\" content=\"fi_FI\" \/>\n<meta property=\"og:type\" content=\"article\" \/>\n<meta property=\"og:title\" content=\"1. Tutkimusaineisto ja aineistonhallinta - Aineistonhallinta opiskelijoille\" \/>\n<meta property=\"og:description\" content=\"Tutkimusaineisto eli tutkimusdata on tutkimuksen aikana eri menetelmill\u00e4 tuotettua tai hy\u00f6dynnetty\u00e4 aineistoa, johon tutkimustulokset pohjautuvat. Tutkimusaineistoja on monenlaisia, tieteenalasta ja tutkimuksesta riippuu, millaista aineistoa k\u00e4ytet\u00e4\u00e4n. Tutkimusaineistoja ovat esimerkiksi:\u2022 kysely- ja haastatteluaineistot, kuvat, videot, mittaukset, tutkijan tekem\u00e4t muistiinpanot\u2022 ohjelmistot ja l\u00e4hdekoodit\u2022 n\u00e4ytteet\u2022 j\u00e4rjestetyt kokoelmat. Aineisto voi olla digitaalisessa muodossa, jolloin puhutaan tutkimusdatasta, tai aineisto voi olla [&hellip;]\" \/>\n<meta property=\"og:url\" content=\"https:\/\/blogs.uef.fi\/aineistonhallinta-opiskelijoille\/tutkimusaineisto-ja-aineistonhallinta\/\" \/>\n<meta property=\"og:site_name\" content=\"Aineistonhallinta opiskelijoille\" \/>\n<meta property=\"article:modified_time\" content=\"2025-08-27T06:35:40+00:00\" \/>\n<meta property=\"og:image\" content=\"https:\/\/blogs.uef.fi\/aineistonhallinta-opiskelijoille\/wp-content\/uploads\/sites\/149\/2020\/09\/tiedostonnimeaminen-1.png\" \/>\n\t<meta property=\"og:image:width\" content=\"1747\" \/>\n\t<meta property=\"og:image:height\" content=\"1240\" \/>\n\t<meta property=\"og:image:type\" content=\"image\/png\" \/>\n<meta name=\"twitter:card\" content=\"summary_large_image\" \/>\n<meta name=\"twitter:label1\" content=\"Arvioitu lukuaika\" \/>\n\t<meta name=\"twitter:data1\" content=\"4 minuuttia\" \/>\n<script type=\"application\/ld+json\" class=\"yoast-schema-graph\">{\"@context\":\"https:\\\/\\\/schema.org\",\"@graph\":[{\"@type\":\"WebPage\",\"@id\":\"https:\\\/\\\/blogs.uef.fi\\\/aineistonhallinta-opiskelijoille\\\/tutkimusaineisto-ja-aineistonhallinta\\\/\",\"url\":\"https:\\\/\\\/blogs.uef.fi\\\/aineistonhallinta-opiskelijoille\\\/tutkimusaineisto-ja-aineistonhallinta\\\/\",\"name\":\"1. Tutkimusaineisto ja aineistonhallinta - Aineistonhallinta opiskelijoille\",\"isPartOf\":{\"@id\":\"https:\\\/\\\/blogs.uef.fi\\\/aineistonhallinta-opiskelijoille\\\/#website\"},\"primaryImageOfPage\":{\"@id\":\"https:\\\/\\\/blogs.uef.fi\\\/aineistonhallinta-opiskelijoille\\\/tutkimusaineisto-ja-aineistonhallinta\\\/#primaryimage\"},\"image\":{\"@id\":\"https:\\\/\\\/blogs.uef.fi\\\/aineistonhallinta-opiskelijoille\\\/tutkimusaineisto-ja-aineistonhallinta\\\/#primaryimage\"},\"thumbnailUrl\":\"https:\\\/\\\/blogs.uef.fi\\\/aineistonhallinta-opiskelijoille\\\/wp-content\\\/uploads\\\/sites\\\/149\\\/2020\\\/09\\\/tiedostonnimeaminen-1-300x213.png\",\"datePublished\":\"2020-07-02T08:30:17+00:00\",\"dateModified\":\"2025-08-27T06:35:40+00:00\",\"breadcrumb\":{\"@id\":\"https:\\\/\\\/blogs.uef.fi\\\/aineistonhallinta-opiskelijoille\\\/tutkimusaineisto-ja-aineistonhallinta\\\/#breadcrumb\"},\"inLanguage\":\"fi\",\"potentialAction\":[{\"@type\":\"ReadAction\",\"target\":[\"https:\\\/\\\/blogs.uef.fi\\\/aineistonhallinta-opiskelijoille\\\/tutkimusaineisto-ja-aineistonhallinta\\\/\"]}]},{\"@type\":\"ImageObject\",\"inLanguage\":\"fi\",\"@id\":\"https:\\\/\\\/blogs.uef.fi\\\/aineistonhallinta-opiskelijoille\\\/tutkimusaineisto-ja-aineistonhallinta\\\/#primaryimage\",\"url\":\"https:\\\/\\\/blogs.uef.fi\\\/aineistonhallinta-opiskelijoille\\\/wp-content\\\/uploads\\\/sites\\\/149\\\/2020\\\/09\\\/tiedostonnimeaminen-1.png\",\"contentUrl\":\"https:\\\/\\\/blogs.uef.fi\\\/aineistonhallinta-opiskelijoille\\\/wp-content\\\/uploads\\\/sites\\\/149\\\/2020\\\/09\\\/tiedostonnimeaminen-1.png\",\"width\":1747,\"height\":1240},{\"@type\":\"BreadcrumbList\",\"@id\":\"https:\\\/\\\/blogs.uef.fi\\\/aineistonhallinta-opiskelijoille\\\/tutkimusaineisto-ja-aineistonhallinta\\\/#breadcrumb\",\"itemListElement\":[{\"@type\":\"ListItem\",\"position\":1,\"name\":\"Home\",\"item\":\"https:\\\/\\\/blogs.uef.fi\\\/aineistonhallinta-opiskelijoille\\\/\"},{\"@type\":\"ListItem\",\"position\":2,\"name\":\"1. Tutkimusaineisto ja aineistonhallinta\"}]},{\"@type\":\"WebSite\",\"@id\":\"https:\\\/\\\/blogs.uef.fi\\\/aineistonhallinta-opiskelijoille\\\/#website\",\"url\":\"https:\\\/\\\/blogs.uef.fi\\\/aineistonhallinta-opiskelijoille\\\/\",\"name\":\"Aineistonhallinta opiskelijoille\",\"description\":\"\",\"potentialAction\":[{\"@type\":\"SearchAction\",\"target\":{\"@type\":\"EntryPoint\",\"urlTemplate\":\"https:\\\/\\\/blogs.uef.fi\\\/aineistonhallinta-opiskelijoille\\\/?s={search_term_string}\"},\"query-input\":{\"@type\":\"PropertyValueSpecification\",\"valueRequired\":true,\"valueName\":\"search_term_string\"}}],\"inLanguage\":\"fi\"}]}<\/script>\n<!-- \/ Yoast SEO plugin. -->","yoast_head_json":{"title":"1. Tutkimusaineisto ja aineistonhallinta - Aineistonhallinta opiskelijoille","robots":{"index":"index","follow":"follow","max-snippet":"max-snippet:-1","max-image-preview":"max-image-preview:large","max-video-preview":"max-video-preview:-1"},"canonical":"https:\/\/blogs.uef.fi\/aineistonhallinta-opiskelijoille\/tutkimusaineisto-ja-aineistonhallinta\/","og_locale":"fi_FI","og_type":"article","og_title":"1. Tutkimusaineisto ja aineistonhallinta - Aineistonhallinta opiskelijoille","og_description":"Tutkimusaineisto eli tutkimusdata on tutkimuksen aikana eri menetelmill\u00e4 tuotettua tai hy\u00f6dynnetty\u00e4 aineistoa, johon tutkimustulokset pohjautuvat. Tutkimusaineistoja on monenlaisia, tieteenalasta ja tutkimuksesta riippuu, millaista aineistoa k\u00e4ytet\u00e4\u00e4n. Tutkimusaineistoja ovat esimerkiksi:\u2022 kysely- ja haastatteluaineistot, kuvat, videot, mittaukset, tutkijan tekem\u00e4t muistiinpanot\u2022 ohjelmistot ja l\u00e4hdekoodit\u2022 n\u00e4ytteet\u2022 j\u00e4rjestetyt kokoelmat. Aineisto voi olla digitaalisessa muodossa, jolloin puhutaan tutkimusdatasta, tai aineisto voi olla [&hellip;]","og_url":"https:\/\/blogs.uef.fi\/aineistonhallinta-opiskelijoille\/tutkimusaineisto-ja-aineistonhallinta\/","og_site_name":"Aineistonhallinta opiskelijoille","article_modified_time":"2025-08-27T06:35:40+00:00","og_image":[{"width":1747,"height":1240,"url":"https:\/\/blogs.uef.fi\/aineistonhallinta-opiskelijoille\/wp-content\/uploads\/sites\/149\/2020\/09\/tiedostonnimeaminen-1.png","type":"image\/png"}],"twitter_card":"summary_large_image","twitter_misc":{"Arvioitu lukuaika":"4 minuuttia"},"schema":{"@context":"https:\/\/schema.org","@graph":[{"@type":"WebPage","@id":"https:\/\/blogs.uef.fi\/aineistonhallinta-opiskelijoille\/tutkimusaineisto-ja-aineistonhallinta\/","url":"https:\/\/blogs.uef.fi\/aineistonhallinta-opiskelijoille\/tutkimusaineisto-ja-aineistonhallinta\/","name":"1. Tutkimusaineisto ja aineistonhallinta - Aineistonhallinta opiskelijoille","isPartOf":{"@id":"https:\/\/blogs.uef.fi\/aineistonhallinta-opiskelijoille\/#website"},"primaryImageOfPage":{"@id":"https:\/\/blogs.uef.fi\/aineistonhallinta-opiskelijoille\/tutkimusaineisto-ja-aineistonhallinta\/#primaryimage"},"image":{"@id":"https:\/\/blogs.uef.fi\/aineistonhallinta-opiskelijoille\/tutkimusaineisto-ja-aineistonhallinta\/#primaryimage"},"thumbnailUrl":"https:\/\/blogs.uef.fi\/aineistonhallinta-opiskelijoille\/wp-content\/uploads\/sites\/149\/2020\/09\/tiedostonnimeaminen-1-300x213.png","datePublished":"2020-07-02T08:30:17+00:00","dateModified":"2025-08-27T06:35:40+00:00","breadcrumb":{"@id":"https:\/\/blogs.uef.fi\/aineistonhallinta-opiskelijoille\/tutkimusaineisto-ja-aineistonhallinta\/#breadcrumb"},"inLanguage":"fi","potentialAction":[{"@type":"ReadAction","target":["https:\/\/blogs.uef.fi\/aineistonhallinta-opiskelijoille\/tutkimusaineisto-ja-aineistonhallinta\/"]}]},{"@type":"ImageObject","inLanguage":"fi","@id":"https:\/\/blogs.uef.fi\/aineistonhallinta-opiskelijoille\/tutkimusaineisto-ja-aineistonhallinta\/#primaryimage","url":"https:\/\/blogs.uef.fi\/aineistonhallinta-opiskelijoille\/wp-content\/uploads\/sites\/149\/2020\/09\/tiedostonnimeaminen-1.png","contentUrl":"https:\/\/blogs.uef.fi\/aineistonhallinta-opiskelijoille\/wp-content\/uploads\/sites\/149\/2020\/09\/tiedostonnimeaminen-1.png","width":1747,"height":1240},{"@type":"BreadcrumbList","@id":"https:\/\/blogs.uef.fi\/aineistonhallinta-opiskelijoille\/tutkimusaineisto-ja-aineistonhallinta\/#breadcrumb","itemListElement":[{"@type":"ListItem","position":1,"name":"Home","item":"https:\/\/blogs.uef.fi\/aineistonhallinta-opiskelijoille\/"},{"@type":"ListItem","position":2,"name":"1. Tutkimusaineisto ja aineistonhallinta"}]},{"@type":"WebSite","@id":"https:\/\/blogs.uef.fi\/aineistonhallinta-opiskelijoille\/#website","url":"https:\/\/blogs.uef.fi\/aineistonhallinta-opiskelijoille\/","name":"Aineistonhallinta opiskelijoille","description":"","potentialAction":[{"@type":"SearchAction","target":{"@type":"EntryPoint","urlTemplate":"https:\/\/blogs.uef.fi\/aineistonhallinta-opiskelijoille\/?s={search_term_string}"},"query-input":{"@type":"PropertyValueSpecification","valueRequired":true,"valueName":"search_term_string"}}],"inLanguage":"fi"}]}},"_links":{"self":[{"href":"https:\/\/blogs.uef.fi\/aineistonhallinta-opiskelijoille\/wp-json\/wp\/v2\/pages\/34","targetHints":{"allow":["GET"]}}],"collection":[{"href":"https:\/\/blogs.uef.fi\/aineistonhallinta-opiskelijoille\/wp-json\/wp\/v2\/pages"}],"about":[{"href":"https:\/\/blogs.uef.fi\/aineistonhallinta-opiskelijoille\/wp-json\/wp\/v2\/types\/page"}],"author":[{"embeddable":true,"href":"https:\/\/blogs.uef.fi\/aineistonhallinta-opiskelijoille\/wp-json\/wp\/v2\/users\/201"}],"replies":[{"embeddable":true,"href":"https:\/\/blogs.uef.fi\/aineistonhallinta-opiskelijoille\/wp-json\/wp\/v2\/comments?post=34"}],"version-history":[{"count":2,"href":"https:\/\/blogs.uef.fi\/aineistonhallinta-opiskelijoille\/wp-json\/wp\/v2\/pages\/34\/revisions"}],"predecessor-version":[{"id":1053,"href":"https:\/\/blogs.uef.fi\/aineistonhallinta-opiskelijoille\/wp-json\/wp\/v2\/pages\/34\/revisions\/1053"}],"wp:attachment":[{"href":"https:\/\/blogs.uef.fi\/aineistonhallinta-opiskelijoille\/wp-json\/wp\/v2\/media?parent=34"}],"curies":[{"name":"wp","href":"https:\/\/api.w.org\/{rel}","templated":true}]}}