{"id":26,"date":"2020-06-16T15:47:40","date_gmt":"2020-06-16T12:47:40","guid":{"rendered":"https:\/\/blogs.uef.fi\/aineistonhallinta-opiskelijoille\/?page_id=26"},"modified":"2025-06-24T08:50:08","modified_gmt":"2025-06-24T05:50:08","slug":"etusivu","status":"publish","type":"page","link":"https:\/\/blogs.uef.fi\/aineistonhallinta-opiskelijoille\/","title":{"rendered":"Aineistonhallinta opiskelijoille"},"content":{"rendered":"\n<p>T\u00e4m\u00e4 materiaali johdattaa tutkimusaineistonhallinnan perusteisiin ja ohjaa opiskelijaa soveltamaan tietoa omaan opinn\u00e4ytety\u00f6h\u00f6n. Materiaali on suunnattu It\u00e4-Suomen yliopiston maisterivaiheen opiskelijoille, mutta on my\u00f6s muiden vapaasti k\u00e4ytett\u00e4viss\u00e4. <\/p>\n\n\n\n<p><strong>HUOM!<\/strong> <strong>Oikean yl\u00e4kulman valikosta l\u00f6yd\u00e4t t\u00e4m\u00e4n materiaalin opiskeltavat aihealueet.<\/strong><\/p>\n\n\n\n<figure class=\"wp-block-image aligncenter\"><img loading=\"lazy\" decoding=\"async\" width=\"300\" height=\"200\" src=\"https:\/\/blogs.uef.fi\/aineistonhallinta-opiskelijoille\/wp-content\/uploads\/sites\/149\/2020\/09\/laboratory-3827745_1920-300x200.jpg\" alt=\"K\u00e4det merkitsem\u00e4ss\u00e4 tietoja n\u00e4ytteisiin.\" class=\"wp-image-266\" srcset=\"https:\/\/blogs.uef.fi\/aineistonhallinta-opiskelijoille\/wp-content\/uploads\/sites\/149\/2020\/09\/laboratory-3827745_1920-300x200.jpg 300w, https:\/\/blogs.uef.fi\/aineistonhallinta-opiskelijoille\/wp-content\/uploads\/sites\/149\/2020\/09\/laboratory-3827745_1920-1024x683.jpg 1024w, https:\/\/blogs.uef.fi\/aineistonhallinta-opiskelijoille\/wp-content\/uploads\/sites\/149\/2020\/09\/laboratory-3827745_1920-768x512.jpg 768w, https:\/\/blogs.uef.fi\/aineistonhallinta-opiskelijoille\/wp-content\/uploads\/sites\/149\/2020\/09\/laboratory-3827745_1920-1536x1024.jpg 1536w, https:\/\/blogs.uef.fi\/aineistonhallinta-opiskelijoille\/wp-content\/uploads\/sites\/149\/2020\/09\/laboratory-3827745_1920.jpg 1920w\" sizes=\"auto, (max-width: 300px) 100vw, 300px\" \/><\/figure>\n\n\n\n<p><a href=\"http:\/\/creativecommons.org\/licenses\/by\/4.0\/\"><\/a><br><em>T\u00e4m\u00e4 oppimateriaali (Aineistonhallinta opiskelijoille), jonka alkuper\u00e4iset tekij\u00e4t ovat <a href=\"https:\/\/blogs.uef.fi\/aineistonhallinta-opiskelijoille\/\">Anne Karhap\u00e4\u00e4 ja Jussi Hyv\u00e4rinen<\/a>, on lisensoitu <a href=\"http:\/\/creativecommons.org\/licenses\/by\/4.0\/\">Creative Commons Nime\u00e4 4.0 Kansainv\u00e4linen -lisenssill\u00e4<\/a>. Eettiset ja juridiset seikat -osion tekemiseen osallistui lis\u00e4ksi tietosuojavastaava Helena Eronen. Oppimateriaalia on p\u00e4ivitetty seuraavasti: Taisa Sallinen, Manna Satama, Minna Rahnasto-Rilla ja Kaisa Hartikainen, 2023 ja 2024, It\u00e4-Suomen yliopisto.<\/em><\/p>\n","protected":false},"excerpt":{"rendered":"<p>T\u00e4m\u00e4 materiaali johdattaa tutkimusaineistonhallinnan perusteisiin ja ohjaa opiskelijaa soveltamaan tietoa omaan opinn\u00e4ytety\u00f6h\u00f6n. Materiaali on suunnattu It\u00e4-Suomen yliopiston maisterivaiheen opiskelijoille, mutta on my\u00f6s muiden vapaasti k\u00e4ytett\u00e4viss\u00e4. HUOM! Oikean yl\u00e4kulman valikosta l\u00f6yd\u00e4t t\u00e4m\u00e4n materiaalin opiskeltavat aihealueet. T\u00e4m\u00e4 oppimateriaali (Aineistonhallinta opiskelijoille), jonka alkuper\u00e4iset tekij\u00e4t ovat Anne Karhap\u00e4\u00e4 ja Jussi Hyv\u00e4rinen, on lisensoitu Creative Commons Nime\u00e4 4.0 Kansainv\u00e4linen -lisenssill\u00e4. [&hellip;]<\/p>\n","protected":false},"author":1,"featured_media":0,"parent":0,"menu_order":0,"comment_status":"closed","ping_status":"closed","template":"","meta":{"_acf_changed":false,"footnotes":""},"class_list":["post-26","page","type-page","status-publish","hentry"],"acf":[],"yoast_head":"<!-- This site is optimized with the Yoast SEO plugin v27.3 - https:\/\/yoast.com\/product\/yoast-seo-wordpress\/ -->\n<title>Aineistonhallinta opiskelijoille - Aineistonhallinta opiskelijoille<\/title>\n<meta name=\"robots\" content=\"index, follow, max-snippet:-1, max-image-preview:large, max-video-preview:-1\" \/>\n<link rel=\"canonical\" href=\"https:\/\/blogs.uef.fi\/aineistonhallinta-opiskelijoille\/\" \/>\n<meta property=\"og:locale\" content=\"fi_FI\" \/>\n<meta property=\"og:type\" content=\"article\" \/>\n<meta property=\"og:title\" content=\"Aineistonhallinta opiskelijoille - Aineistonhallinta opiskelijoille\" \/>\n<meta property=\"og:description\" content=\"T\u00e4m\u00e4 materiaali johdattaa tutkimusaineistonhallinnan perusteisiin ja ohjaa opiskelijaa soveltamaan tietoa omaan opinn\u00e4ytety\u00f6h\u00f6n. Materiaali on suunnattu It\u00e4-Suomen yliopiston maisterivaiheen opiskelijoille, mutta on my\u00f6s muiden vapaasti k\u00e4ytett\u00e4viss\u00e4. HUOM! Oikean yl\u00e4kulman valikosta l\u00f6yd\u00e4t t\u00e4m\u00e4n materiaalin opiskeltavat aihealueet. T\u00e4m\u00e4 oppimateriaali (Aineistonhallinta opiskelijoille), jonka alkuper\u00e4iset tekij\u00e4t ovat Anne Karhap\u00e4\u00e4 ja Jussi Hyv\u00e4rinen, on lisensoitu Creative Commons Nime\u00e4 4.0 Kansainv\u00e4linen -lisenssill\u00e4. [&hellip;]\" \/>\n<meta property=\"og:url\" content=\"https:\/\/blogs.uef.fi\/aineistonhallinta-opiskelijoille\/\" \/>\n<meta property=\"og:site_name\" content=\"Aineistonhallinta opiskelijoille\" \/>\n<meta property=\"article:modified_time\" content=\"2025-06-24T05:50:08+00:00\" \/>\n<meta property=\"og:image\" content=\"https:\/\/blogs.uef.fi\/aineistonhallinta-opiskelijoille\/wp-content\/uploads\/sites\/149\/2020\/09\/laboratory-3827745_1920.jpg\" \/>\n\t<meta property=\"og:image:width\" content=\"1920\" \/>\n\t<meta property=\"og:image:height\" content=\"1280\" \/>\n\t<meta property=\"og:image:type\" content=\"image\/jpeg\" \/>\n<meta name=\"twitter:card\" content=\"summary_large_image\" \/>\n<meta name=\"twitter:label1\" content=\"Arvioitu lukuaika\" \/>\n\t<meta name=\"twitter:data1\" content=\"1 minuutti\" \/>\n<script type=\"application\/ld+json\" class=\"yoast-schema-graph\">{\"@context\":\"https:\\\/\\\/schema.org\",\"@graph\":[{\"@type\":\"WebPage\",\"@id\":\"https:\\\/\\\/blogs.uef.fi\\\/aineistonhallinta-opiskelijoille\\\/\",\"url\":\"https:\\\/\\\/blogs.uef.fi\\\/aineistonhallinta-opiskelijoille\\\/\",\"name\":\"Aineistonhallinta opiskelijoille - Aineistonhallinta opiskelijoille\",\"isPartOf\":{\"@id\":\"https:\\\/\\\/blogs.uef.fi\\\/aineistonhallinta-opiskelijoille\\\/#website\"},\"primaryImageOfPage\":{\"@id\":\"https:\\\/\\\/blogs.uef.fi\\\/aineistonhallinta-opiskelijoille\\\/#primaryimage\"},\"image\":{\"@id\":\"https:\\\/\\\/blogs.uef.fi\\\/aineistonhallinta-opiskelijoille\\\/#primaryimage\"},\"thumbnailUrl\":\"https:\\\/\\\/blogs.uef.fi\\\/aineistonhallinta-opiskelijoille\\\/wp-content\\\/uploads\\\/sites\\\/149\\\/2020\\\/09\\\/laboratory-3827745_1920-300x200.jpg\",\"datePublished\":\"2020-06-16T12:47:40+00:00\",\"dateModified\":\"2025-06-24T05:50:08+00:00\",\"breadcrumb\":{\"@id\":\"https:\\\/\\\/blogs.uef.fi\\\/aineistonhallinta-opiskelijoille\\\/#breadcrumb\"},\"inLanguage\":\"fi\",\"potentialAction\":[{\"@type\":\"ReadAction\",\"target\":[\"https:\\\/\\\/blogs.uef.fi\\\/aineistonhallinta-opiskelijoille\\\/\"]}]},{\"@type\":\"ImageObject\",\"inLanguage\":\"fi\",\"@id\":\"https:\\\/\\\/blogs.uef.fi\\\/aineistonhallinta-opiskelijoille\\\/#primaryimage\",\"url\":\"https:\\\/\\\/blogs.uef.fi\\\/aineistonhallinta-opiskelijoille\\\/wp-content\\\/uploads\\\/sites\\\/149\\\/2020\\\/09\\\/laboratory-3827745_1920.jpg\",\"contentUrl\":\"https:\\\/\\\/blogs.uef.fi\\\/aineistonhallinta-opiskelijoille\\\/wp-content\\\/uploads\\\/sites\\\/149\\\/2020\\\/09\\\/laboratory-3827745_1920.jpg\",\"width\":1920,\"height\":1280,\"caption\":\"K\u00e4det merkitsem\u00e4ss\u00e4 tietoja n\u00e4ytteisiin.\"},{\"@type\":\"BreadcrumbList\",\"@id\":\"https:\\\/\\\/blogs.uef.fi\\\/aineistonhallinta-opiskelijoille\\\/#breadcrumb\",\"itemListElement\":[{\"@type\":\"ListItem\",\"position\":1,\"name\":\"Home\",\"item\":\"https:\\\/\\\/blogs.uef.fi\\\/aineistonhallinta-opiskelijoille\\\/\"},{\"@type\":\"ListItem\",\"position\":2,\"name\":\"Aineistonhallinta opiskelijoille\"}]},{\"@type\":\"WebSite\",\"@id\":\"https:\\\/\\\/blogs.uef.fi\\\/aineistonhallinta-opiskelijoille\\\/#website\",\"url\":\"https:\\\/\\\/blogs.uef.fi\\\/aineistonhallinta-opiskelijoille\\\/\",\"name\":\"Aineistonhallinta opiskelijoille\",\"description\":\"\",\"potentialAction\":[{\"@type\":\"SearchAction\",\"target\":{\"@type\":\"EntryPoint\",\"urlTemplate\":\"https:\\\/\\\/blogs.uef.fi\\\/aineistonhallinta-opiskelijoille\\\/?s={search_term_string}\"},\"query-input\":{\"@type\":\"PropertyValueSpecification\",\"valueRequired\":true,\"valueName\":\"search_term_string\"}}],\"inLanguage\":\"fi\"}]}<\/script>\n<!-- \/ Yoast SEO plugin. -->","yoast_head_json":{"title":"Aineistonhallinta opiskelijoille - Aineistonhallinta opiskelijoille","robots":{"index":"index","follow":"follow","max-snippet":"max-snippet:-1","max-image-preview":"max-image-preview:large","max-video-preview":"max-video-preview:-1"},"canonical":"https:\/\/blogs.uef.fi\/aineistonhallinta-opiskelijoille\/","og_locale":"fi_FI","og_type":"article","og_title":"Aineistonhallinta opiskelijoille - Aineistonhallinta opiskelijoille","og_description":"T\u00e4m\u00e4 materiaali johdattaa tutkimusaineistonhallinnan perusteisiin ja ohjaa opiskelijaa soveltamaan tietoa omaan opinn\u00e4ytety\u00f6h\u00f6n. Materiaali on suunnattu It\u00e4-Suomen yliopiston maisterivaiheen opiskelijoille, mutta on my\u00f6s muiden vapaasti k\u00e4ytett\u00e4viss\u00e4. HUOM! Oikean yl\u00e4kulman valikosta l\u00f6yd\u00e4t t\u00e4m\u00e4n materiaalin opiskeltavat aihealueet. T\u00e4m\u00e4 oppimateriaali (Aineistonhallinta opiskelijoille), jonka alkuper\u00e4iset tekij\u00e4t ovat Anne Karhap\u00e4\u00e4 ja Jussi Hyv\u00e4rinen, on lisensoitu Creative Commons Nime\u00e4 4.0 Kansainv\u00e4linen -lisenssill\u00e4. [&hellip;]","og_url":"https:\/\/blogs.uef.fi\/aineistonhallinta-opiskelijoille\/","og_site_name":"Aineistonhallinta opiskelijoille","article_modified_time":"2025-06-24T05:50:08+00:00","og_image":[{"width":1920,"height":1280,"url":"https:\/\/blogs.uef.fi\/aineistonhallinta-opiskelijoille\/wp-content\/uploads\/sites\/149\/2020\/09\/laboratory-3827745_1920.jpg","type":"image\/jpeg"}],"twitter_card":"summary_large_image","twitter_misc":{"Arvioitu lukuaika":"1 minuutti"},"schema":{"@context":"https:\/\/schema.org","@graph":[{"@type":"WebPage","@id":"https:\/\/blogs.uef.fi\/aineistonhallinta-opiskelijoille\/","url":"https:\/\/blogs.uef.fi\/aineistonhallinta-opiskelijoille\/","name":"Aineistonhallinta opiskelijoille - Aineistonhallinta opiskelijoille","isPartOf":{"@id":"https:\/\/blogs.uef.fi\/aineistonhallinta-opiskelijoille\/#website"},"primaryImageOfPage":{"@id":"https:\/\/blogs.uef.fi\/aineistonhallinta-opiskelijoille\/#primaryimage"},"image":{"@id":"https:\/\/blogs.uef.fi\/aineistonhallinta-opiskelijoille\/#primaryimage"},"thumbnailUrl":"https:\/\/blogs.uef.fi\/aineistonhallinta-opiskelijoille\/wp-content\/uploads\/sites\/149\/2020\/09\/laboratory-3827745_1920-300x200.jpg","datePublished":"2020-06-16T12:47:40+00:00","dateModified":"2025-06-24T05:50:08+00:00","breadcrumb":{"@id":"https:\/\/blogs.uef.fi\/aineistonhallinta-opiskelijoille\/#breadcrumb"},"inLanguage":"fi","potentialAction":[{"@type":"ReadAction","target":["https:\/\/blogs.uef.fi\/aineistonhallinta-opiskelijoille\/"]}]},{"@type":"ImageObject","inLanguage":"fi","@id":"https:\/\/blogs.uef.fi\/aineistonhallinta-opiskelijoille\/#primaryimage","url":"https:\/\/blogs.uef.fi\/aineistonhallinta-opiskelijoille\/wp-content\/uploads\/sites\/149\/2020\/09\/laboratory-3827745_1920.jpg","contentUrl":"https:\/\/blogs.uef.fi\/aineistonhallinta-opiskelijoille\/wp-content\/uploads\/sites\/149\/2020\/09\/laboratory-3827745_1920.jpg","width":1920,"height":1280,"caption":"K\u00e4det merkitsem\u00e4ss\u00e4 tietoja n\u00e4ytteisiin."},{"@type":"BreadcrumbList","@id":"https:\/\/blogs.uef.fi\/aineistonhallinta-opiskelijoille\/#breadcrumb","itemListElement":[{"@type":"ListItem","position":1,"name":"Home","item":"https:\/\/blogs.uef.fi\/aineistonhallinta-opiskelijoille\/"},{"@type":"ListItem","position":2,"name":"Aineistonhallinta opiskelijoille"}]},{"@type":"WebSite","@id":"https:\/\/blogs.uef.fi\/aineistonhallinta-opiskelijoille\/#website","url":"https:\/\/blogs.uef.fi\/aineistonhallinta-opiskelijoille\/","name":"Aineistonhallinta opiskelijoille","description":"","potentialAction":[{"@type":"SearchAction","target":{"@type":"EntryPoint","urlTemplate":"https:\/\/blogs.uef.fi\/aineistonhallinta-opiskelijoille\/?s={search_term_string}"},"query-input":{"@type":"PropertyValueSpecification","valueRequired":true,"valueName":"search_term_string"}}],"inLanguage":"fi"}]}},"_links":{"self":[{"href":"https:\/\/blogs.uef.fi\/aineistonhallinta-opiskelijoille\/wp-json\/wp\/v2\/pages\/26","targetHints":{"allow":["GET"]}}],"collection":[{"href":"https:\/\/blogs.uef.fi\/aineistonhallinta-opiskelijoille\/wp-json\/wp\/v2\/pages"}],"about":[{"href":"https:\/\/blogs.uef.fi\/aineistonhallinta-opiskelijoille\/wp-json\/wp\/v2\/types\/page"}],"author":[{"embeddable":true,"href":"https:\/\/blogs.uef.fi\/aineistonhallinta-opiskelijoille\/wp-json\/wp\/v2\/users\/1"}],"replies":[{"embeddable":true,"href":"https:\/\/blogs.uef.fi\/aineistonhallinta-opiskelijoille\/wp-json\/wp\/v2\/comments?post=26"}],"version-history":[{"count":1,"href":"https:\/\/blogs.uef.fi\/aineistonhallinta-opiskelijoille\/wp-json\/wp\/v2\/pages\/26\/revisions"}],"predecessor-version":[{"id":1039,"href":"https:\/\/blogs.uef.fi\/aineistonhallinta-opiskelijoille\/wp-json\/wp\/v2\/pages\/26\/revisions\/1039"}],"wp:attachment":[{"href":"https:\/\/blogs.uef.fi\/aineistonhallinta-opiskelijoille\/wp-json\/wp\/v2\/media?parent=26"}],"curies":[{"name":"wp","href":"https:\/\/api.w.org\/{rel}","templated":true}]}}