{"id":149,"date":"2018-09-10T12:04:50","date_gmt":"2018-09-10T09:04:50","guid":{"rendered":"https:\/\/blogs.uef.fi\/21skillsreteachedu\/?page_id=149"},"modified":"2024-01-25T15:40:46","modified_gmt":"2024-01-25T13:40:46","slug":"ajankohtaista","status":"publish","type":"page","link":"https:\/\/blogs.uef.fi\/21skillsreteachedu\/ajankohtaista\/","title":{"rendered":"AJANKOHTAISTA"},"content":{"rendered":"\n<h3 class=\"wp-block-heading\">Tapahtumat<\/h3>\n\n\n\n<p><strong>10.9.2018<\/strong>&nbsp;OKM:n hankkeiden kick off -p\u00e4iv\u00e4 Helsingiss\u00e4<\/p>\n\n\n\n<p><strong>11.9.2018<\/strong>&nbsp;Opetuksen kehitt\u00e4mishankkeiden yhteinen suunnittelup\u00e4iv\u00e4. Mukana hankkeet \u201dMonikatsomukselliset oppimisen tilat varhaiskasvatuksessa\u201d ja \u201d21. vuosisadan taidot, monilukutaito ja katsomusaineiden opettajankoulutuksen kehitt\u00e4minen\u201d<\/p>\n\n\n\n<p><strong>15.11 \u2013 16.11.2018&nbsp;<\/strong>Fera Conference on Education, Tampere. Kaisa Viinikka mukana esittelem\u00e4ss\u00e4 hanketta<\/p>\n\n\n\n<p><strong>7.5 \u2013 8.5.2019&nbsp;<\/strong>Tutustuminen Exeterin yliopistoon hankkeen tiimoilta<\/p>\n\n\n\n<p><strong>9.5 \u2013 10.5.2019&nbsp;<\/strong>Hanke esill\u00e4 AULRE 2019 \u2013 konferenssissa<\/p>\n\n\n\n<h3 class=\"wp-block-heading\">Hankkeessa tapahtuu<\/h3>\n\n\n\n<p><strong>10.12.2018&nbsp;<\/strong>Hankkeen avaus ja ty\u00f6ryhm\u00e4n kokoontuminen Joensuussa<\/p>\n\n\n\n<p><strong>13.12.2018&nbsp;<\/strong>Hankkeen avaus ja ty\u00f6ryhm\u00e4n kokoontuminen Helsingiss\u00e4<\/p>\n\n\n\n<p><strong>Syksy 2018&nbsp;<\/strong>Kaisa Viinikka ker\u00e4\u00e4 opiskelijoilta aineistoa kysely- ja haastattelututkimuksella<\/p>\n\n\n\n<p><strong>3.4.2019&nbsp;<\/strong>Ty\u00f6ryhm\u00e4n toinen kokoontuminen Joensuussa<\/p>\n\n\n\n<p><strong>4.4.2019&nbsp;<\/strong>Ty\u00f6ryhm\u00e4n toinen kokoontuminen Helsingiss\u00e4<\/p>\n\n\n\n<p><strong>Kev\u00e4t 2019&nbsp;<\/strong>Tuuli Lipi\u00e4inen ker\u00e4\u00e4 opettajilta aineistoa kysely- ja haastattelututkimuksella<\/p>\n\n\n\n<p><strong>Kev\u00e4t 2019&nbsp;<\/strong>Aineiston ker\u00e4\u00e4minen yliopisto-opettajilta kyselyll\u00e4<\/p>\n\n\n\n<p><strong>3.12.2019&nbsp;<\/strong>Ty\u00f6ryhm\u00e4n kokoontuminen Helsingiss\u00e4<\/p>\n\n\n\n<p><strong>10.12.2019&nbsp;<\/strong>Ty\u00f6ryhm\u00e4n kokoontuminen Joensuussa<\/p>\n\n\n\n<p><strong>Syksy 2019&nbsp;<\/strong>Kaisa Viinikka tutkijavaihdossa Exeterin yliopistossa<\/p>\n\n\n\n<p><strong>Syksy 2019&nbsp;<\/strong>Tuuli Lipi\u00e4inen tutkijavaihdossa Australiassa<\/p>\n\n\n\n<h3 class=\"wp-block-heading\">Hanke n\u00e4kyvill\u00e4<\/h3>\n\n\n\n<p><strong>Blogikirjoitus katsomukset.fi-sivustolla:<\/strong> <a href=\"https:\/\/katsomukset.fi\/2018\/11\/08\/opettajankoulutuksen-kehittaminen-moninaistuvassa-koulumaailmassa\/\">Opettajankoulutuksen kehitt\u00e4minen moninaistuvassa koulumaailmassa<\/a><\/p>\n\n\n\n<p><strong>Blogikirjoitus uskonnonopetus.fi-sivustolla<\/strong>: <a href=\"http:\/\/uskontotuntiunelmia.blogspot.com\/2018\/11\/hallituksen-karkihankkeessa.html\">http:\/\/uskontotuntiunelmia.blogspot.com\/2018\/11\/hallituksen-karkihankkeessa.html<\/a><\/p>\n\n\n\n<p><strong>Artikkeli SOOL:in Soolibooli lehdess\u00e4<\/strong>: <a href=\"https:\/\/www.sool.fi\/opeopiskelija\/artikkelit\/opettajankoulutus-vastaamaan-moninaistuvan-koulumaailman-tarpeita\/\">https:\/\/www.sool.fi\/opeopiskelija\/artikkelit\/opettajankoulutus-vastaamaan-moninaistuvan-koulumaailman-tarpeita\/<\/a><\/p>\n\n\n\n<p><strong>Artikkeli SUOL:in Synsygus lehdess\u00e4<\/strong><\/p>\n\n\n\n<p><strong>Blogikirjoitus Oppiminen uudistuu-blogissa<\/strong>: <a href=\"https:\/\/oppiminenuudistuu.wordpress.com\/2019\/04\/12\/katsomusaineiden-opettajankoulutuksen-kehittaminen\/\">Opettajankoulutus uudistuu: Katsomusaineiden opettajankoulutuksen kehitt\u00e4minen 21. vuosisadan taitojen valossa<\/a><\/p>\n\n\n\n<p><strong>Blogikirjoitus katsomukset.fi -sivustolla<\/strong><\/p>\n\n\n\n<p>Viinikka, K. (2021).&nbsp;<em>Tulevaisuuden taidot uskonnonopettajankoulutuksessa<\/em>. <\/p>\n\n\n\n<p><a href=\"https:\/\/katsomukset.fi\/2021\/10\/06\/tulevaisuuden-taidot-uskonnonopettajankoulutuksessa\/\">https:\/\/katsomukset.fi\/2021\/10\/06\/tulevaisuuden-taidot-uskonnonopettajankoulutuksessa\/<\/a><\/p>\n\n\n\n<h2 class=\"wp-block-heading\">Hankkeen tiimoilta julkaisut<\/h2>\n\n\n\n<p>Kaisa Viinikka &amp; Martin Ubani (2019): The expectations of Finnish RE student teachers of their professional development in their academic studies in the light of twenty-first century skills. <\/p>\n\n\n\n<p><a href=\"https:\/\/www.tandfonline.com\/doi\/full\/10.1080\/13617672.2019.1618153\">https:\/\/www.tandfonline.com\/doi\/full\/10.1080\/13617672.2019.1618153<\/a><\/p>\n\n\n\n<p>Kaisa Viinikka, Martin Ubani, Tuuli Lipi\u00e4inen &amp; Arto Kallioniemi (2019): 21st Century Skills and Finnish Student Teachers\u2019 Perceptions about the Ideal RE Teacher Today and in the Future. <\/p>\n\n\n\n<p><a href=\"https:\/\/www.ijlter.org\/index.php\/ijlter\/article\/view\/1508\">https:\/\/www.ijlter.org\/index.php\/ijlter\/article\/view\/1508<\/a><\/p>\n\n\n\n<p>Tuuli Lipi\u00e4inen, Martin Ubani, Kaisa Viinikka &amp; Arto Kallioniemi (2020): What does \u201dnew learning\u201d require from religious education teachers? A study of Finnish RE teachers\u2019 perceptions. <\/p>\n\n\n\n<p><a href=\"https:\/\/link.springer.com\/article\/10.1007\/s40839-020-00098-3?utm_medium=affiliate\">https:\/\/link.springer.com\/article\/10.1007\/s40839-020-00098-3?utm_medium=affiliate<\/a><\/p>\n\n\n\n<p>Viinikka, Kaisa &amp; Ubani, Martin (2021). A qualitative analysis of Finnish RE students\u2019 perceptions of their professional development during their initial teacher education. <\/p>\n\n\n\n<p><a href=\"https:\/\/doi.org\/10.1080\/13617672.2020.1805924\">https:\/\/doi.org\/10.1080\/13617672.2020.1805924<\/a>&nbsp;<a href=\"https:\/\/www-tandfonline-com.ezproxy.uef.fi:2443\/doi\/pdf\/10.1080\/13617672.2020.1805924?needAccess=true\">https:\/\/www-tandfonline-com.ezproxy.uef.fi:2443\/doi\/pdf\/10.1080\/13617672.2020.1805924?needAccess=true<\/a><\/p>\n\n\n\n<p>Viinikka, Kaisa (2021).&nbsp;<em>21st century skills and RE teacher education: a case study of Finnish religious education student teachers and their professional development<\/em>. V\u00e4it\u00f6skirja. It\u00e4-Suomen yliopisto. <\/p>\n\n\n\n<p><a href=\"https:\/\/erepo.uef.fi\/bitstream\/handle\/123456789\/24962\/16200380851121041014.pdf\">https:\/\/erepo.uef.fi\/bitstream\/handle\/123456789\/24962\/16200380851121041014.pdf<\/a><\/p>\n\n\n\n<p>Ubani, Martin, Kallioniemi, Arto, Viinikka, Kaisa, Lipi\u00e4inen, Tuuli &amp; Riekkinen, Jasmin (2021).&nbsp;&nbsp;<em>&nbsp;21. vuosisadan taidot, monilukutaito ja katsomusaineiden opettajankoulutuksen kehitt\u00e4minen<\/em>. Hankeraportti. It\u00e4-Suomen yliopisto. <\/p>\n\n\n\n<p><a href=\"https:\/\/erepo.uef.fi\/handle\/123456789\/26456\">https:\/\/erepo.uef.fi\/handle\/123456789\/26456<\/a><\/p>\n\n\n\n<p>Kallioniemi, Arto, Ubani, Martin, Viinikka, Kaisa &amp; Lipi\u00e4inen, Tuuli (2021). Uskonnonaineenopettajakoulutuksen kehitt\u00e4minen Suomessa 2000-luvulla.&nbsp;<em>Uskonto-yhteis\u00f6-yksil\u00f6. Uskonnollinen kehitys moninaistuvassa yhteiskunnassa.<\/em>&nbsp;Juhlakirja professori Antti R\u00e4s\u00e4sen t\u00e4ytt\u00e4ess\u00e4 60 vuotta. S-M., Saarelainen, A.-L., Kimanen &amp; T., Innanen (toim.). Suomalainen teologinen kirjallisuusseura. 281\u2013294.<\/p>\n\n\n\n<p>Viinikka, Kaisa, Ubani, Martin &amp; Lipi\u00e4inen, Tuuli (2021). Religious education as a 21st century practice. A quantitative study of the perceptions of in-service and pre-service teachers concerning new learning skills. <\/p>\n\n\n\n<p><a href=\"https:\/\/www-tandfonline-com.ezproxy.uef.fi:2443\/doi\/epub\/10.1080\/15507394.2021.2009304?needAccess=true\">https:\/\/www-tandfonline-com.ezproxy.uef.fi:2443\/doi\/epub\/10.1080\/15507394.2021.2009304?needAccess=true<\/a><\/p>\n","protected":false},"excerpt":{"rendered":"<p>Tapahtumat 10.9.2018&nbsp;OKM:n hankkeiden kick off -p\u00e4iv\u00e4 Helsingiss\u00e4 11.9.2018&nbsp;Opetuksen kehitt\u00e4mishankkeiden yhteinen suunnittelup\u00e4iv\u00e4. Mukana hankkeet \u201dMonikatsomukselliset oppimisen tilat varhaiskasvatuksessa\u201d ja \u201d21. vuosisadan taidot, monilukutaito ja katsomusaineiden opettajankoulutuksen kehitt\u00e4minen\u201d 15.11 \u2013 16.11.2018&nbsp;Fera Conference on Education, Tampere. Kaisa Viinikka mukana esittelem\u00e4ss\u00e4 hanketta 7.5 \u2013 8.5.2019&nbsp;Tutustuminen Exeterin yliopistoon hankkeen tiimoilta 9.5 \u2013 10.5.2019&nbsp;Hanke esill\u00e4 AULRE 2019 \u2013 konferenssissa Hankkeessa tapahtuu [&hellip;]<\/p>\n","protected":false},"author":211,"featured_media":0,"parent":0,"menu_order":0,"comment_status":"closed","ping_status":"closed","template":"","meta":{"_acf_changed":false,"footnotes":""},"class_list":["post-149","page","type-page","status-publish","hentry"],"acf":[],"yoast_head":"<!-- This site is optimized with the Yoast SEO plugin v27.3 - https:\/\/yoast.com\/product\/yoast-seo-wordpress\/ -->\n<title>AJANKOHTAISTA - 21.vuosisadan taidot, monilukutaito ja katsomusaineiden opettajankoulutuksen kehitt\u00e4minen<\/title>\n<meta name=\"robots\" content=\"index, follow, max-snippet:-1, max-image-preview:large, max-video-preview:-1\" \/>\n<link rel=\"canonical\" href=\"https:\/\/blogs.uef.fi\/21skillsreteachedu\/ajankohtaista\/\" \/>\n<meta property=\"og:locale\" content=\"fi_FI\" \/>\n<meta property=\"og:type\" content=\"article\" \/>\n<meta property=\"og:title\" content=\"AJANKOHTAISTA - 21.vuosisadan taidot, monilukutaito ja katsomusaineiden opettajankoulutuksen kehitt\u00e4minen\" \/>\n<meta property=\"og:description\" content=\"Tapahtumat 10.9.2018&nbsp;OKM:n hankkeiden kick off -p\u00e4iv\u00e4 Helsingiss\u00e4 11.9.2018&nbsp;Opetuksen kehitt\u00e4mishankkeiden yhteinen suunnittelup\u00e4iv\u00e4. Mukana hankkeet \u201dMonikatsomukselliset oppimisen tilat varhaiskasvatuksessa\u201d ja \u201d21. vuosisadan taidot, monilukutaito ja katsomusaineiden opettajankoulutuksen kehitt\u00e4minen\u201d 15.11 \u2013 16.11.2018&nbsp;Fera Conference on Education, Tampere. Kaisa Viinikka mukana esittelem\u00e4ss\u00e4 hanketta 7.5 \u2013 8.5.2019&nbsp;Tutustuminen Exeterin yliopistoon hankkeen tiimoilta 9.5 \u2013 10.5.2019&nbsp;Hanke esill\u00e4 AULRE 2019 \u2013 konferenssissa Hankkeessa tapahtuu [&hellip;]\" \/>\n<meta property=\"og:url\" content=\"https:\/\/blogs.uef.fi\/21skillsreteachedu\/ajankohtaista\/\" \/>\n<meta property=\"og:site_name\" content=\"21.vuosisadan taidot, monilukutaito ja katsomusaineiden opettajankoulutuksen kehitt\u00e4minen\" \/>\n<meta property=\"article:modified_time\" content=\"2024-01-25T13:40:46+00:00\" \/>\n<meta name=\"twitter:card\" content=\"summary_large_image\" \/>\n<meta name=\"twitter:label1\" content=\"Arvioitu lukuaika\" \/>\n\t<meta name=\"twitter:data1\" content=\"3 minuuttia\" \/>\n<script type=\"application\/ld+json\" class=\"yoast-schema-graph\">{\"@context\":\"https:\\\/\\\/schema.org\",\"@graph\":[{\"@type\":\"WebPage\",\"@id\":\"https:\\\/\\\/blogs.uef.fi\\\/21skillsreteachedu\\\/ajankohtaista\\\/\",\"url\":\"https:\\\/\\\/blogs.uef.fi\\\/21skillsreteachedu\\\/ajankohtaista\\\/\",\"name\":\"AJANKOHTAISTA - 21.vuosisadan taidot, monilukutaito ja katsomusaineiden opettajankoulutuksen kehitt\u00e4minen\",\"isPartOf\":{\"@id\":\"https:\\\/\\\/blogs.uef.fi\\\/21skillsreteachedu\\\/#website\"},\"datePublished\":\"2018-09-10T09:04:50+00:00\",\"dateModified\":\"2024-01-25T13:40:46+00:00\",\"breadcrumb\":{\"@id\":\"https:\\\/\\\/blogs.uef.fi\\\/21skillsreteachedu\\\/ajankohtaista\\\/#breadcrumb\"},\"inLanguage\":\"fi\",\"potentialAction\":[{\"@type\":\"ReadAction\",\"target\":[\"https:\\\/\\\/blogs.uef.fi\\\/21skillsreteachedu\\\/ajankohtaista\\\/\"]}]},{\"@type\":\"BreadcrumbList\",\"@id\":\"https:\\\/\\\/blogs.uef.fi\\\/21skillsreteachedu\\\/ajankohtaista\\\/#breadcrumb\",\"itemListElement\":[{\"@type\":\"ListItem\",\"position\":1,\"name\":\"Home\",\"item\":\"https:\\\/\\\/blogs.uef.fi\\\/21skillsreteachedu\\\/\"},{\"@type\":\"ListItem\",\"position\":2,\"name\":\"AJANKOHTAISTA\"}]},{\"@type\":\"WebSite\",\"@id\":\"https:\\\/\\\/blogs.uef.fi\\\/21skillsreteachedu\\\/#website\",\"url\":\"https:\\\/\\\/blogs.uef.fi\\\/21skillsreteachedu\\\/\",\"name\":\"21.vuosisadan taidot, monilukutaito ja katsomusaineiden opettajankoulutuksen kehitt\u00e4minen\",\"description\":\"\",\"potentialAction\":[{\"@type\":\"SearchAction\",\"target\":{\"@type\":\"EntryPoint\",\"urlTemplate\":\"https:\\\/\\\/blogs.uef.fi\\\/21skillsreteachedu\\\/?s={search_term_string}\"},\"query-input\":{\"@type\":\"PropertyValueSpecification\",\"valueRequired\":true,\"valueName\":\"search_term_string\"}}],\"inLanguage\":\"fi\"}]}<\/script>\n<!-- \/ Yoast SEO plugin. -->","yoast_head_json":{"title":"AJANKOHTAISTA - 21.vuosisadan taidot, monilukutaito ja katsomusaineiden opettajankoulutuksen kehitt\u00e4minen","robots":{"index":"index","follow":"follow","max-snippet":"max-snippet:-1","max-image-preview":"max-image-preview:large","max-video-preview":"max-video-preview:-1"},"canonical":"https:\/\/blogs.uef.fi\/21skillsreteachedu\/ajankohtaista\/","og_locale":"fi_FI","og_type":"article","og_title":"AJANKOHTAISTA - 21.vuosisadan taidot, monilukutaito ja katsomusaineiden opettajankoulutuksen kehitt\u00e4minen","og_description":"Tapahtumat 10.9.2018&nbsp;OKM:n hankkeiden kick off -p\u00e4iv\u00e4 Helsingiss\u00e4 11.9.2018&nbsp;Opetuksen kehitt\u00e4mishankkeiden yhteinen suunnittelup\u00e4iv\u00e4. Mukana hankkeet \u201dMonikatsomukselliset oppimisen tilat varhaiskasvatuksessa\u201d ja \u201d21. vuosisadan taidot, monilukutaito ja katsomusaineiden opettajankoulutuksen kehitt\u00e4minen\u201d 15.11 \u2013 16.11.2018&nbsp;Fera Conference on Education, Tampere. Kaisa Viinikka mukana esittelem\u00e4ss\u00e4 hanketta 7.5 \u2013 8.5.2019&nbsp;Tutustuminen Exeterin yliopistoon hankkeen tiimoilta 9.5 \u2013 10.5.2019&nbsp;Hanke esill\u00e4 AULRE 2019 \u2013 konferenssissa Hankkeessa tapahtuu [&hellip;]","og_url":"https:\/\/blogs.uef.fi\/21skillsreteachedu\/ajankohtaista\/","og_site_name":"21.vuosisadan taidot, monilukutaito ja katsomusaineiden opettajankoulutuksen kehitt\u00e4minen","article_modified_time":"2024-01-25T13:40:46+00:00","twitter_card":"summary_large_image","twitter_misc":{"Arvioitu lukuaika":"3 minuuttia"},"schema":{"@context":"https:\/\/schema.org","@graph":[{"@type":"WebPage","@id":"https:\/\/blogs.uef.fi\/21skillsreteachedu\/ajankohtaista\/","url":"https:\/\/blogs.uef.fi\/21skillsreteachedu\/ajankohtaista\/","name":"AJANKOHTAISTA - 21.vuosisadan taidot, monilukutaito ja katsomusaineiden opettajankoulutuksen kehitt\u00e4minen","isPartOf":{"@id":"https:\/\/blogs.uef.fi\/21skillsreteachedu\/#website"},"datePublished":"2018-09-10T09:04:50+00:00","dateModified":"2024-01-25T13:40:46+00:00","breadcrumb":{"@id":"https:\/\/blogs.uef.fi\/21skillsreteachedu\/ajankohtaista\/#breadcrumb"},"inLanguage":"fi","potentialAction":[{"@type":"ReadAction","target":["https:\/\/blogs.uef.fi\/21skillsreteachedu\/ajankohtaista\/"]}]},{"@type":"BreadcrumbList","@id":"https:\/\/blogs.uef.fi\/21skillsreteachedu\/ajankohtaista\/#breadcrumb","itemListElement":[{"@type":"ListItem","position":1,"name":"Home","item":"https:\/\/blogs.uef.fi\/21skillsreteachedu\/"},{"@type":"ListItem","position":2,"name":"AJANKOHTAISTA"}]},{"@type":"WebSite","@id":"https:\/\/blogs.uef.fi\/21skillsreteachedu\/#website","url":"https:\/\/blogs.uef.fi\/21skillsreteachedu\/","name":"21.vuosisadan taidot, monilukutaito ja katsomusaineiden opettajankoulutuksen kehitt\u00e4minen","description":"","potentialAction":[{"@type":"SearchAction","target":{"@type":"EntryPoint","urlTemplate":"https:\/\/blogs.uef.fi\/21skillsreteachedu\/?s={search_term_string}"},"query-input":{"@type":"PropertyValueSpecification","valueRequired":true,"valueName":"search_term_string"}}],"inLanguage":"fi"}]}},"_links":{"self":[{"href":"https:\/\/blogs.uef.fi\/21skillsreteachedu\/wp-json\/wp\/v2\/pages\/149","targetHints":{"allow":["GET"]}}],"collection":[{"href":"https:\/\/blogs.uef.fi\/21skillsreteachedu\/wp-json\/wp\/v2\/pages"}],"about":[{"href":"https:\/\/blogs.uef.fi\/21skillsreteachedu\/wp-json\/wp\/v2\/types\/page"}],"author":[{"embeddable":true,"href":"https:\/\/blogs.uef.fi\/21skillsreteachedu\/wp-json\/wp\/v2\/users\/211"}],"replies":[{"embeddable":true,"href":"https:\/\/blogs.uef.fi\/21skillsreteachedu\/wp-json\/wp\/v2\/comments?post=149"}],"version-history":[{"count":2,"href":"https:\/\/blogs.uef.fi\/21skillsreteachedu\/wp-json\/wp\/v2\/pages\/149\/revisions"}],"predecessor-version":[{"id":841,"href":"https:\/\/blogs.uef.fi\/21skillsreteachedu\/wp-json\/wp\/v2\/pages\/149\/revisions\/841"}],"wp:attachment":[{"href":"https:\/\/blogs.uef.fi\/21skillsreteachedu\/wp-json\/wp\/v2\/media?parent=149"}],"curies":[{"name":"wp","href":"https:\/\/api.w.org\/{rel}","templated":true}]}}