{"id":143,"date":"2018-09-10T12:04:29","date_gmt":"2018-09-10T09:04:29","guid":{"rendered":"https:\/\/blogs.uef.fi\/21skillsreteachedu\/?page_id=143"},"modified":"2024-01-22T08:57:38","modified_gmt":"2024-01-22T06:57:38","slug":"tutkijat-ja-muu-henkilosto","status":"publish","type":"page","link":"https:\/\/blogs.uef.fi\/21skillsreteachedu\/tutkijat-ja-muu-henkilosto\/","title":{"rendered":"TY\u00d6RYHM\u00c4 JA YHTEISTY\u00d6KUMPPANIT"},"content":{"rendered":"\n<h2 class=\"wp-block-heading\">TY\u00d6RYHM\u00c4<\/h2>\n\n\n\n<h3 class=\"wp-block-heading\">MARTIN UBANI<\/h3>\n\n\n\n<p>martin.ubani@uef.fi<\/p>\n\n\n\n<p>+358 294 45 2694<\/p>\n\n\n\n<h2 class=\"wp-block-heading\"><img loading=\"lazy\" decoding=\"async\" src=\"https:\/\/blogs.uef.fi\/21skillsreteachedu\/wp-content\/uploads\/sites\/77\/2018\/09\/Martin-Ubani_8618-300x200.jpg\" alt=\"\" width=\"300\" height=\"200\"><\/h2>\n\n\n\n<p>Martin Ubani ty\u00f6skentelee uskonnonpedagogiikan professorina It\u00e4-Suomen yliopistossa teologian sek\u00e4 soveltavan kasvatustieteen ja opettajankoulutuksen osastoilla. H\u00e4nen kiinnostuksensa kohdistuu uskonnon opettjankoulutukseen ja ainedidaktiikkaan, katsomusopetuksen luokkahuonek\u00e4yt\u00e4nteisiin sek\u00e4 laajemmin uskontoon koulussa. Martin Ubani toimii aktiivisesti erilaisissa rooleissa alan kansainv\u00e4lisiss\u00e4 ja kansallisissa tieteellisiss\u00e4 verkostoissa sek\u00e4 muissa asiantuntijarooleissa. H\u00e4n on julkaissut useita tieteellisi\u00e4 julkaisuja ja erityisesti uskontokasvatusta koskevaa kirjallisuutta. Lis\u00e4ksi Martin Ubani toimii vierailevana tutkijana yhteisuntaan, koulutukseen, monikulttuurisuuteen ja dialogiin paneutuvassa tiedeyhteis\u00f6ss\u00e4 Van Leer Institutessa, Jerusalemissa, Israelussa (2016-).<\/p>\n\n\n\n<ul class=\"wp-block-list\">\n<li>Uskonnonpedagogiikan professori<\/li>\n\n\n\n<li>Vieraileva tutkija Van Leer Institutessa, Israelissa<\/li>\n\n\n\n<li>It\u00e4-Suomen yliopisto, filosofinen tiedekunta<\/li>\n<\/ul>\n\n\n\n<h3 class=\"wp-block-heading\">ARTO KALLIONIEMI<\/h3>\n\n\n\n<p>arto.j.kallioniemi@helsinki.fi<\/p>\n\n\n\n<p>+358 294 12 9610<\/p>\n\n\n\n<figure class=\"wp-block-image\"><img loading=\"lazy\" decoding=\"async\" width=\"300\" height=\"175\" src=\"https:\/\/blogs.uef.fi\/21skillsreteachedu\/wp-content\/uploads\/sites\/77\/2018\/09\/arto-kallioniemi-1920-300x175.jpg\" alt=\"\" class=\"wp-image-179\" srcset=\"https:\/\/blogs.uef.fi\/21skillsreteachedu\/wp-content\/uploads\/sites\/77\/2018\/09\/arto-kallioniemi-1920-300x175.jpg 300w, https:\/\/blogs.uef.fi\/21skillsreteachedu\/wp-content\/uploads\/sites\/77\/2018\/09\/arto-kallioniemi-1920-768x449.jpg 768w, https:\/\/blogs.uef.fi\/21skillsreteachedu\/wp-content\/uploads\/sites\/77\/2018\/09\/arto-kallioniemi-1920-1024x599.jpg 1024w, https:\/\/blogs.uef.fi\/21skillsreteachedu\/wp-content\/uploads\/sites\/77\/2018\/09\/arto-kallioniemi-1920-650x380.jpg 650w, https:\/\/blogs.uef.fi\/21skillsreteachedu\/wp-content\/uploads\/sites\/77\/2018\/09\/arto-kallioniemi-1920.jpg 1920w\" sizes=\"auto, (max-width: 300px) 100vw, 300px\" \/><\/figure>\n\n\n\n<p>Arto Kallioniemi ty\u00f6skentelee uskonnon didaktiikan professorina Helsingin yliopistossa kasvatustieteellisess\u00e4 tiedekunnassa. H\u00e4n on erikoistunut uskonto- ja maailmankatsomuskasvatuksen tutkimukseen. H\u00e4nen kiinnostuksensa kohdistuu t\u00e4ll\u00e4 hetkell\u00e4 dialogitaitoihin ja ihmisoikeuskasvatuskysymyksiin. Arto Kallioniemi on toiminut aktiivisesti ihmisoikeuskysymyksiin liittyviss\u00e4 teht\u00e4viss\u00e4. T\u00e4ll\u00e4 hetkell\u00e4 h\u00e4n on j\u00e4senen\u00e4&nbsp; Ihmisoikeusvaltuuskunnassa. Kallioniemi on julkaissut useita akateemisia julkaisuja sek\u00e4 uskonnon oppikirjoja. Kallioniemell\u00e4 toimii UNESCO -professorina teht\u00e4v\u00e4alueenaan arvot, dialogi ja ihmisoikeudet. T\u00e4ll\u00e4 hetkell\u00e4 h\u00e4n toimii kasvatustieteellisen tiedekunnan varadekaanina (teht\u00e4v\u00e4t: kansainv\u00e4liset suhteet, yhteiskunnallinen vuorovaikutus ja tasa-arvo).<\/p>\n\n\n\n<ul class=\"wp-block-list\">\n<li>Uskonnon didaktiikan professori<\/li>\n\n\n\n<li>Varadekaani (kansainv\u00e4liset suhteet, yhteiskunnallinen kanssak\u00e4yminen ja tasa-arvo<\/li>\n\n\n\n<li>UNESCO-professori (arvot, dialogi ja ihmisoikeudet)<\/li>\n\n\n\n<li>Helsingin yliopisto, kasvatustieteiden tiedekunta<\/li>\n<\/ul>\n\n\n\n<h3 class=\"wp-block-heading\">KAISA VIINIKKA, FT, TM, YTM<\/h3>\n\n\n\n<p>kaisa.viinikka@uef.fi<\/p>\n\n\n\n<figure class=\"wp-block-image\"><img loading=\"lazy\" decoding=\"async\" width=\"300\" height=\"196\" src=\"https:\/\/blogs.uef.fi\/21skillsreteachedu\/wp-content\/uploads\/sites\/77\/2018\/09\/Kaisa-Viinikka-kuva-1-300x196.jpg\" alt=\"Postdoctoral researcher Kaisa Viinikka\" class=\"wp-image-345\" srcset=\"https:\/\/blogs.uef.fi\/21skillsreteachedu\/wp-content\/uploads\/sites\/77\/2018\/09\/Kaisa-Viinikka-kuva-1-300x196.jpg 300w, https:\/\/blogs.uef.fi\/21skillsreteachedu\/wp-content\/uploads\/sites\/77\/2018\/09\/Kaisa-Viinikka-kuva-1-768x503.jpg 768w, https:\/\/blogs.uef.fi\/21skillsreteachedu\/wp-content\/uploads\/sites\/77\/2018\/09\/Kaisa-Viinikka-kuva-1-1024x670.jpg 1024w, https:\/\/blogs.uef.fi\/21skillsreteachedu\/wp-content\/uploads\/sites\/77\/2018\/09\/Kaisa-Viinikka-kuva-1-581x380.jpg 581w, https:\/\/blogs.uef.fi\/21skillsreteachedu\/wp-content\/uploads\/sites\/77\/2018\/09\/Kaisa-Viinikka-kuva-1.jpg 1528w\" sizes=\"auto, (max-width: 300px) 100vw, 300px\" \/><\/figure>\n\n\n\n<p>Kaisa Viinikka toimii hankkeessa projektitutkijana. H\u00e4nen tutkimuksensa tavoitteena on Helsingin- ja It\u00e4-Suomen yliopistojen katsomusaineiden opettajankoulutuksen tutkiminen monimenetelm\u00e4isesti laaja-alaisessa verkostoyhteis\u00f6ss\u00e4.<\/p>\n\n\n\n<h3 class=\"wp-block-heading\">TUULI LIPI\u00c4INEN, KM<\/h3>\n\n\n\n<p>tuuli.lipiainen@helsinki.fi<\/p>\n\n\n\n<figure class=\"wp-block-image\"><img loading=\"lazy\" decoding=\"async\" width=\"300\" height=\"210\" src=\"https:\/\/blogs.uef.fi\/21skillsreteachedu\/wp-content\/uploads\/sites\/77\/2019\/01\/Tuuli-300x210.jpg\" alt=\"Project researcher Tuuli Lipi\u00e4inen\" class=\"wp-image-431\" srcset=\"https:\/\/blogs.uef.fi\/21skillsreteachedu\/wp-content\/uploads\/sites\/77\/2019\/01\/Tuuli-300x210.jpg 300w, https:\/\/blogs.uef.fi\/21skillsreteachedu\/wp-content\/uploads\/sites\/77\/2019\/01\/Tuuli-768x538.jpg 768w, https:\/\/blogs.uef.fi\/21skillsreteachedu\/wp-content\/uploads\/sites\/77\/2019\/01\/Tuuli-1024x717.jpg 1024w, https:\/\/blogs.uef.fi\/21skillsreteachedu\/wp-content\/uploads\/sites\/77\/2019\/01\/Tuuli-543x380.jpg 543w\" sizes=\"auto, (max-width: 300px) 100vw, 300px\" \/><\/figure>\n\n\n\n<p>Tuuli Lipi\u00e4inen on taustaltaan luokan- ja aineenopettaja ja toimii t\u00e4ss\u00e4 hankkeessa projektitutkijana. H\u00e4nen tutkimuksensa tarkoituksena on tarkastella katsomusaineiden opetussuunnitelmia, sek\u00e4 opettajien k\u00e4sityksi\u00e4 katsomusaineiden opetukseen ja opettajankoulutukseen liittyen 21-vuosisadan taitojen n\u00e4k\u00f6kulmasta.<\/p>\n\n\n\n<h2 class=\"wp-block-heading\">YHTEISTY\u00d6KUMPPANIT<\/h2>\n\n\n\n<p>HY: Teologian osasto: opetuksesta vastaava varadekaani professori Tuula Sakaranaho<\/p>\n\n\n\n<p>ISY: Filosofian osasto, soveltavan kasvatustieteen ja opettajankoulutuksen osasto: opetuksesta vastaava varadekaani professori Pertti V\u00e4is\u00e4nen<\/p>\n\n\n\n<p>Kansainv\u00e4linen asiantuntijaryhm\u00e4:<\/p>\n\n\n\n<ul class=\"wp-block-list\">\n<li>Professori Rob Freathy, U. of Exeter, Iso-Britannia<\/li>\n\n\n\n<li>Professori Jenny Berglund, U.of Stockholm, Ruotsi<\/li>\n\n\n\n<li>Professori Henrik Simojoki, U. Bamberg, Saksa<\/li>\n\n\n\n<li>Professori Arniika Kuusisto, U of Stockholm, Ruotsi<\/li>\n<\/ul>\n\n\n\n<h3 class=\"wp-block-heading\">HANKKEESSA MUKANA<\/h3>\n\n\n\n<ul class=\"wp-block-list\">\n<li>Aducate-t\u00e4ydennyskoulutuskeskus, It\u00e4-Suomen yliopisto, Joensuu<\/li>\n\n\n\n<li>Taloudellinen tiedotustoimisto<\/li>\n\n\n\n<li>Koulutuksen arviointikeskus, HY<\/li>\n\n\n\n<li>Suomen uskonnonopettajainliitto (SUOL)<\/li>\n\n\n\n<li>Seurakuntaopisto<\/li>\n\n\n\n<li>Helsingin kaupungin opetustoimi<\/li>\n\n\n\n<li>Joensuun normaalikoulu<\/li>\n\n\n\n<li>Helsingin normaalilyseo<\/li>\n\n\n\n<li>Opiskelijoiden ainej\u00e4rjest\u00f6t (ISY: Fides Ostiensis, Pistis; HY: Teologian ylioppilaiden tiedekuntayhdistys)<\/li>\n\n\n\n<li>Aluehallintovirasto<\/li>\n<\/ul>\n","protected":false},"excerpt":{"rendered":"<p>TY\u00d6RYHM\u00c4 MARTIN UBANI martin.ubani@uef.fi +358 294 45 2694 Martin Ubani ty\u00f6skentelee uskonnonpedagogiikan professorina It\u00e4-Suomen yliopistossa teologian sek\u00e4 soveltavan kasvatustieteen ja opettajankoulutuksen osastoilla. H\u00e4nen kiinnostuksensa kohdistuu uskonnon opettjankoulutukseen ja ainedidaktiikkaan, katsomusopetuksen luokkahuonek\u00e4yt\u00e4nteisiin sek\u00e4 laajemmin uskontoon koulussa. Martin Ubani toimii aktiivisesti erilaisissa rooleissa alan kansainv\u00e4lisiss\u00e4 ja kansallisissa tieteellisiss\u00e4 verkostoissa sek\u00e4 muissa asiantuntijarooleissa. H\u00e4n on julkaissut useita tieteellisi\u00e4 [&hellip;]<\/p>\n","protected":false},"author":211,"featured_media":0,"parent":0,"menu_order":0,"comment_status":"closed","ping_status":"closed","template":"","meta":{"_acf_changed":false,"footnotes":""},"class_list":["post-143","page","type-page","status-publish","hentry"],"acf":[],"yoast_head":"<!-- This site is optimized with the Yoast SEO plugin v27.3 - https:\/\/yoast.com\/product\/yoast-seo-wordpress\/ -->\n<title>TY\u00d6RYHM\u00c4 JA YHTEISTY\u00d6KUMPPANIT - 21.vuosisadan taidot, monilukutaito ja katsomusaineiden opettajankoulutuksen kehitt\u00e4minen<\/title>\n<meta name=\"robots\" content=\"index, follow, max-snippet:-1, max-image-preview:large, max-video-preview:-1\" \/>\n<link rel=\"canonical\" href=\"https:\/\/blogs.uef.fi\/21skillsreteachedu\/tutkijat-ja-muu-henkilosto\/\" \/>\n<meta property=\"og:locale\" content=\"fi_FI\" \/>\n<meta property=\"og:type\" content=\"article\" \/>\n<meta property=\"og:title\" content=\"TY\u00d6RYHM\u00c4 JA YHTEISTY\u00d6KUMPPANIT - 21.vuosisadan taidot, monilukutaito ja katsomusaineiden opettajankoulutuksen kehitt\u00e4minen\" \/>\n<meta property=\"og:description\" content=\"TY\u00d6RYHM\u00c4 MARTIN UBANI martin.ubani@uef.fi +358 294 45 2694 Martin Ubani ty\u00f6skentelee uskonnonpedagogiikan professorina It\u00e4-Suomen yliopistossa teologian sek\u00e4 soveltavan kasvatustieteen ja opettajankoulutuksen osastoilla. H\u00e4nen kiinnostuksensa kohdistuu uskonnon opettjankoulutukseen ja ainedidaktiikkaan, katsomusopetuksen luokkahuonek\u00e4yt\u00e4nteisiin sek\u00e4 laajemmin uskontoon koulussa. Martin Ubani toimii aktiivisesti erilaisissa rooleissa alan kansainv\u00e4lisiss\u00e4 ja kansallisissa tieteellisiss\u00e4 verkostoissa sek\u00e4 muissa asiantuntijarooleissa. H\u00e4n on julkaissut useita tieteellisi\u00e4 [&hellip;]\" \/>\n<meta property=\"og:url\" content=\"https:\/\/blogs.uef.fi\/21skillsreteachedu\/tutkijat-ja-muu-henkilosto\/\" \/>\n<meta property=\"og:site_name\" content=\"21.vuosisadan taidot, monilukutaito ja katsomusaineiden opettajankoulutuksen kehitt\u00e4minen\" \/>\n<meta property=\"article:modified_time\" content=\"2024-01-22T06:57:38+00:00\" \/>\n<meta property=\"og:image\" content=\"https:\/\/blogs.uef.fi\/21skillsreteachedu\/wp-content\/uploads\/sites\/77\/2018\/09\/Martin-Ubani_8618-300x200.jpg\" \/>\n<meta name=\"twitter:card\" content=\"summary_large_image\" \/>\n<meta name=\"twitter:label1\" content=\"Arvioitu lukuaika\" \/>\n\t<meta name=\"twitter:data1\" content=\"3 minuuttia\" \/>\n<script type=\"application\/ld+json\" class=\"yoast-schema-graph\">{\"@context\":\"https:\\\/\\\/schema.org\",\"@graph\":[{\"@type\":\"WebPage\",\"@id\":\"https:\\\/\\\/blogs.uef.fi\\\/21skillsreteachedu\\\/tutkijat-ja-muu-henkilosto\\\/\",\"url\":\"https:\\\/\\\/blogs.uef.fi\\\/21skillsreteachedu\\\/tutkijat-ja-muu-henkilosto\\\/\",\"name\":\"TY\u00d6RYHM\u00c4 JA YHTEISTY\u00d6KUMPPANIT - 21.vuosisadan taidot, monilukutaito ja katsomusaineiden opettajankoulutuksen kehitt\u00e4minen\",\"isPartOf\":{\"@id\":\"https:\\\/\\\/blogs.uef.fi\\\/21skillsreteachedu\\\/#website\"},\"primaryImageOfPage\":{\"@id\":\"https:\\\/\\\/blogs.uef.fi\\\/21skillsreteachedu\\\/tutkijat-ja-muu-henkilosto\\\/#primaryimage\"},\"image\":{\"@id\":\"https:\\\/\\\/blogs.uef.fi\\\/21skillsreteachedu\\\/tutkijat-ja-muu-henkilosto\\\/#primaryimage\"},\"thumbnailUrl\":\"https:\\\/\\\/blogs.uef.fi\\\/21skillsreteachedu\\\/wp-content\\\/uploads\\\/sites\\\/77\\\/2018\\\/09\\\/Martin-Ubani_8618-300x200.jpg\",\"datePublished\":\"2018-09-10T09:04:29+00:00\",\"dateModified\":\"2024-01-22T06:57:38+00:00\",\"breadcrumb\":{\"@id\":\"https:\\\/\\\/blogs.uef.fi\\\/21skillsreteachedu\\\/tutkijat-ja-muu-henkilosto\\\/#breadcrumb\"},\"inLanguage\":\"fi\",\"potentialAction\":[{\"@type\":\"ReadAction\",\"target\":[\"https:\\\/\\\/blogs.uef.fi\\\/21skillsreteachedu\\\/tutkijat-ja-muu-henkilosto\\\/\"]}]},{\"@type\":\"ImageObject\",\"inLanguage\":\"fi\",\"@id\":\"https:\\\/\\\/blogs.uef.fi\\\/21skillsreteachedu\\\/tutkijat-ja-muu-henkilosto\\\/#primaryimage\",\"url\":\"https:\\\/\\\/blogs.uef.fi\\\/21skillsreteachedu\\\/wp-content\\\/uploads\\\/sites\\\/77\\\/2018\\\/09\\\/Martin-Ubani_8618.jpg\",\"contentUrl\":\"https:\\\/\\\/blogs.uef.fi\\\/21skillsreteachedu\\\/wp-content\\\/uploads\\\/sites\\\/77\\\/2018\\\/09\\\/Martin-Ubani_8618.jpg\",\"width\":1502,\"height\":1000,\"caption\":\"MARTIN UBANI\"},{\"@type\":\"BreadcrumbList\",\"@id\":\"https:\\\/\\\/blogs.uef.fi\\\/21skillsreteachedu\\\/tutkijat-ja-muu-henkilosto\\\/#breadcrumb\",\"itemListElement\":[{\"@type\":\"ListItem\",\"position\":1,\"name\":\"Home\",\"item\":\"https:\\\/\\\/blogs.uef.fi\\\/21skillsreteachedu\\\/\"},{\"@type\":\"ListItem\",\"position\":2,\"name\":\"TY\u00d6RYHM\u00c4 JA YHTEISTY\u00d6KUMPPANIT\"}]},{\"@type\":\"WebSite\",\"@id\":\"https:\\\/\\\/blogs.uef.fi\\\/21skillsreteachedu\\\/#website\",\"url\":\"https:\\\/\\\/blogs.uef.fi\\\/21skillsreteachedu\\\/\",\"name\":\"21.vuosisadan taidot, monilukutaito ja katsomusaineiden opettajankoulutuksen kehitt\u00e4minen\",\"description\":\"\",\"potentialAction\":[{\"@type\":\"SearchAction\",\"target\":{\"@type\":\"EntryPoint\",\"urlTemplate\":\"https:\\\/\\\/blogs.uef.fi\\\/21skillsreteachedu\\\/?s={search_term_string}\"},\"query-input\":{\"@type\":\"PropertyValueSpecification\",\"valueRequired\":true,\"valueName\":\"search_term_string\"}}],\"inLanguage\":\"fi\"}]}<\/script>\n<!-- \/ Yoast SEO plugin. -->","yoast_head_json":{"title":"TY\u00d6RYHM\u00c4 JA YHTEISTY\u00d6KUMPPANIT - 21.vuosisadan taidot, monilukutaito ja katsomusaineiden opettajankoulutuksen kehitt\u00e4minen","robots":{"index":"index","follow":"follow","max-snippet":"max-snippet:-1","max-image-preview":"max-image-preview:large","max-video-preview":"max-video-preview:-1"},"canonical":"https:\/\/blogs.uef.fi\/21skillsreteachedu\/tutkijat-ja-muu-henkilosto\/","og_locale":"fi_FI","og_type":"article","og_title":"TY\u00d6RYHM\u00c4 JA YHTEISTY\u00d6KUMPPANIT - 21.vuosisadan taidot, monilukutaito ja katsomusaineiden opettajankoulutuksen kehitt\u00e4minen","og_description":"TY\u00d6RYHM\u00c4 MARTIN UBANI martin.ubani@uef.fi +358 294 45 2694 Martin Ubani ty\u00f6skentelee uskonnonpedagogiikan professorina It\u00e4-Suomen yliopistossa teologian sek\u00e4 soveltavan kasvatustieteen ja opettajankoulutuksen osastoilla. H\u00e4nen kiinnostuksensa kohdistuu uskonnon opettjankoulutukseen ja ainedidaktiikkaan, katsomusopetuksen luokkahuonek\u00e4yt\u00e4nteisiin sek\u00e4 laajemmin uskontoon koulussa. Martin Ubani toimii aktiivisesti erilaisissa rooleissa alan kansainv\u00e4lisiss\u00e4 ja kansallisissa tieteellisiss\u00e4 verkostoissa sek\u00e4 muissa asiantuntijarooleissa. H\u00e4n on julkaissut useita tieteellisi\u00e4 [&hellip;]","og_url":"https:\/\/blogs.uef.fi\/21skillsreteachedu\/tutkijat-ja-muu-henkilosto\/","og_site_name":"21.vuosisadan taidot, monilukutaito ja katsomusaineiden opettajankoulutuksen kehitt\u00e4minen","article_modified_time":"2024-01-22T06:57:38+00:00","og_image":[{"url":"https:\/\/blogs.uef.fi\/21skillsreteachedu\/wp-content\/uploads\/sites\/77\/2018\/09\/Martin-Ubani_8618-300x200.jpg","type":"","width":"","height":""}],"twitter_card":"summary_large_image","twitter_misc":{"Arvioitu lukuaika":"3 minuuttia"},"schema":{"@context":"https:\/\/schema.org","@graph":[{"@type":"WebPage","@id":"https:\/\/blogs.uef.fi\/21skillsreteachedu\/tutkijat-ja-muu-henkilosto\/","url":"https:\/\/blogs.uef.fi\/21skillsreteachedu\/tutkijat-ja-muu-henkilosto\/","name":"TY\u00d6RYHM\u00c4 JA YHTEISTY\u00d6KUMPPANIT - 21.vuosisadan taidot, monilukutaito ja katsomusaineiden opettajankoulutuksen kehitt\u00e4minen","isPartOf":{"@id":"https:\/\/blogs.uef.fi\/21skillsreteachedu\/#website"},"primaryImageOfPage":{"@id":"https:\/\/blogs.uef.fi\/21skillsreteachedu\/tutkijat-ja-muu-henkilosto\/#primaryimage"},"image":{"@id":"https:\/\/blogs.uef.fi\/21skillsreteachedu\/tutkijat-ja-muu-henkilosto\/#primaryimage"},"thumbnailUrl":"https:\/\/blogs.uef.fi\/21skillsreteachedu\/wp-content\/uploads\/sites\/77\/2018\/09\/Martin-Ubani_8618-300x200.jpg","datePublished":"2018-09-10T09:04:29+00:00","dateModified":"2024-01-22T06:57:38+00:00","breadcrumb":{"@id":"https:\/\/blogs.uef.fi\/21skillsreteachedu\/tutkijat-ja-muu-henkilosto\/#breadcrumb"},"inLanguage":"fi","potentialAction":[{"@type":"ReadAction","target":["https:\/\/blogs.uef.fi\/21skillsreteachedu\/tutkijat-ja-muu-henkilosto\/"]}]},{"@type":"ImageObject","inLanguage":"fi","@id":"https:\/\/blogs.uef.fi\/21skillsreteachedu\/tutkijat-ja-muu-henkilosto\/#primaryimage","url":"https:\/\/blogs.uef.fi\/21skillsreteachedu\/wp-content\/uploads\/sites\/77\/2018\/09\/Martin-Ubani_8618.jpg","contentUrl":"https:\/\/blogs.uef.fi\/21skillsreteachedu\/wp-content\/uploads\/sites\/77\/2018\/09\/Martin-Ubani_8618.jpg","width":1502,"height":1000,"caption":"MARTIN UBANI"},{"@type":"BreadcrumbList","@id":"https:\/\/blogs.uef.fi\/21skillsreteachedu\/tutkijat-ja-muu-henkilosto\/#breadcrumb","itemListElement":[{"@type":"ListItem","position":1,"name":"Home","item":"https:\/\/blogs.uef.fi\/21skillsreteachedu\/"},{"@type":"ListItem","position":2,"name":"TY\u00d6RYHM\u00c4 JA YHTEISTY\u00d6KUMPPANIT"}]},{"@type":"WebSite","@id":"https:\/\/blogs.uef.fi\/21skillsreteachedu\/#website","url":"https:\/\/blogs.uef.fi\/21skillsreteachedu\/","name":"21.vuosisadan taidot, monilukutaito ja katsomusaineiden opettajankoulutuksen kehitt\u00e4minen","description":"","potentialAction":[{"@type":"SearchAction","target":{"@type":"EntryPoint","urlTemplate":"https:\/\/blogs.uef.fi\/21skillsreteachedu\/?s={search_term_string}"},"query-input":{"@type":"PropertyValueSpecification","valueRequired":true,"valueName":"search_term_string"}}],"inLanguage":"fi"}]}},"_links":{"self":[{"href":"https:\/\/blogs.uef.fi\/21skillsreteachedu\/wp-json\/wp\/v2\/pages\/143","targetHints":{"allow":["GET"]}}],"collection":[{"href":"https:\/\/blogs.uef.fi\/21skillsreteachedu\/wp-json\/wp\/v2\/pages"}],"about":[{"href":"https:\/\/blogs.uef.fi\/21skillsreteachedu\/wp-json\/wp\/v2\/types\/page"}],"author":[{"embeddable":true,"href":"https:\/\/blogs.uef.fi\/21skillsreteachedu\/wp-json\/wp\/v2\/users\/211"}],"replies":[{"embeddable":true,"href":"https:\/\/blogs.uef.fi\/21skillsreteachedu\/wp-json\/wp\/v2\/comments?post=143"}],"version-history":[{"count":2,"href":"https:\/\/blogs.uef.fi\/21skillsreteachedu\/wp-json\/wp\/v2\/pages\/143\/revisions"}],"predecessor-version":[{"id":817,"href":"https:\/\/blogs.uef.fi\/21skillsreteachedu\/wp-json\/wp\/v2\/pages\/143\/revisions\/817"}],"wp:attachment":[{"href":"https:\/\/blogs.uef.fi\/21skillsreteachedu\/wp-json\/wp\/v2\/media?parent=143"}],"curies":[{"name":"wp","href":"https:\/\/api.w.org\/{rel}","templated":true}]}}