{"id":137,"date":"2018-09-10T12:04:02","date_gmt":"2018-09-10T09:04:02","guid":{"rendered":"https:\/\/blogs.uef.fi\/21skillsreteachedu\/?page_id=137"},"modified":"2024-01-16T13:50:13","modified_gmt":"2024-01-16T11:50:13","slug":"hankkeen-kuvaus","status":"publish","type":"page","link":"https:\/\/blogs.uef.fi\/21skillsreteachedu\/hankkeen-kuvaus\/","title":{"rendered":"HANKKEEN KUVAUS"},"content":{"rendered":"\n<h2 class=\"wp-block-heading\">Tavoitteet<\/h2>\n\n\n\n<p>Hankkeen tavoitteena on arvioida ja kehitt\u00e4\u00e4 katsomusaineiden opettajienkoulutusta tutkimusperustaisesti niin, ett\u00e4 koulutus tarjoaa valmistuville opiskelijoille laajat valmiudet toimia ty\u00f6el\u00e4m\u00e4ss\u00e4. Erityisen tarkastelun kohteena ovat 21. vuosisadan taitojen, kuten uskontolukutaidon ja katsomuksellisen dialogin esiintyvyyden tarkastelu nykyisess\u00e4 katsomusaineiden opettajankoulutuksessa sek\u00e4 n\u00e4iden kehitystarpeen tarkastelu.<\/p>\n\n\n\n<p>Katsomusaineiden opettajankoulutuksen pedagogiset opinnot ovat jo kehittyneet ilmi\u00f6per\u00e4isen tutkivan oppimisen suuntaan. Hankkeen tavoitteena on t\u00e4m\u00e4n kehityksen tukeminen. Ainelaitosopinnot tarjoavat katsomusaineiden opettajaopiskelijoille laajan substanssiosaamisen. Hankkeessa pyrit\u00e4\u00e4n kehitt\u00e4m\u00e4\u00e4n keinoja, joiden avulla saatu osaaminen palvelesi erityisesti opettajaksi opiskelevia.<\/p>\n\n\n\n<p>Hankkeen tavoitteena on my\u00f6s antaa suosituksia opintojaksoihin sek\u00e4 kehitt\u00e4\u00e4 sovellettavissa olevia malliopintojaksoja.<\/p>\n\n\n\n<h2 class=\"wp-block-heading\">Tutkimuksen toteutus<\/h2>\n\n\n\n<p>Hankkeen aikana tarkastellaan opetussuunnitelmia, havainnoidaan valittuja opintojaksoja sek\u00e4 tehd\u00e4\u00e4n kentt\u00e4haastatteluita. Tietoa ker\u00e4t\u00e4\u00e4n aloittelevilta, valmistuvilta ja ty\u00f6el\u00e4m\u00e4\u00e4n siirtyneilt\u00e4 aineenopettajaopiskelijoilta sek\u00e4 rehtoreilta.<\/p>\n\n\n\n<h2 class=\"wp-block-heading\">Hankkeen aikataulu<\/h2>\n\n\n\n<p>Hanke on kolmivuotinen. Hanke k\u00e4ynnistyi syksyll\u00e4 2018 ja p\u00e4\u00e4ttyy syksyll\u00e4 2021.<\/p>\n","protected":false},"excerpt":{"rendered":"<p>Tavoitteet Hankkeen tavoitteena on arvioida ja kehitt\u00e4\u00e4 katsomusaineiden opettajienkoulutusta tutkimusperustaisesti niin, ett\u00e4 koulutus tarjoaa valmistuville opiskelijoille laajat valmiudet toimia ty\u00f6el\u00e4m\u00e4ss\u00e4. Erityisen tarkastelun kohteena ovat 21. vuosisadan taitojen, kuten uskontolukutaidon ja katsomuksellisen dialogin esiintyvyyden tarkastelu nykyisess\u00e4 katsomusaineiden opettajankoulutuksessa sek\u00e4 n\u00e4iden kehitystarpeen tarkastelu. Katsomusaineiden opettajankoulutuksen pedagogiset opinnot ovat jo kehittyneet ilmi\u00f6per\u00e4isen tutkivan oppimisen suuntaan. Hankkeen tavoitteena on [&hellip;]<\/p>\n","protected":false},"author":211,"featured_media":0,"parent":0,"menu_order":0,"comment_status":"closed","ping_status":"closed","template":"","meta":{"_acf_changed":false,"footnotes":""},"class_list":["post-137","page","type-page","status-publish","hentry"],"acf":[],"yoast_head":"<!-- This site is optimized with the Yoast SEO plugin v27.3 - https:\/\/yoast.com\/product\/yoast-seo-wordpress\/ -->\n<title>HANKKEEN KUVAUS - 21.vuosisadan taidot, monilukutaito ja katsomusaineiden opettajankoulutuksen kehitt\u00e4minen<\/title>\n<meta name=\"robots\" content=\"index, follow, max-snippet:-1, max-image-preview:large, max-video-preview:-1\" \/>\n<link rel=\"canonical\" href=\"https:\/\/blogs.uef.fi\/21skillsreteachedu\/hankkeen-kuvaus\/\" \/>\n<meta property=\"og:locale\" content=\"fi_FI\" \/>\n<meta property=\"og:type\" content=\"article\" \/>\n<meta property=\"og:title\" content=\"HANKKEEN KUVAUS - 21.vuosisadan taidot, monilukutaito ja katsomusaineiden opettajankoulutuksen kehitt\u00e4minen\" \/>\n<meta property=\"og:description\" content=\"Tavoitteet Hankkeen tavoitteena on arvioida ja kehitt\u00e4\u00e4 katsomusaineiden opettajienkoulutusta tutkimusperustaisesti niin, ett\u00e4 koulutus tarjoaa valmistuville opiskelijoille laajat valmiudet toimia ty\u00f6el\u00e4m\u00e4ss\u00e4. Erityisen tarkastelun kohteena ovat 21. vuosisadan taitojen, kuten uskontolukutaidon ja katsomuksellisen dialogin esiintyvyyden tarkastelu nykyisess\u00e4 katsomusaineiden opettajankoulutuksessa sek\u00e4 n\u00e4iden kehitystarpeen tarkastelu. Katsomusaineiden opettajankoulutuksen pedagogiset opinnot ovat jo kehittyneet ilmi\u00f6per\u00e4isen tutkivan oppimisen suuntaan. Hankkeen tavoitteena on [&hellip;]\" \/>\n<meta property=\"og:url\" content=\"https:\/\/blogs.uef.fi\/21skillsreteachedu\/hankkeen-kuvaus\/\" \/>\n<meta property=\"og:site_name\" content=\"21.vuosisadan taidot, monilukutaito ja katsomusaineiden opettajankoulutuksen kehitt\u00e4minen\" \/>\n<meta property=\"article:modified_time\" content=\"2024-01-16T11:50:13+00:00\" \/>\n<meta name=\"twitter:card\" content=\"summary_large_image\" \/>\n<meta name=\"twitter:label1\" content=\"Arvioitu lukuaika\" \/>\n\t<meta name=\"twitter:data1\" content=\"1 minuutti\" \/>\n<script type=\"application\/ld+json\" class=\"yoast-schema-graph\">{\"@context\":\"https:\\\/\\\/schema.org\",\"@graph\":[{\"@type\":\"WebPage\",\"@id\":\"https:\\\/\\\/blogs.uef.fi\\\/21skillsreteachedu\\\/hankkeen-kuvaus\\\/\",\"url\":\"https:\\\/\\\/blogs.uef.fi\\\/21skillsreteachedu\\\/hankkeen-kuvaus\\\/\",\"name\":\"HANKKEEN KUVAUS - 21.vuosisadan taidot, monilukutaito ja katsomusaineiden opettajankoulutuksen kehitt\u00e4minen\",\"isPartOf\":{\"@id\":\"https:\\\/\\\/blogs.uef.fi\\\/21skillsreteachedu\\\/#website\"},\"datePublished\":\"2018-09-10T09:04:02+00:00\",\"dateModified\":\"2024-01-16T11:50:13+00:00\",\"breadcrumb\":{\"@id\":\"https:\\\/\\\/blogs.uef.fi\\\/21skillsreteachedu\\\/hankkeen-kuvaus\\\/#breadcrumb\"},\"inLanguage\":\"fi\",\"potentialAction\":[{\"@type\":\"ReadAction\",\"target\":[\"https:\\\/\\\/blogs.uef.fi\\\/21skillsreteachedu\\\/hankkeen-kuvaus\\\/\"]}]},{\"@type\":\"BreadcrumbList\",\"@id\":\"https:\\\/\\\/blogs.uef.fi\\\/21skillsreteachedu\\\/hankkeen-kuvaus\\\/#breadcrumb\",\"itemListElement\":[{\"@type\":\"ListItem\",\"position\":1,\"name\":\"Home\",\"item\":\"https:\\\/\\\/blogs.uef.fi\\\/21skillsreteachedu\\\/\"},{\"@type\":\"ListItem\",\"position\":2,\"name\":\"HANKKEEN KUVAUS\"}]},{\"@type\":\"WebSite\",\"@id\":\"https:\\\/\\\/blogs.uef.fi\\\/21skillsreteachedu\\\/#website\",\"url\":\"https:\\\/\\\/blogs.uef.fi\\\/21skillsreteachedu\\\/\",\"name\":\"21.vuosisadan taidot, monilukutaito ja katsomusaineiden opettajankoulutuksen kehitt\u00e4minen\",\"description\":\"\",\"potentialAction\":[{\"@type\":\"SearchAction\",\"target\":{\"@type\":\"EntryPoint\",\"urlTemplate\":\"https:\\\/\\\/blogs.uef.fi\\\/21skillsreteachedu\\\/?s={search_term_string}\"},\"query-input\":{\"@type\":\"PropertyValueSpecification\",\"valueRequired\":true,\"valueName\":\"search_term_string\"}}],\"inLanguage\":\"fi\"}]}<\/script>\n<!-- \/ Yoast SEO plugin. -->","yoast_head_json":{"title":"HANKKEEN KUVAUS - 21.vuosisadan taidot, monilukutaito ja katsomusaineiden opettajankoulutuksen kehitt\u00e4minen","robots":{"index":"index","follow":"follow","max-snippet":"max-snippet:-1","max-image-preview":"max-image-preview:large","max-video-preview":"max-video-preview:-1"},"canonical":"https:\/\/blogs.uef.fi\/21skillsreteachedu\/hankkeen-kuvaus\/","og_locale":"fi_FI","og_type":"article","og_title":"HANKKEEN KUVAUS - 21.vuosisadan taidot, monilukutaito ja katsomusaineiden opettajankoulutuksen kehitt\u00e4minen","og_description":"Tavoitteet Hankkeen tavoitteena on arvioida ja kehitt\u00e4\u00e4 katsomusaineiden opettajienkoulutusta tutkimusperustaisesti niin, ett\u00e4 koulutus tarjoaa valmistuville opiskelijoille laajat valmiudet toimia ty\u00f6el\u00e4m\u00e4ss\u00e4. Erityisen tarkastelun kohteena ovat 21. vuosisadan taitojen, kuten uskontolukutaidon ja katsomuksellisen dialogin esiintyvyyden tarkastelu nykyisess\u00e4 katsomusaineiden opettajankoulutuksessa sek\u00e4 n\u00e4iden kehitystarpeen tarkastelu. Katsomusaineiden opettajankoulutuksen pedagogiset opinnot ovat jo kehittyneet ilmi\u00f6per\u00e4isen tutkivan oppimisen suuntaan. Hankkeen tavoitteena on [&hellip;]","og_url":"https:\/\/blogs.uef.fi\/21skillsreteachedu\/hankkeen-kuvaus\/","og_site_name":"21.vuosisadan taidot, monilukutaito ja katsomusaineiden opettajankoulutuksen kehitt\u00e4minen","article_modified_time":"2024-01-16T11:50:13+00:00","twitter_card":"summary_large_image","twitter_misc":{"Arvioitu lukuaika":"1 minuutti"},"schema":{"@context":"https:\/\/schema.org","@graph":[{"@type":"WebPage","@id":"https:\/\/blogs.uef.fi\/21skillsreteachedu\/hankkeen-kuvaus\/","url":"https:\/\/blogs.uef.fi\/21skillsreteachedu\/hankkeen-kuvaus\/","name":"HANKKEEN KUVAUS - 21.vuosisadan taidot, monilukutaito ja katsomusaineiden opettajankoulutuksen kehitt\u00e4minen","isPartOf":{"@id":"https:\/\/blogs.uef.fi\/21skillsreteachedu\/#website"},"datePublished":"2018-09-10T09:04:02+00:00","dateModified":"2024-01-16T11:50:13+00:00","breadcrumb":{"@id":"https:\/\/blogs.uef.fi\/21skillsreteachedu\/hankkeen-kuvaus\/#breadcrumb"},"inLanguage":"fi","potentialAction":[{"@type":"ReadAction","target":["https:\/\/blogs.uef.fi\/21skillsreteachedu\/hankkeen-kuvaus\/"]}]},{"@type":"BreadcrumbList","@id":"https:\/\/blogs.uef.fi\/21skillsreteachedu\/hankkeen-kuvaus\/#breadcrumb","itemListElement":[{"@type":"ListItem","position":1,"name":"Home","item":"https:\/\/blogs.uef.fi\/21skillsreteachedu\/"},{"@type":"ListItem","position":2,"name":"HANKKEEN KUVAUS"}]},{"@type":"WebSite","@id":"https:\/\/blogs.uef.fi\/21skillsreteachedu\/#website","url":"https:\/\/blogs.uef.fi\/21skillsreteachedu\/","name":"21.vuosisadan taidot, monilukutaito ja katsomusaineiden opettajankoulutuksen kehitt\u00e4minen","description":"","potentialAction":[{"@type":"SearchAction","target":{"@type":"EntryPoint","urlTemplate":"https:\/\/blogs.uef.fi\/21skillsreteachedu\/?s={search_term_string}"},"query-input":{"@type":"PropertyValueSpecification","valueRequired":true,"valueName":"search_term_string"}}],"inLanguage":"fi"}]}},"_links":{"self":[{"href":"https:\/\/blogs.uef.fi\/21skillsreteachedu\/wp-json\/wp\/v2\/pages\/137","targetHints":{"allow":["GET"]}}],"collection":[{"href":"https:\/\/blogs.uef.fi\/21skillsreteachedu\/wp-json\/wp\/v2\/pages"}],"about":[{"href":"https:\/\/blogs.uef.fi\/21skillsreteachedu\/wp-json\/wp\/v2\/types\/page"}],"author":[{"embeddable":true,"href":"https:\/\/blogs.uef.fi\/21skillsreteachedu\/wp-json\/wp\/v2\/users\/211"}],"replies":[{"embeddable":true,"href":"https:\/\/blogs.uef.fi\/21skillsreteachedu\/wp-json\/wp\/v2\/comments?post=137"}],"version-history":[{"count":2,"href":"https:\/\/blogs.uef.fi\/21skillsreteachedu\/wp-json\/wp\/v2\/pages\/137\/revisions"}],"predecessor-version":[{"id":811,"href":"https:\/\/blogs.uef.fi\/21skillsreteachedu\/wp-json\/wp\/v2\/pages\/137\/revisions\/811"}],"wp:attachment":[{"href":"https:\/\/blogs.uef.fi\/21skillsreteachedu\/wp-json\/wp\/v2\/media?parent=137"}],"curies":[{"name":"wp","href":"https:\/\/api.w.org\/{rel}","templated":true}]}}